{"id":999,"date":"2023-11-07T22:00:04","date_gmt":"2023-11-07T22:00:04","guid":{"rendered":"https:\/\/escritoras-em-portugues.com\/?page_id=999"},"modified":"2024-06-04T21:52:27","modified_gmt":"2024-06-04T21:52:27","slug":"maria-da-cruz-soror","status":"publish","type":"page","link":"https:\/\/escritoras-em-portugues.com\/pt_pt\/xvii\/maria-da-cruz-soror\/","title":{"rendered":"Maria da Cruz, Soror"},"content":{"rendered":"<p><strong>NOME <\/strong><span lang=\"PT\">Maria da Cruz, Soror<\/span><\/p>\n<h4><strong>Elementos biogr\u00e1ficos<\/strong><\/h4>\n<div><b>LOCAL DE NASCIMENTO \u00a0<\/b><span lang=\"PT\">Prov\u00edncia de Entre Douro e Minho<\/span><\/div>\n<div><\/div>\n<div><b>DATA DE NASCIMENTO <\/b><span lang=\"PT\">1604<\/span><\/div>\n<div><\/div>\n<div><b>LOCAL DA MORTE <\/b><span lang=\"PT\">Viseu<\/span><\/div>\n<div><\/div>\n<div><b>PA\u00cdS ONDE NASCEU <\/b><span lang=\"PT\">Monarquia Dual<\/span><\/div>\n<div><\/div>\n<div><b>DATA DA MORTE <\/b><span lang=\"PT\">24 de Maio de 1654<\/span><\/div>\n<div><\/div>\n<div><b>ESTADO\u00a0<\/b><span lang=\"PT\">Freira<\/span><\/div>\n<div><\/div>\n<div><b>LOCAL DA PROFISS\u00c3O RELIGIOSA\u00a0<\/b><span lang=\"PT\">Convento de Lorv\u00e3o<\/span><\/div>\n<div><\/div>\n<div><b>CONVENTO <\/b><span lang=\"PT\">Convento de Lorv\u00e3o, Convento de Viseu<\/span><\/div>\n<div><\/div>\n<div><\/div>\n<h4><strong>Obra<\/strong><\/h4>\n<p style=\"font-weight: 400;\"><strong>OBRAS MANUSCRITAS<\/strong><\/p>\n<blockquote>\n<p style=\"font-weight: 400;\"><em>Vida<\/em> (Autobiografia por Mandato de Fr. Francisco de Lisboa, autenticada com a assinatura do Pe. Fern\u00e3o Pais da Catedral de Viseu)<\/p>\n<\/blockquote>\n<h4><strong>Bibliografia:<\/strong><\/h4>\n<p style=\"font-weight: 400;\"><a href=\"https:\/\/purl.pt\/12169\">CARDOSO, Jorge <em>Agiologio Lusitano dos sanctos, e varoens illustres em virtude do Reino de Portugal, e suas conquistas : consagrado aos gloriosos S. Vicente, e S. Antonio, insignes patronos desta inclyta cidade Lisboa e a seu illustre Cabido Sede Vacante, <\/em>Em Lisboa : na Officina Craesbeekiana [et al.], 1652-1744.Tomo III, p. 392 Comment 24 de Maio Letra P<\/a><\/p>\n<p style=\"font-weight: 400;\">MACHADO, Diogo Barbosa, <em>Bibliotheca Luzitana: hist\u00f3rica, cr\u00edtica e cronol\u00f3gica, <\/em>Lisboa Occidental, na Officina de Antonio Isidoro da Fonseca, 1741-1759,Tomo III, pp. 421-422.<\/p>\n<p style=\"font-weight: 400;\">\n","protected":false},"excerpt":{"rendered":"<p>NOME Maria da Cruz, Soror Elementos biogr\u00e1ficos LOCAL DE NASCIMENTO \u00a0Prov\u00edncia de Entre Douro e Minho DATA DE NASCIMENTO 1604 LOCAL DA MORTE Viseu PA\u00cdS ONDE NASCEU Monarquia Dual DATA DA MORTE 24 de Maio de 1654 ESTADO\u00a0Freira LOCAL DA PROFISS\u00c3O RELIGIOSA\u00a0Convento de Lorv\u00e3o CONVENTO Convento de Lorv\u00e3o, Convento de Viseu Obra OBRAS MANUSCRITAS Vida &#8230; <a title=\"Maria da Cruz, Soror\" class=\"read-more\" href=\"https:\/\/escritoras-em-portugues.com\/pt_pt\/xvii\/maria-da-cruz-soror\/\" aria-label=\"Leia mais sobre Maria da Cruz, Soror\">Ler mais<\/a><\/p>\n","protected":false},"author":3,"featured_media":0,"parent":47,"menu_order":0,"comment_status":"closed","ping_status":"closed","template":"","meta":{"cybocfi_hide_featured_image":"","footnotes":""},"class_list":["post-999","page","type-page","status-publish"],"_links":{"self":[{"href":"https:\/\/escritoras-em-portugues.com\/pt_pt\/wp-json\/wp\/v2\/pages\/999","targetHints":{"allow":["GET"]}}],"collection":[{"href":"https:\/\/escritoras-em-portugues.com\/pt_pt\/wp-json\/wp\/v2\/pages"}],"about":[{"href":"https:\/\/escritoras-em-portugues.com\/pt_pt\/wp-json\/wp\/v2\/types\/page"}],"author":[{"embeddable":true,"href":"https:\/\/escritoras-em-portugues.com\/pt_pt\/wp-json\/wp\/v2\/users\/3"}],"replies":[{"embeddable":true,"href":"https:\/\/escritoras-em-portugues.com\/pt_pt\/wp-json\/wp\/v2\/comments?post=999"}],"version-history":[{"count":5,"href":"https:\/\/escritoras-em-portugues.com\/pt_pt\/wp-json\/wp\/v2\/pages\/999\/revisions"}],"predecessor-version":[{"id":1805,"href":"https:\/\/escritoras-em-portugues.com\/pt_pt\/wp-json\/wp\/v2\/pages\/999\/revisions\/1805"}],"up":[{"embeddable":true,"href":"https:\/\/escritoras-em-portugues.com\/pt_pt\/wp-json\/wp\/v2\/pages\/47"}],"wp:attachment":[{"href":"https:\/\/escritoras-em-portugues.com\/pt_pt\/wp-json\/wp\/v2\/media?parent=999"}],"curies":[{"name":"wp","href":"https:\/\/api.w.org\/{rel}","templated":true}]}}