{"id":996,"date":"2023-11-07T21:52:48","date_gmt":"2023-11-07T21:52:48","guid":{"rendered":"https:\/\/escritoras-em-portugues.com\/?page_id=996"},"modified":"2024-06-04T21:52:35","modified_gmt":"2024-06-04T21:52:35","slug":"maria-da-assuncao-soror","status":"publish","type":"page","link":"https:\/\/escritoras-em-portugues.com\/pt_pt\/xvii\/maria-da-assuncao-soror\/","title":{"rendered":"Maria da Assun\u00e7\u00e3o, Soror"},"content":{"rendered":"<p><strong>NOME <\/strong><span lang=\"PT\">Maria da Assun\u00e7\u00e3o, Soror<\/span><\/p>\n<h4><strong>Elementos biogr\u00e1ficos<\/strong><\/h4>\n<div><b>PAI <\/b><span lang=\"PT\">Lu\u00eds Gon\u00e7alves de Ata\u00edde, 4\u00ba Conde de Atouguia<\/span><\/div>\n<div><\/div>\n<div><b>M\u00c3E <\/b><span lang=\"PT\">D. Violante da Silva<\/span><\/div>\n<div><\/div>\n<div><b>LOCAL DE NASCIMENTO <\/b><span lang=\"PT\">Lisboa<\/span><\/div>\n<div><\/div>\n<div><b>LOCAL DA MORTE <\/b><span lang=\"PT\">Lisboa<\/span><\/div>\n<div><\/div>\n<div><b>PA\u00cdS ONDE NASCEU <\/b><span lang=\"PT\">Portugal<\/span><\/div>\n<div><\/div>\n<div><b>PROFISS\u00c3O \/ CARGO \/ FUN\u00c7\u00c3O <\/b><span lang=\"PT\">Mestra de Novi\u00e7as; Abadessa (tr\u00eas vezes)<\/span><\/div>\n<div><\/div>\n<div><b>DATA DA MORTE <\/b><span lang=\"PT\">15 de Maio de 1653<\/span><\/div>\n<div><\/div>\n<div><b>ESTADO\u00a0<\/b><span lang=\"PT\">Freira<\/span><\/div>\n<div><\/div>\n<div><b>LOCAL DA PROFISS\u00c3O RELIGIOSA\u00a0<\/b><span lang=\"PT\">Convento de Santa Marta, Lisboa<\/span><\/div>\n<div><\/div>\n<div><b>CONVENTO <\/b><span lang=\"PT\">Convento de Santa Marta, Lisboa<\/span><\/div>\n<div><\/div>\n<div><\/div>\n<h4><strong>Obra<\/strong><\/h4>\n<p><strong>OBRAS MANUSCRITAS<\/strong><\/p>\n<blockquote>\n<p style=\"font-weight: 400;\"><em>Vida de Soror Maria da Assun\u00e7\u00e3o<\/em><\/p>\n<\/blockquote>\n<h4><strong>Bibliografia:<\/strong><\/h4>\n<p style=\"font-weight: 400;\"><a href=\"https:\/\/purl.pt\/12169\">CARDOSO, Jorge, <em>Agiol\u00f3gio Lusitano,\u00a0<\/em><span style=\"font-size: inherit;\">dos sanctos, e varoens illustres em virtude do Reino de Portugal, e suas conquistas : consagrado aos gloriosos S. Vicente, e S. Antonio, insignes patronos desta inclyta cidade Lisboa e a seu illustre Cabido Sede Vacante, Em Lisboa, na Officina Craesbeekiana [et al.] 1652, Tomo III, p. 280.<\/span><\/a><\/p>\n<p style=\"font-weight: 400;\">MACHADO, Diogo Barbosa, <em>Bibliotheca Luzitana: hist\u00f3rica, cr\u00edtica e cronol\u00f3gica, <\/em>Lisboa Occidental, na Officina de Antonio Isidoro da Fonseca, 1741-1759, Tomo III, p. 419.<\/p>\n","protected":false},"excerpt":{"rendered":"<p>NOME Maria da Assun\u00e7\u00e3o, Soror Elementos biogr\u00e1ficos PAI Lu\u00eds Gon\u00e7alves de Ata\u00edde, 4\u00ba Conde de Atouguia M\u00c3E D. Violante da Silva LOCAL DE NASCIMENTO Lisboa LOCAL DA MORTE Lisboa PA\u00cdS ONDE NASCEU Portugal PROFISS\u00c3O \/ CARGO \/ FUN\u00c7\u00c3O Mestra de Novi\u00e7as; Abadessa (tr\u00eas vezes) DATA DA MORTE 15 de Maio de 1653 ESTADO\u00a0Freira LOCAL DA &#8230; <a title=\"Maria da Assun\u00e7\u00e3o, Soror\" class=\"read-more\" href=\"https:\/\/escritoras-em-portugues.com\/pt_pt\/xvii\/maria-da-assuncao-soror\/\" aria-label=\"Leia mais sobre Maria da Assun\u00e7\u00e3o, Soror\">Ler mais<\/a><\/p>\n","protected":false},"author":3,"featured_media":0,"parent":47,"menu_order":0,"comment_status":"closed","ping_status":"closed","template":"","meta":{"cybocfi_hide_featured_image":"","footnotes":""},"class_list":["post-996","page","type-page","status-publish"],"_links":{"self":[{"href":"https:\/\/escritoras-em-portugues.com\/pt_pt\/wp-json\/wp\/v2\/pages\/996","targetHints":{"allow":["GET"]}}],"collection":[{"href":"https:\/\/escritoras-em-portugues.com\/pt_pt\/wp-json\/wp\/v2\/pages"}],"about":[{"href":"https:\/\/escritoras-em-portugues.com\/pt_pt\/wp-json\/wp\/v2\/types\/page"}],"author":[{"embeddable":true,"href":"https:\/\/escritoras-em-portugues.com\/pt_pt\/wp-json\/wp\/v2\/users\/3"}],"replies":[{"embeddable":true,"href":"https:\/\/escritoras-em-portugues.com\/pt_pt\/wp-json\/wp\/v2\/comments?post=996"}],"version-history":[{"count":3,"href":"https:\/\/escritoras-em-portugues.com\/pt_pt\/wp-json\/wp\/v2\/pages\/996\/revisions"}],"predecessor-version":[{"id":1806,"href":"https:\/\/escritoras-em-portugues.com\/pt_pt\/wp-json\/wp\/v2\/pages\/996\/revisions\/1806"}],"up":[{"embeddable":true,"href":"https:\/\/escritoras-em-portugues.com\/pt_pt\/wp-json\/wp\/v2\/pages\/47"}],"wp:attachment":[{"href":"https:\/\/escritoras-em-portugues.com\/pt_pt\/wp-json\/wp\/v2\/media?parent=996"}],"curies":[{"name":"wp","href":"https:\/\/api.w.org\/{rel}","templated":true}]}}