{"id":982,"date":"2023-11-07T21:08:24","date_gmt":"2023-11-07T21:08:24","guid":{"rendered":"https:\/\/escritoras-em-portugues.com\/?page_id=982"},"modified":"2024-06-04T21:47:23","modified_gmt":"2024-06-04T21:47:23","slug":"leonor-de-sao-joao-soror","status":"publish","type":"page","link":"https:\/\/escritoras-em-portugues.com\/pt_pt\/xvii\/leonor-de-sao-joao-soror\/","title":{"rendered":"Leonor de S\u00e3o Jo\u00e3o, Soror"},"content":{"rendered":"<p><strong>NOME <\/strong><span lang=\"PT\">Leonor de S\u00e3o Jo\u00e3o, Soror<\/span><\/p>\n<div><b>OUTROS NOME(S) <\/b>Leonor de S\u00e3o Jo\u00e3o Baptista, Soror<\/div>\n<div><\/div>\n<h4><strong>Elementos biogr\u00e1ficos<\/strong><\/h4>\n<p><strong>DATA DE NASCIMENTO<\/strong> 1565<\/p>\n<p><strong>LOCAL DA MORTE<\/strong> Set\u00fabal (?)<\/p>\n<p><strong>DATA DA MORTE<\/strong> 1648<\/p>\n<div><b>CONVENTO <\/b>Convento de Jesus de Set\u00fabal<\/div>\n<div><\/div>\n<div><b>ORDEM RELIGIOSA A QUE PERTENCEU <\/b>Santa Clara<\/div>\n<div><\/div>\n<div><b>IDIOMAS <\/b>Portugu\u00eas<\/div>\n<div><\/div>\n<h4><strong>Obra<\/strong><\/h4>\n<p><strong>OBRAS MANUSCRITAS<\/strong><\/p>\n<div>\n<blockquote><p><a href=\"https:\/\/purl.pt\/24975\/1\/index.html#\/1\/html\">SA\u0303O JOA\u0303O<span lang=\"PT\"> BAPTISTA<\/span>, Leonor de<span lang=\"PT\">,<\/span> <i>Tratado da antiga e curiosa fundac<\/i><i>\u0327<\/i><i>a\u0303o do Convento de Jesus de Setu\u0301bal,<\/i><span lang=\"PT\"><em>\u00a0o primeiro que ouue e se fundou neste Reyno de Portugal de Religiosas capuchas, chamadas as senhoras pobres da primeira Regra de S. Clara Fundadora Justa Roiz pereira ama do Serenissimo Rey Dom Manoel, do qual s\u00e3o protectores os Rei de Portugal, composto por a Madre Soror Leonor de S. Jo\u00e3o da Igreja do dito Conuento<\/em>, <\/span>163<span lang=\"PT\">0<\/span>.<\/a><\/p><\/blockquote>\n<\/div>\n<div>\n<blockquote><p><span lang=\"PT\">(<\/span>Biblioteca Nacional de Portugal (BNP); Biblioteca Pu\u0301blica Municipal de Setu\u0301bal (BPMS<span lang=\"PT\">)<\/span> <span lang=\"PT\">)<\/span><\/p><\/blockquote>\n<\/div>\n<p><strong>OBRAS IMPRESSAS<\/strong><\/p>\n<blockquote>\n<p style=\"font-weight: 400;\"><em>Tratado da antiga e curiosa fundac<\/em><em>\u0327<\/em><em>a\u0303o do Convento de Jesus de Setu\u0301bal<\/em> 1639 [1644]<\/p>\n<p style=\"font-weight: 400;\">SA\u0303O JOA\u0303O, Leonor de, <em>Tratado da antiga e curiosa fundac<\/em><em>\u0327<\/em><em>a\u0303o do Convento de Jesus de Setu\u0301bal<\/em>. Setu\u0301bal, Mss., 1630-1644. Biblioteca Nacional de Portugal (BNP), Reservados, Co\u0301dices 11404, 7686 e 549; Biblioteca Pu\u0301blica Municipal de Setu\u0301bal (BPMS)<\/p>\n<\/blockquote>\n<pre><\/pre>\n<h4><strong>Bibliografia:<\/strong><\/h4>\n<div>\n<p><a href=\"https:\/\/www.iscap.pt\/cei\/e-rei\/n8\/artigos\/C.Avelino_Cronicas-conventuais-de-fundacao-especifidades-e-modelos.pdf\"><span lang=\"PT\">AVELINO, Carla \u201c<\/span>Cro\u0301nicas Conventuais <span lang=\"PT\">d<\/span>e <i>Fundac<\/i><i>\u0327<\/i><i>a\u0303o<\/i>: Especificidades <span lang=\"PT\">e<\/span> Modelos<span lang=\"PT\">\u201d <i>E-Revista de Estudos Interculturais do CEI-ISCAP<\/i>, n\u00ba 8 Maio de 2020, pp. 1-16<\/span><span lang=\"PT\">.<\/span><\/a><\/p>\n<\/div>\n<div>\n<p><a href=\"https:\/\/www.redalyc.org\/pdf\/1670\/167016571009.pdf\"><span style=\"font-size: inherit;\">BELLINI, L\u00edgia \u201cCultura escrita, oralidade e g\u00eanero em conventos portugueses (s\u00e9culos XVII e XVIII) <\/span><i style=\"font-size: inherit;\">Revista Tempo, <\/i><span style=\"font-size: inherit;\">29,<\/span><i style=\"font-size: inherit;\"> <\/i><span style=\"font-size: inherit;\">UFF, pp. 211-233.<\/span><\/a><\/p>\n<\/div>\n<div>\n<p><span lang=\"PT\">PACHECO, Moreno Laborda, <i>A M\u00e1goa do Esquecimento. Escrita e Mem\u00f3ria Conventual no Portugal do S\u00e9culo XVII<\/i>, Salvador-Lisboa, EDUFBA-CHAM, 2020.<\/span><\/p>\n<\/div>\n<div>\n<p><span lang=\"PT\">RANGEL, Leonardo Coutinho de C., \u201cPor meio da santa vida, se segue gloriosa morte\u201d: pr\u00e1ticas asc\u00e9ticas no Convento de Jesus de Set\u00fabal (S\u00e9culos XV a XVII)\u201d, <i>Revista de Hist\u00f3ria, <\/i>UFBA,<i> <\/i>1, 1, 2009, pp. 3-28.,<\/span><\/p>\n<\/div>\n<div>\n<p>SANTISSIMA, Manoel de Maria. <i>Historia da fundac<\/i><i>\u0327<\/i><i>ao\u0303 do Real Convento, e Seminario de Varatojo, com a compendiosa noticia da Vida do Veneravel Padre Fr. Antonio das Chagas, e de alguns varoens illustres, Filhos do mesmo Convento, e Seminario, &amp;c<\/i>. Porto: na oficina de Antonio Alvarez Ribeiro, 1799. t. I., p. 131-162<\/p>\n<\/div>\n<div>\n<p><span lang=\"PT\">SOUSA, <\/span>Ivo Carneiro de. <i>A Rainha da Miserico\u0301rdia na his- to\u0301ria da espiritualidade em Portugal na E\u0301poca do Renascimento<\/i><span lang=\"PT\">, <\/span>Tese<span lang=\"PT\">de <\/span>Doutora<span lang=\"PT\">mento<\/span> em Cultura Portuguesa<span lang=\"PT\">,<\/span> Faculdade de Letras, Universidade do Porto, Porto, 1992<span lang=\"PT\">,<\/span> t. 2, p. 625-627. (\u201cCartas, textos e outros documentos\u201d).<\/p>\n<\/div>\n","protected":false},"excerpt":{"rendered":"<p>NOME Leonor de S\u00e3o Jo\u00e3o, Soror OUTROS NOME(S) Leonor de S\u00e3o Jo\u00e3o Baptista, Soror Elementos biogr\u00e1ficos DATA DE NASCIMENTO 1565 LOCAL DA MORTE Set\u00fabal (?) DATA DA MORTE 1648 CONVENTO Convento de Jesus de Set\u00fabal ORDEM RELIGIOSA A QUE PERTENCEU Santa Clara IDIOMAS Portugu\u00eas Obra OBRAS MANUSCRITAS SA\u0303O JOA\u0303O BAPTISTA, Leonor de, Tratado da antiga &#8230; <a title=\"Leonor de S\u00e3o Jo\u00e3o, Soror\" class=\"read-more\" href=\"https:\/\/escritoras-em-portugues.com\/pt_pt\/xvii\/leonor-de-sao-joao-soror\/\" aria-label=\"Leia mais sobre Leonor de S\u00e3o Jo\u00e3o, Soror\">Ler mais<\/a><\/p>\n","protected":false},"author":3,"featured_media":0,"parent":47,"menu_order":0,"comment_status":"closed","ping_status":"closed","template":"","meta":{"cybocfi_hide_featured_image":"","footnotes":""},"class_list":["post-982","page","type-page","status-publish"],"_links":{"self":[{"href":"https:\/\/escritoras-em-portugues.com\/pt_pt\/wp-json\/wp\/v2\/pages\/982","targetHints":{"allow":["GET"]}}],"collection":[{"href":"https:\/\/escritoras-em-portugues.com\/pt_pt\/wp-json\/wp\/v2\/pages"}],"about":[{"href":"https:\/\/escritoras-em-portugues.com\/pt_pt\/wp-json\/wp\/v2\/types\/page"}],"author":[{"embeddable":true,"href":"https:\/\/escritoras-em-portugues.com\/pt_pt\/wp-json\/wp\/v2\/users\/3"}],"replies":[{"embeddable":true,"href":"https:\/\/escritoras-em-portugues.com\/pt_pt\/wp-json\/wp\/v2\/comments?post=982"}],"version-history":[{"count":4,"href":"https:\/\/escritoras-em-portugues.com\/pt_pt\/wp-json\/wp\/v2\/pages\/982\/revisions"}],"predecessor-version":[{"id":1790,"href":"https:\/\/escritoras-em-portugues.com\/pt_pt\/wp-json\/wp\/v2\/pages\/982\/revisions\/1790"}],"up":[{"embeddable":true,"href":"https:\/\/escritoras-em-portugues.com\/pt_pt\/wp-json\/wp\/v2\/pages\/47"}],"wp:attachment":[{"href":"https:\/\/escritoras-em-portugues.com\/pt_pt\/wp-json\/wp\/v2\/media?parent=982"}],"curies":[{"name":"wp","href":"https:\/\/api.w.org\/{rel}","templated":true}]}}