{"id":975,"date":"2023-11-07T20:54:28","date_gmt":"2023-11-07T20:54:28","guid":{"rendered":"https:\/\/escritoras-em-portugues.com\/?page_id=975"},"modified":"2024-06-04T21:47:00","modified_gmt":"2024-06-04T21:47:00","slug":"d-leonor-de-menezes","status":"publish","type":"page","link":"https:\/\/escritoras-em-portugues.com\/pt_pt\/xvii\/d-leonor-de-menezes\/","title":{"rendered":"Leonor de Menezes, D."},"content":{"rendered":"<p><strong>NOME <\/strong><span lang=\"PT\">Leonor de Menezes, <\/span>D.<\/p>\n<div>\n<p style=\"font-weight: 400;\"><strong>OUTRO(S) NOME(S) <\/strong>Eleonora de Menezes, 1\u00aa Condessa de Ser\u00e9m, 6\u00aa Condessa de Atouguia<\/p>\n<p style=\"font-weight: 400;\"><strong>PSEUD\u00d3NIMO<\/strong> Laura Mauricia<\/p>\n<\/div>\n<h4><strong>Elementos biogr\u00e1ficos<\/strong><\/h4>\n<p><strong>DATA DE NASCIMENTO<\/strong><\/p>\n<p style=\"font-weight: 400;\"><strong>PAI<\/strong> \u00a0 D. Fernando de Menezes, Marqu\u00eas de Vila-Real, Comendador e Alcaide-Mor de Castelo-Branco<\/p>\n<p style=\"font-weight: 400;\"><strong>M\u00c3E<\/strong> \u00a0D. Joana de Toledo (filha do 2\u00ba Conde de Vilafranca)<\/p>\n<p style=\"font-weight: 400;\"><strong>LOCAL DE NASCIMENTO<\/strong> Lisboa<\/p>\n<p style=\"font-weight: 400;\"><strong>DATA DE NASCIMENTO<\/strong> c. 1630<\/p>\n<p style=\"font-weight: 400;\"><strong>PA\u00cdS ONDE NASCEU<\/strong> Monarquia Dual<\/p>\n<p style=\"font-weight: 400;\"><strong>PA\u00cdS ONDE VIVEU<\/strong> \u00a0Portugal, Espanha<\/p>\n<p style=\"font-weight: 400;\"><strong>DATA DA MORTE<\/strong> \u00a04 de Setembro de1664<\/p>\n<p style=\"font-weight: 400;\"><strong>ESTADO<\/strong> Casada<\/p>\n<p style=\"font-weight: 400;\"><strong>C\u00d4NJUGE I<\/strong>\u00a0 D. Fernando Mascarenhas, 1\u00ba Conde de Serem<\/p>\n<p style=\"font-weight: 400;\"><strong>C\u00d4NJUGE II<\/strong> D. Jer\u00f3nimo de Ata\u00edde 6\u00ba Conde de Atouguia, Conselho de Estado, Governador do Brasil e da Prov\u00edncia de Tr\u00e1s-os-Montes e Alentejo, Presidente da Junta do Com\u00e9rcio<\/p>\n<p style=\"font-weight: 400;\"><strong>N\u00daMERO DE FILHOS<\/strong> 4<\/p>\n<p style=\"font-weight: 400;\"><strong>FILHOS<\/strong><\/p>\n<ol>\n<li style=\"font-weight: 400;\">Luiz Peregrino de Ata\u00edde, 8\u00ba Conde de Atouguia c. 1662<\/li>\n<li style=\"font-weight: 400;\">Fernando de Ata\u00edde<\/li>\n<li style=\"font-weight: 400;\">Jo\u00e3o Diogo de Sousa e Ata\u00edde, 1\u00ba Conde Alva 31.10.1663<\/li>\n<li style=\"font-weight: 400;\">Joana Leonor de Toledo e Meneses c. 1664<\/li>\n<\/ol>\n<p style=\"font-weight: 400;\"><strong>IDIOMAS<\/strong> Portugu\u00eas, Latim, Castelhano, Franc\u00eas<\/p>\n<h4><strong>Obra<\/strong><\/h4>\n<p><strong>OBRAS IMPRESSAS<\/strong><\/p>\n<blockquote>\n<p style=\"font-weight: 400;\"><em>El desde\u00f1ado mas firme, <\/em>Lisboa, 1665<\/p>\n<\/blockquote>\n<h4><strong>Bibliografia:<\/strong><\/h4>\n<p style=\"font-weight: 400;\">ARMON, Shifra, \u201cCourtship as political Allegory\u201d, <em>Picking Wedlock: Women and the Courtship novel in Spain, <\/em>Boston, Rowman &amp; Littlefield Publishers, 2002, pp. 143-190.<\/p>\n<p style=\"font-weight: 400;\">BARANDA Nieves. \u201c\u2018Por ser de mano femenil la rima\u2019 : de la mujer escritora a sus lectores\u201d In: <em>Bulletin Hispanique<\/em>, volume 100, n\u00b02, 1998, pp. 449-473.<\/p>\n<p style=\"font-weight: 400;\">BARROS, Theresa Leit\u00e3o de <em>Escritoras de Portugal<\/em>, volume I, Lisboa, Typographia de Antonio B. Antunes, 1924, p. 196.<\/p>\n<p style=\"font-weight: 400;\">CAMPBELL, Gwyn, \u201cThe voices of commentary in Leonor de Meneses&#8217;s &#8220;El desde\u00f1ado m\u00e1s firme&#8221; <em>Revista de estudios hisp\u00e1nicos,<\/em>volume 34, n\u00ba 3, 2000, pp. 515-533.<\/p>\n<p style=\"font-weight: 400;\"><a href=\"https:\/\/openlibrary.org\/works\/OL3456911W\/El_desde\u00f1ado_m\u00e1s_firme\">CAMPBELL, Gwyn and Judith Whitenake (eds.) <em>El desde\u00f1ado m\u00e1s firme Primera parte. Leonor de Meneses, <\/em>Potomac, Maryland, Scripta Humanistica, 1994<\/a><b><\/b><\/p>\n<p style=\"font-weight: 400;\">FARINHA, Bento Jos\u00e9 de Sousa \u2013 <em>Summario de Bibliotheca Lusitana<\/em>, volume III, Lisboa, na Off. da Academia Real das Sciencias, 1787, pp. 3 e 7.<\/p>\n<p style=\"font-weight: 400;\">GARCIA PEREZ, Domingos, <em>Catalogo razonado biografico e bibliografico de los autores portugueses que escribieron en castellano<\/em>, Madrid, Imprenta del Colegio Nacional de Sordo-modos y de ciegos, 1890, p. 383<\/p>\n<p style=\"font-weight: 400;\">GONZALEZ FERN\u00c1NDEZ, Esmeralda, \u201cEl Quijote: reflejo de un modelo androc\u00e9ntrico\u201d in.: Teresa Marin Eced (coord.),<em>Figuras feeininas en <\/em>El Quijote<em>, <\/em>Cuenca, Ediciones de la Universidad de Castilla la Mancha, 2007, pp. 190-194,<\/p>\n<p style=\"font-weight: 400;\">LANGLE de PAZ, Teresa, <em>Cuerpo o intelecto? Una respuesta feminina aldebate sobre la mujer en la Espa\u00f1a del siglo XVII, <\/em>M\u00e1laga, Universidad de M\u00e1laga, 2004<\/p>\n<p style=\"font-weight: 400;\">LOPES, Maria Ant\u00f3nia da Silva Figueiredo. <em>Mulheres, espa\u00e7o e sociabilidade \u2013 A transforma\u00e7\u00e3o dos pap\u00e9is femininos em Portugal na segunda metade do s\u00e9culo XVIII<\/em>, Disserta\u00e7\u00e3o mestrado em Hist\u00f3ria Moderna, Coimbra: Faculdade de Letras da Universidade de Coimbra, 1987.<\/p>\n<p style=\"font-weight: 400;\">MACHADO Diogo\u00a0 Barbosa, <em>Bibliotheca Luzitana: hist\u00f3rica, cr\u00edtica e cronol\u00f3gica, <\/em>Lisboa Occidental, na Officina de Antonio Isidoro da Fonseca, 1741-1759, Volume III, pp. 12-13.<\/p>\n<p style=\"font-weight: 400;\">MACEDO, Antonio de Sousa de <em>Flores de Espa\u00f1a, Excellencias de Portugal,<\/em> Parte I, Lisboa: Jorge Rodriguez, 1631, p. 69.<em>\u00a0<\/em><\/p>\n<p style=\"font-weight: 400;\">PERYM, Dami\u00e3o de Froes, <em>Theatro Heroino, abecedario historico, e catalogo das mulheres ilustres em armas, letras ac\u00e7oens heroicas e artes liberais\u2026 <\/em>Lisboa Occidental, na Officina de Musica de Theotonio Antunes Lima, 1736-1740,Volume II, p. 39.<\/p>\n<p style=\"font-weight: 400;\">QUENTAL, Bartolomeu di. <em>Serman f\u00fanebre nas ex\u00e9quias da excelent\u00edssima senhora D. Leonor Maria de Menezes condessa de Atouguia <\/em>[&#8230;], Lisboa, na Officina de Henrique Valente de Oliveyra, 1665.<\/p>\n<p style=\"font-weight: 400;\">RECTOR, M\u00f3nica, <em>Mulher objecto e sujeito da literatura Portuguesa,<\/em> Porto, Universidade Fernando Pessoa\/ Funda\u00e7\u00e3o Fernando Pessoa, 1999, p. 107; p. 120.<\/p>\n<p style=\"font-weight: 400;\">REM\u00c9DIOS, Mendes dos, <em>Escritoras d\u2019Outros Tempos, <\/em>Coimbra, Fran\u00e7a Amado Editor, 1914, Cap. VIII<\/p>\n<p style=\"font-weight: 400;\">SERRANO y SANZ, Manuel,<em> Apuntes para una biblioteca de escritoras espa\u00f1olas desde el a\u00f1o 1401 al 1833<\/em>, Madrid, Establecimiento Tipografico \u201cSucesores de Rivadeneyra\u201d, 1903-1905, volume 2, p. 59<\/p>\n<p style=\"font-weight: 400;\">TAVARES, Padre Manuel, <em>Portugal Illustrado pelo Sexo Feminino<\/em>, Lisboa Occidental, na Officina de Pedro Ferreira, 1734, p. 70.<\/p>\n","protected":false},"excerpt":{"rendered":"<p>NOME Leonor de Menezes, D. OUTRO(S) NOME(S) Eleonora de Menezes, 1\u00aa Condessa de Ser\u00e9m, 6\u00aa Condessa de Atouguia PSEUD\u00d3NIMO Laura Mauricia Elementos biogr\u00e1ficos DATA DE NASCIMENTO PAI \u00a0 D. Fernando de Menezes, Marqu\u00eas de Vila-Real, Comendador e Alcaide-Mor de Castelo-Branco M\u00c3E \u00a0D. Joana de Toledo (filha do 2\u00ba Conde de Vilafranca) LOCAL DE NASCIMENTO Lisboa &#8230; <a title=\"Leonor de Menezes, D.\" class=\"read-more\" href=\"https:\/\/escritoras-em-portugues.com\/pt_pt\/xvii\/d-leonor-de-menezes\/\" aria-label=\"Leia mais sobre Leonor de Menezes, D.\">Ler mais<\/a><\/p>\n","protected":false},"author":3,"featured_media":0,"parent":47,"menu_order":0,"comment_status":"closed","ping_status":"closed","template":"","meta":{"cybocfi_hide_featured_image":"","footnotes":""},"class_list":["post-975","page","type-page","status-publish"],"_links":{"self":[{"href":"https:\/\/escritoras-em-portugues.com\/pt_pt\/wp-json\/wp\/v2\/pages\/975","targetHints":{"allow":["GET"]}}],"collection":[{"href":"https:\/\/escritoras-em-portugues.com\/pt_pt\/wp-json\/wp\/v2\/pages"}],"about":[{"href":"https:\/\/escritoras-em-portugues.com\/pt_pt\/wp-json\/wp\/v2\/types\/page"}],"author":[{"embeddable":true,"href":"https:\/\/escritoras-em-portugues.com\/pt_pt\/wp-json\/wp\/v2\/users\/3"}],"replies":[{"embeddable":true,"href":"https:\/\/escritoras-em-portugues.com\/pt_pt\/wp-json\/wp\/v2\/comments?post=975"}],"version-history":[{"count":6,"href":"https:\/\/escritoras-em-portugues.com\/pt_pt\/wp-json\/wp\/v2\/pages\/975\/revisions"}],"predecessor-version":[{"id":1788,"href":"https:\/\/escritoras-em-portugues.com\/pt_pt\/wp-json\/wp\/v2\/pages\/975\/revisions\/1788"}],"up":[{"embeddable":true,"href":"https:\/\/escritoras-em-portugues.com\/pt_pt\/wp-json\/wp\/v2\/pages\/47"}],"wp:attachment":[{"href":"https:\/\/escritoras-em-portugues.com\/pt_pt\/wp-json\/wp\/v2\/media?parent=975"}],"curies":[{"name":"wp","href":"https:\/\/api.w.org\/{rel}","templated":true}]}}