{"id":950,"date":"2023-11-06T19:18:42","date_gmt":"2023-11-06T19:18:42","guid":{"rendered":"https:\/\/escritoras-em-portugues.com\/?page_id=950"},"modified":"2024-06-04T22:05:42","modified_gmt":"2024-06-04T22:05:42","slug":"gertrudes-margarida-de-jesus","status":"publish","type":"page","link":"https:\/\/escritoras-em-portugues.com\/pt_pt\/xviii\/gertrudes-margarida-de-jesus\/","title":{"rendered":"Gertrudes Margarida de Jesus"},"content":{"rendered":"<p><strong>NOME <\/strong><span lang=\"PT\">Gertrudes Margarida de Jesus<\/span><span lang=\"PT\">\u00a0 <\/span><\/p>\n<h4><strong>Elementos biogr\u00e1ficos<\/strong><\/h4>\n<p style=\"font-weight: 400;\"><strong>PA\u00cdS ONDE NASCEU<\/strong>\u00a0 Portugal<\/p>\n<p><strong>DATAS<\/strong><span style=\"font-weight: 400;\">\u00a0 <\/span><span style=\"font-weight: 400;\">Em actividade em 1761<\/span><\/p>\n<h4><strong>Obra<\/strong><\/h4>\n<p><strong>OBRAS IMPRESSAS<\/strong><\/p>\n<blockquote>\n<p style=\"font-weight: 400;\"><a href=\"http:\/\/purl.pt\/22743\/3\/\"><em>Primeira Carta Apolog\u00e9tica em Louvor e Defensa das Mulheres escrita por Dona Gertrudes Margarida de Jesus ao Irm\u00e3o Amador de Dezengano com a qual destroe toda a fabrica do seu Espelho Cr\u00edtico, <\/em>Lisboa, na Officina de Francisco Borges de Sousa, 1761.<\/a><b><\/b><b><\/b><\/p>\n<p style=\"font-weight: 400;\"><em>Segunda Carta Apolog\u00e9tica em Louvor e Defensa das Mulheres escrita por Dona Gertrudes Margarida de Jesus ao Irm\u00e3o Amador do Dezengano, com a qual destroe toda a fabrica do seu Espelho Cr\u00edtico e se responde ao terceiro defeito que nelle contemplou, <\/em>Lisboa, na Officina de Francisco Borges de Sousa, 1761.<\/p>\n<\/blockquote>\n<h4><\/h4>\n<h4><strong>Bibliografia:<\/strong><\/h4>\n<p style=\"font-weight: 400;\">ANAST\u00c1CIO, Vanda, <em>Uma Antologia Improv\u00e1vel? A escrita das mulheres (1495-1830), <\/em>com a colabora\u00e7\u00e3o In\u00eas de Ornellas e Castro, Jos\u00e9 F\u00e9lix Duque, de Pedro Sena Lino, Isabel Moruj\u00e3o e Hugo Neto, Lisboa, Rel\u00f3gio de \u00c1gua, 2013, pp. 161-166; pp. 224-243.<\/p>\n<p style=\"font-weight: 400;\"><a href=\"https:\/\/espacioseguro.com\/grupogalabra\/images\/stories\/pdf\/raquel\/novos\/correspondncia_espaco_sociabiliade2.pdf\">BELLO V\u00c1ZQUEZ, Raquel, \u201cA correspond\u00eancia na 2\u00aa metade do s\u00e9culo XVIII como espa\u00e7o de sociabilidade\u201d, <em>Romance Notes, <\/em>volume 48, nr. 1, Fall, 2007, pp. 79-89.<\/a><\/p>\n<p style=\"font-weight: 400;\"><a href=\"http:\/\/200.17.141.110\/periodicos\/interdisciplinar\/revistas\/ARQ_INTER_11\/INTER11_02.pdf\">FLORES, Concei\u00e7\u00e3o, \u201cEscrita feminina em Portugal\u201d <em>Interdisciplinar, <\/em>ano 5, vol. 10, Jan-Jun, 2010, pp. 19-27.<\/a><b><\/b><\/p>\n<p>HATHERLY, Ana &#8220;Jesus, Gertrudes Margarida de&#8221;\u00a0<em>Biblos. Enciclop\u00e9dia VERBO das Literaturas em L\u00edngua Portuguesa, <\/em>Lisboa-S\u00e3o Paulo,VERBO, 1997, vol. 2, col. 1258.<\/p>\n<p style=\"font-weight: 400;\">MARQUES, Pedro Miguel Reboredo, \u201c\u2019N\u00e3o s\u00e3o f\u00eameas ou machos as almas com distin\u00e7\u00e3o\u2019: Estrat\u00e9gias de valoriza\u00e7\u00e3o da mulher em pap\u00e9is volantes setecentistas\u201d <em>Portuguese Studies Review, <\/em>vol. 13, n\u00ba 1-2, 2005 (publ. 2007), pp. 305-330<\/p>\n<p style=\"font-weight: 400;\">RECTOR, M\u00f3nica, <em>Mulher objecto e sujeito da literatura Portuguesa<\/em>, Porto, Universidade Fernando Pessoa\/ Funda\u00e7\u00e3o Fernando Pessoa, 1999, p. 108<\/p>\n<p style=\"font-weight: 400;\"><a href=\"http:\/\/repositorio-aberto.up.pt\/bitstream\/10216\/20332\/2\/mestbetinaruizretorica000084981.pdf\">RUIZ, Betina dos Santos, <em>A Ret\u00f3rica da Mulher em Pol\u00e9micas de Folhetos de cordel do s\u00e9culo XVIII, <\/em>Porto, Faculdade de Letras da Universidade do Porto, 2009 (Disserta\u00e7\u00e3o de Mestrado)<\/a><b><\/b><\/p>\n<p style=\"font-weight: 400;\">SILVA, Innoc\u00eancio Francisco da, <em>Diccion\u00e1rio Bibliographico Portuguez<\/em>, Lisboa, Imprensa Nacional, 1858, p.<\/p>\n<p style=\"font-weight: 400;\">TORRES FEIJ\u00d3, Elias, \u201cCartas apolog\u00e9ticas, cartas polemistas. As <em>Cartas Apolog\u00e9ticas<\/em> de Gertrudes Margarida de Jesus. Argumenta\u00e7om e inven\u00e7om\u201d in.: Vanda Anast\u00e1cio (coord.) <em>Correspond\u00eancias. Usos da Carta no s\u00e9culo XVIII<\/em>, Lisboa, Colibri, 2005, pp. 223-253.<\/p>\n<p style=\"font-weight: 400;\">VASCONCELOS, M\u00e1rio Cesariny (org.) <em>Horta da Literatura de Cordel: o continente submerso, o grande teatro do mundo, os sobreviventes do dil\u00favio, monstros nacionais, monstros estrangeiros,<\/em> Lisboa, Ass\u00edrio e Alvim, 1983.<\/p>\n<p style=\"font-weight: 400;\">\n","protected":false},"excerpt":{"rendered":"<p>NOME Gertrudes Margarida de Jesus\u00a0 Elementos biogr\u00e1ficos PA\u00cdS ONDE NASCEU\u00a0 Portugal DATAS\u00a0 Em actividade em 1761 Obra OBRAS IMPRESSAS Primeira Carta Apolog\u00e9tica em Louvor e Defensa das Mulheres escrita por Dona Gertrudes Margarida de Jesus ao Irm\u00e3o Amador de Dezengano com a qual destroe toda a fabrica do seu Espelho Cr\u00edtico, Lisboa, na Officina de &#8230; <a title=\"Gertrudes Margarida de Jesus\" class=\"read-more\" href=\"https:\/\/escritoras-em-portugues.com\/pt_pt\/xviii\/gertrudes-margarida-de-jesus\/\" aria-label=\"Leia mais sobre Gertrudes Margarida de Jesus\">Ler mais<\/a><\/p>\n","protected":false},"author":3,"featured_media":0,"parent":46,"menu_order":0,"comment_status":"closed","ping_status":"closed","template":"","meta":{"cybocfi_hide_featured_image":"","footnotes":""},"class_list":["post-950","page","type-page","status-publish"],"_links":{"self":[{"href":"https:\/\/escritoras-em-portugues.com\/pt_pt\/wp-json\/wp\/v2\/pages\/950","targetHints":{"allow":["GET"]}}],"collection":[{"href":"https:\/\/escritoras-em-portugues.com\/pt_pt\/wp-json\/wp\/v2\/pages"}],"about":[{"href":"https:\/\/escritoras-em-portugues.com\/pt_pt\/wp-json\/wp\/v2\/types\/page"}],"author":[{"embeddable":true,"href":"https:\/\/escritoras-em-portugues.com\/pt_pt\/wp-json\/wp\/v2\/users\/3"}],"replies":[{"embeddable":true,"href":"https:\/\/escritoras-em-portugues.com\/pt_pt\/wp-json\/wp\/v2\/comments?post=950"}],"version-history":[{"count":6,"href":"https:\/\/escritoras-em-portugues.com\/pt_pt\/wp-json\/wp\/v2\/pages\/950\/revisions"}],"predecessor-version":[{"id":1842,"href":"https:\/\/escritoras-em-portugues.com\/pt_pt\/wp-json\/wp\/v2\/pages\/950\/revisions\/1842"}],"up":[{"embeddable":true,"href":"https:\/\/escritoras-em-portugues.com\/pt_pt\/wp-json\/wp\/v2\/pages\/46"}],"wp:attachment":[{"href":"https:\/\/escritoras-em-portugues.com\/pt_pt\/wp-json\/wp\/v2\/media?parent=950"}],"curies":[{"name":"wp","href":"https:\/\/api.w.org\/{rel}","templated":true}]}}