{"id":944,"date":"2023-11-05T19:18:05","date_gmt":"2023-11-05T19:18:05","guid":{"rendered":"https:\/\/escritoras-em-portugues.com\/?page_id=944"},"modified":"2024-06-04T21:45:33","modified_gmt":"2024-06-04T21:45:33","slug":"joana-da-piedade-soror","status":"publish","type":"page","link":"https:\/\/escritoras-em-portugues.com\/pt_pt\/xvii\/joana-da-piedade-soror\/","title":{"rendered":"Joana da Piedade, Soror"},"content":{"rendered":"<p><strong>NOME <\/strong><span lang=\"PT\">Joana da Piedade, Soror<\/span><\/p>\n<h4><strong>Elementos biogr\u00e1ficos<\/strong><\/h4>\n<p><strong>PAI <\/strong>Pedro de Menezes, 2\u00ba Conde de Cantanhede, Presidente do Senado de Lisboa Comendador de Santa Maria de Almonde da Ordem de Cristo<\/p>\n<p style=\"font-weight: 400;\"><strong>M\u00c3E<\/strong> D. Constan\u00e7a de Gusm\u00e3o (Condes de Vila Franca)<\/p>\n<p><strong>LOCAL DE NASCIMENTO<\/strong> Lisboa<\/p>\n<p style=\"font-weight: 400;\"><strong>LOCAL<\/strong> <strong>DA\u00a0<span style=\"font-size: inherit;\">MORTE<\/span><\/strong><span style=\"font-size: inherit;\">\u00a0<\/span>Lisboa<\/p>\n<p style=\"font-weight: 400;\"><strong>DATA DA MORTE<\/strong> 1688<\/p>\n<p style=\"font-weight: 400;\"><strong>ESTADO \u00a0<\/strong>Freira<\/p>\n<p style=\"font-weight: 400;\"><strong>DATA DA PROFISS\u00c3O RELIGIOSA<\/strong> 2 de Fevereiro de 1623<\/p>\n<p style=\"font-weight: 400;\"><strong>LOCAL DA PROFISS\u00c3O RELIGIOSA \u00a0<\/strong>Convento da Madre de Deos, Lisboa<\/p>\n<p style=\"font-weight: 400;\"><strong>CONVENTO<\/strong> Madre de Deos, Lisboa<\/p>\n<p style=\"font-weight: 400;\"><strong>ORDEM RELIGIOSA A QUE PERTENCEU<\/strong> Clarissas &#8211; Primeira Regra de Santa Clara<\/p>\n<h4><strong>Obra<\/strong><\/h4>\n<p><strong>OBRAS MANUSCRITAS<\/strong><\/p>\n<blockquote>\n<p style=\"font-weight: 400;\">(co-autoria com Madre Maria do Sacramento)<em> Fogueiras. Vidas de Algumas Religiosas suas companheiras<\/em><\/p>\n<\/blockquote>\n<h4><strong>Bibliografia:<\/strong><\/h4>\n<p>BEL\u00c9M, Padre Fr. Jeronymo de, <i><span lang=\"PT\">Introdu\u00e7\u00e3o \u00e0 Chronica da Provincia dos Algarves, <\/span><\/i><span lang=\"PT\">Lisboa, Mosteiro de S\u00e3o Vicente de Fora, 1753<\/span><i><span lang=\"PT\">,\u00a0<\/span><\/i><span lang=\"PT\">p. 259.<\/span><\/p>\n<p style=\"font-weight: 400;\">BEL\u00c9M, Padre Fr. Jeronymo de, <em>Supplemento \u00e0 terceira parte da Chronica Serafica em que se trata do Real Mosteiro da Madre de Deos de Xabregas da Primeira Regra de Santa Clara, Funda\u00e7\u00e3o da Rainha D. Leonor, <\/em>Lisboa, No Mosteiro de S. Vicente de Fora, 1757.<\/p>\n<p style=\"font-weight: 400;\">FARINHA, Bento Jos\u00e9 de Sousa, <em>Summario de Bibliotheca Lusitana<\/em>, volume II, Lisboa, na Officina de Antonio Gomes, 1786, p. 249.<\/p>\n<p style=\"font-weight: 400;\">MACHADO, Diogo Barbosa, <em>Bibliotheca Luzitana: hist\u00f3rica, cr\u00edtica e cronol\u00f3gica, <\/em>Lisboa Occidental, na Officina de Antonio Isidoro da Fonseca, 1741-1759, volume IV, p. 171.<\/p>\n","protected":false},"excerpt":{"rendered":"<p>NOME Joana da Piedade, Soror Elementos biogr\u00e1ficos PAI Pedro de Menezes, 2\u00ba Conde de Cantanhede, Presidente do Senado de Lisboa Comendador de Santa Maria de Almonde da Ordem de Cristo M\u00c3E D. Constan\u00e7a de Gusm\u00e3o (Condes de Vila Franca) LOCAL DE NASCIMENTO Lisboa LOCAL DA\u00a0MORTE\u00a0Lisboa DATA DA MORTE 1688 ESTADO \u00a0Freira DATA DA PROFISS\u00c3O RELIGIOSA &#8230; <a title=\"Joana da Piedade, Soror\" class=\"read-more\" href=\"https:\/\/escritoras-em-portugues.com\/pt_pt\/xvii\/joana-da-piedade-soror\/\" aria-label=\"Leia mais sobre Joana da Piedade, Soror\">Ler mais<\/a><\/p>\n","protected":false},"author":3,"featured_media":0,"parent":47,"menu_order":0,"comment_status":"closed","ping_status":"closed","template":"","meta":{"cybocfi_hide_featured_image":"","footnotes":""},"class_list":["post-944","page","type-page","status-publish"],"_links":{"self":[{"href":"https:\/\/escritoras-em-portugues.com\/pt_pt\/wp-json\/wp\/v2\/pages\/944","targetHints":{"allow":["GET"]}}],"collection":[{"href":"https:\/\/escritoras-em-portugues.com\/pt_pt\/wp-json\/wp\/v2\/pages"}],"about":[{"href":"https:\/\/escritoras-em-portugues.com\/pt_pt\/wp-json\/wp\/v2\/types\/page"}],"author":[{"embeddable":true,"href":"https:\/\/escritoras-em-portugues.com\/pt_pt\/wp-json\/wp\/v2\/users\/3"}],"replies":[{"embeddable":true,"href":"https:\/\/escritoras-em-portugues.com\/pt_pt\/wp-json\/wp\/v2\/comments?post=944"}],"version-history":[{"count":5,"href":"https:\/\/escritoras-em-portugues.com\/pt_pt\/wp-json\/wp\/v2\/pages\/944\/revisions"}],"predecessor-version":[{"id":1783,"href":"https:\/\/escritoras-em-portugues.com\/pt_pt\/wp-json\/wp\/v2\/pages\/944\/revisions\/1783"}],"up":[{"embeddable":true,"href":"https:\/\/escritoras-em-portugues.com\/pt_pt\/wp-json\/wp\/v2\/pages\/47"}],"wp:attachment":[{"href":"https:\/\/escritoras-em-portugues.com\/pt_pt\/wp-json\/wp\/v2\/media?parent=944"}],"curies":[{"name":"wp","href":"https:\/\/api.w.org\/{rel}","templated":true}]}}