{"id":928,"date":"2023-11-05T18:01:54","date_gmt":"2023-11-05T18:01:54","guid":{"rendered":"https:\/\/escritoras-em-portugues.com\/?page_id=928"},"modified":"2024-06-04T21:43:30","modified_gmt":"2024-06-04T21:43:30","slug":"francisca-de-campos-coelho","status":"publish","type":"page","link":"https:\/\/escritoras-em-portugues.com\/pt_pt\/xvii\/francisca-de-campos-coelho\/","title":{"rendered":"Francisca de Campos Coelho"},"content":{"rendered":"<p><strong>NOME <\/strong><span lang=\"PT\">Francisca de Campos Coelho<\/span><\/p>\n<div><span lang=\"PT\"> \u00a0\u00a0<\/span><\/div>\n<h4><strong>Elementos biogr\u00e1ficos<\/strong><\/h4>\n<p style=\"font-weight: 400;\"><strong>PAI<\/strong> \u00a0 Francisco de Campos Coelho, Senhor do Morgado de Guimar\u00e3es, Capit\u00e3o Mor de Viseu<strong>\u00a0\u00a0\u00a0\u00a0<\/strong><\/p>\n<p style=\"font-weight: 400;\"><strong>M\u00c3E<\/strong> Maria Teixeira de Seixas<\/p>\n<p style=\"font-weight: 400;\"><strong>LOCAL DE NASCIMENTO<\/strong> Viseu<\/p>\n<p style=\"font-weight: 400;\"><strong>DATA DE NASCIMENTO<\/strong> 20 de Fevereiro de 1640<\/p>\n<p style=\"font-weight: 400;\"><strong>DATA DA MORTE<\/strong> 5 de Setembro 1708<\/p>\n<p style=\"font-weight: 400;\"><strong>ESTADO<\/strong> Casada<\/p>\n<p style=\"font-weight: 400;\"><strong>C\u00d4NJUGE<\/strong> Henrique de Mello e Lemos de Alvellos<\/p>\n<p style=\"font-weight: 400;\"><strong>DATA DE CASAMENTO<\/strong> 5 de Fevereiro de 1668<\/p>\n<p style=\"font-weight: 400;\"><strong>FILHOS<\/strong> \u00a0v\u00e1rios<\/p>\n<h4><strong>Obra<\/strong><\/h4>\n<p><strong>OBRAS MANUSCRITAS (DESAPARECIDAS)<\/strong><\/p>\n<blockquote>\n<p style=\"font-weight: 400;\"><em>Devo\u00e7\u00f5es que exercitava todos os dias <\/em><\/p>\n<p style=\"font-weight: 400;\"><em>\u00a0<\/em><em>Rem\u00e9dios para varias enfermidades extrahidas de diversos Authores, onde discorria sobre as virtudes sympathicas <\/em><\/p>\n<p style=\"font-weight: 400;\"><em>Verdadeira Genalogia das mais ilustres Fam\u00edlias da Cidade de Viseu, em que se examina a verdade, e se refuta a mentira.<\/em><\/p>\n<p style=\"font-weight: 400;\"><em>\u00a0<\/em><em>Origem de todas as Fazendas que a sua casa possu\u00eda. \u00a0<\/em><\/p>\n<\/blockquote>\n<p>&nbsp;<\/p>\n<h4><strong>Bibliografia:<\/strong><\/h4>\n<p style=\"font-weight: 400;\">FARINHA, Bento Jos\u00e9 de Sousa, <em>Summario de Bibliotheca Lusitana<\/em>, volume II, Lisboa, na Officina de Antonio Gomes, 1786, p. 39<\/p>\n<p style=\"font-weight: 400;\">MACHADO, Diogo Barbosa, <em>Bibliotheca Luzitana: hist\u00f3rica, cr\u00edtica e cronol\u00f3gica, <\/em>Lisboa Occidental, na Officina de Antonio Isidoro da Fonseca, 1741-1759, volume IV, p. 124.<\/p>\n","protected":false},"excerpt":{"rendered":"<p>NOME Francisca de Campos Coelho \u00a0\u00a0 Elementos biogr\u00e1ficos PAI \u00a0 Francisco de Campos Coelho, Senhor do Morgado de Guimar\u00e3es, Capit\u00e3o Mor de Viseu\u00a0\u00a0\u00a0\u00a0 M\u00c3E Maria Teixeira de Seixas LOCAL DE NASCIMENTO Viseu DATA DE NASCIMENTO 20 de Fevereiro de 1640 DATA DA MORTE 5 de Setembro 1708 ESTADO Casada C\u00d4NJUGE Henrique de Mello e Lemos &#8230; <a title=\"Francisca de Campos Coelho\" class=\"read-more\" href=\"https:\/\/escritoras-em-portugues.com\/pt_pt\/xvii\/francisca-de-campos-coelho\/\" aria-label=\"Leia mais sobre Francisca de Campos Coelho\">Ler mais<\/a><\/p>\n","protected":false},"author":3,"featured_media":0,"parent":47,"menu_order":0,"comment_status":"closed","ping_status":"closed","template":"","meta":{"cybocfi_hide_featured_image":"","footnotes":""},"class_list":["post-928","page","type-page","status-publish"],"_links":{"self":[{"href":"https:\/\/escritoras-em-portugues.com\/pt_pt\/wp-json\/wp\/v2\/pages\/928","targetHints":{"allow":["GET"]}}],"collection":[{"href":"https:\/\/escritoras-em-portugues.com\/pt_pt\/wp-json\/wp\/v2\/pages"}],"about":[{"href":"https:\/\/escritoras-em-portugues.com\/pt_pt\/wp-json\/wp\/v2\/types\/page"}],"author":[{"embeddable":true,"href":"https:\/\/escritoras-em-portugues.com\/pt_pt\/wp-json\/wp\/v2\/users\/3"}],"replies":[{"embeddable":true,"href":"https:\/\/escritoras-em-portugues.com\/pt_pt\/wp-json\/wp\/v2\/comments?post=928"}],"version-history":[{"count":4,"href":"https:\/\/escritoras-em-portugues.com\/pt_pt\/wp-json\/wp\/v2\/pages\/928\/revisions"}],"predecessor-version":[{"id":1778,"href":"https:\/\/escritoras-em-portugues.com\/pt_pt\/wp-json\/wp\/v2\/pages\/928\/revisions\/1778"}],"up":[{"embeddable":true,"href":"https:\/\/escritoras-em-portugues.com\/pt_pt\/wp-json\/wp\/v2\/pages\/47"}],"wp:attachment":[{"href":"https:\/\/escritoras-em-portugues.com\/pt_pt\/wp-json\/wp\/v2\/media?parent=928"}],"curies":[{"name":"wp","href":"https:\/\/api.w.org\/{rel}","templated":true}]}}