{"id":926,"date":"2023-11-05T17:56:17","date_gmt":"2023-11-05T17:56:17","guid":{"rendered":"https:\/\/escritoras-em-portugues.com\/?page_id=926"},"modified":"2024-06-04T21:43:10","modified_gmt":"2024-06-04T21:43:10","slug":"cecilia-do-espirito-santo-soror","status":"publish","type":"page","link":"https:\/\/escritoras-em-portugues.com\/pt_pt\/xvii\/cecilia-do-espirito-santo-soror\/","title":{"rendered":"Cec\u00edlia do Esp\u00edrito Santo, Soror"},"content":{"rendered":"<p><strong>NOME <\/strong><span lang=\"PT\">Cec\u00edlia do Esp\u00edrito Santo, Soror<\/span><\/p>\n<h4><strong>Elementos biogr\u00e1ficos<\/strong><\/h4>\n<p><strong>DATA DE NASCIMENTO<\/strong>\u00a0 S\u00e9culo XVII<\/p>\n<p><strong>DATA DA MORTE<\/strong>\u00a0 S\u00e9culo XVII<\/p>\n<h4><strong>Obra<\/strong><\/h4>\n<p><strong>OBRAS IMPRESSAS<\/strong><\/p>\n<div>\n<blockquote><p>ESPIRITO SANTO, Cecilia do, <i>Colloquios com Christo Crucificado de hum peccador arrependido<\/i>. Lisboa, Oficina de Miguel Menescal, 1688.<\/p><\/blockquote>\n<\/div>\n<h4><strong>Bibliografia:<\/strong><\/h4>\n<p>MORUJ\u00c3O, Isabel, <em>Contributo <\/em><i><span lang=\"PT\">para uma Bibliografia cronol\u00f3gica da Literatura Mon\u00e1stica Feminina Portuguesa dos s\u00e9culos XVII e XVIII (impressos), <\/span><\/i><span lang=\"PT\">Lisboa, Centro de Estudos de Hist\u00f3ria Religiosa, Universidade Cat\u00f3lica Portuguesa, 1995, p. 16.<\/span><\/p>\n<p style=\"font-weight: 400;\">PACHECO, Moreno Laborda, <em>A M\u00e1goa do Esquecimento. Escrita e Mem\u00f3ria Conventual no Portugal do S\u00e9culo XVII<\/em>, Salvador-Lisboa, EDUFBA-CHAM, 2020, pp. 40-42.<\/p>\n","protected":false},"excerpt":{"rendered":"<p>NOME Cec\u00edlia do Esp\u00edrito Santo, Soror Elementos biogr\u00e1ficos DATA DE NASCIMENTO\u00a0 S\u00e9culo XVII DATA DA MORTE\u00a0 S\u00e9culo XVII Obra OBRAS IMPRESSAS ESPIRITO SANTO, Cecilia do, Colloquios com Christo Crucificado de hum peccador arrependido. Lisboa, Oficina de Miguel Menescal, 1688. Bibliografia: MORUJ\u00c3O, Isabel, Contributo para uma Bibliografia cronol\u00f3gica da Literatura Mon\u00e1stica Feminina Portuguesa dos s\u00e9culos XVII &#8230; <a title=\"Cec\u00edlia do Esp\u00edrito Santo, Soror\" class=\"read-more\" href=\"https:\/\/escritoras-em-portugues.com\/pt_pt\/xvii\/cecilia-do-espirito-santo-soror\/\" aria-label=\"Leia mais sobre Cec\u00edlia do Esp\u00edrito Santo, Soror\">Ler mais<\/a><\/p>\n","protected":false},"author":3,"featured_media":0,"parent":47,"menu_order":0,"comment_status":"closed","ping_status":"closed","template":"","meta":{"cybocfi_hide_featured_image":"","footnotes":""},"class_list":["post-926","page","type-page","status-publish"],"_links":{"self":[{"href":"https:\/\/escritoras-em-portugues.com\/pt_pt\/wp-json\/wp\/v2\/pages\/926","targetHints":{"allow":["GET"]}}],"collection":[{"href":"https:\/\/escritoras-em-portugues.com\/pt_pt\/wp-json\/wp\/v2\/pages"}],"about":[{"href":"https:\/\/escritoras-em-portugues.com\/pt_pt\/wp-json\/wp\/v2\/types\/page"}],"author":[{"embeddable":true,"href":"https:\/\/escritoras-em-portugues.com\/pt_pt\/wp-json\/wp\/v2\/users\/3"}],"replies":[{"embeddable":true,"href":"https:\/\/escritoras-em-portugues.com\/pt_pt\/wp-json\/wp\/v2\/comments?post=926"}],"version-history":[{"count":4,"href":"https:\/\/escritoras-em-portugues.com\/pt_pt\/wp-json\/wp\/v2\/pages\/926\/revisions"}],"predecessor-version":[{"id":1776,"href":"https:\/\/escritoras-em-portugues.com\/pt_pt\/wp-json\/wp\/v2\/pages\/926\/revisions\/1776"}],"up":[{"embeddable":true,"href":"https:\/\/escritoras-em-portugues.com\/pt_pt\/wp-json\/wp\/v2\/pages\/47"}],"wp:attachment":[{"href":"https:\/\/escritoras-em-portugues.com\/pt_pt\/wp-json\/wp\/v2\/media?parent=926"}],"curies":[{"name":"wp","href":"https:\/\/api.w.org\/{rel}","templated":true}]}}