{"id":880,"date":"2023-11-01T08:10:17","date_gmt":"2023-11-01T08:10:17","guid":{"rendered":"https:\/\/escritoras-em-portugues.com\/?page_id=880"},"modified":"2024-06-04T21:42:24","modified_gmt":"2024-06-04T21:42:24","slug":"antonia-baptista-soror","status":"publish","type":"page","link":"https:\/\/escritoras-em-portugues.com\/pt_pt\/xvii\/antonia-baptista-soror\/","title":{"rendered":"Ant\u00f3nia Baptista, Soror"},"content":{"rendered":"<p><strong>NOME<\/strong> Ant\u00f3nia Baptista, Soror<\/p>\n<h4><strong>Elementos biogr\u00e1ficos<\/strong><\/h4>\n<p><strong>DATA DE NASCIMENTO<\/strong>\u00a0 S\u00e9culo XVII ?<\/p>\n<div><b>PA\u00cdS ONDE NASCEU \u00a0<\/b><span lang=\"PT\">Monarquia Dual <\/span><\/div>\n<div><\/div>\n<p><strong>DATA DA MORTE<\/strong>\u00a0 S\u00e9culo XVII<\/p>\n<div><b>ESTADO \u00a0<\/b><span lang=\"PT\">Freira<\/span><\/div>\n<div>\n<div><\/div>\n<div><b>CONVENTO \u00a0<\/b>Convento de Nossa Senhora da Esperan\u00e7a de Vila Vi\u00e7osa<\/div>\n<div>\n<div><\/div>\n<div><b>ORDEM RELIGIOSA A QUE PERTENCEU <\/b>Santa Clara (Clarissas)<\/div>\n<\/div>\n<div><\/div>\n<div><\/div>\n<\/div>\n<h4><strong>Obra<\/strong><\/h4>\n<p><strong>OBRAS MANUSCRITAS<\/strong><\/p>\n<blockquote>\n<p style=\"font-weight: 400;\"><em>Livro da Funda\u00e7\u00e3o do Santo Convento de Nossa Senhora da Esperan\u00e7a de Villa Vi\u00e7oza e de alguas plantas que em elle se criar\u00e3o para o Ceo dignas de memoria<\/em> composto por Soror Ant\u00f3nia Baptista, <em>indigna Religioza do ditto Convento dedicado a mag.de el Rei Dom Jo\u00e3o o 4\u00ba nosso Senhor e Padroeiro do mesmo Convento<\/em> (1657) BN COD 1234<\/p>\n<\/blockquote>\n<h4><\/h4>\n<h4><strong>Bibliografia<\/strong><\/h4>\n<p style=\"font-weight: 400;\">AVELINO, Carla \u201cCr\u00f3nicas conventuais de <em>funda\u00e7\u00e3o<\/em>: Especificidades e Modelos\u201d <em>E-Revista de Estudos Interculturais do CEI-ISCAP, <\/em>n\u00ba 8, Maio de 2020, pp. 1-16.<\/p>\n<p style=\"font-weight: 400;\">FARIA, Frei Francisco Leite <em>Santa Clara e as Clarissas em Portugal. VIII Centen\u00e1rio do Nascimento de Santa Clara (1193\/94-1993\/94)<\/em>Lisboa, Instituto da Biblioteca Nacional e do Livro, 1994, pp. 65-93.<\/p>\n<p style=\"font-weight: 400;\">\n","protected":false},"excerpt":{"rendered":"<p>NOME Ant\u00f3nia Baptista, Soror Elementos biogr\u00e1ficos DATA DE NASCIMENTO\u00a0 S\u00e9culo XVII ? PA\u00cdS ONDE NASCEU \u00a0Monarquia Dual DATA DA MORTE\u00a0 S\u00e9culo XVII ESTADO \u00a0Freira CONVENTO \u00a0Convento de Nossa Senhora da Esperan\u00e7a de Vila Vi\u00e7osa ORDEM RELIGIOSA A QUE PERTENCEU Santa Clara (Clarissas) Obra OBRAS MANUSCRITAS Livro da Funda\u00e7\u00e3o do Santo Convento de Nossa Senhora da &#8230; <a title=\"Ant\u00f3nia Baptista, Soror\" class=\"read-more\" href=\"https:\/\/escritoras-em-portugues.com\/pt_pt\/xvii\/antonia-baptista-soror\/\" aria-label=\"Leia mais sobre Ant\u00f3nia Baptista, Soror\">Ler mais<\/a><\/p>\n","protected":false},"author":3,"featured_media":0,"parent":47,"menu_order":0,"comment_status":"closed","ping_status":"closed","template":"","meta":{"cybocfi_hide_featured_image":"","footnotes":""},"class_list":["post-880","page","type-page","status-publish"],"_links":{"self":[{"href":"https:\/\/escritoras-em-portugues.com\/pt_pt\/wp-json\/wp\/v2\/pages\/880","targetHints":{"allow":["GET"]}}],"collection":[{"href":"https:\/\/escritoras-em-portugues.com\/pt_pt\/wp-json\/wp\/v2\/pages"}],"about":[{"href":"https:\/\/escritoras-em-portugues.com\/pt_pt\/wp-json\/wp\/v2\/types\/page"}],"author":[{"embeddable":true,"href":"https:\/\/escritoras-em-portugues.com\/pt_pt\/wp-json\/wp\/v2\/users\/3"}],"replies":[{"embeddable":true,"href":"https:\/\/escritoras-em-portugues.com\/pt_pt\/wp-json\/wp\/v2\/comments?post=880"}],"version-history":[{"count":3,"href":"https:\/\/escritoras-em-portugues.com\/pt_pt\/wp-json\/wp\/v2\/pages\/880\/revisions"}],"predecessor-version":[{"id":1771,"href":"https:\/\/escritoras-em-portugues.com\/pt_pt\/wp-json\/wp\/v2\/pages\/880\/revisions\/1771"}],"up":[{"embeddable":true,"href":"https:\/\/escritoras-em-portugues.com\/pt_pt\/wp-json\/wp\/v2\/pages\/47"}],"wp:attachment":[{"href":"https:\/\/escritoras-em-portugues.com\/pt_pt\/wp-json\/wp\/v2\/media?parent=880"}],"curies":[{"name":"wp","href":"https:\/\/api.w.org\/{rel}","templated":true}]}}