{"id":875,"date":"2023-11-01T07:59:28","date_gmt":"2023-11-01T07:59:28","guid":{"rendered":"https:\/\/escritoras-em-portugues.com\/?page_id=875"},"modified":"2024-06-04T02:49:23","modified_gmt":"2024-06-04T02:49:23","slug":"brigida-de-santo-antonio-soror","status":"publish","type":"page","link":"https:\/\/escritoras-em-portugues.com\/pt_pt\/xvi\/brigida-de-santo-antonio-soror\/","title":{"rendered":"Br\u00edgida de Santo Ant\u00f3nio, Soror"},"content":{"rendered":"<p><strong>NOME <\/strong><span lang=\"PT\">Br\u00edgida de Santo Ant\u00f3nio, Soror<\/span><\/p>\n<p><strong>OUTRO(S) NOME(S)<\/strong> Leonor da Mendanha, Br\u00edzida de Santo Ant\u00f3nio, Brites de Santo Ant\u00f3nio, Soror<\/p>\n<h4><strong>Elementos biogr\u00e1ficos<\/strong><\/h4>\n<div><span lang=\"PT\"><strong>PAI<\/strong> \u00a0Jorge Vaz de Campos<\/span><\/div>\n<div><\/div>\n<div><strong><strong>M\u00c3E <\/strong><\/strong>D. Isabel de Mendanha<\/div>\n<div><\/div>\n<div><strong>LOCAL DE NASCIMENTO <\/strong>Lisboa<\/div>\n<p>&nbsp;<\/p>\n<p><strong>DATA DE NASCIMENTO <\/strong><span lang=\"PT\">28 de Janeiro de 1576<\/span><\/p>\n<p><strong>LOCAL<\/strong> <strong>DA MORTE <\/strong><span lang=\"PT\">Lisboa, Convento S. Br\u00edgida<\/span><\/p>\n<p><strong>DATA DA MORTE <\/strong>29 de Junho de 1645\/ 1655<\/p>\n<p><strong>ESTADO<\/strong> Freira<\/p>\n<p style=\"font-weight: 400;\"><strong>DATA DA PROFISS\u00c3O RELIGIOSA<\/strong> 23 de Setembro de 1601<\/p>\n<p style=\"font-weight: 400;\"><strong>ORDEM RELIGIOSA<\/strong> Religiosas Inglesas da Ordem de Santa Br\u00edgida<\/p>\n<h4><strong>Obra<\/strong><\/h4>\n<p><strong>OBRAS DESAPARECIDAS<\/strong><\/p>\n<blockquote>\n<p style=\"font-weight: 400;\"><em>Rela\u00e7am breve das religiosas, que florecer\u00e3o no Convento de Santa Brizida com opinia\u00f5 de conhecida virtude. <\/em><\/p>\n<\/blockquote>\n<p><strong>OBRAS\u00a0<\/strong><\/p>\n<blockquote>\n<p style=\"font-weight: 400;\"><em>Versos <\/em>(\u201cMi Dios lumbre di mis ojos\u201d)<em>, <\/em>in CARDOSO, Jorge, <em>Agiologio Lvsitano dos Sanctos, E Varoens Illvstres Em Virtvde do Reino de Portugal, E Suas Conquistas<\/em>. Consagrado Aos Gloriosos S. Vicente, E S. Antonio, Insignes Patronos Desta Inclyta Cidade Lisboa, E A Sev Illustre Cabido Sede Vacante. Composto pelo Licenciado George Carodoso, Natural da mesma Cidade, tomo III. Que comprehende os dous meses de Maio &amp; Iunho, Com seus Commentarios, Lisboa, Officina de Antonio Craesbeeck de Mello, 1666, pp. 887-878.<\/p>\n<p style=\"font-weight: 400;\"><em>Documentos espirituaes extrahidos dos Santos Padres, e Doutores da Igreja&#8221;<\/em><\/p>\n<p style=\"font-weight: 400;\"><em>Deseseis Cartas escriptas a Pantalea\u00f5 Rodriguez Bispo Eleito de Elvas&#8221;<\/em><\/p>\n<p style=\"font-weight: 400;\"><em>Carta a huma sua Sobrinha moradora na cidade de Portalegre<\/em><\/p>\n<p style=\"font-weight: 400;\"><em>Carta Escripta a Fr. Pedro de Magalhaens da Ordem dos Pregadores Deputado do Conselho Geral do S. Officio Director da Sua Conciencia<\/em><\/p>\n<p style=\"font-weight: 400;\"><em>Poemas de \u00eaxtase<\/em><\/p>\n<p style=\"font-weight: 400;\"><em>Memorias para despertar o esp\u00edrito aos louvores de Deos, Documentos Espirituaes e Cartas <\/em>(1701)<\/p>\n<p style=\"font-weight: 400;\"><em>&#8220;Versos&#8221; <\/em>in CARDOSO, Jorge, <em>Agiologio Lvsitano dos Sanctos, E Varoens Illvstres Em Virtvde do Reino de Portugal, E Suas Conquistas<\/em>. Consagrado Aos Gloriosos S. Vicente, E S. Vicente, E. S. Antonio, Insignes Patronos desta Inclyta Cidade Lisboa, e a sev Illustre Cabido Sede Vacante. Composto pelo Licenciado George Cardozo, Natural da Mesma Cidade, tomo III, Que comprehende os dous meses de Maio &amp; Junho, com seus Commentarios, Lisboa, Officina de Antonio Craesbeeck de Mello, 1666, pp. 887-878.<\/p>\n<\/blockquote>\n<p style=\"font-weight: 400;\"><em>\u00a0<\/em><\/p>\n<h4><strong>Bibliografia:<\/strong><\/h4>\n<p style=\"font-weight: 400;\">BARROS, Theresa Leit\u00e3o de, \u00a0<em>Escritoras de Portugal. G\u00e9nio <\/em>\u00a0Lisboa, Typographia de Antonio B. Antunes, 1924, vol I, <span style=\"font-size: inherit;\">p. 238.<\/span><\/p>\n<p>CARDOSO, Jorge, <em>Agiologio Lvsitano dos Sanctos, E Varoens Illvstres Em Virtvde do Reino de Portugal, E Suas Conquistas<\/em>. Consagrado Aos Gloriosos S. Vicente, E S. Antonio, Insignes Patronos Desta Inclyta Cidade Lisboa, E A Sev Illustre Cabido Sede Vacante. Composto pelo Licenciado George Carodoso, Natural da mesma Cidade, tomo III. Que comprehende os dous meses de Maio &amp; Iunho, Com seus Commentarios, Lisboa, Officina de Antonio Craesbeeck de Mello, 1666, pp. 887-878.<\/p>\n<p style=\"font-weight: 400;\">CONCEY\u00c7\u00c3O Soror Francisca da, <em>Rela\u00e7a\u00f5 da vida, e morte da\u00a0 V. Madre Sor. Brizida de Santo Antonio, Freira de Santa Brizida<\/em><\/p>\n<p><a href=\"https:\/\/purl.pt\/434\">COSTA, Ant\u00f3nio Carvalho da, <em>Corografia Portugueza e descri\u00e7\u00e3o topogr\u00e1fica do famoso Reyneo de Portugal , Lisboa, Valentim da Costa Deslandes, <\/em>1706-1712<em style=\"font-weight: 400;\">, <\/em>Tomo 3, Trat 35.<\/a><\/p>\n<p style=\"font-weight: 400;\">MACHADO, Diogo\u00a0 Barbosa, <em>Bibliotheca Luzitana: hist\u00f3rica, cr\u00edtica e cronologica. <\/em>Lisboa Occidental, na Officina de Antonio Isidoro da Fonseca, vol I, 1741-1759, pg. 551-552.<\/p>\n<p style=\"font-weight: 400;\">MORUJ\u00c3O, Isabel, <em>Contributo para uma bibliografia cronol\u00f3gica\u00a0 da literatura mon\u00e1stica feminina Portuguesa dos s\u00e9culos XVII e XVIII (impressos). Centro de Estudos de Hist\u00f3ria Religiosa<\/em>: Universidade Cat\u00f3lica Portuguesa, Lisboa 1995, p. 14.<\/p>\n<p style=\"font-weight: 400;\">PERYM, Dami\u00e3o de Froes, <em>Theatro Heroino, abecedario historico, e catalogo das mulheres ilustres em armas, letras ac\u00e7oens heroicas e artes liberais\u2026 <\/em>Lisboa Occidental, na Officina de Musica de Theotonis Antunes Lima, 1736-1740, Volume I, p. 168.<\/p>\n<p><a href=\"https:\/\/ler.letras.up.pt\/uploads\/ficheiros\/10538.pdf\">RANGEL, Leonardo Coutinho de Carvalho, \u201cLivre dentro dos muros: o caso de Madre Br\u00edgida de Santo Ant\u00f3nio (1576-1655)\u201d<em> Via Spiritus,\u00a0<\/em>2011, pp. 55-81.<\/a><\/p>\n<p><a href=\"https:\/\/books.google.pt\/books?id=Xq9fAAAAcAAJ&amp;printsec=frontcover&amp;hl=pt-PT&amp;source=gbs_ge_summary_r&amp;cad=0#v=onepage&amp;q&amp;f=false\">SANTA MARIA, Fr. Agostinho de <em>Historia da vida admiravel e das ac\u00e7\u00f5es prodigiosas da veneravel Madre Soror Brizida de S. Antonio<\/em>, <em><span class=\"fn\"><span dir=\"ltr\">filha espiritual singularissima do veneravel Padre Antonio da Concei\u00e7am, <\/span><\/span><\/em>escrita por Fr. Agostinho de Santa Maria, Imp. Ant\u00f3nio Pedroso Galram, 1701.<\/a><\/p>\n<p style=\"font-weight: 400;\">SANTA MARIA, Francisco de,\u00a0<em>Saphira Veneziana <\/em><em>e\u00a0Jacinto\u00a0Portuguez Vida Morte Heroycas Virtudes, &amp; Maravilhas R\u00e0ras Do Glorisissimo Protopatriarcha S. Louren\u00e7o Justiniano, <\/em><em>e <\/em><em>do Veneravel Padre Antonio <\/em><em>da C\u00f5cei\u00e7am. Livro Unico Historico, &amp; Panegirico. Offereceo Ao M.R.P.M. Joseph <\/em><em>dos Anjos Religioso <\/em><em>da Congrega\u00e7\u00e3o <\/em><em>de S. Jo\u00e3o Evangelista \/ O P. Francisco <\/em><em>de Santa Maria, Ulisipponense Religioso Da Mesma Congrega\u00e7\u00e3o<\/em><em>,<\/em><a class=\"boldBlackFont2U\"> Lisboa, na Officina de Francisco Vilflla [i. \u00e9 Vilella], 1677, Liv. 4, Cap. 84.<\/a><\/p>\n","protected":false},"excerpt":{"rendered":"<p>NOME Br\u00edgida de Santo Ant\u00f3nio, Soror OUTRO(S) NOME(S) Leonor da Mendanha, Br\u00edzida de Santo Ant\u00f3nio, Brites de Santo Ant\u00f3nio, Soror Elementos biogr\u00e1ficos PAI \u00a0Jorge Vaz de Campos M\u00c3E D. Isabel de Mendanha LOCAL DE NASCIMENTO Lisboa &nbsp; DATA DE NASCIMENTO 28 de Janeiro de 1576 LOCAL DA MORTE Lisboa, Convento S. Br\u00edgida DATA DA MORTE &#8230; <a title=\"Br\u00edgida de Santo Ant\u00f3nio, Soror\" class=\"read-more\" href=\"https:\/\/escritoras-em-portugues.com\/pt_pt\/xvi\/brigida-de-santo-antonio-soror\/\" aria-label=\"Leia mais sobre Br\u00edgida de Santo Ant\u00f3nio, Soror\">Ler mais<\/a><\/p>\n","protected":false},"author":3,"featured_media":0,"parent":45,"menu_order":0,"comment_status":"closed","ping_status":"closed","template":"","meta":{"cybocfi_hide_featured_image":"","footnotes":""},"class_list":["post-875","page","type-page","status-publish"],"_links":{"self":[{"href":"https:\/\/escritoras-em-portugues.com\/pt_pt\/wp-json\/wp\/v2\/pages\/875","targetHints":{"allow":["GET"]}}],"collection":[{"href":"https:\/\/escritoras-em-portugues.com\/pt_pt\/wp-json\/wp\/v2\/pages"}],"about":[{"href":"https:\/\/escritoras-em-portugues.com\/pt_pt\/wp-json\/wp\/v2\/types\/page"}],"author":[{"embeddable":true,"href":"https:\/\/escritoras-em-portugues.com\/pt_pt\/wp-json\/wp\/v2\/users\/3"}],"replies":[{"embeddable":true,"href":"https:\/\/escritoras-em-portugues.com\/pt_pt\/wp-json\/wp\/v2\/comments?post=875"}],"version-history":[{"count":6,"href":"https:\/\/escritoras-em-portugues.com\/pt_pt\/wp-json\/wp\/v2\/pages\/875\/revisions"}],"predecessor-version":[{"id":1667,"href":"https:\/\/escritoras-em-portugues.com\/pt_pt\/wp-json\/wp\/v2\/pages\/875\/revisions\/1667"}],"up":[{"embeddable":true,"href":"https:\/\/escritoras-em-portugues.com\/pt_pt\/wp-json\/wp\/v2\/pages\/45"}],"wp:attachment":[{"href":"https:\/\/escritoras-em-portugues.com\/pt_pt\/wp-json\/wp\/v2\/media?parent=875"}],"curies":[{"name":"wp","href":"https:\/\/api.w.org\/{rel}","templated":true}]}}