{"id":869,"date":"2023-11-01T07:11:20","date_gmt":"2023-11-01T07:11:20","guid":{"rendered":"https:\/\/escritoras-em-portugues.com\/?page_id=869"},"modified":"2024-06-04T02:52:27","modified_gmt":"2024-06-04T02:52:27","slug":"cecilia-do-espirito-santo-soror","status":"publish","type":"page","link":"https:\/\/escritoras-em-portugues.com\/pt_pt\/xvi\/cecilia-do-espirito-santo-soror\/","title":{"rendered":"Cec\u00edlia do Esp\u00edrito Santo, Soror"},"content":{"rendered":"<p><strong>NOME <\/strong>Cec\u00edlia do Esp\u00edrito Santo, Soror<\/p>\n<p><strong>OUTRO(S) NOME(S)<\/strong> Cec\u00edlia do Esp\u00edrito Santo, Soror<\/p>\n<h4><strong>Elementos biogr\u00e1ficos<\/strong><\/h4>\n<p><strong>PAI<\/strong> Antonio Sobrinho<\/p>\n<p style=\"font-weight: 400;\"><strong>M\u00c3E<\/strong> Cecilia de Morillas<\/p>\n<p><strong>DATA DE NASCIMENTO<\/strong> 1570<\/p>\n<p><strong>DATA DA MORTE <\/strong><span lang=\"PT\">7 de Abril de 1646<\/span><\/p>\n<p><strong>ESTADO<\/strong> Freira<\/p>\n<p><strong>DATA DA PROFISS\u00c3O RELIGIOSA<\/strong> 1589<\/p>\n<p><strong>ORDEM RELIGIOSA<\/strong> Carmelitas Descal\u00e7as<\/p>\n<h4><strong>Obra<\/strong><\/h4>\n<p><strong>OBRAS DESAPARECIDAS<\/strong><\/p>\n<blockquote>\n<p style=\"font-weight: 400;\"><em>Can\u00e7oens divididas em 18 esta\u00e7\u00f5es em que se descreve a mystica uni\u00e3o, e amorosa identidade da alma com Deus pela F\u00e9, e Charidade<\/em><\/p>\n<\/blockquote>\n<p><strong>OBRAS IMPRESSAS<\/strong><\/p>\n<blockquote>\n<p style=\"font-weight: 400;\"><em>Col\u00f3quios de hum pecador arrependido com Christo crucificado<\/em>. Lisboa, 1688<\/p>\n<\/blockquote>\n<h4><strong>Bibliografia:<\/strong><\/h4>\n<p style=\"font-weight: 400;\">PERYM, Dami\u00e3o de Froes, <em>Theatro Heroino, abecedario historico, e catalogo das mulheres ilustres em armas, letras ac\u00e7oens heroicas e artes liberais, <\/em>2 volumes, Lisboa Occidental, na Officina de Musica de Theotonio Antunes Lima, 1736-1740, vol. I, 2p. 85 (298)<\/p>\n<p style=\"font-weight: 400;\">REM\u00c9DIOS, Joaquim Mendes dos, <em>Escritoras doutros Tempos. Extractos das obras de Violante do C\u00e9u, Maria do C\u00e9u e Madalena da Gl\u00f3ria, <\/em>Coimbra, Fran\u00e7a Amado Editor, 1914, p.\u00a0IX<\/p>\n<p style=\"font-weight: 400;\">MACHADO, \u00a0Diogo Barbosa,\u00a0<em>Bibliotheca Luzitana: hist\u00f3rica, cr\u00edtica e cronol\u00f3gica, <\/em>Lisboa Occidental, na Officina de Antonio Isidoro da Fonseca, 1741-1759,\u00a0vol I, pp. 564-65<\/p>\n","protected":false},"excerpt":{"rendered":"<p>NOME Cec\u00edlia do Esp\u00edrito Santo, Soror OUTRO(S) NOME(S) Cec\u00edlia do Esp\u00edrito Santo, Soror Elementos biogr\u00e1ficos PAI Antonio Sobrinho M\u00c3E Cecilia de Morillas DATA DE NASCIMENTO 1570 DATA DA MORTE 7 de Abril de 1646 ESTADO Freira DATA DA PROFISS\u00c3O RELIGIOSA 1589 ORDEM RELIGIOSA Carmelitas Descal\u00e7as Obra OBRAS DESAPARECIDAS Can\u00e7oens divididas em 18 esta\u00e7\u00f5es em que &#8230; <a title=\"Cec\u00edlia do Esp\u00edrito Santo, Soror\" class=\"read-more\" href=\"https:\/\/escritoras-em-portugues.com\/pt_pt\/xvi\/cecilia-do-espirito-santo-soror\/\" aria-label=\"Leia mais sobre Cec\u00edlia do Esp\u00edrito Santo, Soror\">Ler mais<\/a><\/p>\n","protected":false},"author":3,"featured_media":0,"parent":45,"menu_order":0,"comment_status":"closed","ping_status":"closed","template":"","meta":{"cybocfi_hide_featured_image":"","footnotes":""},"class_list":["post-869","page","type-page","status-publish"],"_links":{"self":[{"href":"https:\/\/escritoras-em-portugues.com\/pt_pt\/wp-json\/wp\/v2\/pages\/869","targetHints":{"allow":["GET"]}}],"collection":[{"href":"https:\/\/escritoras-em-portugues.com\/pt_pt\/wp-json\/wp\/v2\/pages"}],"about":[{"href":"https:\/\/escritoras-em-portugues.com\/pt_pt\/wp-json\/wp\/v2\/types\/page"}],"author":[{"embeddable":true,"href":"https:\/\/escritoras-em-portugues.com\/pt_pt\/wp-json\/wp\/v2\/users\/3"}],"replies":[{"embeddable":true,"href":"https:\/\/escritoras-em-portugues.com\/pt_pt\/wp-json\/wp\/v2\/comments?post=869"}],"version-history":[{"count":4,"href":"https:\/\/escritoras-em-portugues.com\/pt_pt\/wp-json\/wp\/v2\/pages\/869\/revisions"}],"predecessor-version":[{"id":1673,"href":"https:\/\/escritoras-em-portugues.com\/pt_pt\/wp-json\/wp\/v2\/pages\/869\/revisions\/1673"}],"up":[{"embeddable":true,"href":"https:\/\/escritoras-em-portugues.com\/pt_pt\/wp-json\/wp\/v2\/pages\/45"}],"wp:attachment":[{"href":"https:\/\/escritoras-em-portugues.com\/pt_pt\/wp-json\/wp\/v2\/media?parent=869"}],"curies":[{"name":"wp","href":"https:\/\/api.w.org\/{rel}","templated":true}]}}