{"id":863,"date":"2023-11-01T06:33:35","date_gmt":"2023-11-01T06:33:35","guid":{"rendered":"https:\/\/escritoras-em-portugues.com\/?page_id=863"},"modified":"2024-06-04T02:59:39","modified_gmt":"2024-06-04T02:59:39","slug":"maria-de-jesus-soror","status":"publish","type":"page","link":"https:\/\/escritoras-em-portugues.com\/pt_pt\/xvi\/maria-de-jesus-soror\/","title":{"rendered":"Maria de Jesus, Soror"},"content":{"rendered":"<p><strong>NOME<\/strong> Maria de Jesus, Soror<\/p>\n<p><strong>OUTRO(S) NOME(S) <\/strong>Maria de Ata\u00edde<\/p>\n<h4><strong>Elementos biogr\u00e1ficos<\/strong><\/h4>\n<p style=\"font-weight: 400;\"><strong>PAI<\/strong> Dom Nuno Manoel, Senhor de Atalaia, Tancos e Sinceira<\/p>\n<p style=\"font-weight: 400;\"><strong>M\u00c3E<\/strong> Joanna de Ataide, Condessa da Castanheira<\/p>\n<p><strong>LOCAL<\/strong> <strong>DE NASCIMENTO <\/strong>Elvas<\/p>\n<p><strong>DATA DE NASCIMENTO<\/strong>\u00a0 S\u00e9culo XVI<\/p>\n<p><strong>DATA DA MORTE<\/strong>\u00a0 1604<\/p>\n<p><strong>ESTADO<\/strong> Freira<\/p>\n<p style=\"font-weight: 400;\"><strong>CONVENTO<\/strong> \u00a0Santa Clara de Castanheira<\/p>\n<p style=\"font-weight: 400;\"><strong>ORDEM RELIGIOSA A QUE PERTENCEU<\/strong> \u00a0Clarissas<\/p>\n<h4><strong>Obra<\/strong><\/h4>\n<p><strong>OBRAS MANUSCRITAS<\/strong><\/p>\n<blockquote>\n<p style=\"font-weight: 400;\"><em>Discurso sobre o Cometa, que apareceo no ano de 1578 antes da infeliz jornada delRey D. Sebastia\u00f5 a Africa.<\/em><\/p>\n<\/blockquote>\n<h4><strong>Bibliografia:<\/strong><\/h4>\n<p style=\"font-weight: 400;\">PERYM, Dami\u00e3o de Froes, <em>Theatro Heroino, abecedario historico, e catalogo das mulheres ilustres em armas, letras ac\u00e7oens heroicas e artes liberais\u2026 <\/em>Lisboa Occidental, na Officina de Musica de Theotonis Antunes Lima, 1736-1740, Vol.II, p. 424<\/p>\n<p style=\"font-weight: 400;\">SOLEDADE, Frei Fernando da,<em> Historia Serafica da Prov\u00edncia de Portugal, <\/em>Lisboa, na Officina de Domingos Gonsalves, 1736. \u00a0Parte 4, Livro 2. cap. 4.<\/p>\n<p style=\"font-weight: 400;\">SOUSA, Antonio Caetano de, <em>Historia Genealogica da Casa<\/em> <em>Real Portuguesa, <\/em>reed: Coimbra, Atl\u00e2ntida, 1946, Tomo II, Livro 2, p. 529<\/p>\n<p style=\"font-weight: 400;\">http:\/\/www.geneall.net\/P\/per_page.php?id=28663<\/p>\n<p style=\"font-weight: 400;\">FARINHA, Bento Jos\u00e9 de Sousa, <em>Summario de Bibliotheca Lusitana<\/em>, Lisboa, na Off. da Academia Real das Sciencias, 1787, Tomo III, p.<span style=\"font-size: inherit;\">\u00a0194<\/span><\/p>\n<p style=\"font-weight: 400;\">SANTA MARIA, Pe. Francisco de Santa, <em>Anno Historico Diario Portuguez: noticia abreviada de pessoas grandes, e cousas notaveis de Portugal <\/em>(\u2026) \u2013 Lisboa: na Officina e \u00e0 custa de Domingos Gonsalves, 1744, Vol II, 30 de Maio, X, p. 148.<\/p>\n<p style=\"font-weight: 400;\">\n","protected":false},"excerpt":{"rendered":"<p>NOME Maria de Jesus, Soror OUTRO(S) NOME(S) Maria de Ata\u00edde Elementos biogr\u00e1ficos PAI Dom Nuno Manoel, Senhor de Atalaia, Tancos e Sinceira M\u00c3E Joanna de Ataide, Condessa da Castanheira LOCAL DE NASCIMENTO Elvas DATA DE NASCIMENTO\u00a0 S\u00e9culo XVI DATA DA MORTE\u00a0 1604 ESTADO Freira CONVENTO \u00a0Santa Clara de Castanheira ORDEM RELIGIOSA A QUE PERTENCEU \u00a0Clarissas &#8230; <a title=\"Maria de Jesus, Soror\" class=\"read-more\" href=\"https:\/\/escritoras-em-portugues.com\/pt_pt\/xvi\/maria-de-jesus-soror\/\" aria-label=\"Leia mais sobre Maria de Jesus, Soror\">Ler mais<\/a><\/p>\n","protected":false},"author":3,"featured_media":0,"parent":45,"menu_order":0,"comment_status":"closed","ping_status":"closed","template":"","meta":{"cybocfi_hide_featured_image":"","footnotes":""},"class_list":["post-863","page","type-page","status-publish"],"_links":{"self":[{"href":"https:\/\/escritoras-em-portugues.com\/pt_pt\/wp-json\/wp\/v2\/pages\/863","targetHints":{"allow":["GET"]}}],"collection":[{"href":"https:\/\/escritoras-em-portugues.com\/pt_pt\/wp-json\/wp\/v2\/pages"}],"about":[{"href":"https:\/\/escritoras-em-portugues.com\/pt_pt\/wp-json\/wp\/v2\/types\/page"}],"author":[{"embeddable":true,"href":"https:\/\/escritoras-em-portugues.com\/pt_pt\/wp-json\/wp\/v2\/users\/3"}],"replies":[{"embeddable":true,"href":"https:\/\/escritoras-em-portugues.com\/pt_pt\/wp-json\/wp\/v2\/comments?post=863"}],"version-history":[{"count":2,"href":"https:\/\/escritoras-em-portugues.com\/pt_pt\/wp-json\/wp\/v2\/pages\/863\/revisions"}],"predecessor-version":[{"id":1689,"href":"https:\/\/escritoras-em-portugues.com\/pt_pt\/wp-json\/wp\/v2\/pages\/863\/revisions\/1689"}],"up":[{"embeddable":true,"href":"https:\/\/escritoras-em-portugues.com\/pt_pt\/wp-json\/wp\/v2\/pages\/45"}],"wp:attachment":[{"href":"https:\/\/escritoras-em-portugues.com\/pt_pt\/wp-json\/wp\/v2\/media?parent=863"}],"curies":[{"name":"wp","href":"https:\/\/api.w.org\/{rel}","templated":true}]}}