{"id":821,"date":"2023-10-31T12:53:27","date_gmt":"2023-10-31T12:53:27","guid":{"rendered":"https:\/\/escritoras-em-portugues.com\/?page_id=821"},"modified":"2024-06-04T03:01:00","modified_gmt":"2024-06-04T03:01:00","slug":"821-2","status":"publish","type":"page","link":"https:\/\/escritoras-em-portugues.com\/pt_pt\/xvi\/821-2\/","title":{"rendered":"Maria, Infanta, D."},"content":{"rendered":"<p><strong>NOME <\/strong>Maria, Infanta, D.<\/p>\n<p style=\"font-weight: 400;\"><strong>OUTROS NOME(S)<\/strong> Maria de Avis<\/p>\n<h4><strong>Elementos biogr\u00e1ficos<\/strong><\/h4>\n<p style=\"font-weight: 400;\"><strong>PAI<\/strong> D. Manuel I, Rei de Portugal (1469-1521)<\/p>\n<p style=\"font-weight: 400;\"><strong>M\u00c3E<\/strong> D. Leonor Habsburg, Rainha (1498-1558)<\/p>\n<p style=\"font-weight: 400;\"><strong>LOCAL DE NASCIMENTO<\/strong> Lisboa (Pa\u00e7os da Ribeira)<\/p>\n<p style=\"font-weight: 400;\"><strong>DATA DE NASCIMENTO<\/strong> 8 Junho 1521<\/p>\n<p style=\"font-weight: 400;\"><strong>LOCAL DE BAPTISMO<\/strong> Lisboa<\/p>\n<p style=\"font-weight: 400;\"><strong>DATA DE BAPTISMO<\/strong> 17 Junho 1521<\/p>\n<p style=\"font-weight: 400;\"><strong>LOCAL DA MORTE<\/strong> Lisboa<\/p>\n<p style=\"font-weight: 400;\"><strong>DATA DA MORTE<\/strong> 10 Outubro 1577<\/p>\n<p style=\"font-weight: 400;\"><strong>ESTADO<\/strong> Solteira<\/p>\n<p style=\"font-weight: 400;\"><strong>IDIOMAS<\/strong> Latim, Franc\u00eas, Portugu\u00eas<\/p>\n<p>&nbsp;<\/p>\n<h4><strong>Obra<\/strong><\/h4>\n<p><strong>OBRAS MANUSCRITAS<\/strong><\/p>\n<blockquote>\n<p style=\"font-weight: 400;\">[Carta a Carlos V] in Frei Miguel PACHECO, <em>Vida da Infanta D. Maria, <\/em>Lisboa<\/p>\n<p style=\"font-weight: 400;\"><em>Christianissima Galiarum Reginae Elionorae, Matri pientissimae Maria obsequentissima filia saluteem<\/em>. In.: <em>O Livro da Infanta, <\/em>Livro II, Cap. II; p. 711<\/p>\n<p style=\"font-weight: 400;\"><em>\u201cCarta que a Infante D. Maria escreveo \u00e0 rainha D. Leonor sua m\u00e3y\u201d <\/em>SOUSA, Manuel Caetano de, <em>Provas da Hist\u00f3ria Genealogica da Casa Real Portuguesa, <\/em>Nova Edi\u00e7\u00e3o revista por M. Lopes de Almeida e C\u00e9sar Pegado, Coimbra, Atl\u00e2ntida, 1948, tomo II, pp. 357-358.<\/p>\n<p style=\"font-weight: 400;\">\u00a0\u201c<em>Maria Anglia Reginae Serenissimae: Maria Portugaliae Infans Regis Emanuelis filia. <\/em><em>S[alutem] P[lurimam]\u201d<\/em> in.: ELLIS, Henry, <em>Original Letters illustrative of English History, including numerous Royal Letters, from Autographs in the British Museum, and one or two other Collections<\/em>, segunda s\u00e9rie, vol. II, Londres, Harding and Lepard, 1827, pp. 247-248<\/p>\n<\/blockquote>\n<h4><strong>Bibliografia:<\/strong><\/h4>\n<p style=\"font-weight: 400;\">ANAST\u00c1CIO, Vanda, \u201cInfanta D. Maria\u201d in.: <em>Diccion\u00e1rio de Lu\u00eds de Cam\u00f5es<\/em> (coord. Vitor Manuel de Aguiar e Silva), Lisboa, Caminho, 2011, pp. 566-572.<\/p>\n<p style=\"font-weight: 400;\">ANAST\u00c1CIO, Vanda (org.) \u201cInfanta D. Maria\u201d in.: <em>Uma Antologia Improv\u00e1vel. A Escrita das Mulheres S\u00e9culos XVI a XVIII, <\/em>Lisboa, Rel\u00f3gio d\u2019\u00e1gua, 2013, pp. 428-431.<\/p>\n<p style=\"font-weight: 400;\">ANDRADA, Ernesto Campos de, <em>Rela\u00e7\u00f5es de Pero de Alc\u00e1\u00e7ova Carneiro Conde da Idnha, do tempo que ele e seu Pai Ant\u00f3nio Carneiro estiveram como Secret\u00e1rios (1515-1568),<\/em>Lisboa, Imprensa nacional, 1937<\/p>\n<p style=\"font-weight: 400;\">ANJOS, Frei Lu\u00eds dos, \u00ab131. A Infante D. Maria de Lisboa com algumas mulheres outras\u00bb <em>Jardim<\/em><em> de Portugal: em que se da noticia de alguas sanctas, &amp; outras molheres illustres em virtude, as quais nascer\u00e3o ou viver\u00e3o, ou est\u00e3o sepultadas neste reino, &amp; suas conquistas. Recopilado novamente de v\u00e1rios, &amp; graves autores pello Padre Doutor Frey Luis dos Anjos Religioso, et Chronista<\/em> <em>da Ordem de nosso Pdre Sancto Agostinho, natural da cidade do Porto,<\/em> Coimbra, em casa de Nicolao Carvalho, 1626, pp. 448-456. [reedi\u00e7\u00e3o, com introdu\u00e7\u00e3o e notas de Maria de Lurdes Correia Fernandes, Porto, Campo das Letras, 1999].<\/p>\n<p style=\"font-weight: 400;\">ANJOS, Frei Lu\u00eds dos, \u201cA Infante D. Maria de Lisboa com algumas mulheres outras\u201d ANAST\u00c1CIO, Vanda (org.) <em>Uma Antologia Improv\u00e1vel. A Escrita das Mulheres S\u00e9culos XVI a XVIII, <\/em>Lisboa, Rel\u00f3gio d\u2019\u00e1gua, 2013, pp. 59-62<\/p>\n<p style=\"font-weight: 400;\">ARA\u00daJO, Joaquim de, <em>A Infanta D. Maria, filha de El-Rei D. Manuel I de Portugal, Notas Hist\u00f3rico-art\u00edsticas, <\/em>G\u00e9nova, Tip dei Sordomuti, 1909.<\/p>\n<p style=\"font-weight: 400;\">AZEVEDO, Diogo Manoel Aires de, <em>Portugal Illustrado pelo Sexo Feminino, Not\u00edcia Historica de muytas Her\u00ednas Portugueas que Florescer\u00e3o em Virtudes, Letras e Armas, <\/em>Lisboa Occidental, Officina de Pedro Ferreira, 1734.<\/p>\n<p style=\"font-weight: 400;\">BARBOSA, <em>Diccionario Chronologico Historico, Genealogico e Cr\u00edtico, das Rainhas de Portugal e de seus Filhos<\/em>, Lisboa Ocidental, Na Off. Joseph Antonio da Sylva, 1727<\/p>\n<p style=\"font-weight: 400;\">BARROS, Jo\u00e3o de, \u00abPanegyrico \u00e0 mui alta e esclarecida Princesa Infanta D. Maria nossa Senhora\u00bb \u00a0<em>Panegyricos do grande Joao de Barros, fielmente reimpressos conforme a sua antiga Linguagem anno 1533, <\/em>Lisboa, Off. Antonio Gomes, 1791, pp. 199-326.<\/p>\n<p style=\"font-weight: 400;\">BARROS, Thereza Leit\u00e3o de, <em>Infanta D. Maria, <\/em>Grandes Portuguesas, I. Lisboa, Edi\u00e7\u00f5es SNI, 1949.<\/p>\n<p style=\"font-weight: 400;\">BARROS, Thereza Leit\u00e3o de, <em>Escritoras de Portugal. G\u00e9nio Feminino Revelado, <\/em>volume I, Lisboa, s. n., 1924<\/p>\n<p style=\"font-weight: 400;\">BRAGA, Paulo Drumond, <em>D. Maria (1521-1577). Uma Infanta no Portugal de Quinhentos, <\/em>Lisboa, Edi\u00e7\u00f5es Colibri, 2012.<\/p>\n<p style=\"font-weight: 400;\">BRITO, Gomes de, <em>As Ten\u00e7as Testament\u00e1rias da Infanta D. Maria<\/em>, Lisboa, Tip. Da Cal\u00e7ada do Cabra, 1907<\/p>\n<p style=\"font-weight: 400;\">CAMPOS, Agostinho de \u201cCam\u00f5es e a Infanta\u201d <em>Di\u00e1rio de Noticias, <\/em>9 de Fevereiro 1933 e 16 de Fevereiro 1933.<\/p>\n<p style=\"font-weight: 400;\">CAMPOS, Agostinho de <em>Cam\u00f5es L\u00edrico, <\/em>Paris-Lisboa-Ro de Janeiro, Aillaud-Bertrand-Livraria Francisco Alves, 1923, IV, p. 133.<\/p>\n<p style=\"font-weight: 400;\">CIDADE, Hernani, <em>Lu\u00eds de Cam\u00f5es: o L\u00edrico<\/em>, Lisboa, Imprensa Nacional, 1936.<\/p>\n<p style=\"font-weight: 400;\">COTTA, Ant\u00f3nio dos Santos Carreta, <em>D. Maria Infanta de Portugal, <\/em>\u00c9vora, Minerva Comercial, 1924.<\/p>\n<p style=\"font-weight: 400;\">COUTINHO, Carlos da Cunha <em>O Gr\u00e3o Prior de Fran\u00e7a e sua Armada no Tejo em 1560: Subs\u00eddio para um pretenso Noivado da Infanta D. Maria, Sep. Arquivo Hist\u00f3rico de Portugal, <\/em>n. 2 Lisboa, 1936.<\/p>\n<p style=\"font-weight: 400;\">DANTAS, J\u00falio, \u201cA Infanta D. Maria\u201d <em>Revoada de Musas. As Mulheres nas vidas dos Homens c\u00e9lebres<\/em>, Lisboa, Portug\u00e1lia Editora, 1965, pp. 85-96.<\/p>\n<p style=\"font-weight: 400;\">ELLIS, Henry, \u201cMaria Anglia Reginae Serenissimae: Maria Portugaliae Infans Regis Emanuelis filia. S[alutem] P[lurimam]\u201d<em>Original Letters illustrative of English History, including numerous Royal Letters, from Autographs in the British Museum, and one or two other Collections<\/em>, segunda s\u00e9rie, vol. II, Londres, Harding and Lepard, 1827, pp. 247-248.<\/p>\n<p style=\"font-weight: 400;\">FARIA, Manoel Severim de, <em>Not\u00edcias de Portugal<\/em>, Lisboa, 1655.<\/p>\n<p style=\"font-weight: 400;\">LEITE, Bertha, <em>A Mulher na Hist\u00f3ria de Portugal, <\/em>Lisboa, 1940.<\/p>\n<p style=\"font-weight: 400;\">MAUR\u00cdCIO, Pe Domingos, \u201cO elogio f\u00fanebre da Infanta D. Maria e os amores de Cam\u00f5es\u201d <em>Brot\u00e9ria, <\/em>vol XVI, fasc. 6, Junho de 1933, pp. 377-387.<\/p>\n<p style=\"font-weight: 400;\">MAUR\u00cdCIO, Pe Domingos, \u201cA l\u00edrica de Cam\u00f5es e a solu\u00e7\u00e3o de alguns problemas da sua \u00faltima edi\u00e7\u00e3o cr\u00edtica\u201d <em>Brot\u00e9ria, <\/em>vol. XVII, fasc. 1, Julho de 1933.<\/p>\n<p style=\"font-weight: 400;\">MONTEIRO, J. P. Franco, <em>As Donat\u00e1rias de Alenquer. Hist\u00f3ria das Rainhas de Portugal e da sua Casa e Estado, <\/em>Lisboa, M. Gomes, 1893.<\/p>\n<p style=\"font-weight: 400;\">NELLY, <em>A Infanta D. Maria de Portugal, <\/em>Lisboa, s. n. 1943.<\/p>\n<p style=\"font-weight: 400;\">OLIVEIRA, Ant\u00f3nio de \u201cA Infanta D. Maria e o Senhorio de Viseu\u201d <em>Revista Portuguesa de Hist\u00f3ria<\/em>, XXVII, 1992, pp. 215-220.<\/p>\n<p style=\"font-weight: 400;\">OLIVEIRA, Teresa, \u201cRelato da viagem da infanta D. Maria, filha de D. Manuel I, at\u00e9 Badajoz, onde se encontrou com a sua m\u00e3e, a rainha D Leonor de \u00c1ustria, e tia, a rainha D. Maria.\u201d<\/p>\n<p style=\"font-weight: 400;\"><a href=\"https:\/\/ceh.fcsh.unl.pt\/revista\/revista_numero_2018.html\"><em>Fragmenta Historica: Hist\u00f3ria, Paleografia e Diplom\u00e1tica<\/em>, (6), Lisboa, 2018, pp. 413-415.\u00a0<\/a><\/p>\n<p style=\"font-weight: 400;\">OS\u00d3RIO, Jeronimo, <em>De rebus Emmanuelis<\/em>, livro 12 (progenitura)<\/p>\n<p style=\"font-weight: 400;\">PACHECO, Frei Miguel, <em>Vida de la Serenissima Infanta D. Maria, hija del Rey D. Manuel, <\/em>Lisboa, Juan de la Costa, 1675<\/p>\n<p style=\"font-weight: 400;\">PERYM, Dami\u00e3o Froes, <em>Theatro Heroino, Abecedario Historico e catalogo das Mulheres Illustres em Armas, Letras, Ac\u00e7oens Heroicas e Artes Liberaes<\/em>, Lisboa Officina de Musica de Theotonio Gomes de Lima, 1736-1740.<\/p>\n<p style=\"font-weight: 400;\">PIMP\u00c3O, \u00c1lvaro J\u00falio da Costa, \u201cAs \u2018Musas\u2019 de Cam\u00f5es\u201d in: Lu\u00eds de CAM\u00d5ES, <em>Rimas<\/em>, 2\u00aa ed. Coimb ra, 1973, pp. LVII-LXXI.<\/p>\n<p style=\"font-weight: 400;\"><em>\u00a0<\/em>PINTO, Carla Alferes, <em>A Infanta D. Maria de Portugal (1521-1577), O Mecenato de uma Princesa Renascentista<\/em>, Lisboa, Funda\u00e7\u00e3o Oriente, 1991<\/p>\n<p style=\"font-weight: 400;\"><a href=\"https:\/\/www.uc.pt\/fluc\/eclassicos\/publicacoes\/ficheiros\/humanitas37-38\/06_Costa_Ramalho.pdf\">RAMALHO, Am\u00e9rico Costa \u201cA Infanta D. Maria e o seu Tempo\u201d <em>Humanitas, <\/em>Coimbra, 1986, vols. XXXVII-XXXVIII, pp. 173-189<\/a><\/p>\n<p style=\"font-weight: 400;\">REIS, Maria de F\u00e1tima \u201cO busto-relic\u00e1rio de Santa Engr\u00e1cia: interesse e conflito em torno do mecenato p\u00f3stumo da Infanta D. Maria (1521-1577)\u201d <em>Rumos e Escrita da Hist\u00f3ria: Estudos em Homenagem a A. A. Marques de Almeida, <\/em>Lisboa, Colibri, 2007.<\/p>\n<p style=\"font-weight: 400;\">RIBEIRO, V\u00edtor, <em>A Infanta D. Maria e o seu Hospital da Luz, <\/em>Lisboa, Tip. Da Casa da Moeda e do papel Selado, 1907.<\/p>\n<p style=\"font-weight: 400;\">RODRIGUES, Jos\u00e9 Maria,<em> Cam\u00f5es e a Infanta<\/em>, Sep. de <em>O Instituto<\/em>, Coimbra, Imprensa da Universidade, Lisboa, 1910.<\/p>\n<p style=\"font-weight: 400;\">RODRIGUES, Jos\u00e9 Maria, <em>Li\u00e7\u00e3o inaugural da Cadeira de Estudos Camonianos. Import\u00e2ncia e Dificuldade destes Estudos<\/em>, Coimbra Imprensa da Universidade, 1925<\/p>\n<p style=\"font-weight: 400;\">SABUGOSA, Conde de, <em>Donas de Tempos Idos, <\/em>Lisboa, Livraria Ferreira, 1912.<\/p>\n<p style=\"font-weight: 400;\">SANTA MARIA, Pe. Francisco de, <em>Anno Historico Diario Portuguez: noticia abreviada de pessoas grandes, e cousas notaveis de Portugal <\/em>(\u2026), Lisboa, na Officina de Domingos Gonsalves, 1744<em>,<\/em> vol. III, pp. 152-156, 10 de Outubro, II.<\/p>\n<p style=\"font-weight: 400;\">SILVEIRA, Olga Moraes Sarmento da, <em>A Infante D. Maria e a Corte Portuguesa (1521-1577), <\/em>Coimbra, Fran\u00e7a Amado, 1909.<\/p>\n<p style=\"font-weight: 400;\">SERR\u00c3O, Joaquim Ver\u00edssimo, <em>A Infanta D. Maria e a sua Fortuna no Sul da Fran\u00e7a 1521-1577<\/em>, Lisboa, \u00c1lvaro Pinto, 1955.<\/p>\n<p style=\"font-weight: 400;\">VALE, Alexandre de Lucena e \u201cPr\u00edncipes titulares do Senhorio de Viseu\u201d <em>Anais da Academia Portuguesa da Hist\u00f3ria<\/em>, Lisboa, Vol. 12, II s\u00e9rie, pp. 167-197<\/p>\n<p style=\"font-weight: 400;\"><a href=\"https:\/\/permalinkbnd.bnportugal.gov.pt\/records\/item\/69097-a-infanta-d-maria-de-portugal-e-as-suas-damas-1521-1577?offset=42\">VASCONCELOS, Carolina Micha\u00eblis de, <em>A Infanta D. Maria de Portuga l (1521-1577) e as suas damas<\/em>, Porto, Typ. a vapor de Arthur Jos\u00e9 de Souza e Irm\u00e3o, 1902 [<em>Reimp. Fac-similada: <\/em>Lisboa, Biblioteca Nacional, 1983]<\/a><\/p>\n<p style=\"font-weight: 400;\"><strong>\u00a0<\/strong>VIEIRA, Afonso Lopes, \u201cA Tese da Infanta nas l\u00edricas de Cam\u00f5es\u201d, <em>O Instituto, <\/em>LXXXV, 1933, pp. 1-34; 283-309.<\/p>\n<p style=\"font-weight: 400;\">VILLA-REAL y VALDIVIA, Francisco de Paula, \u201cLa Infanta D. Maria y su Academia Literaria\u201d <em>Tres Princesas Lusitanas. Bosquejos Hist\u00f3ricos, <\/em>Granada, Tip. Sabtel, 1899, pp. 37-45.<\/p>\n<p style=\"font-weight: 400;\"><strong>\u00a0<\/strong><\/p>\n","protected":false},"excerpt":{"rendered":"<p>NOME Maria, Infanta, D. OUTROS NOME(S) Maria de Avis Elementos biogr\u00e1ficos PAI D. Manuel I, Rei de Portugal (1469-1521) M\u00c3E D. Leonor Habsburg, Rainha (1498-1558) LOCAL DE NASCIMENTO Lisboa (Pa\u00e7os da Ribeira) DATA DE NASCIMENTO 8 Junho 1521 LOCAL DE BAPTISMO Lisboa DATA DE BAPTISMO 17 Junho 1521 LOCAL DA MORTE Lisboa DATA DA MORTE &#8230; <a title=\"Maria, Infanta, D.\" class=\"read-more\" href=\"https:\/\/escritoras-em-portugues.com\/pt_pt\/xvi\/821-2\/\" aria-label=\"Leia mais sobre Maria, Infanta, D.\">Ler mais<\/a><\/p>\n","protected":false},"author":3,"featured_media":0,"parent":45,"menu_order":0,"comment_status":"closed","ping_status":"closed","template":"","meta":{"cybocfi_hide_featured_image":"","footnotes":""},"class_list":["post-821","page","type-page","status-publish"],"_links":{"self":[{"href":"https:\/\/escritoras-em-portugues.com\/pt_pt\/wp-json\/wp\/v2\/pages\/821","targetHints":{"allow":["GET"]}}],"collection":[{"href":"https:\/\/escritoras-em-portugues.com\/pt_pt\/wp-json\/wp\/v2\/pages"}],"about":[{"href":"https:\/\/escritoras-em-portugues.com\/pt_pt\/wp-json\/wp\/v2\/types\/page"}],"author":[{"embeddable":true,"href":"https:\/\/escritoras-em-portugues.com\/pt_pt\/wp-json\/wp\/v2\/users\/3"}],"replies":[{"embeddable":true,"href":"https:\/\/escritoras-em-portugues.com\/pt_pt\/wp-json\/wp\/v2\/comments?post=821"}],"version-history":[{"count":5,"href":"https:\/\/escritoras-em-portugues.com\/pt_pt\/wp-json\/wp\/v2\/pages\/821\/revisions"}],"predecessor-version":[{"id":1695,"href":"https:\/\/escritoras-em-portugues.com\/pt_pt\/wp-json\/wp\/v2\/pages\/821\/revisions\/1695"}],"up":[{"embeddable":true,"href":"https:\/\/escritoras-em-portugues.com\/pt_pt\/wp-json\/wp\/v2\/pages\/45"}],"wp:attachment":[{"href":"https:\/\/escritoras-em-portugues.com\/pt_pt\/wp-json\/wp\/v2\/media?parent=821"}],"curies":[{"name":"wp","href":"https:\/\/api.w.org\/{rel}","templated":true}]}}