{"id":813,"date":"2023-10-31T12:32:13","date_gmt":"2023-10-31T12:32:13","guid":{"rendered":"https:\/\/escritoras-em-portugues.com\/?page_id=813"},"modified":"2024-06-04T21:06:07","modified_gmt":"2024-06-04T21:06:07","slug":"d-margarida-de-noronha-2","status":"publish","type":"page","link":"https:\/\/escritoras-em-portugues.com\/pt_pt\/xvi\/d-margarida-de-noronha-2\/","title":{"rendered":"Margarida de Noronha, D."},"content":{"rendered":"<p><strong>NOME <\/strong><span lang=\"PT\">Margarida de Noronha, <\/span>D.<\/p>\n<p><strong><span lang=\"PT\">OUTRO(S) NOME(S) <\/span><\/strong><span lang=\"PT\">Margarida de S\u00e3o Paulo, Soror, Op<\/span><\/p>\n<h4><strong>Elementos biogr\u00e1ficos<\/strong><\/h4>\n<p style=\"font-weight: 400;\"><strong>PAI<\/strong> \u00a0D. Francisco de Noronha, 2\u00ba Conde de Linhares, Comendador da Ordem de Cristo<\/p>\n<p style=\"font-weight: 400;\"><strong>M\u00c3E<\/strong> Violante de Andrada, Dama da Imperatriz D. Isabel<\/p>\n<p style=\"font-weight: 400;\"><strong>LOCAL DE NASCIMENTO<\/strong> \u00c9vora<\/p>\n<p style=\"font-weight: 400;\"><strong>DATA DE NASCIMENTO<\/strong> 1550 ou 1549<\/p>\n<p style=\"font-weight: 400;\"><strong>LOCAL DA MORTE<\/strong>\u00a0 Lisboa (?)<\/p>\n<p style=\"font-weight: 400;\"><strong>PA\u00cdS ONDE NASCEU<\/strong>\u00a0 Portugal<\/p>\n<p style=\"font-weight: 400;\"><strong>PROFISS\u00c3O \/ CARGO \/ FUN\u00c7\u00c3O<\/strong> Prioresa do Convento da Anunciada em Lisboa (4 trienios)<\/p>\n<p style=\"font-weight: 400;\"><strong>DATA DA MORTE<\/strong> 2 de Janeiro de 1636 (\u201c86 anos\u201d <em>apud Anno Historico<\/em>).<\/p>\n<p style=\"font-weight: 400;\"><strong>ESTADO <\/strong>Freira<\/p>\n<p style=\"font-weight: 400;\"><strong>LOCAL DA PROFISS\u00c3O RELIGIOSA<\/strong> Convento da Anunciada de Lisboa<\/p>\n<p style=\"font-weight: 400;\"><strong>CONVENTO<\/strong> Convento da Anunciada de Lisboa (\u201cAnnunciatae Deiparae\u201d <em>apud <\/em>Nicolas Antonio); foi Abadessa no tempo de Filipe III em Lisboa.<\/p>\n<p style=\"font-weight: 400;\"><strong>ORDEM RELIGIOSA A QUE PERTENCEU<\/strong> S\u00e3o Domingos<\/p>\n<p style=\"font-weight: 400;\"><strong>IDIOMAS <\/strong>Latim, Grego, Franc\u00eas, Italiano, Ingl\u00eas<\/p>\n<p style=\"font-weight: 400;\"><a href=\"http:\/\/www.geneall.net\/P\/per_page.php?id=356364\">http:\/\/www.geneall.net\/P\/per_page.php?id=356364<\/a><\/p>\n<h4><strong>Obra<\/strong><\/h4>\n<p><strong>OBRAS MANUSCRITAS (PERDIDAS)<\/strong><\/p>\n<blockquote>\n<p style=\"font-weight: 400;\"><em>Discursos Espirituaes <\/em><\/p>\n<p style=\"font-weight: 400;\"><em>\u00a0<\/em><em>Poema panegyrico em obsequio de S. Joz\u00e9<\/em><\/p>\n<p style=\"font-weight: 400;\"><em>Rela\u00e7\u00e3o do Caso de Prioreza da Anunciada Sor Maria da Visita\u00e7a\u00f5, que fingio ter impressas as Chagas de Christo no seu corpo<\/em><\/p>\n<\/blockquote>\n<p style=\"font-weight: 400;\"><strong>OBRAS IMPRESSAS<\/strong><\/p>\n<blockquote>\n<p style=\"font-weight: 400;\"><em>Regra e constitui\u00e7\u00f5es, que professam as freiras da Ordem do patriarcha D. Domingos\u2026 No fim se cont\u00eam dez ora\u00e7\u00f5es \u00e0 honra das dores e l\u00e1grimas da Virgem senhora, etc<\/em>, Lisboa, Officina de Pedro Craesbeck, 1611.<\/p>\n<\/blockquote>\n<p>&nbsp;<\/p>\n<h4><strong>Bibliografia:<\/strong><\/h4>\n<p style=\"font-weight: 400;\">ANTONIO, Nicolas, <em><a href=\"http:\/\/opac.porbase.org\/ipac20\/ipac.jsp?session=G20152499KO50.48066&amp;profile=porbase&amp;uri=search=TL@!Bibliotheca%20Hispana%20vetus%20sive%20Hispani%20scriptores%20qui%20ab%20Octaviani%20Augusti%20aevo%20ad%20annum%20Christi%20MD.%20floruerunt&amp;term=Bibliotheca%20Hispana%20vetus%20sive%20Hispani%20scriptores%20qui%20ab%20Octaviani%20Augusti%20aevo%20ad%20annum%20Christi%20MD.%20floruerunt%20\/%20auctore%20D.%20Nicolao%20Antonio...%20;%20curante%20Francisco%20Perezio%20Bayerio..&amp;aspect=basic_search&amp;menu=search&amp;source=192.168.0.17@!porbase\">Bibliotheca Hispana Nova; curante Francisco Perezio Bayerio.<\/a><\/em> Matritii: apud Joachimum de Ibarra, 1783-1788, Volume\u00a0 I, p. 351; Tomo II, p. 71 e p. 374<\/p>\n<p style=\"font-weight: 400;\">BARROS, Theresa Leit\u00e3o de, <em>Escritoras de Portugal. G\u00e9nio feminino revelado na Literatura Portuguesa, <\/em>Lisboa, 2 vols., Typographia de Antonio B. Antunes, 1924, vol I, pp. 194, 237.<\/p>\n<p style=\"font-weight: 400;\">FARINHA, Bento Jos\u00e9 de Sousa, <em>Summario de Bibliotheca Lusitana<\/em>, Tomo III, Lisboa, na Off. da Academia Real das Sciencias, 1787, pp. 191-192.<\/p>\n<p style=\"font-weight: 400;\">FONSECA, Pe Francisco da, <em>\u00c9vora gloriosa, <\/em>Roma, Oficina Komarekiana, 1728, p. 415.<\/p>\n<p><a href=\"https:\/\/purl.pt\/12393\/1\/index.html#\/11\/html\">LE\u00c3O, Duarte Nunes de <em>Descr<\/em><em style=\"font-size: inherit;\">i\u00e7\u00e3o do Reino de Portugal, <\/em><\/a><span style=\"font-size: inherit;\">Lisboa, Jorge Rodrigues, 1610,<\/span>Cap. 90<\/p>\n<p style=\"font-weight: 400;\">MACEDO, Antonio de Sousa de, <em>Flores de Espa\u00f1a, Excellencias de Portugal. <\/em>Parte I, Lisboa, Jorge Rodriguez, 1631, p. 70.<\/p>\n<p style=\"font-weight: 400;\">MACHADO, Diogo Barbosa, <em>Bibliotheca Luzitana: hist\u00f3rica, cr\u00edtica e cronol\u00f3gica, <\/em>Lisboa Occidental, na Officina de Antonio Isidoro da Fonseca, 1741-1759, volume III, pp. 411-412.<\/p>\n<p>MENDON\u00c7A, Maria do C\u00e9u de Oliveira Neto Carvalho,\u00a0<em>A Irmandade de S\u00e3o Lucas e as suas liga\u00e7\u00f5es ao Convento feminino da Anunciada,\u00a0<\/em> Tese de Doutoramento, Lisboa, Faculdade de Belas Artes, Universidade de Lisboa, 2018<\/p>\n<p style=\"font-weight: 400;\">NATIVIDADE, Frei Francisco da, <em>Lenitivo da Dor,<\/em> Lisboa, Officina de Miguel Deslandes, 1700, p. 130<\/p>\n<p style=\"font-weight: 400;\"><a href=\"https:\/\/run.unl.pt\/bitstream\/10362\/120188\/1\/2020._PACHECO._A_m_goa_do_esquecimento.pdf\">PACHECO, Moreno Laborda, <em>A M\u00e1goa do Esquecimento. Escrita e mem\u00f3ria conventual no Portugal do S\u00e9culo XVII, <\/em>Salvador-Lisboa, EDUFBA-CHAM, 2020<\/a><\/p>\n<p style=\"font-weight: 400;\">PACHECO, Frei Miguel, <em>Vida da Serenissima Infanta D. Maria<\/em>, Lisboa, Jo\u00e3o da Costa, 1675, Livro, 2, Cap. 2<\/p>\n<p style=\"font-weight: 400;\">PERYM, Dami\u00e3o de Froes (pseud. Frei Jo\u00e3o de S\u00e3o Pedro), <em>Theatro Heroino, abecedario historico, e catalogo das mulheres ilustres em armas, letras ac\u00e7oens heroicas e artes liberais\u2026,<\/em> Lisboa Occidental, na Officina de Musica de Theotonis Antunes Lima, 1736-1740, Volume I, p. 123.<\/p>\n<p style=\"font-weight: 400;\">REM\u00c9DIOS, Mendes dos, <em>Escritoras d\u2019Outros Tempos, <\/em>Coimbra, Fran\u00e7a Amado Editor, 1914, p. 193.<\/p>\n<p style=\"font-weight: 400;\">SANTA MARIA, Pe. Francisco de, <em>Anno Historico Diario Portuguez: noticia abreviada de pessoas grandes, e cousas notaveis de Portugal <\/em>(\u2026), Lisboa, na Officina e \u00e0 custa de Domingos Gonsalves, 1744, Volume I, 2 de Janeiro, VI, p. 21.<\/p>\n<p style=\"font-weight: 400;\">SANTA MARIA, Pe. Francisco de, <em>Di\u00e1rio Portugu\u00eas, <\/em>p. 18<\/p>\n<p style=\"font-weight: 400;\">SANTO ANTONIO, Frei Jo\u00e3o de, Bib. Franc. Tomo II, p. 321 col. 2<\/p>\n<p style=\"font-weight: 400;\">SILVA, Innoc\u00eancio Francisco da, <em>Diccion\u00e1rio Bibliographico Portuguez<\/em>, Lisboa, Imprensa Nacional, 1858, volume VI, p. 135.<\/p>\n<p style=\"font-weight: 400;\">SOUSA, Manuel Caetano de, <a href=\"https:\/\/purl.pt\/776\/4\/\"><em>Hist\u00f3ria Geneal\u00f3gica da Casa Real Portuguesa<\/em>,<\/a> Tomo V, p. 262.<\/p>\n<p style=\"font-weight: 400;\">TAVARES, Pe Manuel, <em>Portugal Illustrado pelo Sexo Feminino<\/em>, Lisboa Occidental, Officina de Pedro Ferreira, 1734, p. 71.<\/p>\n","protected":false},"excerpt":{"rendered":"<p>NOME Margarida de Noronha, D. OUTRO(S) NOME(S) Margarida de S\u00e3o Paulo, Soror, Op Elementos biogr\u00e1ficos PAI \u00a0D. Francisco de Noronha, 2\u00ba Conde de Linhares, Comendador da Ordem de Cristo M\u00c3E Violante de Andrada, Dama da Imperatriz D. Isabel LOCAL DE NASCIMENTO \u00c9vora DATA DE NASCIMENTO 1550 ou 1549 LOCAL DA MORTE\u00a0 Lisboa (?) PA\u00cdS ONDE &#8230; <a title=\"Margarida de Noronha, D.\" class=\"read-more\" href=\"https:\/\/escritoras-em-portugues.com\/pt_pt\/xvi\/d-margarida-de-noronha-2\/\" aria-label=\"Leia mais sobre Margarida de Noronha, D.\">Ler mais<\/a><\/p>\n","protected":false},"author":3,"featured_media":0,"parent":45,"menu_order":0,"comment_status":"closed","ping_status":"closed","template":"","meta":{"cybocfi_hide_featured_image":"","footnotes":""},"class_list":["post-813","page","type-page","status-publish"],"_links":{"self":[{"href":"https:\/\/escritoras-em-portugues.com\/pt_pt\/wp-json\/wp\/v2\/pages\/813","targetHints":{"allow":["GET"]}}],"collection":[{"href":"https:\/\/escritoras-em-portugues.com\/pt_pt\/wp-json\/wp\/v2\/pages"}],"about":[{"href":"https:\/\/escritoras-em-portugues.com\/pt_pt\/wp-json\/wp\/v2\/types\/page"}],"author":[{"embeddable":true,"href":"https:\/\/escritoras-em-portugues.com\/pt_pt\/wp-json\/wp\/v2\/users\/3"}],"replies":[{"embeddable":true,"href":"https:\/\/escritoras-em-portugues.com\/pt_pt\/wp-json\/wp\/v2\/comments?post=813"}],"version-history":[{"count":11,"href":"https:\/\/escritoras-em-portugues.com\/pt_pt\/wp-json\/wp\/v2\/pages\/813\/revisions"}],"predecessor-version":[{"id":1760,"href":"https:\/\/escritoras-em-portugues.com\/pt_pt\/wp-json\/wp\/v2\/pages\/813\/revisions\/1760"}],"up":[{"embeddable":true,"href":"https:\/\/escritoras-em-portugues.com\/pt_pt\/wp-json\/wp\/v2\/pages\/45"}],"wp:attachment":[{"href":"https:\/\/escritoras-em-portugues.com\/pt_pt\/wp-json\/wp\/v2\/media?parent=813"}],"curies":[{"name":"wp","href":"https:\/\/api.w.org\/{rel}","templated":true}]}}