{"id":801,"date":"2023-10-29T21:25:05","date_gmt":"2023-10-29T21:25:05","guid":{"rendered":"https:\/\/escritoras-em-portugues.com\/?page_id=801"},"modified":"2024-06-04T02:58:50","modified_gmt":"2024-06-04T02:58:50","slug":"luisa-sigeia","status":"publish","type":"page","link":"https:\/\/escritoras-em-portugues.com\/pt_pt\/xvi\/luisa-sigeia\/","title":{"rendered":"Lu\u00edsa Sigeia"},"content":{"rendered":"<p><strong>NOME <\/strong><span lang=\"PT\">Lu\u00edsa Sigeia \u00a0\u00a0<\/span><\/p>\n<p><strong>OUTRO(S) NOME(S) <\/strong>Aloysia Sygea Toletana<\/p>\n<p style=\"font-weight: 400;\"><strong>PSEUD\u00d3NIMO(S)<\/strong> Christiana Cynthia, &#8220;D\u00e9cima Musa&#8221;<\/p>\n<h4><strong>Elementos biogr\u00e1ficos<\/strong><\/h4>\n<p style=\"font-weight: 400;\"><strong>PAI<\/strong> Diogo Sig\u00e9 \/ Sigeu<\/p>\n<p style=\"font-weight: 400;\"><strong>M\u00c3E <\/strong>Francisca de Velasco<\/p>\n<p style=\"font-weight: 400;\"><strong>LOCAL DE NASCIMENTO<\/strong> Tar\u00e1ncon, Toledo<\/p>\n<p style=\"font-weight: 400;\"><strong>DATA DE NASCIMENTO<\/strong> c. 1520\/ 1530 ?<\/p>\n<p style=\"font-weight: 400;\"><strong>LOCAL DA MORTE<\/strong> Burgos, Espanha<\/p>\n<p style=\"font-weight: 400;\"><strong>LOCAIS ONDE VIVEU<\/strong> Toledo, Lisboa (1542-1555), Torres Novas (1555-), Burgos <em>circa<\/em> 1550; Torres Novas (1555).<\/p>\n<p style=\"font-weight: 400;\"><strong>INSTITUI\u00c7\u00d5ES QUE FREQUENTOU<\/strong> Corte de D. Jo\u00e3o III, Corte da Infanta D. Maria, entourage de Maria de Hungria (irm\u00e3 de Carlos V)<\/p>\n<p style=\"font-weight: 400;\"><strong>PROFISS\u00c3O \/ CARGO \/ FUN\u00c7\u00c3O<\/strong> Aia da Infanta D. Maria, <em>latina <\/em>na Corte da Infanta D. Maria, Aia da Rainha Vi\u00fava, D. Maria da Hungria.<\/p>\n<p style=\"font-weight: 400;\"><strong>DATA DA MORTE<\/strong> 1569 (<em>apud <\/em>Padre Ign\u00e1cio da Piedade e Vasconcelos, tomo II, pp. 329-330); 13 de Outubro de 1570 ou 1560 (<em>apud<\/em> poema f\u00fanebre de Jo\u00e3o Merulo).<\/p>\n<p style=\"font-weight: 400;\"><strong>ESTADO<\/strong> Casada<\/p>\n<p style=\"font-weight: 400;\"><strong>C\u00d4NJUGUE<\/strong> Francisco de Cuevas<\/p>\n<p style=\"font-weight: 400;\"><strong>LUGAR E DATA DE CASAMENTO<\/strong> Torres Novas, 1557<\/p>\n<p style=\"font-weight: 400;\"><strong>Nr. FILHOS <\/strong>1<\/p>\n<p style=\"font-weight: 400;\"><strong>FILHOS <\/strong>\u00a0Juana de Cuevas Sigea<\/p>\n<p><strong>IDIOMAS<\/strong><span style=\"font-weight: 400;\"> Latim, Grego, Hebraico, S\u00edriaco, Caldeu e \u00c1rabe, Portugu\u00eas, Franc\u00eas<\/span><\/p>\n<h4><strong>Obra<\/strong><\/h4>\n<p><strong>OBRAS IMPRESSAS<\/strong><\/p>\n<blockquote>\n<p style=\"font-weight: 400;\"><em>Cartas a Alvaro Gomez de Castro <\/em>(in ALLUT)<\/p>\n<p style=\"font-weight: 400;\"><em>\u00a0<\/em>SIGEA [de Velasco]\u00a0Luisa,\u00a0<em>Syntra Aloisi\u00e6 Syge\u00e6 Toletanae, aliaque eiusdem, ac nonnullorum praeterea doctorum virorum ad eandem Epigrammata: quibus accessit Pauli III.P.M. epistola de singulari eius doctrina, ac ingenii praestantia.Tumulus eiusdem ab Andrea Resendio, &amp; Claudio Monsello concinnatus<\/em>\u00a0(Paris,\u00a0Dionysius \u00e0 Prato, via Amygdalina, ad Veritatis insigne:\u00a01566).Sigea [de Velasco]\u00a0Luisa,\u00a0<em>Syntra Aloisi\u00e6 Syge\u00e6 Toletanae, aliaque eiusdem, ac nonnullorum praeterea doctorum virorum ad eandem Epigrammata: quibus accessit Pauli III.P.M. epistola de singulari eius doctrina, ac ingenii praestantia.Tumulus eiusdem ab Andrea Resendio, &amp; Claudio Monsello concinnatus<\/em>, Paris,\u00a0Dionysius \u00e0 Prato, via Amygdalina, ad Veritatis insigne,\u00a01566.<\/p>\n<p style=\"font-weight: 400;\">SIGEA [de Velasco]\u00a0Luisa, [<em>Duarum virginum colloquium de vita aulica et privata<\/em>], in\u00a0Serrano y Sanz\u00a0M.\u00a0(ed.),\u00a0<em>Apuntes para una biblioteca de escritoras: desde la formaci\u00f3n del lenguaje hasta nuestros d\u00edas<\/em>,\u00a0vol.\u00a0II\u00a0(Madrid:\u00a01975)\u00a0419\u2013471.<\/p>\n<p style=\"font-weight: 400;\">SIGEA [de Velasco]\u00a0Luisa,\u00a0<em>Epistolario latino<\/em>, ed.\u00a0M.R.\u00a0Prieto CORBAL\u00c1N, Madrid,\u00a02007.<\/p>\n<p style=\"font-weight: 400;\">SIGEA [de Velasco] Luisa, <em>Cintra<\/em>, Impresso em 1546 (?), 1566, 1781, 1862, 1880 [reproduzido em SILVESTRE]<\/p>\n<p style=\"font-weight: 400;\">SIGEA [de Velasco] Luisa,<em> Duarum Virginum Colloquium &#8211; Dialogum de Differentia vitae rusticae, &amp; urbanae &#8211;\u00a0 Dialogue de Deux Jeunes Filles sur la vie decour et la vie de retraite,<\/em> Paris, PUF &#8211; Fondation Calouste Gulbenkian, 1970.<\/p>\n<p style=\"font-weight: 400;\"><em>\u00a0<\/em>23 Epistolas Latinas<\/p>\n<p style=\"font-weight: 400;\">3 Cartas a Rainha da Hungria<\/p>\n<p style=\"font-weight: 400;\"><em>Poesias<\/em><\/p>\n<p style=\"font-weight: 400;\">Carta ao Pont\u00edfice Paulo IV, em cinco l\u00ednguas. In.: Silvestre Ribeiro, <em>Luiza Sig\u00e9a<\/em>, pp. 8; pp. 25-26 (1546)<\/p>\n<p style=\"font-weight: 400;\"><em>Carta a Filipe II<\/em><\/p>\n<p style=\"font-weight: 400;\"><em>Carta a Alonso de Cuebas<\/em> [in.: Silvestre RIBEIRO, p. 13]<\/p>\n<p style=\"font-weight: 400;\"><em>Tradu\u00e7\u00e3o do C\u00e2ntico dos C\u00e2nticos de Salom\u00e3o, <\/em>do Hebraico<\/p>\n<p style=\"font-weight: 400;\"><em>Tradu\u00e7\u00e3o dos Salmos, <\/em>do Hebraico<\/p>\n<\/blockquote>\n<h4><strong>Bibliografia:<\/strong><\/h4>\n<p style=\"font-weight: 400;\">ALLUT, M. P. <em>Aloysia Sygea et Nicolas Chorier,<\/em> Lyon, Chez N. Scheuring, 1862.<strong>\u00a0<\/strong><\/p>\n<p style=\"font-weight: 400;\">ALVES, Ana Maria, <em>Comunicazione e silenzio in un dialogo umanistico. A proposito di Lu\u00edsa Sigea<\/em>, in Davide BIGALLI e Guido CANZIANI (eds.), <em>Il dialogo filosofico nel &#8216;500 europeo<\/em>, Atti del Convegno internazionale di studi (Milano, 28-30 maggio 1987), Milano, Franco Angeli, 1990.<\/p>\n<p style=\"font-weight: 400;\">AMORES P\u00c9REZ\u00a0R., \u201cBiograf\u00eda de Luisa Sigea Toledana: una taranconera en la corte portuguesa y espa\u00f1ola\u201d, in\u00a0P\u00e9rez Priego\u00a0M.A.\u00a0(ed.),\u00a0<em>Melchor Cano y Luisa Sigea: dos figuras del Renacimiento espa\u00f1ol<\/em>,\u00a0Seminario de Estudios Renacentistas, Taranc\u00f3n,\u00a02008, pp.\u00a0167\u2013265.<\/p>\n<p style=\"font-weight: 400;\">ANJOS, Frei Lu\u00eds, <em>Jardim de Portugal (1626),<\/em> [Ed., introd. e notas de Maria de Lurdes Correia Fernandes], Porto, Campo das Letras, 1999, pp. 240-241.<\/p>\n<p style=\"font-weight: 400;\">ANTONIO, Nicolas, <em>Bibliotheca Hispana Nova<\/em>, [ed. Francisco Perez Bayer], Madrid, J. de Ibarra, 1783-1788<em>, <\/em>volume II, 71 e p. 351.<\/p>\n<p style=\"font-weight: 400;\"><strong>\u00a0<\/strong>BOURDON, L\u00e9on et Odette SAUVAGE, <em>Recherches sur Luisa Sigea,<\/em> <em>Bulletin de Etudes Portugaises, <\/em>Nouvelle Serie, volume 31, Paris-Lisboa, Institut Fran\u00e7ais au Portugal, 1970.<\/p>\n<p style=\"font-weight: 400;\">BARANDA LETURIO, Nieves, UNED, Madrid, \u201cEscritoras sin fronteras entre Portugal y Espa\u00f1a en el Siglo de Oro (con unas notas sobre dos poemas femeninos del siglo XVI)\u201d, in <em>Peninsula: revista de Estudos Ib\u00e9ricos<\/em>, n.\u00ba 2, Faculdade de Letras da Universidade do Porto, 2005, pp. 219-236.<\/p>\n<p style=\"font-weight: 400;\">BARANDA\u00a0Nieves, \u201cDe investigaci\u00f3n y bibliograf\u00eda: con unas notas documentales sobre Luisa Sigea\u201d,\u00a0<em>Lemir<\/em>\u00a010, 2006,\u00a0pp. 1\u20137.<\/p>\n<p style=\"font-weight: 400;\">BARANDA LETURIO, Nieves, \u201cWords for sale: Early Modern Spanish Women\u2019s Literay Economy\u201d in.: Carme FONT PAZ, Nina GEERDINK (eds.) <em>Economic Imperatives for Women\u2019s Writing in Early Modern Europe, <\/em>Leiden, Brill, Rodopi, 2018, pp. 40-72.<\/p>\n<p style=\"font-weight: 400;\">BERGMANN Emilie L. \u201cSpain\u2019s Women Humanists\u201d in.: Nieves BARANDA, Anne J. CRUZ (eds.) <em>The Routledge Research Companion to Early Modern Spanish Women Writers, <\/em>New York, Routledege, 2017, pp. 219-235.<\/p>\n<p style=\"font-weight: 400;\">BORREGUERO\u00a0BELTR\u00c1N C., \u201c<em>Puellae Doctae<\/em>\u00a0en las cortes peninsulares\u201d,\u00a0<em>Dossiers Feministes<\/em>\u00a015\u00a0(2011)\u00a076\u2013100.<\/p>\n<p style=\"font-weight: 400;\">CHORIER Nicolas, <em><a href=\"http:\/\/gallica.bnf.fr\/ark:\/12148\/bpt6k202714z\/f2.item\">Aloisi\u00e6 Sige\u00e6 Toletan\u00e6 Satyra Sotadica de Arcanis Amoris et Veneris. Aloisa Hispanice scripsit, Latinitate donavit Joannes Meursius (re vera auctore Nicolao Chorier)<\/a><\/em>, Parisiis, 1885.<\/p>\n<p style=\"font-weight: 400;\">CORONADO, Carolina<em>, La Sigea <\/em>(romance)<\/p>\n<p style=\"font-weight: 400;\">COSTA, Ant\u00f3nio Carvalho da, <em>Corografia Portuguesa e descrip\u00e7am topogr\u00e1fica do famoso Reyno de Portugal, <\/em>Lisboa, na Real Officina Deslandesiana, 1712, volume III, pp. 285-287.<\/p>\n<p style=\"font-weight: 400;\">DANTAS, J\u00falio, \u201cAs mulheres da Renascen\u00e7a\u201d in.: Albino Forjaz de Sampaio (dir.) <em>Hist\u00f3ria da Literatura Portuguesa Ilustrada,<\/em>Paris-Lisboa, Aillaud e Bertrand, 1930, pp. 1-8.<\/p>\n<p style=\"font-weight: 400;\">FERNANDEZ DE MADRID, Alonso, <em>Silva palentina<\/em><em>\u00a0<\/em>o\u00a0<em>de las cosas memorables, <\/em>Palencia, I. G. Diario-D\u00eda, 1973 (Nueva edici\u00f3n preparada por el M. I. Sr. D. Jes\u00fas San Mart\u00edn Payo,\u00bf conforme a la anotada por los Ilmos. Sres. D. Mat\u00edas Vielva y D. Ram\u00f3n Revilla)<\/p>\n<p style=\"font-weight: 400;\">FRADE, Sofia \u201c<em>Hic sita Sigea est: statis hoc: <\/em>Luisa Sigea and the Role of D. Maria, Infanta de Portugal, in Female Scholarship\u201d in.: Rosie WYLES, Edith HALL (eds.) <em>Women Classical Scholars, <\/em>Oxford, Oxford University Press, 2016, pp. 48-60.<\/p>\n<p style=\"font-weight: 400;\">GEORGE, Edward V., <em>Luisa Sigea (1522-1560): Iberian Scholar &#8211; Poet<\/em>, in Laurie J. Churchill (org.), <em>Women Writing in Latin: From Roman Antiquity to Early Modern Europe<\/em>, New York, Routledge, 2002, Volume 3, pp. 167-187.<\/p>\n<p style=\"font-weight: 400;\">GEORGE, Edward V., <em>Sly Wit and Careful Concession: Luisa Sigea\u2019s Dialogue on Court versus Private Life<\/em> in <em>Studia Philologica Valentina<\/em>, 4 n. s. 1, 2000, pp. 173-192.<\/p>\n<p style=\"font-weight: 400;\"><strong>\u00a0<\/strong>GOMES, J. Pereira. \u201cLuisa Sigeia\u201d, <em>Enciclop\u00e9dia Luso-Brasileira de Cultura<\/em>, Lisboa, Verbo, volume 17, 1975, p. 63.<\/p>\n<p style=\"font-weight: 400;\">KAMINSKY, Amy, \u201cLuisa Sigea\u201d <em>Water Lilies. An Anthology of Spanish women Writers from the Fifteenth Century through the nineteenth Century, <\/em>Minneapolis, University of Minnesota, 1996, pp. 78-83.<\/p>\n<p style=\"font-weight: 400;\">LA\u00cdNEZ, Pedro \u201cAloisiae Sigeae Toletane epicedium, Pedro La\u00ednez auctore\u201d in.: Adolfo BONILLA Y SAMARTIN, <em>Clarorum Hispaniensium epistolae ineditae ad humaniorum litterarum historiam pertinentes,<\/em> Paris, n. p. 1901, pp. 127-134.<\/p>\n<p style=\"font-weight: 400;\">LE\u00c3O, Duarte Nunes de, \u201cDa habilidade das mulheres portuguesas para as letras e artes liberais\u201d, <em>Descri\u00e7\u00e3o do Reino de Portugal, <\/em>Lisboa, Jorge Rodrigues, 1610. [reed: Lisboa, Centro de Hist\u00f3ria da Universidade de Lisboa, 2002]<strong>\u00a0<\/strong><\/p>\n<p style=\"font-weight: 400;\"><strong><a href=\"http:\/\/www.europeana.eu\/portal\/record\/9200110\/BibliographicResource_1000126599795.html\">http:\/\/www.europeana.eu\/portal\/record\/9200110\/BibliographicResource_1000126599795.html<\/a><\/strong><\/p>\n<p style=\"font-weight: 400;\">MACEDO, Antonio de Sousa de, <em>Flores de Espa\u00f1a, Excellencias de Portugal, <\/em>Lisboa, Jorge Rodriguez, 1631, p. 69 v<\/p>\n<p style=\"font-weight: 400;\">MAGALH\u00c3ES, Isabel Allegro de, \u201cRenascimento: o tempo fugente e o tempo recuperado\u201d, <em>O Tempo das Mulheres. A Dimens\u00e3o Temporal na Escrita Feminina Contempor\u00e2nea. Fic\u00e7\u00e3o Portuguesa<\/em>, Lisboa, INCM, 1987, pp. 131-139.<\/p>\n<p style=\"font-weight: 400;\">MARCOS, Sira Luc\u00eda Garrido, <em>Luisa Sigea Toledana<\/em>, Universidad Complutense de Madrid (disserta\u00e7\u00e3o policopiada), 1955.<\/p>\n<p style=\"font-weight: 400;\">MAESTRE MAESTRE\u00a0J.M., \u201cLa carta en lat\u00edn de un\u00a0<em>Scholasticus Toletanus<\/em>\u00a0a Luisa Sigea: \u00bfmisiva verdadera o falsificaci\u00f3n literaria?\u201d,\u00a0<em>RELAT: Revista de Estudios Latinos<\/em>\u00a019\u00a0(2019)\u00a0pp. 131\u2013211.<\/p>\n<p style=\"font-weight: 400;\"><strong>\u00a0<\/strong>MATOS, Lu\u00eds de, <em>A Corte Liter\u00e1ria dos Duques de Bragan\u00e7a no Renascimento. Confer\u00eancia proferida no Pa\u00e7o Ducal de Vila Vi\u00e7osa, em 15 de Outubro de 1955,<\/em> Lisboa, Funda\u00e7\u00e3o da Casa de Bragan\u00e7a, 1956, pp. 17 e ss.<\/p>\n<p style=\"font-weight: 400;\">MICHAELIS DE VASCONCELOS, Carolina, <em>A Infanta D. Maria de Portugal (1521-1577) e as suas damas<\/em>, Porto, Typ. de Arthur Jos\u00e9 de Souza e Irm\u00e3o, 1902, p. 38.<\/p>\n<p style=\"font-weight: 400;\"><strong>\u00a0<\/strong>MIGUEL-PRENDES, Sol, <em>A Specific Case of the Docta Foemina: Luisa Sigea and her Duarum Virginum Colloquium de Vita Aulica et Privata<\/em> in <em>Acta Conventus Neo-Latini Abulensis: Proceedings of the Tenth International Congress of NeoLatin Studies<\/em>, (\u00c1vila, 1997), Medieval &amp; Renaissance Texts &amp; Studies, Arizona, 1999.<\/p>\n<p style=\"font-weight: 400;\">NASCIMENTO, Maria Teresa, \u00abLu\u00edsa Sigeia: O di\u00e1logo no feminino\u00bb <em>O Rosto feminino da Expans\u00e3o Portuguesa, Actas do Congresso Internacional, <\/em>Lisboa, Comiss\u00e3o para a Igualdade, vol. I, pp. 287-293.<\/p>\n<p style=\"font-weight: 400;\">PACHECO, Frei Miguel Pacheco na <em>Vida da Serenissima Senhora Infanta D. Maria<\/em>, Lisboa, Juan de la Costa, 1675, cap. 3, liv. 2, fol. 65.<\/p>\n<p style=\"font-weight: 400;\">PAULO III \u201cTo Lu\u00edsa Sigea, January 6, 1547\u201d in.: Odette SAUVAGE, L\u00e9on BOURDON, <em>Bulletin des \u00e9tudes portugaises, n. 83, 1970<\/em><\/p>\n<p style=\"font-weight: 400;\"><strong>\u00a0<\/strong>P\u00c9RICAUD, A., \u201cLouise Sig\u00e9e et N. Chorier\u201d, <em>Curiosit\u00e9s litt\u00e9raires<\/em>, Lyon, Vingtrinier, 1862.<\/p>\n<p style=\"font-weight: 400;\">PERYM, Dami\u00e3o de Froes. <em>Theatro Heroino: Abecedario Historico, e Catalogo de Mulheres Illustres em Armas, Letras, Ac\u00e7oens Heroicas e Artes Liberais<\/em>, Offerecido A\u2019Seren\u00edssima Princeza do Brasil, D. Mariana Victoria, Lisboa Occidental, Officina Sylviana, e da Academia Real, volume II, [1740], p. 16.<\/p>\n<p style=\"font-weight: 400;\">PRIETO CORBAL\u00c1N, Maria R. (ed.) <em>Epistolario latino de Luisa Sigea, <\/em>Madrid, Akal, 2007.<\/p>\n<p style=\"font-weight: 400;\">RADA, In\u00eas \u00abProfil et trajectoire d\u2019une femme humaniste: Lu\u00edsa Sigeia\u00bb in Redondo, Augustin, <em>Images de la femme en Espagne aux XVIe et XVIIe si\u00e8cles. Des traditions aux renouvellements et \u00e0 l\u2019emergeance d\u2019images nouvelles, <\/em>Paris, CRES, Presses de la Sorbonne, pp. 339-349.<\/p>\n<p style=\"font-weight: 400;\">RAMALHO, Am\u00e9rico da Costa, \u00abPref\u00e1cio\u00bb, in: Carolina Micha\u00eblis de Vasconcellos, <em>A<\/em> <em>Infanta Dona Maria de Portugal (1521-1577) e as suas Damas<\/em>, Porto, 1902 [2\u00aa edi\u00e7\u00e3o fac-similada], Lisboa, Biblioteca Nacional, 1983, pp.<\/p>\n<p style=\"font-weight: 400;\">RAMALHO, Am\u00e9rico da Costa, \u201cA prop\u00f3sito de Lu\u00edsa Sigeia\u201d, <em>Humanitas<\/em>, XXI-XXII, 1969-70, pp. 403.414. [reed. in.: <em>Estudos sobre o S\u00e9culo XVI<\/em>, Paris, 1980 ; reed: Lisboa, 1983].<\/p>\n<p style=\"font-weight: 400;\">RAMALHO, Am\u00e9rico da Costa, \u201cA Infanta D. Maria e o seu tempo\u201d <em>Humanitas, <\/em>XXXVII-XXXVIIII, 1986,<em>\u00a0 <\/em>pp. 181-182<\/p>\n<p style=\"font-weight: 400;\"><strong>\u00a0<\/strong>RAMILA, Ismael Garcia, <em>Nuevas e interesantes noticias, basadas en fe documental, sobre la vida y descendencia familiar burgalesa de la famosa humanista, Luisa de Sigea, la &#8220;Minerva&#8221; de los renacentistas<\/em>, in <em>Bolet\u00edn de la Instituci\u00f3n Fern\u00e1n Gonz\u00e1lez<\/em>, XXXVIII, 144 (1958), pp. 309-321; XXXVIII, 145 (1959), pp. 465-492; XXXVIII, 147 (1959), pp. 565-593.<\/p>\n<p style=\"font-weight: 400;\"><strong>\u00a0<\/strong>RESENDE, Andr\u00e9 de, <em>Ludovicae Sygaeae Tumulus, K. Andrea Resendio Accutore,<\/em> Lisboa, 1561 [reed: Resende, Andr\u00e9 de, <em>Ludovicae Sigaeae tumulus<\/em>, Rio de Janeiro, 1981]<\/p>\n<p style=\"font-weight: 400;\">RIBEIRO, Jos\u00e9 Silvestre, <em>Luiza Sig\u00e9a: breves apontamentos hist\u00f3rico-liter\u00e1rios<\/em>, Lisboa, Academia Real das Ci\u00eancias de Lisboa, 1880.<\/p>\n<p style=\"font-weight: 400;\">RIBEIRO, Jos\u00e9 Silvestre, \u00abLuisa Sigeia\u00bb, <em>Memorias da Academia Real das Sciencias<\/em>, Nova s\u00e9rie, V, Lisboa, 1882.<\/p>\n<p style=\"font-weight: 400;\">SABUGOSA, Conde de, <em>O Pa\u00e7o de Sintra<\/em>, C\u00e2mara Municipal de Sintra, 1989-1990, [edi\u00e7\u00e3o facsimilada Imprensa Nacional, 1903].<\/p>\n<p style=\"font-weight: 400;\">SAMARTIN, Roberto Lopez-Iglesias, <em>A dona do tempo antigo. Mulher e campo liter\u00e1rio no Renascimento portugu\u00eas (1495-1557), <\/em>Santiago de Compostela, Edicions Laiovento, 2003.<\/p>\n<p style=\"font-weight: 400;\"><strong>\u00a0<\/strong>SANTA MARIA, Pe. Francisco de, <em>Anno Historico Diario Portuguez: noticia abreviada de pessoas grandes, e cousas notaveis de Portugal,<\/em> Lisboa, na Officina de Domingos Gonsalves, 1744, volume III, 13 de Outubro, V, p. 165.<\/p>\n<p style=\"font-weight: 400;\">SAUVAGE, Odette e L\u00e9on Bourdon, \u00abRecherches sur Lu\u00edsa Sigea\u00bb <em>Bulletin des \u00c9tudes Portugaises, <\/em>n\u00ba 31, Lisboa, pp. 33-176.<\/p>\n<p style=\"font-weight: 400;\"><strong>\u00a0<\/strong>SERRANO Y SANZ, Manuel, \u201cObras de Luisa Sigea\u201d <em>Apuntes para una biblioteca de escritoras espa\u00f1olas, desde el a\u00f1o 1401 al 1833<\/em>, Tomo II, Madrid, <em>Revista de Archivos, Bibliotecas y Museos<\/em>, 1905, pp. 403-471.<\/p>\n<p style=\"font-weight: 400;\"><em>\u00a0<\/em>SERR\u00c3O, J.V., <em>A Infanta D. Maria (1521-1577) e a sua Fortuna do Sul da Fran\u00e7a<\/em>, Lisboa, 1955.<\/p>\n<p style=\"font-weight: 400;\">SOUSA, Ant\u00f3nio Caetano de, <em>Hist\u00f3ria Geneal\u00f3gica da Casa Real Portuguesa, <\/em>Coimbra, Livraria Atl\u00e2ntida, 1951 [1\u00aa edi\u00e7\u00e3o: 1739], Livro VI, pp. 3-4.<\/p>\n<p style=\"font-weight: 400;\">STAPLETON, Rachel F., \u201cMinerva of her time: Luisa Sigea and Humanist Networking\u201d in.: AMSTRONG-PARTIDA, Michelle, GUERSON, Alexandra, Dana WESEL LIGHTFOOT (eds.) <em>Women and Community in Medieval and Early Modern Iberia, <\/em>Lincoln, University of Nebraska Press, 2020, pp. 230-249.<\/p>\n<p style=\"font-weight: 400;\"><strong>\u00a0<\/strong>TAMAYO Y VARGAS, Tomas (ed.) <em>Hist\u00f3ria de Toledo, <\/em>[aut.: Dr. Francisco Pisa]<\/p>\n<p style=\"font-weight: 400;\">TAVARES, Padre Manuel, <em>Portugal Illustrado pelo Sexo Feminino<\/em>, Lisboa Occidental, na Officina de Pedro Ferreira, 1734, p. 72.<\/p>\n<p style=\"font-weight: 400;\"><strong>\u00a0<\/strong>THIEMANN, Susanne, <em>Vom Gl\u00fcck der Gelehrsamkeit &#8211; Luisa Sigea, Humanistin im 16. Jahrhundert<\/em>, volume n.\u00ba 9 da s\u00e9rie Ergebnisse der Frauen- und Geschlechterforschung an der Freien Universit\u00e4t Berlin, Wallstein Verlag, G\u00f6ttingen, 2006.<\/p>\n<p style=\"font-weight: 400;\"><strong>\u00a0<\/strong>TOCCO, Valeria, \u00abUna umanista Spagnola in Portogallo: Luisa Sigea e il suo poema <em>SINTRA\u00bb, <\/em>in <em>Il confronto letterario, <\/em>n.\u00ba 17, Universit\u00e0 di Pavia, It\u00e1lia, Maggio 1992, pp. 99-117.<\/p>\n<p style=\"font-weight: 400;\">TOSCANO, Francisco Soares, <em>Parallelos de Principes, e Varoens Illustres Antigos a que muitos da nossa Nas\u00e7a\u00f5 Portugueza se a semelhara\u00f5 em suas obras, ditos, e feitos: com a origem das Armas de algumas familias deste Reyno. <\/em>Por Francisco Soares Toscano, Natural da Cidade de Evora. Agora novamente acrescentados, e offerecidos ao Excelentissimo Senhor D. Francisco Xavier de Menezes, Quarto Conde da Ericeira do Conselho de sua Magestade, Sargento m\u00f2r da batalha de seus exercitos, Deputado da Junta dos Tres Estados, Perpetuo senhor da Villa da ericeira, e senhor de Ancia\u00f5, oitavo senhor da Caza do Louri\u00e7a, Comendador das Comendas de S\u00e3ta Christina de Sazerdello, S. Cipriano de Angueira, S. Martinho de Fraza\u00f5, S. Payo de Fragoas, S. Pedro de Elvas, e de S. Bartholomeu de Covilh\u00e3a, todas na Ordem de Christo, Academico, e Censor da Academia Real da Historia Portugueza, &amp;c., Lisboa Occidental, na Officina Ferreiriana, 1733, pp. 398-400.<\/p>\n<p style=\"font-weight: 400;\">VASCONCELOS, P<sup>e<\/sup>. In\u00e1cio da Piedade e <em>Hist\u00f3ria de Santarem edificada, que d\u00e1 not\u00edcia da sua funda\u00e7a\u00f5 e das couzas mais notaveis nella sucedidas. A saber, das funda\u00e7oens de todas as suas Igrejas, assim das Paroquias, como dos Conventos, e Ermidas, dos prodigiosos Milagres ali sucedidos, das Reliquias que em si encerra, das vidas de varios Santos, e Beatos, e de muytas pessoas dignas de memoria, assim em virtudes, como em letras, e armas, todas naturaes de Santarem, e de tudo o que toca ao seu Termo, e Comarca, do que se segue dar muitas noticias de todo o Reyno. <\/em>Parte I e II. Dada \u00e0 luz por hum curiozo amante da ditta Villa, Lisboa Occidental, 1740, pp. 326-329.<\/p>\n<p style=\"font-weight: 400;\">VASEUS, Joannes,<em> Chronici Hispaniae<\/em>, cap IX. in (<em>Officiis cap. <\/em><em>De Mulieribus devotis<\/em>)<\/p>\n<p style=\"font-weight: 400;\">VIAN HERRERO\u00a0A., \u201cEl\u00a0<em>Colloquium duarum virginum<\/em>\u00a0de Luisa Sigea en la tradici\u00f3n dial\u00f3gica del escepticismo acad\u00e9mico\u201d, in\u00a0Vian\u00a0A.\u00a0\u2013\u00a0Baranda\u00a0C.\u00a0(eds.),\u00a0<em>Letras humanas y conflictos del saber: la filolog\u00eda como instrumento a trav\u00e9s de las edades<\/em>, Madrid,\u00a02008, pp.\u00a0183\u2013234.<\/p>\n<p style=\"font-weight: 400;\">VILLEGAS DE LA TORRE, Esther M. \u201cScholarly Identity and Gender in the Respublica litteraria: The Cases of Luisa Sigea (1522-1560) and Margaret Cavendish (1623-1673)\u201d, in.: SCHOLTEN, Koen, VAN MIERT, Dirk \u2013 Karl A.E. ENENKEL (eds.),\u00a0<em>Memory and Identity in the Learned World: Community Formation in the Early Modern World of Learning and Science<\/em>\u00a0 \u00a0Leiden\u2013Boston, Brill, 2022, pp. 117-155.<\/p>\n<p>&nbsp;<\/p>\n<p style=\"font-weight: 400;\"><strong>COMMENTS<\/strong><\/p>\n<p style=\"font-weight: 400;\">\u00abFrancisco Cuevas, trist\u00edssimo (com a morte) da sua amada esposa para a posteridade!, a todos os Deuses Manes de Luisa Sigea, senhora incompar\u00e1vel, cuja virtude disputava em p\u00e9 de igualdade com os eruditos conhecimentos de l\u00ednguas que nela se revelaram quase um prod\u00edgio. Passa bem, \u00f2 almazinha feliz, enquanto vive o esposo em perp\u00e9tuas l\u00e1grimas.\u00bb (Epitaph from Andr\u00e9 de RESENDE, translation by In\u00eas Ornellas e Castro).<\/p>\n<p style=\"font-weight: 400;\"><strong>\u00a0<\/strong><\/p>\n<p style=\"font-weight: 400;\"><strong>\u00a0<\/strong><\/p>\n","protected":false},"excerpt":{"rendered":"<p>NOME Lu\u00edsa Sigeia \u00a0\u00a0 OUTRO(S) NOME(S) Aloysia Sygea Toletana PSEUD\u00d3NIMO(S) Christiana Cynthia, &#8220;D\u00e9cima Musa&#8221; Elementos biogr\u00e1ficos PAI Diogo Sig\u00e9 \/ Sigeu M\u00c3E Francisca de Velasco LOCAL DE NASCIMENTO Tar\u00e1ncon, Toledo DATA DE NASCIMENTO c. 1520\/ 1530 ? LOCAL DA MORTE Burgos, Espanha LOCAIS ONDE VIVEU Toledo, Lisboa (1542-1555), Torres Novas (1555-), Burgos circa 1550; Torres &#8230; <a title=\"Lu\u00edsa Sigeia\" class=\"read-more\" href=\"https:\/\/escritoras-em-portugues.com\/pt_pt\/xvi\/luisa-sigeia\/\" aria-label=\"Leia mais sobre Lu\u00edsa Sigeia\">Ler mais<\/a><\/p>\n","protected":false},"author":3,"featured_media":0,"parent":45,"menu_order":0,"comment_status":"closed","ping_status":"closed","template":"","meta":{"cybocfi_hide_featured_image":"","footnotes":""},"class_list":["post-801","page","type-page","status-publish"],"_links":{"self":[{"href":"https:\/\/escritoras-em-portugues.com\/pt_pt\/wp-json\/wp\/v2\/pages\/801","targetHints":{"allow":["GET"]}}],"collection":[{"href":"https:\/\/escritoras-em-portugues.com\/pt_pt\/wp-json\/wp\/v2\/pages"}],"about":[{"href":"https:\/\/escritoras-em-portugues.com\/pt_pt\/wp-json\/wp\/v2\/types\/page"}],"author":[{"embeddable":true,"href":"https:\/\/escritoras-em-portugues.com\/pt_pt\/wp-json\/wp\/v2\/users\/3"}],"replies":[{"embeddable":true,"href":"https:\/\/escritoras-em-portugues.com\/pt_pt\/wp-json\/wp\/v2\/comments?post=801"}],"version-history":[{"count":4,"href":"https:\/\/escritoras-em-portugues.com\/pt_pt\/wp-json\/wp\/v2\/pages\/801\/revisions"}],"predecessor-version":[{"id":1685,"href":"https:\/\/escritoras-em-portugues.com\/pt_pt\/wp-json\/wp\/v2\/pages\/801\/revisions\/1685"}],"up":[{"embeddable":true,"href":"https:\/\/escritoras-em-portugues.com\/pt_pt\/wp-json\/wp\/v2\/pages\/45"}],"wp:attachment":[{"href":"https:\/\/escritoras-em-portugues.com\/pt_pt\/wp-json\/wp\/v2\/media?parent=801"}],"curies":[{"name":"wp","href":"https:\/\/api.w.org\/{rel}","templated":true}]}}