{"id":794,"date":"2023-10-29T21:08:07","date_gmt":"2023-10-29T21:08:07","guid":{"rendered":"https:\/\/escritoras-em-portugues.com\/?page_id=794"},"modified":"2024-06-04T02:56:56","modified_gmt":"2024-06-04T02:56:56","slug":"leonor-de-mascarenhas","status":"publish","type":"page","link":"https:\/\/escritoras-em-portugues.com\/pt_pt\/xvi\/leonor-de-mascarenhas\/","title":{"rendered":"Leonor de Mascarenhas"},"content":{"rendered":"<p><strong>NOME <\/strong><span lang=\"PT\">L<\/span><span lang=\"PT\">eonor de <\/span><span lang=\"PT\">Mascarenhas<\/span><\/p>\n<p><strong>OUTRO(S)NOME(S) <\/strong><span lang=\"PT\">Lia<\/span><span lang=\"PT\">nor de <\/span><span lang=\"PT\">Mascarenhas<\/span><\/p>\n<h4><strong>Elementos biogr\u00e1ficos<\/strong><\/h4>\n<p style=\"font-weight: 400;\"><strong>PAI<\/strong> \u00a0Fern\u00e3o Martins da Cruz Almada<\/p>\n<p style=\"font-weight: 400;\"><strong>M\u00c3E<\/strong> D. Isabel Pinheira<\/p>\n<p style=\"font-weight: 400;\"><strong>LOCAL DE NASCIMENTO<\/strong> Almada<\/p>\n<p style=\"font-weight: 400;\"><strong>DATA DE NASCIMENTO<\/strong> 24 de Outubro de 1503<\/p>\n<p style=\"font-weight: 400;\"><strong>LOCAL DA MORTE<\/strong> \u00a0Madrid, Espanha<\/p>\n<p style=\"font-weight: 400;\"><strong>PA\u00cdS ONDE NASCEU<\/strong>\u00a0 Portugal<\/p>\n<p style=\"font-weight: 400;\"><strong>PA\u00cdSE (S) ONDE VIVEU<\/strong> \u00a0Portugal, Espanha, Alemanha<\/p>\n<p style=\"font-weight: 400;\"><strong>INSTITUI\u00c7\u00d5ES QUE FREQUENTOU<\/strong> Corte de D. Manuel I; Corte de Carlos V<\/p>\n<p style=\"font-weight: 400;\"><strong>PROFISS\u00c3O \/ CARGO \/ FUN\u00c7\u00c3O<\/strong> Dama da Rainha D. Maria mulher de D. Manuel I; Dama de D. Isabel de Portugal quando casou com Carlos V em 1526<\/p>\n<p style=\"font-weight: 400;\"><strong>DATA DE MORTE<\/strong> \u00a01584<\/p>\n<p style=\"font-weight: 400;\"><strong>ESTADO<\/strong> Solteira, Recolhida<\/p>\n<p style=\"font-weight: 400;\"><strong>DATA DE RECOLHIMENTO<\/strong> 1563<\/p>\n<p style=\"font-weight: 400;\"><strong>CONVENTO<\/strong> Santa Maria de Los Angeles, Madrid<\/p>\n<p style=\"font-weight: 400;\"><strong>ORDEM RELIGIOSA<\/strong> Franciscanas<\/p>\n<h4><strong>Obra<\/strong><\/h4>\n<p style=\"font-weight: 400;\"><strong>OBRAS MANUSCRITAS<\/strong><\/p>\n<blockquote>\n<p style=\"font-weight: 400;\">\u00a0<em>Di\u00e1logo \u00e0s damas estando ahi Dona Lianor Mascarenhas <\/em><\/p>\n<p>&nbsp;<\/p>\n<p style=\"font-weight: 400;\"><em>\u00a0 \u00a0 \u00a0 \u00a0 \u00a0 \u00a0 De Bernaldim Ribeiro<\/em><\/p>\n<p style=\"font-weight: 400;\">Ua cousa cuidava eu<\/p>\n<p style=\"font-weight: 400;\">Causa de outras muitas cousas;<\/p>\n<p style=\"font-weight: 400;\">Rez\u00e3o tinha de o cuidar<\/p>\n<p style=\"font-weight: 400;\">D\u00e3o-me sem rez\u00e3o cuidado,<\/p>\n<p style=\"font-weight: 400;\">E inda hei-de pedir a outrem<\/p>\n<p style=\"font-weight: 400;\">Das suas culpas perd\u00e3o.<\/p>\n<p style=\"font-weight: 400;\"><em>\u00a0<\/em><\/p>\n<p style=\"font-weight: 400;\"><em>\u00a0\u00a0\u00a0\u00a0\u00a0\u00a0\u00a0\u00a0\u00a0\u00a0\u00a0 Respondeu ella<\/em><\/p>\n<p style=\"font-weight: 400;\">Ua cousa vos digo eu:<\/p>\n<p style=\"font-weight: 400;\">Que n\u00e3o sou pera essas cousas:<\/p>\n<p style=\"font-weight: 400;\">Rez\u00e3o fora n\u00e3o cuidar<\/p>\n<p style=\"font-weight: 400;\">Em tam sem rez\u00e3o cuidado,<\/p>\n<p style=\"font-weight: 400;\">Pois hei-de sofrer a outrem<\/p>\n<p style=\"font-weight: 400;\">Culpas que n\u00e3o tem perd\u00e3o?<\/p>\n<p style=\"font-weight: 400;\">\u00a0\u00a0\u00a0\u00a0\u00a0\u00a0\u00a0\u00a0\u00a0\u00a0\u00a0 <em>Tornou Bernaldim Ribeiro<\/em><\/p>\n<p style=\"font-weight: 400;\">A mim me hei de tornar eu<\/p>\n<p style=\"font-weight: 400;\">Pera vingar muitas cousas,<\/p>\n<p style=\"font-weight: 400;\">Que n\u00e3o s\u00e3o pera cuidar,<\/p>\n<p style=\"font-weight: 400;\">For\u00e3o pera dar cuidado.<\/p>\n<p style=\"font-weight: 400;\">Seja minha a culpa de outrem<\/p>\n<p style=\"font-weight: 400;\">Que assi val mais que o perd\u00e3o. (Micha\u00eblis de Vasconcellos, 1885: 39-41)<\/p>\n<p style=\"font-weight: 400;\"><em>\u00a0<\/em><\/p>\n<p style=\"font-weight: 400;\"><em>\u00a0 \u00a0 \u00a0 \u00a0 \u00a0 \u00a0 Outro di\u00e1logo<\/em><\/p>\n<p style=\"font-weight: 400;\"><em>\u00a0 \u00a0 \u00a0 \u00a0 \u00a0 \u00a0 De Francisco de S\u00e1 tamb\u00e9m a ela<\/em><\/p>\n<p style=\"font-weight: 400;\">Vi sinais: o mal \u00e9 grande,<\/p>\n<p style=\"font-weight: 400;\">Vios no c\u00e9o, vi na terra,<\/p>\n<p style=\"font-weight: 400;\">Houve se de achar caminho<\/p>\n<p style=\"font-weight: 400;\">Pera se tudo perder.<\/p>\n<p style=\"font-weight: 400;\">Desejos demasiados<\/p>\n<p style=\"font-weight: 400;\">N\u00e3o s\u00e3o desejos de vida.<\/p>\n<p style=\"font-weight: 400;\">\u00a0\u00a0\u00a0\u00a0\u00a0\u00a0\u00a0\u00a0\u00a0\u00a0\u00a0 <em>Tornou ela a responder<\/em><\/p>\n<p style=\"font-weight: 400;\">Outro mal ha muito grande<\/p>\n<p style=\"font-weight: 400;\">Neste mundo e nesta terra<\/p>\n<p style=\"font-weight: 400;\">Em que n\u00e3o vejo caminho<\/p>\n<p style=\"font-weight: 400;\">Pera me nelle perder.<\/p>\n<p style=\"font-weight: 400;\">Desejos meus e cuidados<\/p>\n<p style=\"font-weight: 400;\">N\u00e3o s\u00e3o postos nesta vida.<\/p>\n<p style=\"font-weight: 400;\">\u00a0\u00a0\u00a0\u00a0\u00a0\u00a0\u00a0\u00a0\u00a0\u00a0\u00a0 <em>Inda a importunaram mais<\/em><\/p>\n<p style=\"font-weight: 400;\">Chorarei, e o meu mal grande<\/p>\n<p style=\"font-weight: 400;\">Em gritos direi \u00e0 terra:<\/p>\n<p style=\"font-weight: 400;\">Da alma hei d\u00f3, que \u00e9 caminho<\/p>\n<p style=\"font-weight: 400;\">Posta pera se perder.<\/p>\n<p style=\"font-weight: 400;\">Quem acabasse os cuidados<\/p>\n<p style=\"font-weight: 400;\">Quando se acabasse a vida?<\/p>\n<p style=\"font-weight: 400;\">(Carolina Micha\u00eblis de Vasconcellos, 1885: 744-745)<\/p>\n<\/blockquote>\n<p style=\"font-weight: 400;\"><em>\u00a0<\/em><strong>OBRAS IMPRESSAS<\/strong><\/p>\n<blockquote>\n<p style=\"font-weight: 400;\">Oh vida desesperada<\/p>\n<p>&nbsp;<\/p>\n<p style=\"font-weight: 400;\">Y pues ya vedes cativo<\/p>\n<p style=\"font-weight: 400;\">Que muero por vos querer<\/p>\n<p style=\"font-weight: 400;\">Y mi mal qu\u2019es tan esquivo,<\/p>\n<p style=\"font-weight: 400;\">Piedade de como bivo<\/p>\n<p style=\"font-weight: 400;\">Haved ora, qu\u2019es d\u2019haver.<\/p>\n<p style=\"font-weight: 400;\">No seas desconocida,<\/p>\n<p style=\"font-weight: 400;\">Pues ena l no soes tachada,<\/p>\n<p style=\"font-weight: 400;\">Que no tiene merecida<\/p>\n<p style=\"font-weight: 400;\">Lhamarse por vos mi vida<\/p>\n<p style=\"font-weight: 400;\">Oh vida desesperada.<\/p>\n<p style=\"font-weight: 400;\"><a href=\"http:\/\/purl.pt\/12096\/5\/\">Resende, Garcia de, <em>Cancioneiro Geral de Garcia de Resende, <\/em>Lisboa, por Hernan de Campos, 1516, fl.<\/a><\/p>\n<\/blockquote>\n<h4><strong>Bibliografia:<\/strong><\/h4>\n<p><a href=\"https:\/\/purl.pt\/14013\">ANJOS, Frei Lu\u00eds dos, <\/a><em>Jardim de Portugal em que se da noticia de alguas Sanctas, &amp; outras molheres illustres em virtude&#8230;, <\/em>Coimbra, Nicolau Carvalho, 1626<\/p>\n<p style=\"font-weight: 400;\">FRANCO, Marcia Arruda, \u201cLeonor de Mascarenhas: a marquesa de Pescara portuguesa\u201d in.: Flora S\u00fcssekind, T\u00e2nia Dias, Carlito Azevedo (orgs.) Rio de Janeiro. 7Letras-Funda\u00e7\u00e3o Casa Rui Barbosa, 2003, pp. 29-42.<\/p>\n<p style=\"font-weight: 400;\">GON\u00c7ALEZ D\u00c1VILA, Gil, <em>Teatro de las grandezas de la Villa de Madrid Corte de los reyes Catolicos de Espa\u00f1a al muy poderoso Se\u00f1or Rey Don Filipe IIII<\/em><em>, <\/em>Madrid, Thomas Junti, 1623<\/p>\n<p style=\"font-weight: 400;\">MARCH, Jos\u00e9 Maria, \u201cUn grave riesgo corrido por Felipe II siendo su aya Do\u00f1a Leonor de Mascarenhas\u201d <em>Correo Erudito<\/em>, III, Madrid, 1942<\/p>\n<p style=\"font-weight: 400;\">MARCH, Jos\u00e9 Maria, <em>El aya del rey D. Felipe II y del pr\u00edncipe D. Carlos, Do\u00f1a Leonor de Mascarenhas, <\/em>Madrid, 1942<\/p>\n<p style=\"font-weight: 400;\">MARQUES, Armando de Jesus, \u201dDona Leonor de Mascarenhas, a aia portuguesa de Felipe II\u201d<em>, Actas do V Col\u00f3quio de Estudos Luso-Brasileiros, <\/em>volume 2, Coimbra, s.n., 1964, pp. 5-27.<\/p>\n<p style=\"font-weight: 400;\">MICHA\u00cbLIS DE VASCONCELOS, Carolina<em>, Poesias de Francisco de S\u00e1 de Miranda, <\/em>Halle, Max Niemeyer, 1885, 39-41 e 744-745, 875-876.<\/p>\n<p style=\"font-weight: 400;\">MICHA\u00cbLIS DE VASCONCELOS, Carolina, <em>A Infanta D. Maria de Portugal (1521-1577) e as suas damas<\/em>, Porto, Typ. a vapor de Arthur Jos\u00e9 de Souza e Irm\u00e3o, 1902,<\/p>\n<p style=\"font-weight: 400;\">MICHA\u00cbLIS DE VASCONCELOS, Carolina<em>, Novos Estudos sobre S\u00e1 de Miranda, <\/em>Lisboa, Imprensa Nacional, 1911.<\/p>\n<p style=\"font-weight: 400;\">NEVES, Jos\u00e9 Cassiano, \u201cDamas portuguesas nas Cortes de Castela e de Sab\u00f3ia no s\u00e9culo xvi : (duas irm\u00e3s, D. Leonor e D. Beatriz Mascarenhas)\u201d<em>Revista Ocidente, <\/em>LVII, 1959, pp.<\/p>\n<p style=\"font-weight: 400;\">PINHO, Sebasti\u00e3o Tavares de \u201cLeonor de Mascarenhas\u201d <em>Biblos, Enciclop\u00e9dia Verbo das Literaturas de L\u00edngua Portuguesa, <\/em>Lisboa-S\u00e3o Paulo, Editorial Verbo, 1999, volume 3, p. 531<\/p>\n<p style=\"font-weight: 400;\"><a href=\"http:\/\/purl.pt\/12096\/5\/\">RESENDE, Garcia de, <em>Cancioneiro Geral de Garcia de Resende, <\/em>Lisboa, por Hernan de Campos,<\/a> 1516, fl.<\/p>\n<p style=\"font-weight: 400;\">RIBEIRO, Patroc\u00ednio, \u201cA Bem-amada de Bernardim Ribeiro e as personagens secundarias da \u201cMenina e Mo\u00e7a\u201d\u201d Memoria apresentada em 30 de Julho de 1912\u201d, <em>Trabalhos da Academia das Sciencias de Portugal,<\/em> Lisboa, Academia das Sciencias de Portugal, 1912, pp. 1-39.<\/p>\n<p style=\"font-weight: 400;\">RIBEIRO, Patroc\u00ednio, \u201cA verdadeira \u201cC\u00e9lia\u201d de S\u00e1 de Miranda : Memoria Apresentada em Sess\u00e3o de 13 de Fevereiro e 1912\u201d <em>Trabalhos da Academia das Sciencias de Portugal,<\/em> Lisboa, Academia das Sciencias de Portugal, 1915, pp.<\/p>\n<p style=\"font-weight: 400;\">RODRIGUES, Francisco, <em>Hist\u00f3ria da Companhia de Jesus na Assist\u00eancia de Portugal,<\/em> Porto, Liv. Apostolado da Imprensa, 1931, I, 1,pp. 200-204.<\/p>\n<p style=\"font-weight: 400;\">SAMARTIN, Roberto, <em>A Dona do tempo antigo. Mulher e Campo Liter\u00e1rio no Renascimento Portugu\u00eas (1495-1557) <\/em>Santiago de Compostela, Edici\u00f3ns Laiovento, 2003.<\/p>\n<p style=\"font-weight: 400;\"><strong>OBSERVA\u00c7\u00d5ES<\/strong><\/p>\n<p style=\"font-weight: 400;\">RIBEIRO,Patroc\u00ednio \u201cA Bem-amada de Bernardim Ribeiro e as personagens secundarias da \u201cMenina e Mo\u00e7a\u201d\u201d Memoria apresentada em 30 de Julho de 1912\u201d, <em>Trabalhos da Academia das Sciencias de Portugal,<\/em> Lisboa, Academia das Sciencias de Portugal, 1912, pp. 2-3: \u201cEstes <em>Dialogos<\/em> \u2013 Segundo um dos manuscritos aproveitados tamb\u00e9m pela ilustre escritora [Carolina Micha\u00eblis de Vasconcelos] para a sua valiosa obra de erudite coordena\u00e7\u00e3o \u2013 foram anotados da seguinte forma, parece que pelo proprio S\u00e1 de Miranda: \u201c<em>polo dela que \u00e9 cousa rara pus isto por que se veja que tambem Portugal teve a sua marqueza de Pescara\u201d<\/em><\/p>\n","protected":false},"excerpt":{"rendered":"<p>NOME Leonor de Mascarenhas OUTRO(S)NOME(S) Lianor de Mascarenhas Elementos biogr\u00e1ficos PAI \u00a0Fern\u00e3o Martins da Cruz Almada M\u00c3E D. Isabel Pinheira LOCAL DE NASCIMENTO Almada DATA DE NASCIMENTO 24 de Outubro de 1503 LOCAL DA MORTE \u00a0Madrid, Espanha PA\u00cdS ONDE NASCEU\u00a0 Portugal PA\u00cdSE (S) ONDE VIVEU \u00a0Portugal, Espanha, Alemanha INSTITUI\u00c7\u00d5ES QUE FREQUENTOU Corte de D. Manuel &#8230; <a title=\"Leonor de Mascarenhas\" class=\"read-more\" href=\"https:\/\/escritoras-em-portugues.com\/pt_pt\/xvi\/leonor-de-mascarenhas\/\" aria-label=\"Leia mais sobre Leonor de Mascarenhas\">Ler mais<\/a><\/p>\n","protected":false},"author":3,"featured_media":0,"parent":45,"menu_order":0,"comment_status":"closed","ping_status":"closed","template":"","meta":{"cybocfi_hide_featured_image":"","footnotes":""},"class_list":["post-794","page","type-page","status-publish"],"_links":{"self":[{"href":"https:\/\/escritoras-em-portugues.com\/pt_pt\/wp-json\/wp\/v2\/pages\/794","targetHints":{"allow":["GET"]}}],"collection":[{"href":"https:\/\/escritoras-em-portugues.com\/pt_pt\/wp-json\/wp\/v2\/pages"}],"about":[{"href":"https:\/\/escritoras-em-portugues.com\/pt_pt\/wp-json\/wp\/v2\/types\/page"}],"author":[{"embeddable":true,"href":"https:\/\/escritoras-em-portugues.com\/pt_pt\/wp-json\/wp\/v2\/users\/3"}],"replies":[{"embeddable":true,"href":"https:\/\/escritoras-em-portugues.com\/pt_pt\/wp-json\/wp\/v2\/comments?post=794"}],"version-history":[{"count":5,"href":"https:\/\/escritoras-em-portugues.com\/pt_pt\/wp-json\/wp\/v2\/pages\/794\/revisions"}],"predecessor-version":[{"id":1683,"href":"https:\/\/escritoras-em-portugues.com\/pt_pt\/wp-json\/wp\/v2\/pages\/794\/revisions\/1683"}],"up":[{"embeddable":true,"href":"https:\/\/escritoras-em-portugues.com\/pt_pt\/wp-json\/wp\/v2\/pages\/45"}],"wp:attachment":[{"href":"https:\/\/escritoras-em-portugues.com\/pt_pt\/wp-json\/wp\/v2\/media?parent=794"}],"curies":[{"name":"wp","href":"https:\/\/api.w.org\/{rel}","templated":true}]}}