{"id":792,"date":"2023-10-29T20:46:02","date_gmt":"2023-10-29T20:46:02","guid":{"rendered":"https:\/\/escritoras-em-portugues.com\/?page_id=792"},"modified":"2024-06-04T02:55:59","modified_gmt":"2024-06-04T02:55:59","slug":"leonor-coutinho-condessa-da-vidigueira","status":"publish","type":"page","link":"https:\/\/escritoras-em-portugues.com\/pt_pt\/xvi\/leonor-coutinho-condessa-da-vidigueira\/","title":{"rendered":"Leonor Coutinho, Condessa da Vidigueira"},"content":{"rendered":"<p><strong>NOME \u00a0<\/strong><span lang=\"PT\">Leonor Coutinho, Condessa da Vidigueira<\/span><\/p>\n<div><span lang=\"PT\"><strong>OUTRO(S) NOME (S) <\/strong>Condessa da Vidigueira<\/span><\/div>\n<div><\/div>\n<h4><strong>Elementos biogr\u00e1ficos<\/strong><\/h4>\n<p style=\"font-weight: 400;\"><strong>PAI <\/strong>Rui Louren\u00e7o de T\u00e1vora, Senhor do Morgado de Caparica, Conselheiro de Estado, Governador de T\u00e2nger e do Algarve, 19\u00ba Vice-Rei da \u00cdndia<\/p>\n<p style=\"font-weight: 400;\"><strong>M\u00c3E <\/strong>D. Mariana Coutinho<\/p>\n<p style=\"font-weight: 400;\"><strong>LOCAL DE NASCIMENTO<\/strong> Lisboa<\/p>\n<p style=\"font-weight: 400;\"><strong>DATA DE NASCIMENTO<\/strong> c. 1575<\/p>\n<p style=\"font-weight: 400;\"><strong>ESTADO<\/strong> Casada<\/p>\n<p style=\"font-weight: 400;\"><strong>C\u00d4NJUGE<\/strong> D. Francisco da Gama, 4\u00ba Conde da Vidigueira, Almirante da \u00cdndia, duas vezes Vice Rei da \u00cdndia<\/p>\n<p style=\"font-weight: 400;\"><strong>LUGAR E DATA DE CASAMENTO<\/strong> 25 de Novembro de 1606<\/p>\n<p style=\"font-weight: 400;\"><strong>N\u00ba DE FILHOS \u00a0<\/strong>8<\/p>\n<p style=\"font-weight: 400;\"><strong>FILHOS<\/strong><\/p>\n<p>Maria Coutinho 12.09.1607<br \/>\nEufr\u00e1sia Maria de T\u00e1vora 11.04.1609<br \/>\nCatarina Coutinho 14.07.1610<br \/>\nVasco Lu\u00eds da Gama, 1\u00ba Marqu\u00eas de Niza, 5\u00ba Conde da Vidigueira<br \/>\nGuiomar Coutinho 03.03.1614<br \/>\nTeresa Maria Coutinho 05.08.1616<br \/>\nIn\u00eas Domingas Coutinho 11.08.1619<br \/>\nAna Maria Coutinho 21.11.1621<\/p>\n<p style=\"font-weight: 400;\"><strong>IDIOMAS <\/strong>Portugu\u00eas, Castelhano<\/p>\n<p><strong style=\"font-family: inherit; font-size: 24px; font-style: inherit;\">Obra<\/strong><\/p>\n<p style=\"font-weight: 400;\"><strong>OBRAS MANUSCRITAS<\/strong><\/p>\n<blockquote>\n<p style=\"font-weight: 400;\"><em>Chronica do Emperador Belliandro, em que se d\u00e1 conta das obras maravilhosas dos vallerozos acontecimentos, que no seu tempo obrou o Pr\u00edncipe Bellifloro seu filho, e de Dom Bellindo, pr\u00edncipe de Portugal, e outros muitos cavalleiros.<\/em><\/p>\n<p style=\"font-weight: 400;\">(<em>c. <\/em>40 c\u00f3pias manuscritas conhecidas)<\/p>\n<\/blockquote>\n<h4><strong>Bibliografia:<\/strong><\/h4>\n<p style=\"font-weight: 400;\">ALMEIDA, Isabel Adelaide Penha Dinis de Lima e, <em>Livros portugueses de cavalarias, do Renascimento ao Maneirismo<\/em>, (Disserta\u00e7\u00e3o policopiada), Lisboa, Universidade de Lisboa, 1998.<\/p>\n<p style=\"font-weight: 400;\"><a href=\"http:\/\/parnaseo.uv.es\/Tirant\/Butlleti.16\/cifuentes.pdf\">ALVAREZ-CIFUENTES, Pedro, <em>\u201c<\/em>Tres nueves manuscritos de la <em>Cr\u00f3nica do Imperador Beliandro<\/em>: Descripci\u00f3n codicologica y an\u00e1lisis\u201d <em>Tirant, <\/em>n\u00ba 16, 2013, pp. 215-232.<\/a><b><\/b><\/p>\n<p style=\"font-weight: 400;\">ALVAREZ-CIFUENTES, Pedro, \u201c\u00bfBelindo o Beliandro? La fijaci\u00f3n del t\u00edtulo de la <em>Cr\u00f3nica do Imperador Beliandro\u201d<\/em> <em>Tirant<\/em>, n\u00ba15, 2012, pp. 33-46.<\/p>\n<p style=\"font-weight: 400;\">ALVAREZ-CIFUENTES, Pedro, \u201cSobre copia y rescritura: las diferentes versiones de la <em>Cr\u00f3nica do Imperador Beliandro<\/em>\u201d, <em>El texto infinito. Reescritura y tradici\u00f3n en la Edad Media y el Renacimiento, <\/em>2013<\/p>\n<p style=\"font-weight: 400;\">DIAZ-TOLEDO, Aur\u00e9lio, <em>Estudio y edici\u00f3n cr\u00edtica del Leomundo de Gr\u00e9cia de Trist\u00e3o Gomes de Castro <\/em>(disserta\u00e7\u00e3o de Doutoramento), Universidade de Salamanca, 2007, pp. 37-39.<\/p>\n<p style=\"font-weight: 400;\">DIAZ-TOLEDO, Aur\u00e9lio, \u201cUn mundo de maravillas y encantamientos: los libros de caballerias portugueses\u201d <em>Actas del XI Congreso Internacional de la Asociaci\u00f3n His\u00ba\u00e1nica de Literatura Medieval, <\/em>Le\u00f3n, Universidad de Le\u00f3n, 2007, pp. 1099-1108.<\/p>\n<p style=\"font-weight: 400;\">DIAZ-TOLEDO, Aur\u00e9lio, \u201c<b><a href=\"http:\/\/www.destiempos.com\/n23\/vargas.pdf\">Los libros de caballer\u00edas portugueses manuscritos<\/a><\/b>\u201d, <em><b><a href=\"http:\/\/dialnet.unirioja.es\/servlet\/revista?codigo=12892\">Destiempos. Revista de curiosidad cultural<\/a><\/b><\/em>, <b><a href=\"http:\/\/dialnet.unirioja.es\/servlet\/ejemplar?codigo=239583\">N\u00ba. 23, 2010<\/a><\/b>, 217-231.<b><\/b><\/p>\n<p>DIAZ-TOLEDO, Aur\u00e9lio, \u201c<b><a href=\"http:\/\/dialnet.unirioja.es\/servlet\/articulo?codigo=3164961\">Los libros de caballer\u00edas portugueses manuscritos<\/a><\/b>\u201d, in: <b><a href=\"http:\/\/dialnet.unirioja.es\/servlet\/autor?codigo=29950\">Jos\u00e9 Manuel Fradejas Rueda<\/a><\/b>, <b><a href=\"http:\/\/dialnet.unirioja.es\/servlet\/autor?codigo=99025\">Deborah Anne Dietrick<\/a><\/b>, <b><a href=\"http:\/\/dialnet.unirioja.es\/servlet\/autor?codigo=25487\">Mar\u00eda Jes\u00fas D\u00edez Garretas<\/a><\/b>, <b><a href=\"http:\/\/dialnet.unirioja.es\/servlet\/autor?codigo=2981344\">Demetrio Mart\u00edn Sanz<\/a><\/b>, (coord) <em><b><a href=\"http:\/\/dialnet.unirioja.es\/servlet\/libro?codigo=497890\">Actas del XIII Congreso Internacional de la Asociaci\u00f3n Hisp\u00e1nica de Literatura Medieval (Valladolid, 15-19 de de septiembre de 2009)<\/a><\/b><\/em><em>: In Memoriam Alan Deyermond, <\/em>2010, p. 1755<\/p>\n<p>DIAZ-TOLEDO, Aur\u00e9lio, <em>Os Livros de Cavalarias Portugueses dos S\u00e9culos XVI-XVIII<\/em>, Parede, Pearlbooks, 2012<\/p>\n<p style=\"font-weight: 400;\">DIAZ-TOLEDO, Aur\u00e9lio, \u201cA literatura cavaleiresca portuguesa: estado da quest\u00e3o\u201d in.: Leila M\u00e1rcia MONGELLI (coord), \u2018<em>E Fizerom Taes Maravilhas&#8230;\u2019 Hist\u00f3rias de Cavaleiros e Cavalarias,<\/em>Ateli\u00ea Editorial, S\u00e3o Paulo, 2012, pp. 137-152.<\/p>\n<p style=\"font-weight: 400;\"><a href=\"http:\/\/e-spania.revues.org\/22796\">DIAZ-TOLEDO, Aur\u00e9lio, \u00ab\u00a0A Mat\u00e9ria Arturiana na literatura cavaleiresca portuguesa dos s\u00e9culos\u00a0XVI-XVII\u00a0\u00bb, <em>e-Spania<\/em>16\u00a0,\u00a0d\u00e9cembre 2013, mis en ligne le 17 d\u00e9cembre 2013<\/a><\/p>\n<p style=\"font-weight: 400;\">FARINHA, Bento Jos\u00e9 de Sousa, <em>Summario de Bibliotheca Lusitana<\/em>, volume III, Lisboa, na Off. da Academia Real das Sciencias, 1787, Volume III, p.7<\/p>\n<p style=\"font-weight: 400;\">GAYANGOS, Pascual de <em>Libros de caballer\u00edas. Discurso preliminar y cat\u00e1logo razonado<\/em>, Madrid, Biblioteca de Autores Espa\u00f1oles, 1857, tomo XL<\/p>\n<p style=\"font-weight: 400;\">LOPES, Maria Jos\u00e9, Pinto, Ana Paula, Melo, Ant\u00f3nio, Gon\u00e7alves, Armanda, Jo\u00e3o Amadeu Silva, Miguel Gon\u00e7alves (orgs.), <em>Narrativas do poder feminino<\/em>, Publica\u00e7\u00f5es da Faculdade de Filosofia \u2013 Universidade Cat\u00f3lica Portuguesa, Braga, 2012<\/p>\n<p style=\"font-weight: 400;\">MACHADO, Diogo Barbosa, <em>Bibliotheca Luzitana: hist\u00f3rica, cr\u00edtica e cronol\u00f3gica, <\/em>Lisboa Occidental, na Officina de Antonio Isidoro da Fonseca, 1741-1759, Volume III, pp. 11-12.<\/p>\n<p style=\"font-weight: 400;\">MAR\u00cdN PINA, M\u00aa Carmen (1991), \u201cLa mujer y los libros de caballer\u00edas. Notas para el estudio de la recep\u00adci\u00f3n del g\u00e9nero caballeresco entre el p\u00fablico femenino\u201d, en <em>Revista de Literatura Medieval<\/em>, III, 129-148.<\/p>\n<p style=\"font-weight: 400;\">MOIS\u00c9S, Massaud, \u201cA novela de cavalaria portuguesa (Achega bibliogr\u00e1fica) <em>Revista de Hist\u00f3ria, <\/em>n\u00ba 29, pp. 47-52.<\/p>\n<p style=\"font-weight: 400;\">ROMERO, Nanci, \u201c<em>Cr\u00f4nica do Imperador Beliandro de Gr\u00e9cia <\/em>ou <em>Hist\u00f3ria Grega do Imperador Belian\u00addro<\/em>: uma proposta de estema\u201d en <em>Estudios de Literatura Medieval. 25 a\u00f1os de la Asociaci\u00f3n Hisp\u00e1nica de Literatura Medieval<\/em>, edici\u00f3n de Antonia Mart\u00ednez P\u00e9rez y Ana Luisa Baquero Escudero, Murcia, Uni\u00adversidad de Murcia, 2012, pp. 845-854.<\/p>\n<p style=\"font-weight: 400;\"><a href=\"ttp:\/\/books.google.pt\/books?id=Fx9kx4y6fWMC&amp;pg=PA415&amp;lpg=PA415&amp;dq=Leonor+Coutinho+D.+Belindo&amp;source=bl&amp;ots=BBpyK54tKt&amp;sig=13bMvMfDH8JrD3LOk_2NhET4eTI&amp;hl=pt-PT&amp;sa=X&amp;ei=wQ6GU7meC8rI0QWgpYHwAg&amp;ved=0CEoQ6AEwBg#v=onepage&amp;q=Leonor%20Coutinho%20D.%20Belindo&amp;f=false\">ROMERO, Nanci,\u201dCr\u00f4nica do Imperador Beliandro de Gr\u00e9cia ou Hist\u00f3ria Grega do Imperador Beliandro: uma revis\u00e3o dos manuscritos\u201d in.: Leila M\u00e1rcia Mongelli (coord), \u2018<em>E Fizerom Taes Maravilhas&#8230;\u2019 Hist\u00f3rias de Cavaleiros e Cavalarias,<\/em>Ateli\u00ea Editorial, S\u00e3o Paulo, 2012, pp. 415-427.<\/a><strong>\u00a0<\/strong><\/p>\n<p style=\"font-weight: 400;\"><strong><b><a href=\"http:\/\/editora.fflch.usp.br\/sites\/editora.fflch.usp.br\/files\/483-494.pdf\">http:\/\/editora.fflch.usp.br\/sites\/editora.fflch.usp.br\/files\/483-494.pdf<\/a><\/b><\/strong><\/p>\n<p style=\"font-weight: 400;\"><strong><b><a href=\"http:\/\/www.revistas.usp.br\/flp\/article\/viewFile\/79805\/83781\">http:\/\/www.revistas.usp.br\/flp\/article\/viewFile\/79805\/83781<\/a><\/b><\/strong><\/p>\n<p style=\"font-weight: 400;\">ROMERO, Nanci, \u201cO fragmento de \u00c9vora da <em>Cr\u00f4nica do Imperador Beliandro<\/em>\u201d, <em>VII Jornada Nacio\u00adnal de Filologia<\/em>, Nit\u00e9roi, CIFEFIL, 2011.<\/p>\n<p style=\"font-weight: 400;\">PERYM, Dami\u00e3o de Froes, <em>Theatro Heroino, abecedario historico, e catalogo das mulheres ilustres em armas, letras ac\u00e7oens heroicas e artes liberais.., <\/em>Lisboa Occidental, na Officina de Musica de Theotonio Antunes Lima, 1736-1740, volume II, p. 281.<\/p>\n<p style=\"font-weight: 400;\">SERRANO Y SANZ, Manuel,<em> Apuntes para una biblioteca de escritoras espa\u00f1olas desde el a\u00f1o 1401 al 1833<\/em>, Madrid, Establecimiento Tipografico \u201cSucesores de Rivadeneyra\u201d, 2 volumes, 1903-1905, volume I, p. 282<\/p>\n<p style=\"font-weight: 400;\">SILVA, Innoc\u00eancio Francisco da, <em>Diccion\u00e1rio Bibliographico Portuguez<\/em>, Lisboa, Imprensa Nacional, 1858, Volume V, p. 178.<\/p>\n<p style=\"font-weight: 400;\">SOUSA, Manuel Caetano de, <em>Hist\u00f3ria Geneal\u00f3gica da Casa Real Portuguesa, <\/em>Coimbra, Livraria Atl\u00e2ntida, 1951, Volume 10, p. 565.<\/p>\n<p style=\"font-weight: 400;\">TEENSMA, Benjamin Nicolaas, \u201cN\u00f3tula sobre alguns manuscritos da <em>Cr\u00f3nica do Imperador Belian\u00addro <\/em>e da <em>Hist\u00f3ria da Gr\u00e9cia<\/em>\u201d, en <em>Boletim Internacional de Bibliografia luso-brasileira<\/em>, 1963, volume IV, pp. 110-114.<\/p>\n<p style=\"font-weight: 400;\">http:\/\/www.geneall.net\/P\/per_page.php?id=14005<\/p>\n<p style=\"font-weight: 400;\">VASCONCELOS MICHA\u00cbLIS DE, Carolina, <em>A Infanta D. Maria de Portugal (1521-1577) e as suas damas<\/em>. Porto: Arthur Jos\u00e9 de Souza e Irm\u00e3o, 1902, p. 36.<\/p>\n<p>&nbsp;<\/p>\n<p style=\"font-weight: 400;\"><strong>C\u00d3PIAS MANUSCRITAS<\/strong><\/p>\n<p style=\"font-weight: 400;\"><strong>\u00a0<\/strong><em>Apud <\/em>Aur\u00e9lio Vargas Diaz-Toledo<\/p>\n<p style=\"font-weight: 400;\">Lisboa, BN: cod\/ 343; cod\/ 344; cod\/ 345; cod\/ 346; cod\/ 11010; cod\/ 6482 (I, 5, 61); cod\/ 8385 (Y, 6, 4); cod\/ 8871; cod\/ 9807; cod\/ 6037 (T, 1, 51); cod\/ 9269*; C. J. M. 682*; Arquivo de Tarouca: AT 275. Lisboa, Arquivo Torre do Tombo, Manuscritos da Livraria: cod\/ 1761; cod\/ 1762; cod\/ 1763; cod\/ 1200; cod\/ 875; cod\/ 877*; cod\/ 1918. Lisboa, B. da Academia das Ci\u00eancias: cod\/ 24, s\u00e9rie vermelha. Lisboa, Ajuda: 46-VIII-45*. Porto, BP\u00fablica: cod\/ 23; cod\/ 42; cod\/ 548*;cod\/ 1336*. Braga, Arquivo Distrital: Ms. 102*; Ms. 103*; Ms. 104*. \u00c9vora, BP\u00fablica: Gab. E. 5-C. 2 d. N\u00ba 11 (104), 73-8*<\/p>\n<p style=\"font-weight: 400;\">(fragmento). Vila Vi\u00e7osa, Biblioteca do Pa\u00e7o Ducal: LXXIV, LXXV, LXXVI, LXXVII; Utrecht*, BUniversitaria: 2 ejs. Washington, Library of Congress: cod\/ 124*; cod\/ 220*; cod\/ 221*. Toledo, Biblioteca del Cigarral del Carmen: (TO. BI. 2-U3). NR. 608*.<\/p>\n<p>&nbsp;<\/p>\n<p style=\"font-weight: 400;\"><em>Apud <\/em>Pedro Alvarez-Cifuentes<\/p>\n<p style=\"font-weight: 400;\"><em>Cr\u00f3nica do Imperador Beliandro, <\/em>Livro I (Primera Parte), Biblioteca do Museu Nacional de Arqueologia de Bel\u00e9m (Lisboa), c\u00f3d. 47.<\/p>\n<p style=\"font-weight: 400;\"><em>Cr\u00f3nica do Imperador Beliandro,<\/em>Livro III (segunda mitad de la Segunda Parte), Biblioteca do Museu Nacio\u00adnal de Arqueologia de Bel\u00e9m (Lisboa), c\u00f3d. 48.<\/p>\n<p style=\"font-weight: 400;\"><em>Cr\u00f3nica do Imperador Beliandro,<\/em>Primera y Segunda Parte, Biblioteca do Museu Nacional de Arqueologia de Bel\u00e9m (Lisboa), c\u00f3d. 81.<\/p>\n<p style=\"font-weight: 400;\"><em>Invent\u00e1rio da Extin\u00e7\u00e3o do convento de Nossa Senhora da Encarna\u00e7\u00e3o de Lisboa<\/em>, Arquivo Nacional da Torre do Tombo, Minist\u00e9rio das Finan\u00e7as, Convento de Nossa Senhora da Encarna\u00e7\u00e3o de Lisboa, cx. 1955.<em>\u00a0<\/em><\/p>\n<p style=\"font-weight: 400;\"><em>Registo Geral de Merc\u00eas de D. Maria I<\/em>, Arquivo Nacional da Torre do Tombo, Livro 3(2) y Livro 9.<\/p>\n<p style=\"font-weight: 400;\">\n","protected":false},"excerpt":{"rendered":"<p>NOME \u00a0Leonor Coutinho, Condessa da Vidigueira OUTRO(S) NOME (S) Condessa da Vidigueira Elementos biogr\u00e1ficos PAI Rui Louren\u00e7o de T\u00e1vora, Senhor do Morgado de Caparica, Conselheiro de Estado, Governador de T\u00e2nger e do Algarve, 19\u00ba Vice-Rei da \u00cdndia M\u00c3E D. Mariana Coutinho LOCAL DE NASCIMENTO Lisboa DATA DE NASCIMENTO c. 1575 ESTADO Casada C\u00d4NJUGE D. Francisco &#8230; <a title=\"Leonor Coutinho, Condessa da Vidigueira\" class=\"read-more\" href=\"https:\/\/escritoras-em-portugues.com\/pt_pt\/xvi\/leonor-coutinho-condessa-da-vidigueira\/\" aria-label=\"Leia mais sobre Leonor Coutinho, Condessa da Vidigueira\">Ler mais<\/a><\/p>\n","protected":false},"author":3,"featured_media":0,"parent":45,"menu_order":0,"comment_status":"closed","ping_status":"closed","template":"","meta":{"cybocfi_hide_featured_image":"","footnotes":""},"class_list":["post-792","page","type-page","status-publish"],"_links":{"self":[{"href":"https:\/\/escritoras-em-portugues.com\/pt_pt\/wp-json\/wp\/v2\/pages\/792","targetHints":{"allow":["GET"]}}],"collection":[{"href":"https:\/\/escritoras-em-portugues.com\/pt_pt\/wp-json\/wp\/v2\/pages"}],"about":[{"href":"https:\/\/escritoras-em-portugues.com\/pt_pt\/wp-json\/wp\/v2\/types\/page"}],"author":[{"embeddable":true,"href":"https:\/\/escritoras-em-portugues.com\/pt_pt\/wp-json\/wp\/v2\/users\/3"}],"replies":[{"embeddable":true,"href":"https:\/\/escritoras-em-portugues.com\/pt_pt\/wp-json\/wp\/v2\/comments?post=792"}],"version-history":[{"count":4,"href":"https:\/\/escritoras-em-portugues.com\/pt_pt\/wp-json\/wp\/v2\/pages\/792\/revisions"}],"predecessor-version":[{"id":1681,"href":"https:\/\/escritoras-em-portugues.com\/pt_pt\/wp-json\/wp\/v2\/pages\/792\/revisions\/1681"}],"up":[{"embeddable":true,"href":"https:\/\/escritoras-em-portugues.com\/pt_pt\/wp-json\/wp\/v2\/pages\/45"}],"wp:attachment":[{"href":"https:\/\/escritoras-em-portugues.com\/pt_pt\/wp-json\/wp\/v2\/media?parent=792"}],"curies":[{"name":"wp","href":"https:\/\/api.w.org\/{rel}","templated":true}]}}