{"id":781,"date":"2023-10-29T12:07:34","date_gmt":"2023-10-29T12:07:34","guid":{"rendered":"https:\/\/escritoras-em-portugues.com\/?page_id=781"},"modified":"2024-06-04T02:53:30","modified_gmt":"2024-06-04T02:53:30","slug":"isabel-de-braganca-e-avis-dona","status":"publish","type":"page","link":"https:\/\/escritoras-em-portugues.com\/pt_pt\/xvi\/isabel-de-braganca-e-avis-dona\/","title":{"rendered":"Isabel de Bragan\u00e7a e Avis, Dona"},"content":{"rendered":"<p><strong>NOME <\/strong><span lang=\"PT\">Isabel de Bragan\u00e7a e Avis, Dona<\/span><\/p>\n<div><span lang=\"PT\"><strong>OUTROS NOMES<\/strong> Infanta D. Isabel<\/span><\/div>\n<div><\/div>\n<h4><strong>Elementos biogr\u00e1ficos<\/strong><\/h4>\n<p style=\"font-weight: 400;\"><strong>PAI<\/strong>\u00a0D. Jaime, Duque de Bragan\u00e7a<\/p>\n<p style=\"font-weight: 400;\"><strong>M\u00c3E<\/strong>\u00a0D. Leonor de Guzman<\/p>\n<p style=\"font-weight: 400;\"><strong>LOCAL DE NASCIMENTO<\/strong>\u00a0 Vila Vi\u00e7osa<\/p>\n<p style=\"font-weight: 400;\"><strong>DATA DE NASCIMENTO<\/strong>\u00a0 1511<\/p>\n<p style=\"font-weight: 400;\"><strong>LOCAL DE BAPTISMO<\/strong>\u00a0 Vila Vi\u00e7osa<\/p>\n<p style=\"font-weight: 400;\"><strong>LOCAL DA MORTE<\/strong>\u00a0Vila Vi\u00e7osa<\/p>\n<p style=\"font-weight: 400;\"><strong>PA\u00cdS ONDE NASCEU<\/strong>\u00a0Portugal<\/p>\n<p style=\"font-weight: 400;\"><strong>PROFISS\u00c3O \/ CARGO \/ FUN\u00c7\u00c3O<\/strong>\u00a0Duquesa de Bragan\u00e7a<\/p>\n<p style=\"font-weight: 400;\"><strong>DATA DA MORTE<\/strong>\u00a01576 (sepultada no convento das Chagas de Critso, Vila Vi\u00e7osa Pante\u00e3o das Duquesas de Bragan\u00e7a)<\/p>\n<p><strong>ESTADO <\/strong>Casada<\/p>\n<p><strong>C\u00d4NJUGE<\/strong>\u00a0Infante D. Duarte, filho de D. Manuel I, 4\u00ba Duque de Guimar\u00e3es<\/p>\n<p><strong>LUGAR E DATA DE CASAMENTO<\/strong>\u00a0Pa\u00e7o Ducal de Vila Vi\u00e7osa, 23 de Abril de 1537<strong>\u00a0<\/strong><\/p>\n<p><strong>N\u00ba DE FILHOS<\/strong>\u00a03<\/p>\n<p><strong>FILHOS<\/strong><\/p>\n<ol>\n<li style=\"font-weight: 400;\">Maria de Portugal, Duquesa de Parma e Plac\u00eancia<\/li>\n<li style=\"font-weight: 400;\">Catarina de Portugal, Duquesa de Bragan\u00e7a<\/li>\n<li style=\"font-weight: 400;\">Duarte de Portugal, 5\u00ba Duque de Guimar\u00e3es<\/li>\n<\/ol>\n<p><span style=\"font-weight: 400;\"><strong>\u00a0IDIOMAS<\/strong>\u00a0<\/span><span style=\"font-weight: 400;\">Portugu\u00eas<\/span><span style=\"font-weight: 400;\"><br \/>\n<\/span><\/p>\n<h4><strong>Obra<\/strong><\/h4>\n<p style=\"font-weight: 400;\"><strong>OBRAS MANUSCRITAS<\/strong><\/p>\n<blockquote><p><em style=\"font-weight: 400;\">Notas aos Evangelhos que se lem nas Domingas e festas<\/em><\/p><\/blockquote>\n<h4><strong>Bibliografia:<\/strong><\/h4>\n<p style=\"font-weight: 400;\">DIAS Ainda Fernanda \u201cAs mulheres nas letras portuguesas medievais\u201d <em>Santa Barbara Portuguese Studies, First series, <\/em>volume III, 1996, p. 8.<\/p>\n<p style=\"font-weight: 400;\">\n","protected":false},"excerpt":{"rendered":"<p>NOME Isabel de Bragan\u00e7a e Avis, Dona OUTROS NOMES Infanta D. Isabel Elementos biogr\u00e1ficos PAI\u00a0D. Jaime, Duque de Bragan\u00e7a M\u00c3E\u00a0D. Leonor de Guzman LOCAL DE NASCIMENTO\u00a0 Vila Vi\u00e7osa DATA DE NASCIMENTO\u00a0 1511 LOCAL DE BAPTISMO\u00a0 Vila Vi\u00e7osa LOCAL DA MORTE\u00a0Vila Vi\u00e7osa PA\u00cdS ONDE NASCEU\u00a0Portugal PROFISS\u00c3O \/ CARGO \/ FUN\u00c7\u00c3O\u00a0Duquesa de Bragan\u00e7a DATA DA MORTE\u00a01576 (sepultada &#8230; <a title=\"Isabel de Bragan\u00e7a e Avis, Dona\" class=\"read-more\" href=\"https:\/\/escritoras-em-portugues.com\/pt_pt\/xvi\/isabel-de-braganca-e-avis-dona\/\" aria-label=\"Leia mais sobre Isabel de Bragan\u00e7a e Avis, Dona\">Ler mais<\/a><\/p>\n","protected":false},"author":3,"featured_media":0,"parent":45,"menu_order":0,"comment_status":"closed","ping_status":"closed","template":"","meta":{"cybocfi_hide_featured_image":"","footnotes":""},"class_list":["post-781","page","type-page","status-publish"],"_links":{"self":[{"href":"https:\/\/escritoras-em-portugues.com\/pt_pt\/wp-json\/wp\/v2\/pages\/781","targetHints":{"allow":["GET"]}}],"collection":[{"href":"https:\/\/escritoras-em-portugues.com\/pt_pt\/wp-json\/wp\/v2\/pages"}],"about":[{"href":"https:\/\/escritoras-em-portugues.com\/pt_pt\/wp-json\/wp\/v2\/types\/page"}],"author":[{"embeddable":true,"href":"https:\/\/escritoras-em-portugues.com\/pt_pt\/wp-json\/wp\/v2\/users\/3"}],"replies":[{"embeddable":true,"href":"https:\/\/escritoras-em-portugues.com\/pt_pt\/wp-json\/wp\/v2\/comments?post=781"}],"version-history":[{"count":4,"href":"https:\/\/escritoras-em-portugues.com\/pt_pt\/wp-json\/wp\/v2\/pages\/781\/revisions"}],"predecessor-version":[{"id":1678,"href":"https:\/\/escritoras-em-portugues.com\/pt_pt\/wp-json\/wp\/v2\/pages\/781\/revisions\/1678"}],"up":[{"embeddable":true,"href":"https:\/\/escritoras-em-portugues.com\/pt_pt\/wp-json\/wp\/v2\/pages\/45"}],"wp:attachment":[{"href":"https:\/\/escritoras-em-portugues.com\/pt_pt\/wp-json\/wp\/v2\/media?parent=781"}],"curies":[{"name":"wp","href":"https:\/\/api.w.org\/{rel}","templated":true}]}}