{"id":773,"date":"2023-10-29T11:47:22","date_gmt":"2023-10-29T11:47:22","guid":{"rendered":"https:\/\/escritoras-em-portugues.com\/?page_id=773"},"modified":"2024-06-04T02:52:17","modified_gmt":"2024-06-04T02:52:17","slug":"catherina-de-cristo-soror","status":"publish","type":"page","link":"https:\/\/escritoras-em-portugues.com\/pt_pt\/xvi\/catherina-de-cristo-soror\/","title":{"rendered":"Catherina de Cristo,  Soror"},"content":{"rendered":"<p><strong>NOME <\/strong>Catherina de Cristo,\u00a0 Soror<\/p>\n<p><strong>OUTROS NOMES \u00a0<\/strong><span lang=\"PT\">Catherina Bettencourt Fidalgo<\/span><\/p>\n<h4><strong>Elementos biogr\u00e1ficos<\/strong><\/h4>\n<p style=\"font-weight: 400;\"><strong>PAI<\/strong> Vital de Bettencourt, Cavaleiro fidalgo<\/p>\n<p style=\"font-weight: 400;\"><strong>M\u00c3E <\/strong>D. Isabel Pacheco<\/p>\n<p style=\"font-weight: 400;\"><strong>LOCAL DE NASCIMENTO<\/strong> Angra do Hero\u00edsmo, A\u00e7ores<\/p>\n<p style=\"font-weight: 400;\"><strong>DATA DE NASCIMENTO<\/strong> <em>\u00a0<\/em>S\u00e9culo XVI (?)<\/p>\n<p style=\"font-weight: 400;\"><strong>LOCAL DA MORTE<\/strong> Convento de S\u00e3o Gon\u00e7alo, Angra do Hero\u00edsmo, A\u00e7ores<\/p>\n<p style=\"font-weight: 400;\"><strong>DATA DA MORTE<\/strong>\u00a0 S\u00e9culo XVII<\/p>\n<p style=\"font-weight: 400;\"><strong>ESTADO<\/strong> Freira<\/p>\n<p style=\"font-weight: 400;\"><strong>CONVENTO<\/strong> Convento de S\u00e3o Gon\u00e7alo, Angra do Hero\u00edsmo, A\u00e7ores<\/p>\n<p><strong style=\"font-family: inherit; font-size: 24px; font-style: inherit;\">Obra<\/strong><\/p>\n<p><strong>OBRAS MANUSCRITAS (DESAPARECIDAS)<\/strong><\/p>\n<blockquote>\n<p style=\"font-weight: 400;\"><em>Carta a Infanta D. Izabel gratificandolhe o querer ocupalla no seu Real servi\u00e7o<\/em><\/p>\n<p style=\"font-weight: 400;\"><em>Contempla\u00e7oens espirituaes<\/em><\/p>\n<\/blockquote>\n<h4><strong>Bibliografia:<\/strong><\/h4>\n<p style=\"font-weight: 400;\">MACHADO, Diogo Barbosa, <em>Bibliotheca Luzitana: hist\u00f3rica, cr\u00edtica e cronol\u00f3gica, <\/em>Lisboa Occidental, na Officina de Antonio Isidoro da Fonseca, 1741-1759, Volume I, p. 563.<\/p>\n<p style=\"font-weight: 400;\">MORUJ\u00c3O, Isabel \u201cSoror Catarina de Cristo\u201d <em>Biblos. Enciclop\u00e9dia VERBO das Literaturas de L\u00edngua Portuguesa, <\/em>vol. 1, Lisboa, 1995, pp. 1080-1081.<\/p>\n<p style=\"font-weight: 400;\">\n","protected":false},"excerpt":{"rendered":"<p>NOME Catherina de Cristo,\u00a0 Soror OUTROS NOMES \u00a0Catherina Bettencourt Fidalgo Elementos biogr\u00e1ficos PAI Vital de Bettencourt, Cavaleiro fidalgo M\u00c3E D. Isabel Pacheco LOCAL DE NASCIMENTO Angra do Hero\u00edsmo, A\u00e7ores DATA DE NASCIMENTO \u00a0S\u00e9culo XVI (?) LOCAL DA MORTE Convento de S\u00e3o Gon\u00e7alo, Angra do Hero\u00edsmo, A\u00e7ores DATA DA MORTE\u00a0 S\u00e9culo XVII ESTADO Freira CONVENTO Convento &#8230; <a title=\"Catherina de Cristo,  Soror\" class=\"read-more\" href=\"https:\/\/escritoras-em-portugues.com\/pt_pt\/xvi\/catherina-de-cristo-soror\/\" aria-label=\"Leia mais sobre Catherina de Cristo,  Soror\">Ler mais<\/a><\/p>\n","protected":false},"author":3,"featured_media":0,"parent":45,"menu_order":0,"comment_status":"closed","ping_status":"closed","template":"","meta":{"cybocfi_hide_featured_image":"","footnotes":""},"class_list":["post-773","page","type-page","status-publish"],"_links":{"self":[{"href":"https:\/\/escritoras-em-portugues.com\/pt_pt\/wp-json\/wp\/v2\/pages\/773","targetHints":{"allow":["GET"]}}],"collection":[{"href":"https:\/\/escritoras-em-portugues.com\/pt_pt\/wp-json\/wp\/v2\/pages"}],"about":[{"href":"https:\/\/escritoras-em-portugues.com\/pt_pt\/wp-json\/wp\/v2\/types\/page"}],"author":[{"embeddable":true,"href":"https:\/\/escritoras-em-portugues.com\/pt_pt\/wp-json\/wp\/v2\/users\/3"}],"replies":[{"embeddable":true,"href":"https:\/\/escritoras-em-portugues.com\/pt_pt\/wp-json\/wp\/v2\/comments?post=773"}],"version-history":[{"count":3,"href":"https:\/\/escritoras-em-portugues.com\/pt_pt\/wp-json\/wp\/v2\/pages\/773\/revisions"}],"predecessor-version":[{"id":1672,"href":"https:\/\/escritoras-em-portugues.com\/pt_pt\/wp-json\/wp\/v2\/pages\/773\/revisions\/1672"}],"up":[{"embeddable":true,"href":"https:\/\/escritoras-em-portugues.com\/pt_pt\/wp-json\/wp\/v2\/pages\/45"}],"wp:attachment":[{"href":"https:\/\/escritoras-em-portugues.com\/pt_pt\/wp-json\/wp\/v2\/media?parent=773"}],"curies":[{"name":"wp","href":"https:\/\/api.w.org\/{rel}","templated":true}]}}