{"id":634,"date":"2023-04-23T17:08:58","date_gmt":"2023-04-23T20:08:58","guid":{"rendered":"http:\/\/escritoras-em-portugues.provisorio.ws\/?page_id=634"},"modified":"2024-06-04T19:31:54","modified_gmt":"2024-06-04T19:31:54","slug":"maria-de-bobadilha","status":"publish","type":"page","link":"https:\/\/escritoras-em-portugues.com\/pt_pt\/xv\/maria-de-bobadilha\/","title":{"rendered":"Maria de Bobadilha"},"content":{"rendered":"<p><strong>NOME <\/strong>Maria de Bobadilha<\/p>\n<p><strong>Dados biogr\u00e1ficos<\/strong><\/p>\n<p><strong>PAI <\/strong>Afonso de Bobadilha, Comendador da Ordem Lagoa da Ordem de Santiago, instituidor do Morgado de Santar\u00e9m, do Conselho<br \/>\n<strong>M\u00c3E<\/strong> Leonor de Figueiredo<br \/>\n<strong>LOCAL DE NASCIMENTO<\/strong> Lisboa (?)<br \/>\n<strong>DATA DE NASCIMENTO<\/strong> S\u00e9culo XVI<br \/>\n<strong>LOCAL DA MORTE<\/strong> Lisboa (?)<br \/>\n<strong>INSTITUI\u00c7\u00d5ES QUE FREQUENTOU<\/strong> Corte de D. Manuel I<\/p>\n<p><strong>DATA DA MORTE<\/strong> S\u00e9culo XVI<br \/>\n<strong>ESTADO<\/strong> Casada<br \/>\n<strong>C\u00d4NJUGUE<\/strong> Bernardo Manuel (Camareiro-mor de D. Manuel, Alcaide-mor de Santar\u00e9m) (2\u00aa mulher)<br \/>\n<strong>N\u00ba DE FILHOS<\/strong> 5<br \/>\n<strong>FILHOS<br \/>\n<\/strong>D. Jo\u00e3o Manuel, morto no cerco de Diu<br \/>\nD. Ant\u00f3nio Manuel Comendador da Ordem de Santiago, casado;<br \/>\nD. Trist\u00e3o Manuel, casado.<br \/>\nD. Leonor Manuel, morreu menina<br \/>\nD. Ant\u00f3nio Manuel, morreu na \u00cdndia, onde casou<\/p>\n<p><strong>Obra<\/strong><\/p>\n<p><strong>OBRAS IMPRESSAS<\/strong><\/p>\n<pre><em>Da senhora D. Maria de Bobadilha\r\n\r\n<\/em>Isto n\u00e3 mo aguarde\u00e7aaes\r\nPor qu\u2019ysto v\u2019am d\u2019achar,\r\nQue o que mais v\u2019 louvar\r\nV\u2019 fica devendo mais.\r\nNem queyrays outros synays\r\nDe sserdes tam perigosa\r\nSe nam serdes tam fremosa.\r\n\r\nIn.: <a href=\"http:\/\/purl.pt\/12096\/5\/\">RESENDE, Garcia de, <em>Cancioneiro Geral de Garcia de Resende, <\/em>Lisboa, por Herm\u00e3 de Campos, 1516 , fl.<\/a>\r\n<\/pre>\n<p><strong>BIBLIOGRAFIA <\/strong><\/p>\n<p><a href=\"http:\/\/digitarq.dgarq.gov.pt\/details?id=3875755\"><em>Chancelaria de D. Manuel I, <\/em>Livro 36, fl.55<\/a><\/p>\n<p>DIAS, Aida Fernanda, <em>Cancioneiro Geral de Garcia de Resende, <\/em>Lisboa, Imprensa Nacional \u2013 Casa da Moeda, 1993, vol. III, 574, p. 153.<\/p>\n<p>FREIRE, Anselmo Braancamp Freire, \u201cA Gente do <em>Cancioneiro<\/em>\u201d <em>Revista Lusitana, <\/em>vol. X, 1907, p. 290.<\/p>\n<p>GAYO, Manuel Jos\u00e9 da Costa Felgueiras, <em>Nobili\u00e1rio das Fam\u00edlias de Portugal<\/em>, vol. VI, Braga, Agostinho de Azevedo Meirelles, Domingos de Ara\u00fajo Afonso, 1938-1941, p. 545.<\/p>\n<p><a href=\"http:\/\/purl.pt\/12096\/5\/\">RESENDE, Garcia de, <em>Cancioneiro Geral de Garcia de Resende, <\/em>Lisboa, por Herm\u00e3 de Campos, 1516, fl.<\/a><\/p>\n<p>S\u00c1NCHEZ TARR\u00cdO, Ana Maria \u201c<em>\u0168 amor demasiado. <\/em>Sobre a carta de amor em verso\u2019 in Jos\u00e9 Lu\u00eds Rodr\u00edguez (ed.), <em>In honorem Ricardo Carbalho Calero<\/em>, Santiago de Compostela, Parlamento de Galicia, Universidade de Santiago, 2000, volume II, pp. 663-676.<\/p>\n<p>SAMPAIO, Albino Forjaz de, <em>As melhores p\u00e1ginas da literatura feminina (poesia), <\/em>Lisboa, Livraria Popular de Francisco Franco, 1935, p. 11.<\/p>\n<p>SOUSA, Manuel Caetano de, <em>Hist\u00f3ria Geneal\u00f3gica da Casa Real Portuguesa, <\/em>Coimbra, Livraria Atl\u00e2ntida, 1951, volume XI, p. 240.<\/p>\n","protected":false},"excerpt":{"rendered":"<p>NOME Maria de Bobadilha Dados biogr\u00e1ficos PAI Afonso de Bobadilha, Comendador da Ordem Lagoa da Ordem de Santiago, instituidor do Morgado de Santar\u00e9m, do Conselho M\u00c3E Leonor de Figueiredo LOCAL DE NASCIMENTO Lisboa (?) DATA DE NASCIMENTO S\u00e9culo XVI LOCAL DA MORTE Lisboa (?) INSTITUI\u00c7\u00d5ES QUE FREQUENTOU Corte de D. Manuel I DATA DA MORTE &#8230; <a title=\"Maria de Bobadilha\" class=\"read-more\" href=\"https:\/\/escritoras-em-portugues.com\/pt_pt\/xv\/maria-de-bobadilha\/\" aria-label=\"Leia mais sobre Maria de Bobadilha\">Ler mais<\/a><\/p>\n","protected":false},"author":2,"featured_media":0,"parent":43,"menu_order":0,"comment_status":"closed","ping_status":"closed","template":"","meta":{"cybocfi_hide_featured_image":"","footnotes":""},"class_list":["post-634","page","type-page","status-publish"],"_links":{"self":[{"href":"https:\/\/escritoras-em-portugues.com\/pt_pt\/wp-json\/wp\/v2\/pages\/634","targetHints":{"allow":["GET"]}}],"collection":[{"href":"https:\/\/escritoras-em-portugues.com\/pt_pt\/wp-json\/wp\/v2\/pages"}],"about":[{"href":"https:\/\/escritoras-em-portugues.com\/pt_pt\/wp-json\/wp\/v2\/types\/page"}],"author":[{"embeddable":true,"href":"https:\/\/escritoras-em-portugues.com\/pt_pt\/wp-json\/wp\/v2\/users\/2"}],"replies":[{"embeddable":true,"href":"https:\/\/escritoras-em-portugues.com\/pt_pt\/wp-json\/wp\/v2\/comments?post=634"}],"version-history":[{"count":1,"href":"https:\/\/escritoras-em-portugues.com\/pt_pt\/wp-json\/wp\/v2\/pages\/634\/revisions"}],"predecessor-version":[{"id":1743,"href":"https:\/\/escritoras-em-portugues.com\/pt_pt\/wp-json\/wp\/v2\/pages\/634\/revisions\/1743"}],"up":[{"embeddable":true,"href":"https:\/\/escritoras-em-portugues.com\/pt_pt\/wp-json\/wp\/v2\/pages\/43"}],"wp:attachment":[{"href":"https:\/\/escritoras-em-portugues.com\/pt_pt\/wp-json\/wp\/v2\/media?parent=634"}],"curies":[{"name":"wp","href":"https:\/\/api.w.org\/{rel}","templated":true}]}}