{"id":626,"date":"2023-04-23T17:02:34","date_gmt":"2023-04-23T20:02:34","guid":{"rendered":"http:\/\/escritoras-em-portugues.provisorio.ws\/?page_id=626"},"modified":"2024-06-04T19:29:21","modified_gmt":"2024-06-04T19:29:21","slug":"maria-anriques","status":"publish","type":"page","link":"https:\/\/escritoras-em-portugues.com\/pt_pt\/xv\/maria-anriques\/","title":{"rendered":"Maria Anriques"},"content":{"rendered":"<p><strong>NAME<\/strong> Maria Anriques, Dona<br \/>\n<strong>NAME (OTHER FORMS)<\/strong> Maria Henriques, Dona<\/p>\n<p><strong>Biographical data <\/strong><\/p>\n<p><strong>DATE OF BIRTH<\/strong> Fifteenth Century<br \/>\n<strong>DATE OF DEATH<\/strong> Sixteenth Century<\/p>\n<p><strong>IDIOMAS <\/strong>Portugu\u00eas<\/p>\n<p><strong>Obra<\/strong><\/p>\n<p><strong>OBRAS IMPRESSAS<\/strong><\/p>\n<pre>Nam deveis olhar meus erros\r\nMas a minha enten\u00e7am,\r\nQue tirei por descri\u00e7am,\r\nNeste ser\u00e1ao,\r\nQu\u2019o forro \u00e9 de bezerros.\r\nVossa merc\u00ea tudo abarca\r\nE em lugar de forrado\r\nAndais, senhor, encoirado\r\nCom\u2019arca.\r\n\r\n<a href=\"http:\/\/purl.pt\/12096\/5\/\">RESENDE, Garcia de, <em>Cancioneiro Geral de Garcia de Resende, <\/em>Lisboa, por Hernan de Campos, 1516, fl.<\/a>\r\n<\/pre>\n<p><strong>BIBLIOGRAFIA <\/strong><\/p>\n<p>DIAS, Aida Fernanda, <em>Cancioneiro Geral de Garcia de Resende, <\/em>Lisboa, Imprensa Nacional \u2013 Casa da Moeda, 1993, vol. III, p. 396.<\/p>\n<p><a href=\"http:\/\/purl.pt\/12096\/5\/\">RESENDE, Garcia de, <em>Cancioneiro Geral de Garcia de Resende, <\/em>Lisboa, por Hernan de Campos, 1516, fl.<\/a><\/p>\n<p>SAMARTIN, Roberto Lopez-Iglesias, <em>A dona do tempo antigo. Mulher e campo liter\u00e1rio no Renascimento portugu\u00eas (1495-1557), <\/em>Santiago de Compostela, Edicions Laiovento, 2003.<\/p>\n","protected":false},"excerpt":{"rendered":"<p>NAME Maria Anriques, Dona NAME (OTHER FORMS) Maria Henriques, Dona Biographical data DATE OF BIRTH Fifteenth Century DATE OF DEATH Sixteenth Century IDIOMAS Portugu\u00eas Obra OBRAS IMPRESSAS Nam deveis olhar meus erros Mas a minha enten\u00e7am, Que tirei por descri\u00e7am, Neste ser\u00e1ao, Qu\u2019o forro \u00e9 de bezerros. Vossa merc\u00ea tudo abarca E em lugar de &#8230; <a title=\"Maria Anriques\" class=\"read-more\" href=\"https:\/\/escritoras-em-portugues.com\/pt_pt\/xv\/maria-anriques\/\" aria-label=\"Leia mais sobre Maria Anriques\">Ler mais<\/a><\/p>\n","protected":false},"author":2,"featured_media":0,"parent":43,"menu_order":0,"comment_status":"closed","ping_status":"closed","template":"","meta":{"cybocfi_hide_featured_image":"","footnotes":""},"class_list":["post-626","page","type-page","status-publish"],"_links":{"self":[{"href":"https:\/\/escritoras-em-portugues.com\/pt_pt\/wp-json\/wp\/v2\/pages\/626","targetHints":{"allow":["GET"]}}],"collection":[{"href":"https:\/\/escritoras-em-portugues.com\/pt_pt\/wp-json\/wp\/v2\/pages"}],"about":[{"href":"https:\/\/escritoras-em-portugues.com\/pt_pt\/wp-json\/wp\/v2\/types\/page"}],"author":[{"embeddable":true,"href":"https:\/\/escritoras-em-portugues.com\/pt_pt\/wp-json\/wp\/v2\/users\/2"}],"replies":[{"embeddable":true,"href":"https:\/\/escritoras-em-portugues.com\/pt_pt\/wp-json\/wp\/v2\/comments?post=626"}],"version-history":[{"count":1,"href":"https:\/\/escritoras-em-portugues.com\/pt_pt\/wp-json\/wp\/v2\/pages\/626\/revisions"}],"predecessor-version":[{"id":1741,"href":"https:\/\/escritoras-em-portugues.com\/pt_pt\/wp-json\/wp\/v2\/pages\/626\/revisions\/1741"}],"up":[{"embeddable":true,"href":"https:\/\/escritoras-em-portugues.com\/pt_pt\/wp-json\/wp\/v2\/pages\/43"}],"wp:attachment":[{"href":"https:\/\/escritoras-em-portugues.com\/pt_pt\/wp-json\/wp\/v2\/media?parent=626"}],"curies":[{"name":"wp","href":"https:\/\/api.w.org\/{rel}","templated":true}]}}