{"id":588,"date":"2023-04-23T16:35:21","date_gmt":"2023-04-23T19:35:21","guid":{"rendered":"http:\/\/escritoras-em-portugues.provisorio.ws\/?page_id=588"},"modified":"2024-06-04T16:57:57","modified_gmt":"2024-06-04T16:57:57","slug":"joana-ferreira","status":"publish","type":"page","link":"https:\/\/escritoras-em-portugues.com\/pt_pt\/xv\/joana-ferreira\/","title":{"rendered":"Joana Ferreira"},"content":{"rendered":"<p><strong>NOME<\/strong> Joana Ferreira<\/p>\n<p><strong>Dados biogr\u00e1ficos<\/strong><\/p>\n<p><strong>DATA DE NASCIMENTO<\/strong> S\u00e9culo XV<br \/>\n<strong>INSTITUI\u00c7\u00d5ES QUE FREQUENTOU<\/strong> Corte de D. Afonso V<br \/>\n<strong>PROFISS\u00c3O \/ CARGO \/ FUN\u00c7\u00c3O<\/strong> Donzela da Senhora D. Filipa d\u2019Almada<br \/>\n<strong>DATA DA MORTE <\/strong>S\u00e9culo XVI<\/p>\n<p><strong>IDIOMAS<\/strong> Portugu\u00eas<\/p>\n<p><strong>Obra<\/strong><\/p>\n<p><strong>OBRAS IMPRESSAS<\/strong><\/p>\n<pre>Assi faz Deos a quem quer\r\nFazer honras e merc\u00eas.\r\nDeste of\u00edcio saltares\r\nMui cedo ser esmoler.\r\nD\u2019aturar bem aturai,\r\nQu\u2019ee conselho d\u2019amizade,\r\nE u\u0303us ocolos comprai\r\nQue requerem a tal idade.\r\n\r\nIn.: <a href=\"http:\/\/purl.pt\/12096\/5\/\">RESENDE, Garcia de, <em>Cancioneiro Geral de Garcia de Resende, <\/em>Lisboa, por Herm\u00e3 de Campos, 1516 , fl.\r\n<\/a><\/pre>\n<p><strong>BIBLIOGRAFIA <\/strong><\/p>\n<p>DIAS, Aida Fernanda, <em>Cancioneiro Geral de Garcia de Resende, <\/em>Lisboa, Imprensa Nacional \u2013 Casa da Moeda, 1993, vol. III, 600, p. 276.<\/p>\n<p>DIAS Ainda Fernanda \u201cAs mulheres nas letras portuguesas medievais\u201d <em>Santa Barbara Portuguese Studies, First series, <\/em>volume III, 1996, p. 12.<\/p>\n<p><a href=\"http:\/\/purl.pt\/12096\/5\/\">RESENDE, Garcia de, <em>Cancioneiro Geral de Garcia de Resende, <\/em>Lisboa, por Herm\u00e3 de Campos, 1516 , fl.<\/a><\/p>\n<p>SAMARTIN, Roberto Lopez-Iglesias, <em>A dona do tempo antigo. Mulher e campo liter\u00e1rio no Renascimento portugu\u00eas (1495-1557), <\/em>Santiago de Compostela, Edicions Laiovento, 2003.<\/p>\n<p>S\u00c1NCHEZ TARR\u00cdO, Ana Maria \u201c<em>\u0168 amor demasiado. <\/em>Sobre a carta de amor em verso\u2019 in Jos\u00e9 Lu\u00eds Rodr\u00edguez (ed.), <em>In honorem Ricardo Carbalho Calero<\/em>, Santiago de Compostela, Parlamento de Galicia, Universidade de Santiago, 2000, volume II, pp. 663-676.<\/p>\n","protected":false},"excerpt":{"rendered":"<p>NOME Joana Ferreira Dados biogr\u00e1ficos DATA DE NASCIMENTO S\u00e9culo XV INSTITUI\u00c7\u00d5ES QUE FREQUENTOU Corte de D. Afonso V PROFISS\u00c3O \/ CARGO \/ FUN\u00c7\u00c3O Donzela da Senhora D. Filipa d\u2019Almada DATA DA MORTE S\u00e9culo XVI IDIOMAS Portugu\u00eas Obra OBRAS IMPRESSAS Assi faz Deos a quem quer Fazer honras e merc\u00eas. Deste of\u00edcio saltares Mui cedo ser &#8230; <a title=\"Joana Ferreira\" class=\"read-more\" href=\"https:\/\/escritoras-em-portugues.com\/pt_pt\/xv\/joana-ferreira\/\" aria-label=\"Leia mais sobre Joana Ferreira\">Ler mais<\/a><\/p>\n","protected":false},"author":2,"featured_media":0,"parent":43,"menu_order":0,"comment_status":"closed","ping_status":"closed","template":"","meta":{"cybocfi_hide_featured_image":"","footnotes":""},"class_list":["post-588","page","type-page","status-publish"],"_links":{"self":[{"href":"https:\/\/escritoras-em-portugues.com\/pt_pt\/wp-json\/wp\/v2\/pages\/588","targetHints":{"allow":["GET"]}}],"collection":[{"href":"https:\/\/escritoras-em-portugues.com\/pt_pt\/wp-json\/wp\/v2\/pages"}],"about":[{"href":"https:\/\/escritoras-em-portugues.com\/pt_pt\/wp-json\/wp\/v2\/types\/page"}],"author":[{"embeddable":true,"href":"https:\/\/escritoras-em-portugues.com\/pt_pt\/wp-json\/wp\/v2\/users\/2"}],"replies":[{"embeddable":true,"href":"https:\/\/escritoras-em-portugues.com\/pt_pt\/wp-json\/wp\/v2\/comments?post=588"}],"version-history":[{"count":1,"href":"https:\/\/escritoras-em-portugues.com\/pt_pt\/wp-json\/wp\/v2\/pages\/588\/revisions"}],"predecessor-version":[{"id":1729,"href":"https:\/\/escritoras-em-portugues.com\/pt_pt\/wp-json\/wp\/v2\/pages\/588\/revisions\/1729"}],"up":[{"embeddable":true,"href":"https:\/\/escritoras-em-portugues.com\/pt_pt\/wp-json\/wp\/v2\/pages\/43"}],"wp:attachment":[{"href":"https:\/\/escritoras-em-portugues.com\/pt_pt\/wp-json\/wp\/v2\/media?parent=588"}],"curies":[{"name":"wp","href":"https:\/\/api.w.org\/{rel}","templated":true}]}}