{"id":473,"date":"2023-04-23T13:52:14","date_gmt":"2023-04-23T16:52:14","guid":{"rendered":"http:\/\/escritoras-em-portugues.provisorio.ws\/?page_id=473"},"modified":"2023-10-29T18:22:01","modified_gmt":"2023-10-29T18:22:01","slug":"como-citar","status":"publish","type":"page","link":"https:\/\/escritoras-em-portugues.com\/pt_pt\/como-citar\/","title":{"rendered":"Como citar"},"content":{"rendered":"\r\n<p>ESCRITORAS-EM-PORTUGU\u00caS &#8211; Bibliografia de escritoras em portugu\u00eas, publica\u00e7\u00e3o web: &lt;http:\/\/escritoras-em-portugues.com&gt;<\/p>\r\n","protected":false},"excerpt":{"rendered":"<p>ESCRITORAS-EM-PORTUGU\u00caS &#8211; Bibliografia de escritoras em portugu\u00eas, publica\u00e7\u00e3o web: &lt;http:\/\/escritoras-em-portugues.com&gt;<\/p>\n","protected":false},"author":2,"featured_media":0,"parent":0,"menu_order":0,"comment_status":"closed","ping_status":"closed","template":"","meta":{"cybocfi_hide_featured_image":"","footnotes":""},"class_list":["post-473","page","type-page","status-publish"],"_links":{"self":[{"href":"https:\/\/escritoras-em-portugues.com\/pt_pt\/wp-json\/wp\/v2\/pages\/473","targetHints":{"allow":["GET"]}}],"collection":[{"href":"https:\/\/escritoras-em-portugues.com\/pt_pt\/wp-json\/wp\/v2\/pages"}],"about":[{"href":"https:\/\/escritoras-em-portugues.com\/pt_pt\/wp-json\/wp\/v2\/types\/page"}],"author":[{"embeddable":true,"href":"https:\/\/escritoras-em-portugues.com\/pt_pt\/wp-json\/wp\/v2\/users\/2"}],"replies":[{"embeddable":true,"href":"https:\/\/escritoras-em-portugues.com\/pt_pt\/wp-json\/wp\/v2\/comments?post=473"}],"version-history":[{"count":1,"href":"https:\/\/escritoras-em-portugues.com\/pt_pt\/wp-json\/wp\/v2\/pages\/473\/revisions"}],"predecessor-version":[{"id":784,"href":"https:\/\/escritoras-em-portugues.com\/pt_pt\/wp-json\/wp\/v2\/pages\/473\/revisions\/784"}],"wp:attachment":[{"href":"https:\/\/escritoras-em-portugues.com\/pt_pt\/wp-json\/wp\/v2\/media?parent=473"}],"curies":[{"name":"wp","href":"https:\/\/api.w.org\/{rel}","templated":true}]}}