{"id":462,"date":"2023-04-23T13:46:06","date_gmt":"2023-04-23T16:46:06","guid":{"rendered":"http:\/\/escritoras-em-portugues.provisorio.ws\/?page_id=462"},"modified":"2025-03-22T23:58:00","modified_gmt":"2025-03-22T23:58:00","slug":"pesquisadores","status":"publish","type":"page","link":"https:\/\/escritoras-em-portugues.com\/pt_pt\/pesquisadores\/","title":{"rendered":"Pesquisadores"},"content":{"rendered":"\r\n<p>O trabalho de recupera\u00e7\u00e3o de dados sobre Escritoras Portuguesas que viveram entre 1500 e 1900 apresentado nesta p\u00e1gina web \u00e9 o resultado do esfor\u00e7o de v\u00e1rios investigadores que integraram o grupo de pesquisa ao longo do tempo e de pessoas que contribu\u00edram com informa\u00e7\u00e3o para enriquec\u00ea-lo:<\/p>\r\n\r\n\r\n\r\n<p>Pesquisadores:<\/p>\r\n\r\n\r\n\r\n<ul class=\"wp-block-list\">\r\n<li>Ana Maria Sanchez Tarr\u00edo<\/li>\r\n<li>Andreia Castro<\/li>\r\n\r\n\r\n\r\n<li>In\u00eas de Ornellas e Castro<\/li>\r\n\r\n\r\n\r\n<li>Isabel Moruj\u00e3o<\/li>\r\n\r\n\r\n\r\n<li>Jos\u00e9 F\u00e9lix Duque<\/li>\r\n\r\n\r\n\r\n<li>L\u00edgia Cabrita<\/li>\r\n\r\n\r\n\r\n<li>Lu\u00edsa Resende<\/li>\r\n\r\n\r\n\r\n<li>Pedro Sena Lino<\/li>\r\n\r\n\r\n\r\n<li>Pedro Urbano<\/li>\r\n\r\n\r\n\r\n<li>Sara Ludovico<\/li>\r\n\r\n\r\n\r\n<li>Teresa Sousa de Almeida<\/li>\r\n\r\n\r\n\r\n<li>Vanda Anast\u00e1cio<\/li>\r\n<\/ul>\r\n\r\n\r\n\r\n<p>Contribui\u00e7\u00f5es:<\/p>\r\n\r\n\r\n\r\n<ul class=\"wp-block-list\">\r\n<li>Fabio Mario Silva<\/li>\r\n\r\n\r\n\r\n<li>Maria Eunice Moreira<\/li>\r\n\r\n\r\n\r\n\r\n\r\n<li>Eduardo da Cruz<\/li>\r\n\r\n\r\n\r\n<li>Ana Cristina Comandulli<\/li>\r\n\r\n\r\n\r\n<li>Elisabeth Martini<\/li>\r\n\r\n\r\n\r\n<li>Valerie Hegstrom<\/li>\r\n<li>Monica Ganh\u00e3o<\/li>\r\n<\/ul>\r\n\r\n\r\n\r\n<p>A informa\u00e7\u00e3o apresentada nesta p\u00e1gina \u00e9 actualizada regularmente.<\/p>\r\n\r\n\r\n\r\n<p>Apesar de os dados sobre escritoras portuguesas activas antes do s\u00e9culo XIX ser escassa, h\u00e1 ainda dados a recuperar e fontes a explorar.<\/p>\r\n\r\n\r\n\r\n<p>Al\u00e9m disso, \u00e0 medida que mais investigadores se v\u00e3o interessando pelo tema a bibliografia dispon\u00edvel vai-se expandindo.<\/p>\r\n\r\n\r\n\r\n<p>Se desejar contribuir com dados biogr\u00e1ficos ou bibliogr\u00e1ficos para esta p\u00e1gina, por favor envie-os (com indica\u00e7\u00e3o da fonte consultada) para pwwadministrator@gmail.com<\/p>\r\n\r\n\r\n\r\n<p>Integraremos a informa\u00e7\u00e3o facultada e dar-lhe-emos o devido cr\u00e9dito na p\u00e1gina web na lista de \u201cContribuidores\u201d.<\/p>\r\n\r\n\r\n\r\n<p>Todas as contribui\u00e7\u00f5es s\u00e3o bem vindas!<\/p>\r\n","protected":false},"excerpt":{"rendered":"<p>O trabalho de recupera\u00e7\u00e3o de dados sobre Escritoras Portuguesas que viveram entre 1500 e 1900 apresentado nesta p\u00e1gina web \u00e9 o resultado do esfor\u00e7o de v\u00e1rios investigadores que integraram o grupo de pesquisa ao longo do tempo e de pessoas que contribu\u00edram com informa\u00e7\u00e3o para enriquec\u00ea-lo: Pesquisadores: Contribui\u00e7\u00f5es: A informa\u00e7\u00e3o apresentada nesta p\u00e1gina \u00e9 actualizada &#8230; <a title=\"Pesquisadores\" class=\"read-more\" href=\"https:\/\/escritoras-em-portugues.com\/pt_pt\/pesquisadores\/\" aria-label=\"Leia mais sobre Pesquisadores\">Ler mais<\/a><\/p>\n","protected":false},"author":2,"featured_media":0,"parent":0,"menu_order":0,"comment_status":"closed","ping_status":"closed","template":"","meta":{"cybocfi_hide_featured_image":"","footnotes":""},"class_list":["post-462","page","type-page","status-publish"],"_links":{"self":[{"href":"https:\/\/escritoras-em-portugues.com\/pt_pt\/wp-json\/wp\/v2\/pages\/462","targetHints":{"allow":["GET"]}}],"collection":[{"href":"https:\/\/escritoras-em-portugues.com\/pt_pt\/wp-json\/wp\/v2\/pages"}],"about":[{"href":"https:\/\/escritoras-em-portugues.com\/pt_pt\/wp-json\/wp\/v2\/types\/page"}],"author":[{"embeddable":true,"href":"https:\/\/escritoras-em-portugues.com\/pt_pt\/wp-json\/wp\/v2\/users\/2"}],"replies":[{"embeddable":true,"href":"https:\/\/escritoras-em-portugues.com\/pt_pt\/wp-json\/wp\/v2\/comments?post=462"}],"version-history":[{"count":4,"href":"https:\/\/escritoras-em-portugues.com\/pt_pt\/wp-json\/wp\/v2\/pages\/462\/revisions"}],"predecessor-version":[{"id":2027,"href":"https:\/\/escritoras-em-portugues.com\/pt_pt\/wp-json\/wp\/v2\/pages\/462\/revisions\/2027"}],"wp:attachment":[{"href":"https:\/\/escritoras-em-portugues.com\/pt_pt\/wp-json\/wp\/v2\/media?parent=462"}],"curies":[{"name":"wp","href":"https:\/\/api.w.org\/{rel}","templated":true}]}}