{"id":454,"date":"2023-04-23T13:39:28","date_gmt":"2023-04-23T16:39:28","guid":{"rendered":"http:\/\/escritoras-em-portugues.provisorio.ws\/?page_id=454"},"modified":"2024-06-04T16:46:52","modified_gmt":"2024-06-04T16:46:52","slug":"isabel-pereira-dona","status":"publish","type":"page","link":"https:\/\/escritoras-em-portugues.com\/pt_pt\/xv\/isabel-pereira-dona\/","title":{"rendered":"Isabel Pereira, Dona"},"content":{"rendered":"<p><strong>NOME <\/strong>Isabel Pereira, Dona<\/p>\n<p><strong>Dados biogr\u00e1ficos<\/strong><\/p>\n<p><strong>DATA DE NASCIMENTO<\/strong> S\u00e9culo XV<br \/>\n<strong>DATA DA MORTE<\/strong> S\u00e9culo XVI<\/p>\n<p><strong>IDIOMAS<\/strong> Portugu\u00eas<\/p>\n<p><strong>Obra<\/strong><\/p>\n<p><strong>OBRAS IMPRESSAS<\/strong><\/p>\n<pre>Nam quisera responder,\r\nPois vou contra tanta gente\r\nE mais por quam descontente\r\nSei que vos hei-de fazer.\r\nEsta parte hei-de tomar,\r\nQue a galante donzela\r\nO mais forte \u00e9 ousar\r\nDe comet\u00ea-la\r\n\r\nin.: <a href=\"http:\/\/purl.pt\/12096\/5\/\">RESENDE, Garcia de, <em>Cancioneiro Geral de Garcia de Resende, <\/em>Lisboa, por Herm\u00e3 de Campos, 1516, fl.\r\n<\/a><\/pre>\n<p><strong>BIBLIOGRAFIA <\/strong><\/p>\n<p><a href=\"http:\/\/purl.pt\/12096\/5\/\">RESENDE, Garcia de, <em>Cancioneiro Geral de Garcia de Resende, <\/em>Lisboa, por Herm\u00e3 de Campos, 1516, fl.<\/a><\/p>\n<p>SAMARTIN, Roberto Lopez-Iglesias, <em>A dona do tempo antigo. Mulher e campo liter\u00e1rio no Renascimento portugu\u00eas (1495-1557), <\/em>Santiago de Compostela, Edicions Laiovento, 2003.<\/p>\n","protected":false},"excerpt":{"rendered":"<p>NOME Isabel Pereira, Dona Dados biogr\u00e1ficos DATA DE NASCIMENTO S\u00e9culo XV DATA DA MORTE S\u00e9culo XVI IDIOMAS Portugu\u00eas Obra OBRAS IMPRESSAS Nam quisera responder, Pois vou contra tanta gente E mais por quam descontente Sei que vos hei-de fazer. Esta parte hei-de tomar, Que a galante donzela O mais forte \u00e9 ousar De comet\u00ea-la in.: &#8230; <a title=\"Isabel Pereira, Dona\" class=\"read-more\" href=\"https:\/\/escritoras-em-portugues.com\/pt_pt\/xv\/isabel-pereira-dona\/\" aria-label=\"Leia mais sobre Isabel Pereira, Dona\">Ler mais<\/a><\/p>\n","protected":false},"author":2,"featured_media":0,"parent":43,"menu_order":0,"comment_status":"closed","ping_status":"closed","template":"","meta":{"cybocfi_hide_featured_image":"","footnotes":""},"class_list":["post-454","page","type-page","status-publish"],"_links":{"self":[{"href":"https:\/\/escritoras-em-portugues.com\/pt_pt\/wp-json\/wp\/v2\/pages\/454","targetHints":{"allow":["GET"]}}],"collection":[{"href":"https:\/\/escritoras-em-portugues.com\/pt_pt\/wp-json\/wp\/v2\/pages"}],"about":[{"href":"https:\/\/escritoras-em-portugues.com\/pt_pt\/wp-json\/wp\/v2\/types\/page"}],"author":[{"embeddable":true,"href":"https:\/\/escritoras-em-portugues.com\/pt_pt\/wp-json\/wp\/v2\/users\/2"}],"replies":[{"embeddable":true,"href":"https:\/\/escritoras-em-portugues.com\/pt_pt\/wp-json\/wp\/v2\/comments?post=454"}],"version-history":[{"count":1,"href":"https:\/\/escritoras-em-portugues.com\/pt_pt\/wp-json\/wp\/v2\/pages\/454\/revisions"}],"predecessor-version":[{"id":1721,"href":"https:\/\/escritoras-em-portugues.com\/pt_pt\/wp-json\/wp\/v2\/pages\/454\/revisions\/1721"}],"up":[{"embeddable":true,"href":"https:\/\/escritoras-em-portugues.com\/pt_pt\/wp-json\/wp\/v2\/pages\/43"}],"wp:attachment":[{"href":"https:\/\/escritoras-em-portugues.com\/pt_pt\/wp-json\/wp\/v2\/media?parent=454"}],"curies":[{"name":"wp","href":"https:\/\/api.w.org\/{rel}","templated":true}]}}