{"id":442,"date":"2023-04-23T13:36:33","date_gmt":"2023-04-23T16:36:33","guid":{"rendered":"http:\/\/escritoras-em-portugues.provisorio.ws\/?page_id=442"},"modified":"2024-02-14T16:26:17","modified_gmt":"2024-02-14T16:26:17","slug":"ines-da-rosa","status":"publish","type":"page","link":"https:\/\/escritoras-em-portugues.com\/pt_pt\/xv\/ines-da-rosa\/","title":{"rendered":"In\u00eas da Rosa"},"content":{"rendered":"<p><strong>NOME<\/strong> In\u00eas da Rosa<\/p>\n<p><strong>Dados biogr\u00e1ficos<\/strong><\/p>\n<p><strong>DATA DE NASCIMENTO<\/strong> S\u00e9culo XV<br \/>\n<strong>DATA DA MORTE<\/strong> S\u00e9culo XVI<\/p>\n<p><strong>IDIOMAS<\/strong> Portugu\u00eas<\/p>\n<p><strong>Obra<\/strong><\/p>\n<p>OBRAS IMPRESSAS<\/p>\n<pre>Donde mil partem chorando,\r\nPorqu\u2019ousais de vos meter?\r\nAndamos todas cuidando\r\nComo nada receando\r\nTanto folgais de morrer.\r\nMas em ser vosso penar\r\nPor quem nam tem par a ela\r\nA vantagem tem folgar\r\nTer morte dela.\r\n\r\nin.:, <a href=\"http:\/\/purl.pt\/12096\/5\/\">RESENDE, Garcia de, <em>Cancioneiro Geral de Garcia de Resende, <\/em>Lisboa, por Herm\u00e3 de Campos, 1516, fl.<\/a>\r\n<\/pre>\n<p><strong>BIBLIOGRAFIA <\/strong><\/p>\n<p>GOMEZ-BRAVO, Ana M. \u201cA huma Senhora que lhe disse\u201d: sobre la Pr\u00e1ctica Social de la Autor\u00eda y la noci\u00f3n de Texto em el Cancioneiro Geral de Resende y la l\u00edrica cancioneril ib\u00e9rica\u201d <em>La Coronica, <\/em>32. 1, (Fall 2003), pp. 43-64.<\/p>\n<p><a href=\"http:\/\/purl.pt\/12096\/5\/\">RESENDE, Garcia de, <em>Cancioneiro Geral de Garcia de Resende, <\/em>Lisboa, por Herm\u00e3 de Campos, 1516, fl.<\/a><\/p>\n<p>SAMARTIN, Roberto Lopez-Iglesias, <em>A dona do tempo antigo. Mulher e campo liter\u00e1rio no Renascimento portugu\u00eas (1495-1557), <\/em>Santiago de Compostela, Edicions Laiovento, 2003.<\/p>\n","protected":false},"excerpt":{"rendered":"<p>NOME In\u00eas da Rosa Dados biogr\u00e1ficos DATA DE NASCIMENTO S\u00e9culo XV DATA DA MORTE S\u00e9culo XVI IDIOMAS Portugu\u00eas Obra OBRAS IMPRESSAS Donde mil partem chorando, Porqu\u2019ousais de vos meter? Andamos todas cuidando Como nada receando Tanto folgais de morrer. Mas em ser vosso penar Por quem nam tem par a ela A vantagem tem folgar &#8230; <a title=\"In\u00eas da Rosa\" class=\"read-more\" href=\"https:\/\/escritoras-em-portugues.com\/pt_pt\/xv\/ines-da-rosa\/\" aria-label=\"Leia mais sobre In\u00eas da Rosa\">Ler mais<\/a><\/p>\n","protected":false},"author":2,"featured_media":0,"parent":43,"menu_order":0,"comment_status":"closed","ping_status":"closed","template":"","meta":{"cybocfi_hide_featured_image":"","footnotes":""},"class_list":["post-442","page","type-page","status-publish"],"_links":{"self":[{"href":"https:\/\/escritoras-em-portugues.com\/pt_pt\/wp-json\/wp\/v2\/pages\/442","targetHints":{"allow":["GET"]}}],"collection":[{"href":"https:\/\/escritoras-em-portugues.com\/pt_pt\/wp-json\/wp\/v2\/pages"}],"about":[{"href":"https:\/\/escritoras-em-portugues.com\/pt_pt\/wp-json\/wp\/v2\/types\/page"}],"author":[{"embeddable":true,"href":"https:\/\/escritoras-em-portugues.com\/pt_pt\/wp-json\/wp\/v2\/users\/2"}],"replies":[{"embeddable":true,"href":"https:\/\/escritoras-em-portugues.com\/pt_pt\/wp-json\/wp\/v2\/comments?post=442"}],"version-history":[{"count":1,"href":"https:\/\/escritoras-em-portugues.com\/pt_pt\/wp-json\/wp\/v2\/pages\/442\/revisions"}],"predecessor-version":[{"id":1469,"href":"https:\/\/escritoras-em-portugues.com\/pt_pt\/wp-json\/wp\/v2\/pages\/442\/revisions\/1469"}],"up":[{"embeddable":true,"href":"https:\/\/escritoras-em-portugues.com\/pt_pt\/wp-json\/wp\/v2\/pages\/43"}],"wp:attachment":[{"href":"https:\/\/escritoras-em-portugues.com\/pt_pt\/wp-json\/wp\/v2\/media?parent=442"}],"curies":[{"name":"wp","href":"https:\/\/api.w.org\/{rel}","templated":true}]}}