{"id":397,"date":"2023-04-23T13:17:39","date_gmt":"2023-04-23T16:17:39","guid":{"rendered":"http:\/\/escritoras-em-portugues.provisorio.ws\/?page_id=397"},"modified":"2024-06-04T02:35:33","modified_gmt":"2024-06-04T02:35:33","slug":"briolanja-ferraz-soror","status":"publish","type":"page","link":"https:\/\/escritoras-em-portugues.com\/pt_pt\/xv\/briolanja-ferraz-soror\/","title":{"rendered":"Briolanja Ferraz, Soror"},"content":{"rendered":"<p><strong>NOME<\/strong> Briolanja Ferraz, Soror<\/p>\n<p><strong>Dados biogr\u00e1ficos<\/strong><\/p>\n<p><strong>PAI<\/strong> Afonso Ferraz<br \/>\n<strong>M\u00c3E <\/strong>Isabel Fernandes Andorinha<br \/>\n<strong>DATA DE NASCIMENTO<\/strong> 1469<br \/>\n<strong>PA\u00cdS ONDE NASCEU<\/strong>\u00a0 Portugal<br \/>\n<strong>DATA DA MORTE <\/strong>1552<\/p>\n<p><strong>ESTADO<\/strong> Freira<br \/>\n<strong>PROFISS\u00c3O \/ CARGO \/ FUN\u00c7\u00c3O<\/strong> Abadessa do Convento de Santa Clara do Porto<br \/>\n<strong>LOCAL DA PROFISS\u00c3O RELIGIOSA<\/strong> Convento de Santa Clara, Vila do Conde<br \/>\n<strong>CONVENTO\u00a0 <\/strong>Convento de Santa Clara<br \/>\n<strong>ORDEM RELIGIOSA A QUE PERTENCEU<\/strong><strong>\u00a0 <\/strong>Clarissas<\/p>\n<p><strong>Obra<\/strong><\/p>\n<p><strong>OBRAS <\/strong><strong>DESAPARECIDAS <\/strong><\/p>\n<blockquote><p><em>Poesias v\u00e1rias<\/em><\/p><\/blockquote>\n<p><strong>BIBLIOGRAFIA <\/strong><\/p>\n<p>CARDOSO, Jorge, <em>Agiol\u00f3gio Lusitano, <\/em>5 vols., Lisboa, Officina Craesbeeckiana, 1652-1744, vol. III, 563-564 [reimpr. <em>Fac s\u00edmile<\/em> Maria de Lurdes Correia Fernandes, Porto, FLUP, 2002]<\/p>\n<p>COSTA, Agostinho Rebello da, <em>Descrip\u00e7\u00e3o Topogr\u00e1fica e historica da cidade do Porto<\/em>, Porto, na Officina de Antonio Alvarez Ribeiro, 1789. p. 360.<\/p>\n<p>GAYO, Felgueiras, <em>Nobili\u00e1rio das Fam\u00edlias Ilustres de Portugal, <\/em>2\u00aa edi\u00e7\u00e3o, Braga, Carvalhos de Basto, 1989, vol V, p. 226.<\/p>\n","protected":false},"excerpt":{"rendered":"<p>NOME Briolanja Ferraz, Soror Dados biogr\u00e1ficos PAI Afonso Ferraz M\u00c3E Isabel Fernandes Andorinha DATA DE NASCIMENTO 1469 PA\u00cdS ONDE NASCEU\u00a0 Portugal DATA DA MORTE 1552 ESTADO Freira PROFISS\u00c3O \/ CARGO \/ FUN\u00c7\u00c3O Abadessa do Convento de Santa Clara do Porto LOCAL DA PROFISS\u00c3O RELIGIOSA Convento de Santa Clara, Vila do Conde CONVENTO\u00a0 Convento de Santa &#8230; <a title=\"Briolanja Ferraz, Soror\" class=\"read-more\" href=\"https:\/\/escritoras-em-portugues.com\/pt_pt\/xv\/briolanja-ferraz-soror\/\" aria-label=\"Leia mais sobre Briolanja Ferraz, Soror\">Ler mais<\/a><\/p>\n","protected":false},"author":2,"featured_media":0,"parent":43,"menu_order":0,"comment_status":"closed","ping_status":"closed","template":"","meta":{"cybocfi_hide_featured_image":"","footnotes":""},"class_list":["post-397","page","type-page","status-publish"],"_links":{"self":[{"href":"https:\/\/escritoras-em-portugues.com\/pt_pt\/wp-json\/wp\/v2\/pages\/397","targetHints":{"allow":["GET"]}}],"collection":[{"href":"https:\/\/escritoras-em-portugues.com\/pt_pt\/wp-json\/wp\/v2\/pages"}],"about":[{"href":"https:\/\/escritoras-em-portugues.com\/pt_pt\/wp-json\/wp\/v2\/types\/page"}],"author":[{"embeddable":true,"href":"https:\/\/escritoras-em-portugues.com\/pt_pt\/wp-json\/wp\/v2\/users\/2"}],"replies":[{"embeddable":true,"href":"https:\/\/escritoras-em-portugues.com\/pt_pt\/wp-json\/wp\/v2\/comments?post=397"}],"version-history":[{"count":1,"href":"https:\/\/escritoras-em-portugues.com\/pt_pt\/wp-json\/wp\/v2\/pages\/397\/revisions"}],"predecessor-version":[{"id":1643,"href":"https:\/\/escritoras-em-portugues.com\/pt_pt\/wp-json\/wp\/v2\/pages\/397\/revisions\/1643"}],"up":[{"embeddable":true,"href":"https:\/\/escritoras-em-portugues.com\/pt_pt\/wp-json\/wp\/v2\/pages\/43"}],"wp:attachment":[{"href":"https:\/\/escritoras-em-portugues.com\/pt_pt\/wp-json\/wp\/v2\/media?parent=397"}],"curies":[{"name":"wp","href":"https:\/\/api.w.org\/{rel}","templated":true}]}}