{"id":369,"date":"2023-04-23T12:51:03","date_gmt":"2023-04-23T15:51:03","guid":{"rendered":"http:\/\/escritoras-em-portugues.provisorio.ws\/?page_id=369"},"modified":"2024-06-04T15:52:43","modified_gmt":"2024-06-04T15:52:43","slug":"branca-alvares-cristaleira","status":"publish","type":"page","link":"https:\/\/escritoras-em-portugues.com\/pt_pt\/xv\/branca-alvares-cristaleira\/","title":{"rendered":"Branca \u00c1lvares Cristaleira"},"content":{"rendered":"<p><strong>NOME<\/strong> Branca \u00c1lvares Cristaleira<\/p>\n<h4><strong>Elementos biogr\u00e1ficos<\/strong><\/h4>\n<p><strong>DATA DE NASCIMENTO<\/strong>\u00a0 S\u00e9culo XV<\/p>\n<p><strong>DATA DA MORTE<\/strong>\u00a0 S\u00e9culo XVI<\/p>\n<h4><strong>Obra<\/strong><\/h4>\n<p><strong>OBRAS IMPRESSAS<\/strong><\/p>\n<blockquote><p><em>Por Branc\u2019Alvarez Cristaleira <\/em><\/p>\n<p>Que seey que soys dureyro<br \/>\nEm sair de vos merc\u00eas,<br \/>\nDeveis andar prazenteiro<br \/>\nPor terdes o mealheiro<br \/>\nPregado como sabeys.<br \/>\nE pois meter-me nam haveis<br \/>\nQuero-vos aconselhar:<br \/>\nNam vos lembre este colar<\/p>\n<p><a href=\"http:\/\/purl.pt\/12096\/5\/\"><em>Cancioneiro Geral de Garcia de Resende, <\/em>Lisboa, Herman de Campos, 1516, fl. 210<\/a><\/p><\/blockquote>\n<h4><strong>Bibliografia:<\/strong><\/h4>\n<p>FREIRE, Anselmo Braancamp, \u201cRaparigas do Cancioneiro\u201d <em>Cr\u00edtica e Hist\u00f3ria. Estudos<\/em>, [reed. Fac-similada] Lisboa, Funda\u00e7\u00e3o Calouste Gulbenkian, 1996.<\/p>\n<p>RESENDE, Garcia de <em>Cancioneiro Geral, <\/em>Lisboa, Herm\u00e3 de Campos, 1516, fl. 210<\/p>\n<p>SAMARTIN, Roberto Lopez-Iglesias, <em>A dona do tempo antigo. Mulher e campo liter\u00e1rio no Renascimento portugu\u00eas (1495-1557), <\/em>Santiago de Compostela, Edicions Laiovento, 2003.<\/p>\n<p>S\u00c1NCHEZ TARR\u00cdO, Ana Maria \u201c<em>\u0168 amor demasiado. <\/em>Sobre a carta de amor em verso\u2019 in Jos\u00e9 Lu\u00eds Rodr\u00edguez (ed.), <em>In honorem Ricardo Carbalho Calero<\/em>, Santiago de Compostela, Parlamento de Galicia, Universidade de Santiago, 2000, volume II, pp. 663-676.<\/p>\n<p>SERRANO Y S\u00c1NZ, Manuel,<em> Apuntes para una biblioteca de escritoras espa\u00f1olas desde el a\u00f1o 1401 al 1833<\/em>, Madrid, Establecimiento Tipografico \u201cSucesores de Rivadeneyra\u201d, 1903-1905, volume I, p. 27.<\/p>\n<p>SILVA, Innocencio Francisco da, <em>Dicion\u00e1rio Bibliographico Portuguez<\/em>, Lisboa, Imprensa Nacional, 1858, volume II, p. 18.<\/p>\n","protected":false},"excerpt":{"rendered":"<p>NOME Branca \u00c1lvares Cristaleira Elementos biogr\u00e1ficos DATA DE NASCIMENTO\u00a0 S\u00e9culo XV DATA DA MORTE\u00a0 S\u00e9culo XVI Obra OBRAS IMPRESSAS Por Branc\u2019Alvarez Cristaleira Que seey que soys dureyro Em sair de vos merc\u00eas, Deveis andar prazenteiro Por terdes o mealheiro Pregado como sabeys. E pois meter-me nam haveis Quero-vos aconselhar: Nam vos lembre este colar Cancioneiro &#8230; <a title=\"Branca \u00c1lvares Cristaleira\" class=\"read-more\" href=\"https:\/\/escritoras-em-portugues.com\/pt_pt\/xv\/branca-alvares-cristaleira\/\" aria-label=\"Leia mais sobre Branca \u00c1lvares Cristaleira\">Ler mais<\/a><\/p>\n","protected":false},"author":2,"featured_media":0,"parent":43,"menu_order":0,"comment_status":"closed","ping_status":"closed","template":"","meta":{"cybocfi_hide_featured_image":"","footnotes":""},"class_list":["post-369","page","type-page","status-publish"],"_links":{"self":[{"href":"https:\/\/escritoras-em-portugues.com\/pt_pt\/wp-json\/wp\/v2\/pages\/369","targetHints":{"allow":["GET"]}}],"collection":[{"href":"https:\/\/escritoras-em-portugues.com\/pt_pt\/wp-json\/wp\/v2\/pages"}],"about":[{"href":"https:\/\/escritoras-em-portugues.com\/pt_pt\/wp-json\/wp\/v2\/types\/page"}],"author":[{"embeddable":true,"href":"https:\/\/escritoras-em-portugues.com\/pt_pt\/wp-json\/wp\/v2\/users\/2"}],"replies":[{"embeddable":true,"href":"https:\/\/escritoras-em-portugues.com\/pt_pt\/wp-json\/wp\/v2\/comments?post=369"}],"version-history":[{"count":6,"href":"https:\/\/escritoras-em-portugues.com\/pt_pt\/wp-json\/wp\/v2\/pages\/369\/revisions"}],"predecessor-version":[{"id":1705,"href":"https:\/\/escritoras-em-portugues.com\/pt_pt\/wp-json\/wp\/v2\/pages\/369\/revisions\/1705"}],"up":[{"embeddable":true,"href":"https:\/\/escritoras-em-portugues.com\/pt_pt\/wp-json\/wp\/v2\/pages\/43"}],"wp:attachment":[{"href":"https:\/\/escritoras-em-portugues.com\/pt_pt\/wp-json\/wp\/v2\/media?parent=369"}],"curies":[{"name":"wp","href":"https:\/\/api.w.org\/{rel}","templated":true}]}}