{"id":235,"date":"2023-04-02T13:03:23","date_gmt":"2023-04-02T16:03:23","guid":{"rendered":"http:\/\/escritoras-em-portugues.provisorio.ws\/?page_id=235"},"modified":"2024-06-17T21:58:33","modified_gmt":"2024-06-17T21:58:33","slug":"home","status":"publish","type":"page","link":"https:\/\/escritoras-em-portugues.com\/pt_pt\/","title":{"rendered":"Home"},"content":{"rendered":"\r\n<h2 class=\"wp-block-heading\">\u00a0<\/h2>\r\n\r\n\r\n\r\n<figure class=\"wp-block-image aligncenter size-full is-resized\" style=\"border: 10px solid white; box-shadow: 5px 5px #eeddcd;\"><img loading=\"lazy\" decoding=\"async\" class=\"wp-image-184\" src=\"https:\/\/escritoras-em-portugues.com\/wp-content\/uploads\/2023\/04\/del-cossa-triumph-of-minerva-march-needlwork-386556v2.jpg\" alt=\"\" width=\"725\" height=\"408\" srcset=\"https:\/\/escritoras-em-portugues.com\/wp-content\/uploads\/2023\/04\/del-cossa-triumph-of-minerva-march-needlwork-386556v2.jpg 581w, https:\/\/escritoras-em-portugues.com\/wp-content\/uploads\/2023\/04\/del-cossa-triumph-of-minerva-march-needlwork-386556v2-300x169.jpg 300w, https:\/\/escritoras-em-portugues.com\/wp-content\/uploads\/2023\/04\/del-cossa-triumph-of-minerva-march-needlwork-386556v2-18x10.jpg 18w\" sizes=\"auto, (max-width: 725px) 100vw, 725px\" \/><\/figure>\r\n\r\n\r\n\r\n<h2 class=\"wp-block-heading\">\u00a0<\/h2>\r\n\r\n\r\n\r\n<div class=\"wp-block-columns is-layout-flex wp-container-core-columns-is-layout-9d6595d7 wp-block-columns-is-layout-flex\">\r\n<div class=\"wp-block-column is-layout-flow wp-block-column-is-layout-flow\">\r\n<p class=\"has-base-3-color has-text-color has-background\" style=\"background-color: #883d20; text-align: justify;\"><b>ESCRITORAS<\/b> \u00e9 um cat\u00e1logo on-line que disponibiliza informa\u00e7\u00e3o sobre Escritoras portuguesas activas na \u00e1rea cultural portuguesa antes de 1900. O uso da palavra portuguesas neste contexto deve ser entendido em sentido amplo, t\u00e3o amplo quanto as fronteiras pol\u00edticas, geogr\u00e1ficas e lingu\u00edsticas da \u00e1rea cultural portuguesa e suas diferentes configura\u00e7\u00f5es entre 1490 e 1900. Esse entendimento amplo implica a inclus\u00e3o de escritoras nascidas no Brasil, em \u00c1frica ou na \u00cdndia durante a domina\u00e7\u00e3o portuguesa. Dado que os homens e mulheres cultos nascidos nos territ\u00f3rios portugueses antes de 1700 escreveram frequentemente em outras l\u00ednguas para al\u00e9m do portugu\u00eas, como o latim e o castelhano, o mesmo entendimento amplo presidiu \u00e0 inclus\u00e3o de textos em outras l\u00ednguas. O mesmo crit\u00e9rio inclusivo se aplicou ao conceito de \u201cEscritora\u201d: todas as mulheres inclu\u00eddas neste site s\u00e3o consideradas Escritoras, independentemente do g\u00e9nero liter\u00e1rio em que escreveram, do volume da sua produ\u00e7\u00e3o textual, da maneira como divulgaram os seus escritos, do n\u00famero dos seus leitores, dos ganhos financeiros que possam ter obtido com a sua actividade, ou das suas pretens\u00f5es \u00e0 originalidade.<\/p>\r\n<\/div>\r\n\r\n\r\n\r\n<div class=\"wp-block-column is-layout-flow wp-block-column-is-layout-flow\">\r\n<p class=\"has-base-3-color has-text-color has-background\" style=\"background-color: #883d20; text-align: justify;\"><b>BASE DE DADOS <\/b><br \/><a style=\"color: #ffffff;\" href=\"http:\/\/escritoras-em-portugues.com\/pt\/xv\/\">S\u00e9culo XV<\/a><br \/><a style=\"color: #ffffff;\" href=\"http:\/\/escritoras-em-portugues.com\/pt\/xvi\/\">S\u00e9culo XVI<\/a><br \/><a style=\"color: #ffffff;\" href=\"http:\/\/escritoras-em-portugues.com\/pt\/xvii\/\">S\u00e9culo XVII<\/a><br \/><a style=\"color: #ffffff;\" href=\"http:\/\/escritoras-em-portugues.com\/pt\/xviii\/\">S\u00e9culo XVIII<\/a><br \/><a style=\"color: #ffffff;\" href=\"http:\/\/escritoras-em-portugues.com\/pt\/xix\/\">S\u00e9culo XIX<\/a><\/p>\r\n\r\n\r\n\r\n<p class=\"has-base-3-color has-text-color has-background\" style=\"background-color: #883d20; text-align: justify;\"><b>GRUPO DE PESQUISA <\/b><br \/>O trabalho de recupera\u00e7\u00e3o de dados sobre Escritoras Portuguesas que viveram entre 1500 e 1900 apresentado nesta p\u00e1gina web \u00e9 o resultado do esfor\u00e7o de v\u00e1rios investigadores que integraram o grupo de pesquisa ao longo do tempo e de pessoas que contribu\u00edram com informa\u00e7\u00e3o para enriquec\u00ea-lo.<\/p>\r\n<\/div>\r\n<\/div>\r\n\r\n<hr style=\"background-color: #883d20; height: 10px;\" \/>\r\n<style id=\"wp_carousel_dynamic_css1924\">.sp-wp-carousel-free-id-1924.wpcf-fancybox-wrapper .fancybox-bg{background: #0b0b0b;opacity: 0.8;}.sp-wp-carousel-free-id-1924.wpcf-fancybox-wrapper .fancybox-navigation .fancybox-button .wpcp-fancybox-nav-arrow i {color: #ccc;}.sp-wp-carousel-free-id-1924.wpcf-fancybox-wrapper .fancybox-navigation .fancybox-button .wpcp-fancybox-nav-arrow i:hover {color: #fff;}.sp-wp-carousel-free-id-1924.wpcf-fancybox-wrapper .fancybox-navigation .fancybox-button {background: #1e1e1e;}.sp-wp-carousel-free-id-1924.wpcf-fancybox-wrapper .fancybox-navigation .fancybox-button:hover {background: #1e1e1e;}#sp-wp-carousel-free-id-1924 .wpcp-swiper-dots {margin: 40px 0px 0px 0px;}.wpcp-wrapper-1924 .swiper-wrapper .swiper-slide-kenburn, .wpcp-wrapper-1924 .swiper-wrapper, .wpcp-wrapper-1924 .wpcpro-row{align-items: center;}#sp-wp-carousel-free-id-1924 .wpcp-single-item {box-shadow: 0px 0px 0px 0px #dddddd;transition: all .3s;margin: 0px;}#sp-wp-carousel-free-id-1924.swiper-flip .wpcp-single-item{margin: 0!important;}#sp-wp-carousel-free-id-1924 .wpcp-single-item:hover {box-shadow: 0px 0px 0px 0px #dddddd;}#sp-wp-carousel-free-id-1924.sp-wpcp-1924 .wpcp-single-item {border: 1px solid #dddddd;}#sp-wp-carousel-free-id-1924.wpcp-carousel-section.sp-wpcp-1924 .swiper-button-prev,#sp-wp-carousel-free-id-1924.wpcp-carousel-section.sp-wpcp-1924 .swiper-button-next,#sp-wp-carousel-free-id-1924.wpcp-carousel-section.sp-wpcp-1924 .swiper-button-prev:hover,#sp-wp-carousel-free-id-1924.wpcp-carousel-section.sp-wpcp-1924 .swiper-button-next:hover {font-size: 18px ; font-weight: 400;}#sp-wp-carousel-free-id-1924.sp-wpcp-1924 .swiper-button-prev,#sp-wp-carousel-free-id-1924.sp-wpcp-1924 .swiper-button-next,#sp-wp-carousel-free-id-1924.sp-wpcp-1924 .swiper-button-prev:hover,#sp-wp-carousel-free-id-1924.sp-wpcp-1924 .swiper-button-next:hover {background: none;border: none;font-size: 30px;}#sp-wp-carousel-free-id-1924.sp-wpcp-1924 .swiper-button-prev i,#sp-wp-carousel-free-id-1924.sp-wpcp-1924 .swiper-button-next i {color: #aaa;}#sp-wp-carousel-free-id-1924.sp-wpcp-1924 .swiper-button-prev i:hover,#sp-wp-carousel-free-id-1924.sp-wpcp-1924 .swiper-button-next i:hover {color: #178087;}#sp-wp-carousel-free-id-1924.sp-wpcp-1924 .wpcp-swiper-dots .swiper-pagination-bullet {background-color: #cccccc;}#sp-wp-carousel-free-id-1924.sp-wpcp-1924 .wpcp-swiper-dots .swiper-pagination-bullet.swiper-pagination-bullet-active {background-color: #178087;} #sp-wp-carousel-free-id-1924.sp-wpcp-1924.wpcp-image-carousel .wpcp-single-item:hover img, #sp-wp-carousel-free-id-1924.sp-wpcp-1924.wpcp-post-carousel .wpcp-single-item:hover img, #sp-wp-carousel-free-id-1924.sp-wpcp-1924.wpcp-product-carousel .wpcp-single-item:hover img{-webkit-transform: scale(1.2);-moz-transform: scale(1.2);transform: scale(1.2);}.wpcp-carousel-wrapper #sp-wp-carousel-free-id-1924.wpcp-post-carousel .wpcp-single-item {background: #f9f9f9;}#sp-wp-carousel-free-id-1924 .wpcpro-row>[class*=\"wpcpro-col-\"] { padding: 0 10px; padding-bottom: 20px;} #sp-wp-carousel-free-id-1924 .swiper-slide .single-item-fade:not(:last-child) { margin-right: 20px;}@media (min-width: 480px) { .wpcpro-row .wpcpro-col-sm-1 { flex: 0 0 100%; max-width: 100%; } .wpcpro-row .wpcpro-col-sm-2 { flex: 0 0 50%; max-width: 50%; } .wpcpro-row .wpcpro-col-sm-2-5 { flex: 0 0 75%; max-width: 75%; } .wpcpro-row .wpcpro-col-sm-3 { flex: 0 0 33.333%; max-width: 33.333%; } .wpcpro-row .wpcpro-col-sm-4 { flex: 0 0 25%; max-width: 25%; } .wpcpro-row .wpcpro-col-sm-5 { flex: 0 0 20%; max-width: 20%; } .wpcpro-row .wpcpro-col-sm-6 { flex: 0 0 16.66666666666667%; max-width: 16.66666666666667%; } .wpcpro-row .wpcpro-col-sm-7 { flex: 0 0 14.28571428%; max-width: 14.28571428%; } .wpcpro-row .wpcpro-col-sm-8 { flex: 0 0 12.5%; max-width: 12.5%; } } @media (max-width: 480px) { .wpcpro-row .wpcpro-col-xs-1 { flex: 0 0 100%; max-width: 100%; } .wpcpro-row .wpcpro-col-xs-2 { flex: 0 0 50%; max-width: 50%; } .wpcpro-row .wpcpro-col-xs-3 { flex: 0 0 33.222%; max-width: 33.222%; } .wpcpro-row .wpcpro-col-xs-4 { flex: 0 0 25%; max-width: 25%; } .wpcpro-row .wpcpro-col-xs-5 { flex: 0 0 20%; max-width: 20%; } .wpcpro-row .wpcpro-col-xs-6 { flex: 0 0 16.6667%; max-width: 16.6667%; } .wpcpro-row .wpcpro-col-xs-7 { flex: 0 0 14.28571428%; max-width: 14.28571428%; } .wpcpro-row .wpcpro-col-xs-8 { flex: 0 0 12.5%; max-width: 12.5%; } } @media (min-width: 736px) { .wpcpro-row .wpcpro-col-md-1 { flex: 0 0 100%; max-width: 100%; } .wpcpro-row .wpcpro-col-md-2 { flex: 0 0 50%; max-width: 50%; } .wpcpro-row .wpcpro-col-md-2-5 { flex: 0 0 75%; max-width: 75%; } .wpcpro-row .wpcpro-col-md-3 { flex: 0 0 33.333%; max-width: 33.333%; } .wpcpro-row .wpcpro-col-md-4 { flex: 0 0 25%; max-width: 25%; } .wpcpro-row .wpcpro-col-md-5 { flex: 0 0 20%; max-width: 20%; } .wpcpro-row .wpcpro-col-md-6 { flex: 0 0 16.66666666666667%; max-width: 16.66666666666667%; } .wpcpro-row .wpcpro-col-md-7 { flex: 0 0 14.28571428%; max-width: 14.28571428%; } .wpcpro-row .wpcpro-col-md-8 { flex: 0 0 12.5%; max-width: 12.5%; } } @media (min-width: 980px) { .wpcpro-row .wpcpro-col-lg-1 { flex: 0 0 100%; max-width: 100%; } .wpcpro-row .wpcpro-col-lg-2 { flex: 0 0 50%; max-width: 50%; } .wpcpro-row .wpcpro-col-lg-3 { flex: 0 0 33.222%; max-width: 33.222%; } .wpcpro-row .wpcpro-col-lg-4 { flex: 0 0 25%; max-width: 25%; } .wpcpro-row .wpcpro-col-lg-5 { flex: 0 0 20%; max-width: 20%; } .wpcpro-row .wpcpro-col-lg-6 { flex: 0 0 16.6667%; max-width: 16.6667%; } .wpcpro-row .wpcpro-col-lg-7 { flex: 0 0 14.28571428%; max-width: 14.28571428%; } .wpcpro-row .wpcpro-col-lg-8 { flex: 0 0 12.5%; max-width: 12.5%; } } @media (min-width: 1200px) { .wpcpro-row .wpcpro-col-xl-1 { flex: 0 0 100%; max-width: 100%; } .wpcpro-row .wpcpro-col-xl-2 { flex: 0 0 50%; max-width: 50%; } .wpcpro-row .wpcpro-col-xl-3 { flex: 0 0 33.22222222%; max-width: 33.22222222%; } .wpcpro-row .wpcpro-col-xl-4 { flex: 0 0 25%; max-width: 25%; } .wpcpro-row .wpcpro-col-xl-5 { flex: 0 0 20%; max-width: 20%; } .wpcpro-row .wpcpro-col-xl-6 { flex: 0 0 16.66667%; max-width: 16.66667%; } .wpcpro-row .wpcpro-col-xl-7 { flex: 0 0 14.28571428%; max-width: 14.28571428%; } .wpcpro-row .wpcpro-col-xl-8 { flex: 0 0 12.5%; max-width: 12.5%; } }<\/style><div class=\"wpcp-carousel-wrapper wpcp-wrapper-1924\">\n\t<div id=\"wpcp-preloader-1924\" class=\"wpcp-carousel-preloader\"><img decoding=\"async\" src=\"https:\/\/escritoras-em-portugues.com\/wp-content\/plugins\/wp-carousel-free\/public\/css\/spinner.svg\" alt=\"Preloader Image\" \/><\/div>\t<div class=\"wpcp-carousel-content-wrapper\">\n\t<div id=\"sp-wp-carousel-free-id-1924\" class=\"wpcp-carousel-section sp-wpcp-1924  nav-vertical-center wpcp-post-carousel wpcp-preloader wpcp-standard\" data-swiper='{ &quot;pagination_type&quot;: &quot;dots&quot;,&quot;accessibility&quot;:true, &quot;spaceBetween&quot;:20, &quot;arrows&quot;:true, &quot;freeMode&quot;: false, &quot;autoplay&quot;:true, &quot;effect&quot;: &quot;&quot;, &quot;centerMode&quot;: false, &quot;autoplaySpeed&quot;:3000, &quot;dots&quot;:true, &quot;infinite&quot;:true, &quot;speed&quot;:600, &quot;pauseOnHover&quot;:true,\n\t\t\t&quot;slidesToShow&quot;:{&quot;lg_desktop&quot;:4, &quot;desktop&quot;: 4, &quot;laptop&quot;: 3, &quot;tablet&quot;: 2, &quot;mobile&quot;: 1}, &quot;responsive&quot;:{&quot;desktop&quot;:1200, &quot;laptop&quot;: 980, &quot;tablet&quot;: 736, &quot;mobile&quot;: 480}, &quot;rtl&quot;:false, &quot;lazyLoad&quot;: &quot;false&quot;, &quot;swipe&quot;: true, &quot;draggable&quot;: true, &quot;swipeToSlide&quot;:false }' dir=\"ltr\">\n\t\t<div class=\"swiper-wrapper\">\n\t\t<div class=\"swiper-slide\">\n\t<div class=\"wpcp-single-item\">\n\t\t\t<div class=\"wpcp-slide-image\">\n\t\t<a href=\"https:\/\/escritoras-em-portugues.com\/pt_pt\/2024\/06\/17\/d-maria\/\">\n\t\t\t<img loading=\"lazy\" decoding=\"async\" class=\"skip-lazy\" src=\"https:\/\/escritoras-em-portugues.com\/wp-content\/uploads\/2024\/06\/Escritoras-por-minuto-site-3-300x300.png\" title=\"Escritoras por minuto site (3)\" alt=\"\" width=\"300\" height=\"300\">\t\t<\/a>\n\t<\/div>\n\t\t\t\t<div class=\"wpcp-all-captions\">\n\t\t\t<ul class=\"wpcp-post-meta\">\n\t\t\t\t\t<li><a href=\"https:\/\/escritoras-em-portugues.com\/pt_pt\/author\/admin\/\">\n\t\t\tBy Escritoras\t\t\t<\/a><\/li>\n\t\t\t\t\t\t\t<li><time class=\"entry-date published updated\" datetime=\"2024-06-17T22:23:21+00:00\">\n\t\t\t\tOn Junho, 2024\t\t\t<\/time><\/li>\n\t\t\t\t<\/ul>\n\t<h2 class=\"wpcp-post-title\">\n\t<a href=\"https:\/\/escritoras-em-portugues.com\/pt_pt\/2024\/06\/17\/d-maria\/\">\n\t\tD. Maria Constan\u00e7a por Pedro Urbano\t<\/a>\n<\/h2>\n\t<div class='wpcp-post-content'>\n\t<\/div>\n\t\t<\/div>\n\t<\/div>\n<\/div>\n<div class=\"swiper-slide\">\n\t<div class=\"wpcp-single-item\">\n\t\t\t<div class=\"wpcp-slide-image\">\n\t\t<a href=\"https:\/\/escritoras-em-portugues.com\/pt_pt\/2024\/06\/17\/emilia-eduarda\/\">\n\t\t\t<img loading=\"lazy\" decoding=\"async\" class=\"skip-lazy\" src=\"https:\/\/escritoras-em-portugues.com\/wp-content\/uploads\/2024\/06\/Escritoras-por-minuto-site-2-300x300.png\" title=\"Escritoras por minuto site (2)\" alt=\"\" width=\"300\" height=\"300\">\t\t<\/a>\n\t<\/div>\n\t\t\t\t<div class=\"wpcp-all-captions\">\n\t\t\t<ul class=\"wpcp-post-meta\">\n\t\t\t\t\t<li><a href=\"https:\/\/escritoras-em-portugues.com\/pt_pt\/author\/admin\/\">\n\t\t\tBy Escritoras\t\t\t<\/a><\/li>\n\t\t\t\t\t\t\t<li><time class=\"entry-date published updated\" datetime=\"2024-06-17T22:19:00+00:00\">\n\t\t\t\tOn Junho, 2024\t\t\t<\/time><\/li>\n\t\t\t\t<\/ul>\n\t<h2 class=\"wpcp-post-title\">\n\t<a href=\"https:\/\/escritoras-em-portugues.com\/pt_pt\/2024\/06\/17\/emilia-eduarda\/\">\n\t\tEm\u00edlia Eduarda por Andreia Castro\t<\/a>\n<\/h2>\n\t<div class='wpcp-post-content'>\n\t<\/div>\n\t\t<\/div>\n\t<\/div>\n<\/div>\n<div class=\"swiper-slide\">\n\t<div class=\"wpcp-single-item\">\n\t\t\t<div class=\"wpcp-slide-image\">\n\t\t<a href=\"https:\/\/escritoras-em-portugues.com\/pt_pt\/2024\/06\/17\/ana-placido\/\">\n\t\t\t<img loading=\"lazy\" decoding=\"async\" class=\"skip-lazy\" src=\"https:\/\/escritoras-em-portugues.com\/wp-content\/uploads\/2024\/06\/Escritoras-por-minuto-site-1-300x300.png\" title=\"Escritoras por minuto site (1)\" alt=\"\" width=\"300\" height=\"300\">\t\t<\/a>\n\t<\/div>\n\t\t\t\t<div class=\"wpcp-all-captions\">\n\t\t\t<ul class=\"wpcp-post-meta\">\n\t\t\t\t\t<li><a href=\"https:\/\/escritoras-em-portugues.com\/pt_pt\/author\/admin\/\">\n\t\t\tBy Escritoras\t\t\t<\/a><\/li>\n\t\t\t\t\t\t\t<li><time class=\"entry-date published updated\" datetime=\"2024-06-17T22:13:53+00:00\">\n\t\t\t\tOn Junho, 2024\t\t\t<\/time><\/li>\n\t\t\t\t<\/ul>\n\t<h2 class=\"wpcp-post-title\">\n\t<a href=\"https:\/\/escritoras-em-portugues.com\/pt_pt\/2024\/06\/17\/ana-placido\/\">\n\t\tAna Pl\u00e1cido por Fabio Mario\t<\/a>\n<\/h2>\n\t<div class='wpcp-post-content'>\n\t<\/div>\n\t\t<\/div>\n\t<\/div>\n<\/div>\n<div class=\"swiper-slide\">\n\t<div class=\"wpcp-single-item\">\n\t\t\t<div class=\"wpcp-slide-image\">\n\t\t<a href=\"https:\/\/escritoras-em-portugues.com\/pt_pt\/2024\/06\/11\/teste\/\">\n\t\t\t<img loading=\"lazy\" decoding=\"async\" class=\"skip-lazy\" src=\"https:\/\/escritoras-em-portugues.com\/wp-content\/uploads\/2024\/06\/Pushbotton-em-D2-\u2013-Ao-acionar-liga-o-sistema-300x300.png\" title=\"Pushbotton em D2 \u2013 Ao acionar liga o sistema\" alt=\"\" width=\"300\" height=\"300\">\t\t<\/a>\n\t<\/div>\n\t\t\t\t<div class=\"wpcp-all-captions\">\n\t\t\t<ul class=\"wpcp-post-meta\">\n\t\t\t\t\t<li><a href=\"https:\/\/escritoras-em-portugues.com\/pt_pt\/author\/admin\/\">\n\t\t\tBy Escritoras\t\t\t<\/a><\/li>\n\t\t\t\t\t\t\t<li><time class=\"entry-date published updated\" datetime=\"2024-06-11T23:23:13+00:00\">\n\t\t\t\tOn Junho, 2024\t\t\t<\/time><\/li>\n\t\t\t\t<\/ul>\n\t<h2 class=\"wpcp-post-title\">\n\t<a href=\"https:\/\/escritoras-em-portugues.com\/pt_pt\/2024\/06\/11\/teste\/\">\n\t\tMarquesa de Alorna por Vanda Anast\u00e1cio\t<\/a>\n<\/h2>\n\t<div class='wpcp-post-content'>\n\t<\/div>\n\t\t<\/div>\n\t<\/div>\n<\/div>\n\t\t<\/div>\n\t\t\t\t\t<div class=\"wpcp-swiper-dots swiper-pagination\"><\/div>\n\t\t\t\t<!-- If we need navigation buttons -->\n\t\t\t\t\t<div class=\"wpcp-prev-button swiper-button-prev\"><i class=\"fa fa-angle-left\"><\/i><\/div>\n\t\t\t<div class=\"wpcp-next-button swiper-button-next\"><i class=\"fa fa-angle-right\"><\/i><\/div>\n\t\t\t<\/div>\n\t<\/div>\n<\/div>\n\r\n<hr style=\"background-color: #883d20; height: 10px;\" \/>","protected":false},"excerpt":{"rendered":"<p>\u00a0 \u00a0 ESCRITORAS \u00e9 um cat\u00e1logo on-line que disponibiliza informa\u00e7\u00e3o sobre Escritoras portuguesas activas na \u00e1rea cultural portuguesa antes de 1900. O uso da palavra portuguesas neste contexto deve ser entendido em sentido amplo, t\u00e3o amplo quanto as fronteiras pol\u00edticas, geogr\u00e1ficas e lingu\u00edsticas da \u00e1rea cultural portuguesa e suas diferentes configura\u00e7\u00f5es entre 1490 e 1900. &#8230; <a title=\"Marquesa de Alorna por Vanda Anast\u00e1cio\" class=\"read-more\" href=\"https:\/\/escritoras-em-portugues.com\/pt_pt\/2024\/06\/11\/teste\/\" aria-label=\"Leia mais sobre Marquesa de Alorna por Vanda Anast\u00e1cio\">Ler mais<\/a><\/p>\n","protected":false},"author":2,"featured_media":0,"parent":0,"menu_order":0,"comment_status":"closed","ping_status":"closed","template":"","meta":{"cybocfi_hide_featured_image":"","footnotes":""},"class_list":["post-235","page","type-page","status-publish","hentry"],"_links":{"self":[{"href":"https:\/\/escritoras-em-portugues.com\/pt_pt\/wp-json\/wp\/v2\/pages\/235","targetHints":{"allow":["GET"]}}],"collection":[{"href":"https:\/\/escritoras-em-portugues.com\/pt_pt\/wp-json\/wp\/v2\/pages"}],"about":[{"href":"https:\/\/escritoras-em-portugues.com\/pt_pt\/wp-json\/wp\/v2\/types\/page"}],"author":[{"embeddable":true,"href":"https:\/\/escritoras-em-portugues.com\/pt_pt\/wp-json\/wp\/v2\/users\/2"}],"replies":[{"embeddable":true,"href":"https:\/\/escritoras-em-portugues.com\/pt_pt\/wp-json\/wp\/v2\/comments?post=235"}],"version-history":[{"count":18,"href":"https:\/\/escritoras-em-portugues.com\/pt_pt\/wp-json\/wp\/v2\/pages\/235\/revisions"}],"predecessor-version":[{"id":1936,"href":"https:\/\/escritoras-em-portugues.com\/pt_pt\/wp-json\/wp\/v2\/pages\/235\/revisions\/1936"}],"wp:attachment":[{"href":"https:\/\/escritoras-em-portugues.com\/pt_pt\/wp-json\/wp\/v2\/media?parent=235"}],"curies":[{"name":"wp","href":"https:\/\/api.w.org\/{rel}","templated":true}]}}