{"id":1552,"date":"2024-04-11T17:24:30","date_gmt":"2024-04-11T17:24:30","guid":{"rendered":"https:\/\/escritoras-em-portugues.com\/?page_id=1552"},"modified":"2024-06-04T22:43:30","modified_gmt":"2024-06-04T22:43:30","slug":"branca-de-gonta-colaco","status":"publish","type":"page","link":"https:\/\/escritoras-em-portugues.com\/pt_pt\/xix\/branca-de-gonta-colaco\/","title":{"rendered":"Branca de Gonta Cola\u00e7o"},"content":{"rendered":"<p><b>NOME<\/b> Branca de Gonta Cola\u00e7o<\/p>\n<p><strong>NOME (OUTRAS FORMAS) \u00a0<\/strong>Branca Eva de Gonta Syder Ribeiro Cola\u00e7o<\/p>\n<h4><strong>Elementos biogr\u00e1ficos<\/strong><\/h4>\n<p><strong>PAI\u00a0<\/strong>Tom\u00e1s Ribeiro<\/p>\n<p><strong>M\u00c3E\u00a0<\/strong>Ann Charlotte Syder<\/p>\n<p><strong>LOCAL DE NASCIMENTO Lisboa<\/strong><\/p>\n<p><strong>DATA DE NASCIMENTO<\/strong> 8 de Julho de 1880<\/p>\n<div><b>PA\u00cdS ONDE NASCEU <\/b>Portugal<\/div>\n<div><\/div>\n<div><b>FUN\u00c7\u00c3O<\/b><\/div>\n<div><\/div>\n<div><b>DATA DA MORTE <\/b>22 de Mar\u00e7o de 1945<\/div>\n<div><\/div>\n<div><b>ESTADO <\/b>Casada<\/div>\n<div><\/div>\n<div><strong>C\u00d4NJUGUE <\/strong>Jorge Rey Cola\u00e7o<\/div>\n<div><\/div>\n<div><strong>DATA E LOCAL DO CASAMENTO <\/strong>Lisboa, 1898<\/div>\n<div><\/div>\n<div><strong>N\u00ba DE FILHOS\u00a0<\/strong>4<\/div>\n<div><\/div>\n<div><strong>FILHOS<\/strong><\/div>\n<div><\/div>\n<div>Tom\u00e1s Ribeiro Cola\u00e7o (1899-1965)<\/div>\n<div>Ana Raimunda de Gonta Cola\u00e7o (1903-1954)<\/div>\n<div>Maria Cristina Raimunda de Gonta Cola\u00e7o de Aguiar (1905-1996)<\/div>\n<div><\/div>\n<div><b>IDIOMAS<\/b><\/div>\n<div><\/div>\n<div><\/div>\n<h4><strong>Obra<\/strong><\/h4>\n<blockquote><p><strong>OBRAS IMPRESSAS<\/strong><\/p>\n<p><em>Cantigas de Amor, \u00daltimas Can\u00e7\u00f5es, <\/em>Lisboa, Imp.\u00a0Otosgr\u00e1fica<\/p>\n<p>Can\u00e7\u00f5es do meio dia Lisboa, Tip do Anu\u00e1rio Comercial, 1912<\/p>\n<p><em>Poetas de Ontem<\/em>, Lisboa, Tip. Castro e Irm\u00e3o, 1915<\/p>\n<p><em>A margem das cr\u00f3nicas<\/em>, Lisboa, Tip. Castro Irm\u00e3o, 1917<\/p>\n<p><em>Hora da Sesta<\/em>, Lisboa, A Editora, 1918<\/p>\n<p><em>Auto dos FaroleirosLisboa, <\/em>Tip. do Anu\u00e1rio Comercial, 1921<\/p>\n<p><em>Cartas de Camilo Castelo Branco a Tom\u00e1s Ribeiro<\/em>, Lisboa, Portug\u00e1lia, 1922<\/p>\n<p>&#8220;D. Carolina Micha\u00eblis de Vasconcelos&#8221; Alma Feminina<em>,<\/em><em>\u00a0<\/em>n\u00ba 2, 2\u00ba trimestre de 1926, p. 3.<\/p>\n<p>&#8220;Vis\u00e3o de Paz&#8221; <em>Alma Feminina,<\/em> n\u00ba 3, Maio e Junho 1927<\/p>\n<p><em>Mem\u00f3rias da Marquesa de Rio Maior,\u00a0<\/em>Lisboa, Parceria Ant\u00f3nio Maria Pereira, 1930<\/p>\n<p>&#8220;O flirt&#8221; <em>Alma Feminina,<\/em> n\u00ba 1 e 2, Janeiro e Fevereiro de 1931<\/p>\n<p>&#8220;Rainha D. Am\u00e9lia&#8221; <em>Portugal Feminino<\/em>, n\u00ba 24, Janeiro de 1932<\/p>\n<p>&#8220;Dr.\u00aa Adelaide Cabete&#8221; Alma Feminina n\u00ba 1 e 2 Janeiro e Fevereiro de 1936, pp. 2-3<\/p>\n<p><em>Mem\u00f3rias da Linha de Cascais <\/em>(com Maria Archer), Lisboa, Parceria Ant\u00f3nio Maria Pereira, 1943<\/p>\n<p><em>Aben\u00e7oada a Hora em que Nasci , <\/em>Lisboa, Parceria Ant\u00f3nio Maria Pereira, 1945<\/p>\n<p><em>Flirt,\u00a0<\/em>Lisboa, Tip. da Empresa do Anu\u00e1rio Comercial<\/p><\/blockquote>\n<p>&nbsp;<\/p>\n<p><strong>Colabora\u00e7\u00e3o na imprensa peri\u00f3dica<\/strong><\/p>\n<blockquote><p><em>O Dia<\/em><\/p>\n<p><em>O Talassa<\/em><\/p>\n<p><em>Alma Feminina<\/em> (1926; 1936)<\/p>\n<p><em>Estrela do Minho<\/em> (Vila Nova de Famalic\u00e3o)<\/p>\n<p><em>A Mala da Europa\u00a0<\/em>(8 Mar\u00e7o de 1895)<\/p>\n<p><em>Almanaque das Senhoras\u00a0<\/em>(1899, 1912, 1913, 1914, 1918, 1923)<\/p>\n<p><em>Revista Liter\u00e1ria, Cient\u00edfica e Art\u00edstica\u00a0<\/em>(supl. Jornal\u00a0<em>O S\u00e9culo<\/em>) (1902-1905)<\/p>\n<p><em>A Folha\u00a0<\/em>(Ponta Delgada) (1902-1917)<\/p>\n<p><em>Semana de \u00c9vora<\/em> (1903-1908)<\/p>\n<p><em>Ser\u00f5es<\/em> (Lisboa, 2\u00aa s\u00e9rie, 1905-1911)<\/p>\n<p><em>A Madrugada\u00a0<\/em>(Lisboa, 1908)<\/p>\n<p><em>Alma Acad\u00e9mica <\/em>(Lisboa, 1917-1918)<\/p>\n<p><em>Os A\u00e7ores\u00a0<\/em>(Ponta Delgada, 1922-1924)<\/p>\n<p><em>Arquivo Liter\u00e1rio\u00a0<\/em>(1922-1928)<\/p>\n<p><em>Folhas de Arte<\/em> (1924)<\/p>\n<p><em>Educa\u00e7\u00e3o Nova<\/em> (Porto) 1928-1937)<\/p>\n<p><em>Teatro Magazine<\/em> (Lisboa, 1928)<\/p>\n<p><em>Arte Peninsular,<\/em> 1929<\/p>\n<p><em>O Soneto Neo-Latino<\/em> (Vila Nova de Famali\u00e3o) 1929<\/p>\n<p><em>Portugal Feminino<\/em> (Lisboa, 1930-1936)<\/p>\n<p><em>\u00cdnsula<\/em> (Ponta Delgada 1932)<\/p>\n<p><em>O Fradique\u00a0<\/em>(Lisboa, 1934-1935)<\/p>\n<p><em>Revista Municipal\u00a0<\/em>(1939)<\/p><\/blockquote>\n<h4><strong>Bibliografia:<\/strong><\/h4>\n<p>&nbsp;<\/p>\n<p>&#8220;Assembleia Geral do Conselho Nacional das Mulheres Portuguesas&#8221; <em>Alma Feminina, <\/em>n\u00ba 1, Janeiro e Fevereiro de 1928, pp. 5-8<\/p>\n<p>&#8220;Assembleia Geral do Conselho Nacional das Mulheres Portuguesas&#8221; n\u00ba 1, Janeiro e Fevereiro de 1929<\/p>\n<p><em>A Vida Elegante,\u00a0<\/em>n\u00ba 3, 12 de Mar\u00e7o de 1915<\/p>\n<p>&#8220;Conselho Nacional das Mulheres Portuguesas&#8221; <em>Alma Feminina, <\/em>n\u00bas <em>Alma Feminina, <\/em>n\u00bas 3 e 4 Mar\u00e7o e Abril de 1936, p. 2.<\/p>\n<p>&#8220;Elei\u00e7\u00f5es&#8221; <em>Alma Feminina, <\/em>n\u00ba 3 e 4 Mar\u00e7o Abril de 1933, pp. 61-62<\/p>\n<p>&#8220;Elei\u00e7\u00f5es&#8221; <em>Alma Feminina, <\/em>n\u00ba 1 e 2, Janeiro e Fevereiro, 1934, pp. 92-93<\/p>\n<p>&#8220;Entrevistando Branca de Gonta Cola\u00e7o&#8221; <em>Portugal Feminino,\u00a0<\/em>n\u00ba1, Fevereiro de 1930, pp. 3-4<\/p>\n<p>ESTEVES, Jo\u00e3o &#8220;Branca de Gonta Cola\u00e7o&#8221; \u00a0in.: Z\u00edlia Os\u00f3rio de CASTRO e Jo\u00e3o ESTEVES (dir.) <em>Dicion\u00e1rio no Feminino (s\u00e9cs XIX-XX),<\/em> Lisboa, Livros Horizonte, 2005, pp. 183-184.<\/p>\n<p>MIRIAM &#8220;A inf\u00e2ncia das nossas escritoras. Branca de Conta Cola\u00e7o&#8221;\u00a0<em>Portugal Feminino,<\/em> n\u00ba 25, Fevereiro de 1932, p. 10<\/p>\n<p>OLIVEIRA, Am\u00e9rico Lopes de\u00a0<em>Dicion\u00e1rio de Mulheres C\u00e9lebres,\u00a0<\/em>Porto, Lello &amp; Irm\u00e3o, 1981, pp. 259-260<\/p>\n<p>PIRES, Daniel,\u00a0<em>Dicion\u00e1rio da Imprensa Peri\u00f3dica Liter\u00e1ria Portuguesa do s\u00e9culo XX (1900-1940) <\/em>Lisboa, Grifo, 1996<\/p>\n<p>PIRES, Daniel,\u00a0<em>Dicion\u00e1rio da Imprensa Peri\u00f3dica Liter\u00e1ria Portuguesa do s\u00e9culo XX (1941-1974) <\/em>Lisboa, Grifo, 2000, vol. II<\/p>\n<p>&#8220;Relat\u00f3rio&#8221; <em>Alma Feminina, <\/em>n\u00bas 1 e 2 Janeiro e Fevereiro de 1931<\/p>\n<p>&#8220;Relat\u00f3rio&#8221; <em>Alma Feminina, <\/em>n\u00bas 1 e 2 Janeiro e Fevereiro de 1932<\/p>\n<p>&#8220;\u00daltima Assembleia geral realizada no Conselho Nacional das Mulheres Portuguesas&#8221; <em>Alma Feminina, <\/em>n\u00bas 11 e 22 Novembro e Dezembro de 1936, pp. 2-3.<\/p>\n","protected":false},"excerpt":{"rendered":"<p>NOME Branca de Gonta Cola\u00e7o NOME (OUTRAS FORMAS) \u00a0Branca Eva de Gonta Syder Ribeiro Cola\u00e7o Elementos biogr\u00e1ficos PAI\u00a0Tom\u00e1s Ribeiro M\u00c3E\u00a0Ann Charlotte Syder LOCAL DE NASCIMENTO Lisboa DATA DE NASCIMENTO 8 de Julho de 1880 PA\u00cdS ONDE NASCEU Portugal FUN\u00c7\u00c3O DATA DA MORTE 22 de Mar\u00e7o de 1945 ESTADO Casada C\u00d4NJUGUE Jorge Rey Cola\u00e7o DATA E &#8230; <a title=\"Branca de Gonta Cola\u00e7o\" class=\"read-more\" href=\"https:\/\/escritoras-em-portugues.com\/pt_pt\/xix\/branca-de-gonta-colaco\/\" aria-label=\"Leia mais sobre Branca de Gonta Cola\u00e7o\">Ler mais<\/a><\/p>\n","protected":false},"author":3,"featured_media":0,"parent":48,"menu_order":0,"comment_status":"closed","ping_status":"closed","template":"","meta":{"cybocfi_hide_featured_image":"","footnotes":""},"class_list":["post-1552","page","type-page","status-publish"],"_links":{"self":[{"href":"https:\/\/escritoras-em-portugues.com\/pt_pt\/wp-json\/wp\/v2\/pages\/1552","targetHints":{"allow":["GET"]}}],"collection":[{"href":"https:\/\/escritoras-em-portugues.com\/pt_pt\/wp-json\/wp\/v2\/pages"}],"about":[{"href":"https:\/\/escritoras-em-portugues.com\/pt_pt\/wp-json\/wp\/v2\/types\/page"}],"author":[{"embeddable":true,"href":"https:\/\/escritoras-em-portugues.com\/pt_pt\/wp-json\/wp\/v2\/users\/3"}],"replies":[{"embeddable":true,"href":"https:\/\/escritoras-em-portugues.com\/pt_pt\/wp-json\/wp\/v2\/comments?post=1552"}],"version-history":[{"count":7,"href":"https:\/\/escritoras-em-portugues.com\/pt_pt\/wp-json\/wp\/v2\/pages\/1552\/revisions"}],"predecessor-version":[{"id":1889,"href":"https:\/\/escritoras-em-portugues.com\/pt_pt\/wp-json\/wp\/v2\/pages\/1552\/revisions\/1889"}],"up":[{"embeddable":true,"href":"https:\/\/escritoras-em-portugues.com\/pt_pt\/wp-json\/wp\/v2\/pages\/48"}],"wp:attachment":[{"href":"https:\/\/escritoras-em-portugues.com\/pt_pt\/wp-json\/wp\/v2\/media?parent=1552"}],"curies":[{"name":"wp","href":"https:\/\/api.w.org\/{rel}","templated":true}]}}