{"id":1534,"date":"2024-03-02T17:58:51","date_gmt":"2024-03-02T17:58:51","guid":{"rendered":"https:\/\/escritoras-em-portugues.com\/?page_id=1534"},"modified":"2024-06-04T22:28:49","modified_gmt":"2024-06-04T22:28:49","slug":"ana-maria-ribeiro-de-sa","status":"publish","type":"page","link":"https:\/\/escritoras-em-portugues.com\/pt_pt\/xix\/ana-maria-ribeiro-de-sa\/","title":{"rendered":"Ana Maria Ribeiro de S\u00e1"},"content":{"rendered":"<p><strong>NOME<\/strong> Ana Maria Ribeiro de S\u00e1<\/p>\n<h4><strong>Elementos biogr\u00e1ficos<\/strong><\/h4>\n<p><strong>PAI <\/strong>Sebasti\u00e3o Jos\u00e9 Ribeiro de S\u00e1<\/p>\n<p><strong>M\u00c3E <\/strong>Ana Catarina Buelens<\/p>\n<p><strong>DATA DE NASCIMENTO<\/strong>\u00a0 1848<\/p>\n<p><strong>DATA DE BAPTISMO<\/strong> 4 Novembro 1848<\/p>\n<p><strong>DATA DA MORTE<\/strong>\u00a0 1938<\/p>\n<p style=\"font-weight: 400;\"><strong>ESTADO\u00a0<\/strong>Casada<\/p>\n<p style=\"font-weight: 400;\"><strong>NOME DO C\u00d4NJUGUE <\/strong>Manoel Maria Ramos Chaves<\/p>\n<p style=\"font-weight: 400;\"><strong>LUGAR E DATA DE CASAMENTO <\/strong>Lisboa, Igreja de Santa Isabel, 1871<\/p>\n<p><strong>FILHOS<\/strong><\/p>\n<p><span style=\"font-weight: 400;\">Maria Manuela \u00a0Ribeiro de S\u00e1 Ramos Chaves (n. 1883)<\/span><\/p>\n<h4><strong>Obra<\/strong><\/h4>\n<p><strong>OBRAS IMPRESSAS<\/strong><\/p>\n<blockquote><p><a href=\"http:\/\/purl.pt\/36109\"><em>Mathilde <\/em>(romance) 1874<\/a><\/p>\n<p>&#8220;O Degredado&#8221; (conto) Brinde aos assinantes do<em> Di\u00e1rio de Not\u00edcias, <\/em>1874<\/p>\n<p>&#8221; Retrato da Viscondessa&#8221;\u00a0<em>Perfis Contempor\u00e2neos &#8211; Retratos, Biografias e Literatura <\/em>nos 58 e 59, 1888.<\/p>\n<p>&#8220;O Degredado&#8221; in.: Eduardo Cruz, Andreia Alves Monteiro de Castro (org.)\u00a0<em>Ao Raiar da Aurora. Antologia de narrativas breves de escritoras portuguesas oitocentistas,\u00a0<\/em>vol. I, S\u00e3o Paulo, Editora LiberArs, 2022, pp. 17-25.<\/p><\/blockquote>\n<p><strong>Colabora\u00e7\u00e3o em Peri\u00f3dicos<\/strong><\/p>\n<blockquote><p><em>Gazeta de Portugal<\/em><\/p>\n<p><em>&#8220;<\/em>Flauta de Salva\u00e7\u00e3o<em>&#8221; (folhetim) Di\u00e1rio Popular (1867-1868)<\/em><\/p>\n<p>&#8220;Tr\u00eas rainhas&#8221; (folhetim) <em>Di\u00e1rio Popular <\/em>(1867-1868)<\/p>\n<p>&#8220;Recorda\u00e7\u00f5es de Sintra&#8221; (folhetim) <em>Di\u00e1rio Popular <\/em>(1867-1868)<\/p>\n<p>&#8220;Jerusal\u00e9m&#8221; (folhetim) <em>Di\u00e1rio Popular <\/em>(1867-1868)<\/p>\n<p>&#8220;Uma noite de Tempestade&#8221; (folhetim) <em>Di\u00e1rio Popular <\/em>(1867-1868)<\/p>\n<p>&#8220;Duas Cenas ao P\u00f4r do sol&#8221; <em>Almanaque das Senhoras\u00a0<\/em>(1872)<\/p>\n<p>&#8220;A vida&#8221; <em>Almanaque das Senhoras\u00a0<\/em>(1872)<\/p>\n<p>&#8220;Shakespeare&#8221; <em>Almanaque das Senhoras\u00a0<\/em>(1876)<\/p>\n<p>&#8220;Dr. Fr. Caetano Brand\u00e3o e Silva Gaio&#8221; (1871)<\/p>\n<p>&#8220;O Degredado&#8221; (conto) <em>Di\u00e1rio de Pernambuco, <\/em>1875<\/p>\n<p>&#8220;A vida&#8221;\u00a0<em>O Sexo Feminino, <\/em>(Brasil)<i>, <\/i>1872<\/p>\n<p><em>Almanaque das Senhoras portuenses\u00a0<\/em>(1886-1887)<\/p>\n<p><em>Jornal das Senhoras\u00a0<\/em>(1904-1905)<\/p>\n<p><em>A mulher. Revista Ilustrada das Fam\u00edlias<\/em><\/p>\n<p><em>Jornal do Commercio<\/em><\/p>\n<p>&#8220;Relic\u00e1rio Feminino&#8221; Revista <em>Brasil-Portugal, <\/em>1907<\/p>\n<p>&#8220;Rimas&#8221; Revista <em>Brasil-Portugal, <\/em>1909<\/p>\n<p>&#8220;Les femmes et les revolvers&#8221; <em>Gazette fran\u00e7aise<\/em><\/p>\n<p>&#8220;Pinheiro Chagas Romancista&#8221; <em>Com\u00e9rcio do Porto<\/em><\/p>\n<p>&#8220;A jarra exilada&#8221;, 1903<\/p><\/blockquote>\n<h4><strong>Bibliografia:<\/strong><\/h4>\n<p>CRUZ,Eduardo Lorena Ribeiro da Silva Lopes, &#8220;Ana Maria Ribeiro de S\u00e1&#8221; in.: Eduardo Cruz, Andreia Alves Monteiro de Castro (org.) <em>Ao Raiar da Aurora. Antologia de narrativas breves de escritoras portuguesas oitocentistas,\u00a0<\/em>vol. I, S\u00e3o Paulo, Editora LiberArs, 2022, pp. 17-25.<\/p>\n<p>&nbsp;<\/p>\n","protected":false},"excerpt":{"rendered":"<p>NOME Ana Maria Ribeiro de S\u00e1 Elementos biogr\u00e1ficos PAI Sebasti\u00e3o Jos\u00e9 Ribeiro de S\u00e1 M\u00c3E Ana Catarina Buelens DATA DE NASCIMENTO\u00a0 1848 DATA DE BAPTISMO 4 Novembro 1848 DATA DA MORTE\u00a0 1938 ESTADO\u00a0Casada NOME DO C\u00d4NJUGUE Manoel Maria Ramos Chaves LUGAR E DATA DE CASAMENTO Lisboa, Igreja de Santa Isabel, 1871 FILHOS Maria Manuela \u00a0Ribeiro &#8230; <a title=\"Ana Maria Ribeiro de S\u00e1\" class=\"read-more\" href=\"https:\/\/escritoras-em-portugues.com\/pt_pt\/xix\/ana-maria-ribeiro-de-sa\/\" aria-label=\"Leia mais sobre Ana Maria Ribeiro de S\u00e1\">Ler mais<\/a><\/p>\n","protected":false},"author":3,"featured_media":0,"parent":48,"menu_order":0,"comment_status":"closed","ping_status":"closed","template":"","meta":{"cybocfi_hide_featured_image":"","footnotes":""},"class_list":["post-1534","page","type-page","status-publish"],"_links":{"self":[{"href":"https:\/\/escritoras-em-portugues.com\/pt_pt\/wp-json\/wp\/v2\/pages\/1534","targetHints":{"allow":["GET"]}}],"collection":[{"href":"https:\/\/escritoras-em-portugues.com\/pt_pt\/wp-json\/wp\/v2\/pages"}],"about":[{"href":"https:\/\/escritoras-em-portugues.com\/pt_pt\/wp-json\/wp\/v2\/types\/page"}],"author":[{"embeddable":true,"href":"https:\/\/escritoras-em-portugues.com\/pt_pt\/wp-json\/wp\/v2\/users\/3"}],"replies":[{"embeddable":true,"href":"https:\/\/escritoras-em-portugues.com\/pt_pt\/wp-json\/wp\/v2\/comments?post=1534"}],"version-history":[{"count":5,"href":"https:\/\/escritoras-em-portugues.com\/pt_pt\/wp-json\/wp\/v2\/pages\/1534\/revisions"}],"predecessor-version":[{"id":1878,"href":"https:\/\/escritoras-em-portugues.com\/pt_pt\/wp-json\/wp\/v2\/pages\/1534\/revisions\/1878"}],"up":[{"embeddable":true,"href":"https:\/\/escritoras-em-portugues.com\/pt_pt\/wp-json\/wp\/v2\/pages\/48"}],"wp:attachment":[{"href":"https:\/\/escritoras-em-portugues.com\/pt_pt\/wp-json\/wp\/v2\/media?parent=1534"}],"curies":[{"name":"wp","href":"https:\/\/api.w.org\/{rel}","templated":true}]}}