{"id":1520,"date":"2024-02-19T07:32:31","date_gmt":"2024-02-19T07:32:31","guid":{"rendered":"https:\/\/escritoras-em-portugues.com\/?page_id=1520"},"modified":"2024-06-04T21:56:13","modified_gmt":"2024-06-04T21:56:13","slug":"seraphina-de-los-angeles-dona","status":"publish","type":"page","link":"https:\/\/escritoras-em-portugues.com\/pt_pt\/xvii\/seraphina-de-los-angeles-dona\/","title":{"rendered":"Seraphina de los Angeles, Dona"},"content":{"rendered":"<p><strong>NOME<\/strong> Seraphina de los Angeles, Dona<\/p>\n<h4><strong>Elementos biogr\u00e1ficos<\/strong><\/h4>\n<p><strong>DATA DE NASCIMENTO<\/strong>\u00a0 S\u00e9culo XVII (?)<\/p>\n<p><strong>DATA DA MORTE<\/strong>\u00a0 S\u00e9culo XVII<\/p>\n<h4><strong>Obra<\/strong><\/h4>\n<p><strong>OBRAS IMPRESSAS<\/strong><\/p>\n<blockquote><p>&#8220;D\u00e9cimas&#8221; in.: Juan Baptista GARCIA DE ALEXANDRE,\u00a0<i>Canyon Real al Altissimio Misterio de el Ave Maria en la Sacratissima Encarnacion de el Verbo Dios Eterno, principio de nuestra feliz y Redempcion. Romance. Chaos de el Mundo en la muerte de el Fenix Christo Se\u00f1or Nuestro, y alegria universal en su Resurrection,\u00a0<\/i>Lisboa, Antonio Alvarez, 1635.<\/p><\/blockquote>\n<h4><strong>Bibliografia:<\/strong><\/h4>\n<p><a href=\"http:\/\/ler.letras.up.pt\/uploads\/ficheiros\/4720.pdf\">MORUJ\u00c3O, Isabel, <em>Contributo <\/em><em>para uma Bibliografia cronol\u00f3gica da Literatura Mon\u00e1stica Feminina Portuguesa dos s\u00e9culos XVII e XVIII (impressos), <\/em>Lisboa, Centro de Estudos de Hist\u00f3ria Religiosa, Universidade Cat\u00f3lica Portuguesa, 1995, p. 10.<\/a><\/p>\n","protected":false},"excerpt":{"rendered":"<p>NOME Seraphina de los Angeles, Dona Elementos biogr\u00e1ficos DATA DE NASCIMENTO\u00a0 S\u00e9culo XVII (?) DATA DA MORTE\u00a0 S\u00e9culo XVII Obra OBRAS IMPRESSAS &#8220;D\u00e9cimas&#8221; in.: Juan Baptista GARCIA DE ALEXANDRE,\u00a0Canyon Real al Altissimio Misterio de el Ave Maria en la Sacratissima Encarnacion de el Verbo Dios Eterno, principio de nuestra feliz y Redempcion. Romance. Chaos de &#8230; <a title=\"Seraphina de los Angeles, Dona\" class=\"read-more\" href=\"https:\/\/escritoras-em-portugues.com\/pt_pt\/xvii\/seraphina-de-los-angeles-dona\/\" aria-label=\"Leia mais sobre Seraphina de los Angeles, Dona\">Ler mais<\/a><\/p>\n","protected":false},"author":3,"featured_media":0,"parent":47,"menu_order":0,"comment_status":"closed","ping_status":"closed","template":"","meta":{"cybocfi_hide_featured_image":"","footnotes":""},"class_list":["post-1520","page","type-page","status-publish"],"_links":{"self":[{"href":"https:\/\/escritoras-em-portugues.com\/pt_pt\/wp-json\/wp\/v2\/pages\/1520","targetHints":{"allow":["GET"]}}],"collection":[{"href":"https:\/\/escritoras-em-portugues.com\/pt_pt\/wp-json\/wp\/v2\/pages"}],"about":[{"href":"https:\/\/escritoras-em-portugues.com\/pt_pt\/wp-json\/wp\/v2\/types\/page"}],"author":[{"embeddable":true,"href":"https:\/\/escritoras-em-portugues.com\/pt_pt\/wp-json\/wp\/v2\/users\/3"}],"replies":[{"embeddable":true,"href":"https:\/\/escritoras-em-portugues.com\/pt_pt\/wp-json\/wp\/v2\/comments?post=1520"}],"version-history":[{"count":3,"href":"https:\/\/escritoras-em-portugues.com\/pt_pt\/wp-json\/wp\/v2\/pages\/1520\/revisions"}],"predecessor-version":[{"id":1814,"href":"https:\/\/escritoras-em-portugues.com\/pt_pt\/wp-json\/wp\/v2\/pages\/1520\/revisions\/1814"}],"up":[{"embeddable":true,"href":"https:\/\/escritoras-em-portugues.com\/pt_pt\/wp-json\/wp\/v2\/pages\/47"}],"wp:attachment":[{"href":"https:\/\/escritoras-em-portugues.com\/pt_pt\/wp-json\/wp\/v2\/media?parent=1520"}],"curies":[{"name":"wp","href":"https:\/\/api.w.org\/{rel}","templated":true}]}}