{"id":1511,"date":"2024-02-18T21:32:30","date_gmt":"2024-02-18T21:32:30","guid":{"rendered":"https:\/\/escritoras-em-portugues.com\/?page_id=1511"},"modified":"2024-06-04T22:00:51","modified_gmt":"2024-06-04T22:00:51","slug":"maria-madalena-do-sepulcro-soror","status":"publish","type":"page","link":"https:\/\/escritoras-em-portugues.com\/pt_pt\/xvii\/maria-madalena-do-sepulcro-soror\/","title":{"rendered":"Maria Madalena do Sepulcro, Soror"},"content":{"rendered":"<p><strong>NOME<\/strong> Maria Madalena do Sepulcro, Soror<\/p>\n<h4><strong>Elementos biogr\u00e1ficos<\/strong><\/h4>\n<p><strong>DATA DE NASCIMENTO<\/strong>\u00a0 S\u00e9culo XVII<\/p>\n<p><strong>DATA DA MORTE<\/strong>\u00a0 S\u00e9culo XVIII<\/p>\n<h4><strong>Obra<\/strong><\/h4>\n<p><strong>OBRAS IMPRESSAS<\/strong><\/p>\n<blockquote><p><em>Ramalhete de Flores espirituaes colhidas no Jardim Serafico da doutrina de v\u00e1rios padres Capuchinhos, para uso das amadas Novi\u00e7as &amp; professas da primeira\u00a0<\/em><i>Regras de nossa Madre Santa Clara, por uma escrava de toda a Ordem&#8230; <\/i>Lisboa, Bernardo da Costa, 1700.<\/p><\/blockquote>\n<h4><strong>Bibliografia:<\/strong><\/h4>\n<p><a href=\"http:\/\/ler.letras.up.pt\/uploads\/ficheiros\/4720.pdf\"><span style=\"font-size: inherit;\">MORUJ\u00c3O, Isabel \u00a0<em>Contributo <\/em><\/span><i><span lang=\"PT\">para uma Bibliografia cronol\u00f3gica da Literatura Mon\u00e1stica Feminina Portuguesa dos s\u00e9culos XVII e XVIII (impressos), <\/span><\/i><span lang=\"PT\">Lisboa, Centro de Estudos de Hist\u00f3ria Religiosa, Universidade Cat\u00f3lica Portuguesa, 1995,<\/span><span style=\"font-size: inherit;\"> p. 16.<\/span><\/a><\/p>\n","protected":false},"excerpt":{"rendered":"<p>NOME Maria Madalena do Sepulcro, Soror Elementos biogr\u00e1ficos DATA DE NASCIMENTO\u00a0 S\u00e9culo XVII DATA DA MORTE\u00a0 S\u00e9culo XVIII Obra OBRAS IMPRESSAS Ramalhete de Flores espirituaes colhidas no Jardim Serafico da doutrina de v\u00e1rios padres Capuchinhos, para uso das amadas Novi\u00e7as &amp; professas da primeira\u00a0Regras de nossa Madre Santa Clara, por uma escrava de toda a &#8230; <a title=\"Maria Madalena do Sepulcro, Soror\" class=\"read-more\" href=\"https:\/\/escritoras-em-portugues.com\/pt_pt\/xvii\/maria-madalena-do-sepulcro-soror\/\" aria-label=\"Leia mais sobre Maria Madalena do Sepulcro, Soror\">Ler mais<\/a><\/p>\n","protected":false},"author":3,"featured_media":0,"parent":47,"menu_order":0,"comment_status":"closed","ping_status":"closed","template":"","meta":{"cybocfi_hide_featured_image":"","footnotes":""},"class_list":["post-1511","page","type-page","status-publish"],"_links":{"self":[{"href":"https:\/\/escritoras-em-portugues.com\/pt_pt\/wp-json\/wp\/v2\/pages\/1511","targetHints":{"allow":["GET"]}}],"collection":[{"href":"https:\/\/escritoras-em-portugues.com\/pt_pt\/wp-json\/wp\/v2\/pages"}],"about":[{"href":"https:\/\/escritoras-em-portugues.com\/pt_pt\/wp-json\/wp\/v2\/types\/page"}],"author":[{"embeddable":true,"href":"https:\/\/escritoras-em-portugues.com\/pt_pt\/wp-json\/wp\/v2\/users\/3"}],"replies":[{"embeddable":true,"href":"https:\/\/escritoras-em-portugues.com\/pt_pt\/wp-json\/wp\/v2\/comments?post=1511"}],"version-history":[{"count":3,"href":"https:\/\/escritoras-em-portugues.com\/pt_pt\/wp-json\/wp\/v2\/pages\/1511\/revisions"}],"predecessor-version":[{"id":1826,"href":"https:\/\/escritoras-em-portugues.com\/pt_pt\/wp-json\/wp\/v2\/pages\/1511\/revisions\/1826"}],"up":[{"embeddable":true,"href":"https:\/\/escritoras-em-portugues.com\/pt_pt\/wp-json\/wp\/v2\/pages\/47"}],"wp:attachment":[{"href":"https:\/\/escritoras-em-portugues.com\/pt_pt\/wp-json\/wp\/v2\/media?parent=1511"}],"curies":[{"name":"wp","href":"https:\/\/api.w.org\/{rel}","templated":true}]}}