{"id":1505,"date":"2024-02-18T21:15:40","date_gmt":"2024-02-18T21:15:40","guid":{"rendered":"https:\/\/escritoras-em-portugues.com\/?page_id=1505"},"modified":"2024-06-04T21:42:55","modified_gmt":"2024-06-04T21:42:55","slug":"brizida-de-santo-antonio-soror","status":"publish","type":"page","link":"https:\/\/escritoras-em-portugues.com\/pt_pt\/xvii\/brizida-de-santo-antonio-soror\/","title":{"rendered":"Br\u00edzida de Santo Ant\u00f3nio, Soror"},"content":{"rendered":"<p><strong>NOME<\/strong> Br\u00edzida de Santo Ant\u00f3nio, Soror<\/p>\n<h4><strong>Elementos biogr\u00e1ficos<\/strong><\/h4>\n<p><strong>DATA DE NASCIMENTO<\/strong>\u00a0 S\u00e9culo XVII<\/p>\n<p><strong>DATA DA MORTE<\/strong>\u00a0 S\u00e9culo XVII<\/p>\n<h4><strong>Obra<\/strong><\/h4>\n<p><strong>OBRAS IMPRESSAS<\/strong><\/p>\n<blockquote><p>Versos in.: Jorge CARDOSO, Agiologio Lusitano dos Santos e Varones Illustres em Virtude do Reino de Portugal e suas Conquistas&#8230;, Tomo III, Lisboa, Oficina de Ant\u00f3nio Craesbeck de Mello, 1666, pp. 877-878.<\/p><\/blockquote>\n<h4><strong>Bibliografia:<\/strong><\/h4>\n<p>MORUJ\u00c3O, Isabel, <a name=\"OLE_LINK281\"><\/a><i><span lang=\"PT\">Contributo para uma Bibliografia cronol\u00f3gica da Literatura Mon\u00e1stica Feminina Portuguesa dos s\u00e9culos XVII e XVIII (impressos), <\/span><\/i><span lang=\"PT\">Lisboa, Centro de Estudos de Hist\u00f3ria Religiosa, Universidade Cat\u00f3lica Portuguesa, 1995, p. 14.<\/span><\/p>\n<div><a name=\"OLE_LINK280\"><\/a><\/div>\n","protected":false},"excerpt":{"rendered":"<p>NOME Br\u00edzida de Santo Ant\u00f3nio, Soror Elementos biogr\u00e1ficos DATA DE NASCIMENTO\u00a0 S\u00e9culo XVII DATA DA MORTE\u00a0 S\u00e9culo XVII Obra OBRAS IMPRESSAS Versos in.: Jorge CARDOSO, Agiologio Lusitano dos Santos e Varones Illustres em Virtude do Reino de Portugal e suas Conquistas&#8230;, Tomo III, Lisboa, Oficina de Ant\u00f3nio Craesbeck de Mello, 1666, pp. 877-878. Bibliografia: MORUJ\u00c3O, &#8230; <a title=\"Br\u00edzida de Santo Ant\u00f3nio, Soror\" class=\"read-more\" href=\"https:\/\/escritoras-em-portugues.com\/pt_pt\/xvii\/brizida-de-santo-antonio-soror\/\" aria-label=\"Leia mais sobre Br\u00edzida de Santo Ant\u00f3nio, Soror\">Ler mais<\/a><\/p>\n","protected":false},"author":3,"featured_media":0,"parent":47,"menu_order":0,"comment_status":"closed","ping_status":"closed","template":"","meta":{"cybocfi_hide_featured_image":"","footnotes":""},"class_list":["post-1505","page","type-page","status-publish"],"_links":{"self":[{"href":"https:\/\/escritoras-em-portugues.com\/pt_pt\/wp-json\/wp\/v2\/pages\/1505","targetHints":{"allow":["GET"]}}],"collection":[{"href":"https:\/\/escritoras-em-portugues.com\/pt_pt\/wp-json\/wp\/v2\/pages"}],"about":[{"href":"https:\/\/escritoras-em-portugues.com\/pt_pt\/wp-json\/wp\/v2\/types\/page"}],"author":[{"embeddable":true,"href":"https:\/\/escritoras-em-portugues.com\/pt_pt\/wp-json\/wp\/v2\/users\/3"}],"replies":[{"embeddable":true,"href":"https:\/\/escritoras-em-portugues.com\/pt_pt\/wp-json\/wp\/v2\/comments?post=1505"}],"version-history":[{"count":2,"href":"https:\/\/escritoras-em-portugues.com\/pt_pt\/wp-json\/wp\/v2\/pages\/1505\/revisions"}],"predecessor-version":[{"id":1774,"href":"https:\/\/escritoras-em-portugues.com\/pt_pt\/wp-json\/wp\/v2\/pages\/1505\/revisions\/1774"}],"up":[{"embeddable":true,"href":"https:\/\/escritoras-em-portugues.com\/pt_pt\/wp-json\/wp\/v2\/pages\/47"}],"wp:attachment":[{"href":"https:\/\/escritoras-em-portugues.com\/pt_pt\/wp-json\/wp\/v2\/media?parent=1505"}],"curies":[{"name":"wp","href":"https:\/\/api.w.org\/{rel}","templated":true}]}}