{"id":1503,"date":"2024-02-18T21:10:01","date_gmt":"2024-02-18T21:10:01","guid":{"rendered":"https:\/\/escritoras-em-portugues.com\/?page_id=1503"},"modified":"2024-06-04T22:02:54","modified_gmt":"2024-06-04T22:02:54","slug":"antonia-de-sao-caetano-soror","status":"publish","type":"page","link":"https:\/\/escritoras-em-portugues.com\/pt_pt\/xviii\/antonia-de-sao-caetano-soror\/","title":{"rendered":"Ant\u00f3nia de S\u00e3o Caetano, Soror"},"content":{"rendered":"<p><strong>NOME<\/strong> Ant\u00f3nia de S\u00e3o Caetano, Soror<\/p>\n<h4><strong>Elementos biogr\u00e1ficos<\/strong><\/h4>\n<p><strong>DATA DE NASCIMENTO<\/strong>\u00a0 S\u00e9culo XVIII<\/p>\n<p><strong>DATA DA MORTE<\/strong>\u00a0 S\u00e9culo XVIII<\/p>\n<h4><strong>Obra<\/strong><\/h4>\n<p><strong>OBRAS IMPRESSAS<\/strong><\/p>\n<blockquote><p><em>&#8220;<\/em>D\u00e9cima a Soror Violante do C\u00e9u<em>&#8221; <\/em>in.: Dr. Jos\u00e9 de Faria MANUEL,\u00a0<em>Terpsichore, Musa Academica na aula dos Generosos de Lisboa&#8230;, <\/em>Lisboa, Oficina de Ioam da Costa, 1766, p. 120.<\/p>\n<p>&#8220;D\u00e9cimas que as saudades s\u00e3o o maior gosto do amor com hum verso Castelhano, outro Portuguez<em>&#8221; <\/em>in.: Dr. Jos\u00e9 de Faria MANUEL,\u00a0<em>Terpsichore, Musa Academica na aula dos Generosos de Lisboa&#8230;, <\/em>Lisboa, Oficina de Ioam da Costa, 1766, p. 43.<\/p><\/blockquote>\n<h4><strong>Bibliografia:<\/strong><\/h4>\n<p><a href=\"http:\/\/ler.letras.up.pt\/uploads\/ficheiros\/4720.pdf\">MORUJ\u00c3O, Isabel, <i><span lang=\"PT\">Contributo para uma Bibliografia cronol\u00f3gica da Literatura Mon\u00e1stica Feminina Portuguesa dos s\u00e9culos XVII e XVIII (impressos), <\/span><\/i><span lang=\"PT\">Lisboa, Centro de Estudos de Hist\u00f3ria Religiosa, Universidade Cat\u00f3lica Portuguesa, 1995, p. 14.<\/span><\/a><\/p>\n<div><a name=\"OLE_LINK280\"><\/a><\/div>\n","protected":false},"excerpt":{"rendered":"<p>NOME Ant\u00f3nia de S\u00e3o Caetano, Soror Elementos biogr\u00e1ficos DATA DE NASCIMENTO\u00a0 S\u00e9culo XVIII DATA DA MORTE\u00a0 S\u00e9culo XVIII Obra OBRAS IMPRESSAS &#8220;D\u00e9cima a Soror Violante do C\u00e9u&#8221; in.: Dr. Jos\u00e9 de Faria MANUEL,\u00a0Terpsichore, Musa Academica na aula dos Generosos de Lisboa&#8230;, Lisboa, Oficina de Ioam da Costa, 1766, p. 120. &#8220;D\u00e9cimas que as saudades s\u00e3o &#8230; <a title=\"Ant\u00f3nia de S\u00e3o Caetano, Soror\" class=\"read-more\" href=\"https:\/\/escritoras-em-portugues.com\/pt_pt\/xviii\/antonia-de-sao-caetano-soror\/\" aria-label=\"Leia mais sobre Ant\u00f3nia de S\u00e3o Caetano, Soror\">Ler mais<\/a><\/p>\n","protected":false},"author":3,"featured_media":0,"parent":46,"menu_order":0,"comment_status":"closed","ping_status":"closed","template":"","meta":{"cybocfi_hide_featured_image":"","footnotes":""},"class_list":["post-1503","page","type-page","status-publish"],"_links":{"self":[{"href":"https:\/\/escritoras-em-portugues.com\/pt_pt\/wp-json\/wp\/v2\/pages\/1503","targetHints":{"allow":["GET"]}}],"collection":[{"href":"https:\/\/escritoras-em-portugues.com\/pt_pt\/wp-json\/wp\/v2\/pages"}],"about":[{"href":"https:\/\/escritoras-em-portugues.com\/pt_pt\/wp-json\/wp\/v2\/types\/page"}],"author":[{"embeddable":true,"href":"https:\/\/escritoras-em-portugues.com\/pt_pt\/wp-json\/wp\/v2\/users\/3"}],"replies":[{"embeddable":true,"href":"https:\/\/escritoras-em-portugues.com\/pt_pt\/wp-json\/wp\/v2\/comments?post=1503"}],"version-history":[{"count":4,"href":"https:\/\/escritoras-em-portugues.com\/pt_pt\/wp-json\/wp\/v2\/pages\/1503\/revisions"}],"predecessor-version":[{"id":1831,"href":"https:\/\/escritoras-em-portugues.com\/pt_pt\/wp-json\/wp\/v2\/pages\/1503\/revisions\/1831"}],"up":[{"embeddable":true,"href":"https:\/\/escritoras-em-portugues.com\/pt_pt\/wp-json\/wp\/v2\/pages\/46"}],"wp:attachment":[{"href":"https:\/\/escritoras-em-portugues.com\/pt_pt\/wp-json\/wp\/v2\/media?parent=1503"}],"curies":[{"name":"wp","href":"https:\/\/api.w.org\/{rel}","templated":true}]}}