{"id":1495,"date":"2024-02-18T20:32:24","date_gmt":"2024-02-18T20:32:24","guid":{"rendered":"https:\/\/escritoras-em-portugues.com\/?page_id=1495"},"modified":"2024-06-04T21:46:51","modified_gmt":"2024-06-04T21:46:51","slug":"leonarda-da-encarnacao-soror","status":"publish","type":"page","link":"https:\/\/escritoras-em-portugues.com\/pt_pt\/xvii\/leonarda-da-encarnacao-soror\/","title":{"rendered":"Leonarda da Encarna\u00e7\u00e3o, Soror"},"content":{"rendered":"<p><strong>NOME<\/strong> Leonarda da Encarna\u00e7\u00e3o, Soror<\/p>\n<h4><strong>Elementos biogr\u00e1ficos<\/strong><\/h4>\n<p><strong>DATA DE NASCIMENTO<\/strong>\u00a0 S\u00e9culo XVII<\/p>\n<p><strong>DATA DA MORTE<\/strong>\u00a0 S\u00e9culo XVII<\/p>\n<h4><strong>Obra<\/strong><\/h4>\n<p><strong>OBRAS IMPRESSAS<\/strong><\/p>\n<blockquote>\n<p style=\"font-weight: 400;\"><em>D\u00e9cimas da Senhora Leonarda da Encarna\u00e7\u00e3o, freira professa do Ros\u00e1rio<\/em><em>\u00a0<\/em>in.: Paulo Gon\u00e7alves de ANDRADE,\u00a0<em>V\u00e1rias Poesias<\/em>, Parte Primeira, Lisboa, Matheus Pinheiro, 1629.<\/p>\n<p><em>D\u00e9cima\u00a0<\/em>in.: Paulo Gon\u00e7alves de ANDRADE, V\u00e1rias poesias oferecidas a Francisco de Faria Severim Chantre na See d&#8217;Evora, Parte primeira, Lisboa, Oficina de Manoel Dias, 1658.<\/p><\/blockquote>\n<p>&nbsp;<\/p>\n<h4><strong>Bibliografia:<\/strong><\/h4>\n<p>MORUJ\u00c3O, Isabel, <i><span lang=\"PT\">Contributo para uma Bibliografia cronol\u00f3gica da Literatura Mon\u00e1stica Feminina Portuguesa dos s\u00e9culos XVII e XVIII (impressos), <\/span><\/i><span lang=\"PT\">Lisboa, Centro de Estudos de Hist\u00f3ria Religiosa, Universidade Cat\u00f3lica Portuguesa, 1995, p. 10; p. 13.<\/span><\/p>\n<div><a name=\"OLE_LINK280\"><\/a><\/div>\n","protected":false},"excerpt":{"rendered":"<p>NOME Leonarda da Encarna\u00e7\u00e3o, Soror Elementos biogr\u00e1ficos DATA DE NASCIMENTO\u00a0 S\u00e9culo XVII DATA DA MORTE\u00a0 S\u00e9culo XVII Obra OBRAS IMPRESSAS D\u00e9cimas da Senhora Leonarda da Encarna\u00e7\u00e3o, freira professa do Ros\u00e1rio\u00a0in.: Paulo Gon\u00e7alves de ANDRADE,\u00a0V\u00e1rias Poesias, Parte Primeira, Lisboa, Matheus Pinheiro, 1629. D\u00e9cima\u00a0in.: Paulo Gon\u00e7alves de ANDRADE, V\u00e1rias poesias oferecidas a Francisco de Faria Severim Chantre &#8230; <a title=\"Leonarda da Encarna\u00e7\u00e3o, Soror\" class=\"read-more\" href=\"https:\/\/escritoras-em-portugues.com\/pt_pt\/xvii\/leonarda-da-encarnacao-soror\/\" aria-label=\"Leia mais sobre Leonarda da Encarna\u00e7\u00e3o, Soror\">Ler mais<\/a><\/p>\n","protected":false},"author":3,"featured_media":0,"parent":47,"menu_order":0,"comment_status":"closed","ping_status":"closed","template":"","meta":{"cybocfi_hide_featured_image":"","footnotes":""},"class_list":["post-1495","page","type-page","status-publish"],"_links":{"self":[{"href":"https:\/\/escritoras-em-portugues.com\/pt_pt\/wp-json\/wp\/v2\/pages\/1495","targetHints":{"allow":["GET"]}}],"collection":[{"href":"https:\/\/escritoras-em-portugues.com\/pt_pt\/wp-json\/wp\/v2\/pages"}],"about":[{"href":"https:\/\/escritoras-em-portugues.com\/pt_pt\/wp-json\/wp\/v2\/types\/page"}],"author":[{"embeddable":true,"href":"https:\/\/escritoras-em-portugues.com\/pt_pt\/wp-json\/wp\/v2\/users\/3"}],"replies":[{"embeddable":true,"href":"https:\/\/escritoras-em-portugues.com\/pt_pt\/wp-json\/wp\/v2\/comments?post=1495"}],"version-history":[{"count":6,"href":"https:\/\/escritoras-em-portugues.com\/pt_pt\/wp-json\/wp\/v2\/pages\/1495\/revisions"}],"predecessor-version":[{"id":1787,"href":"https:\/\/escritoras-em-portugues.com\/pt_pt\/wp-json\/wp\/v2\/pages\/1495\/revisions\/1787"}],"up":[{"embeddable":true,"href":"https:\/\/escritoras-em-portugues.com\/pt_pt\/wp-json\/wp\/v2\/pages\/47"}],"wp:attachment":[{"href":"https:\/\/escritoras-em-portugues.com\/pt_pt\/wp-json\/wp\/v2\/media?parent=1495"}],"curies":[{"name":"wp","href":"https:\/\/api.w.org\/{rel}","templated":true}]}}