{"id":1452,"date":"2024-01-25T14:56:51","date_gmt":"2024-01-25T14:56:51","guid":{"rendered":"https:\/\/escritoras-em-portugues.com\/?page_id=1452"},"modified":"2024-06-04T22:42:03","modified_gmt":"2024-06-04T22:42:03","slug":"adelaide_cabete","status":"publish","type":"page","link":"https:\/\/escritoras-em-portugues.com\/pt_pt\/xix\/adelaide_cabete\/","title":{"rendered":"Adelaide Cabete"},"content":{"rendered":"<p><strong>NOME<\/strong> Adelaide Cabete<\/p>\n<p><strong>OUTROS NOME(S)<\/strong> Adelaide de Jesus Damas Braz\u00e3o e Cabete, Louise Michel<\/p>\n<p><strong>Elementos biogr\u00e1ficos<\/strong><\/p>\n<p><strong>PAI<\/strong> Ezequiel Duarte Braz\u00e3o<\/p>\n<p><strong>M\u00c3E<\/strong> Balbina dos Rem\u00e9dios Damas Braz\u00e3o<\/p>\n<p><strong>LOCAL DE NASCIMENTO<\/strong>\u00a0 Elvas, Alc\u00e1covas<\/p>\n<p><strong>DATA DE NASCIMENTO<\/strong>\u00a0 25 de Janeiro de 1867<\/p>\n<p><strong>LOCAL DE BAPTISMO<\/strong> Elvas, Alc\u00e1covas<\/p>\n<p><strong>DATA DE BAPTISMO<\/strong>\u00a0 7 de Fevereiro de 1867<\/p>\n<p><strong>LOCAL DA MORTE<\/strong> Lisboa, S\u00e3o Sebasti\u00e3o da Pedreira<\/p>\n<p><strong>PA\u00cdS ONDE NASCEU<\/strong> Portugal<\/p>\n<p><strong>PROFISS\u00c3O \/ CARGO \/ FUN\u00c7\u00c3O<\/strong> M\u00e9dica ginecologista; Professora no Instituto de Odivelas<\/p>\n<p><strong>DATA DA MORTE<\/strong> 14 de Setembro de 1935<\/p>\n<p><strong>ESTADO\u00a0<\/strong>Casada<\/p>\n<p><strong>C\u00d4NJUGUE<\/strong> Manuel Ramos Fernandes Cabette<\/p>\n<p><strong>LUGAR E DATA DE CASAMENTO<\/strong> Elvas, Alc\u00e1covas, 10 de Fevereiro de 1886<\/p>\n<p><strong>N\u00ba DE FILHOS<\/strong> 0<\/p>\n<p><strong>IDIOMAS<\/strong> Portugu\u00eas<\/p>\n<p><strong>Obra<\/strong><\/p>\n<blockquote><p><strong>OBRAS IMPRESSAS<\/strong><\/p>\n<p>\u201cA dobrez do homem: o pai e o marido perante a mulher\u201d, <em>Educa\u00e7\u00e3o Social<\/em>, n\u00ba 3, 15\/3\/1925, pp. 1-4<\/p>\n<p>\u201cA eug\u00e9nica e a eugen\u00e9tica\u201d, <em>Alma feminina<\/em>, n\u00ba 2, Mar\u00e7o e Abril de 1929, pp. 3.12<\/p>\n<p>\u201cA Mulher e a religi\u00e3o\u201d, Almanach Democr\u00e1tico, 1908, pp. 22-23<\/p>\n<p>\u201cA mulher na pol\u00edtica\u201d, <em>Almanaque das Senhoras para 1913<\/em> \u201cA paz e a crian\u00e7a\u201d [Confer\u00eancia realizada no Liceu Salvador Correia de Luanda, pela ilustre presidente do CNMP e presidida pelo Exm\u00ba Sr. Governador Geral, que fez a apresenta\u00e7\u00e3o da conferente], <em>Alma feminina<\/em> n\u00ba 1 e 2, Janeiro de Fevereiro de 1933, pp. 49-53;<\/p>\n<p>\u201cA tuberculose\u201d, <em>Boletim oficial do CNMP<\/em>, n\u00ba 1, A Fevereiro de 1915, pp. 4-6.<\/p>\n<p>\u201cAborto provocado\u201d, <em>A mulher e a crian\u00e7a<\/em>, n\u00ba 21, fev. 911, p. 4<\/p>\n<p>\u201cAlgumas palavras sobre a digest\u00e3o\u201d, <em>Alma feminina<\/em>, n\u00ba 5 e 6, Maio e Junho de 1921, pp. 26-28;<\/p>\n<p>\u201cAmamenta\u00e7\u00e3o artificial\u201d <em>Alma feminina<\/em>, n\u00ba 1, 1\u00ba trimestre de 1926, pp. 2-3<\/p>\n<p>\u201cAmamenta\u00e7\u00e3o maternal\u201d, <em>Alma feminina<\/em>, n\u00ba 3, 3\u00ba trimestre de 1925, pp. 19-22<\/p>\n<p>\u201cAmamenta\u00e7\u00e3o mercen\u00e1ria\u201d <em>Alma feminina<\/em>, n\u00ba 1, 1\u00ba trimestre de 1925, pp. 4-6<\/p>\n<p>\u201cAmamenta\u00e7\u00e3o mercen\u00e1ria\u201d, <em>O rebate<\/em>, 25\/2\/1928, p. 4<\/p>\n<p>\u201cCongresso internacional Feminista de Roma \u2013 Relat\u00f3rio da Delegada do Governo Portugu\u00eas, Dr\u00aa Adelaide Cabete\u201d, <em>Alma feminina<\/em>, n\u00ba 7 e 8, Julho e Agosto de 1923, pp. 32-41.<\/p>\n<p>\u201cCongresso internacional Feminista de Washington \u2013 Relat\u00f3rio da Delegada do Governo Portugu\u00eas entregue ao Exm.\u00ba Sr. ministro do Trabalho\u201d, <em>Alma feminina<\/em>, n\u00ba 4, 4\u00ba trimestre de 1925, pp. 25-28<\/p>\n<p>\u201cContra o Alcoolismo\u201d, <em>Alma feminina<\/em>, n\u00ba 3 e 4, Mar\u00e7o e Abril de 1924 pp. 15-18<\/p>\n<p>\u201cCulto da viol\u00eancia: escola do crime\u201d Educa\u00e7\u00e3o Social, 15\/2\/1926, pp. 3-4<\/p>\n<p>\u201cDi\u00e1logo entre m\u00e3e e filha\u201d <em>Alma feminina<\/em>, n\u00ba 5, Setembro e Outubro de 1927, pp. 42-44<\/p>\n<p>\u201cDiscurso pronunciado pela Delegada do Governo na sess\u00e3o solene de 6 de Maio de 1925 em Washington\u201d <em>Alma feminina<\/em>, n\u00ba 4, 4\u00ba trimestre de 1925, pp. 29-30<\/p>\n<p>\u201cDoen\u00e7as infecciosas transmitidas pelos animais\u201d, <em>Alma feminina<\/em>, n\u00ba 10, Outubro 1919, pp. 102-103<\/p>\n<p>\u201cDr.\u00aa Carmen Marques\u201d <em>Alma feminina<\/em>, n\u00ba 7 e 8 Julho e Agosto de 1930, pp. 24-25<\/p>\n<p>\u201cEfeitos nefastos do \u00e1lcool\u201d, <em>Alma feminina<\/em>, n\u00ba 11 e 12, Novembro e Dezembro de 1922, pp. 113-114<\/p>\n<p>\u201cEnsino Dom\u00e9stico em Portugal\u201d [relat\u00f3rio apresentado no Congresso de Gand, 1913, interm\u00e9dio da Liga Nacional de Instruc\u00e7\u00e3o], <em>Boletim Oficial do CNMP<\/em>, n\u00ba 7, Agosto, pp. 80-82<\/p>\n<p>\u201cHigiene \u2013 Doen\u00e7as contagiosas \u2013 II\u201d <em>Alma feminina<\/em>, n\u00ba 5, Maio 1919, pp. 49-50<\/p>\n<p>\u201cHigiene \u2013 Doen\u00e7as contagiosas \u2013 II\u201d, <em>Alma feminina<\/em>, n\u00ba 9, Setembro de 1917, pp. 99-118 e n\u00ba 10, Outubro de 1917, p.. 138-139, n\u00ba 2, Fevereiro de 1918, pp. 16-17<\/p>\n<p>\u201cHigiene &#8211; Doen\u00e7as ex\u00f3ticas\u201d, <em>Alma feminina<\/em>, n\u00ba 7, Julho 1918, p 72-73, n\u00ba 10, Outubro 1918, pp. 127-128<\/p>\n<p>\u201cHigiene &#8211; Doen\u00e7as infecciosas\u201d, <em>Alma feminina<\/em>, n\u00ba 12, Dezembro 1917, pp. 138-139<\/p>\n<p>\u201cHigiene &#8211; Doen\u00e7as infecciosas\u201d, <em>Alma feminina<\/em>, n\u00ba 6, Junho 1916, pp. 61-62, 1 Janeiro 1919, pp3-4; Junho 1919, p. 59, n\u00ba 7, Julho de 1919, pp. 69-70, n\u00ba 12 Dezembro 1919, p 124<\/p>\n<p>\u201cHigiene &#8211; Doen\u00e7as microbianas ind\u00edgenas\u201d, <em>Alma feminina<\/em>, n\u00ba 5, Maio de 1918, pp. 50-52<\/p>\n<p>\u201cHigiene \u2013 Marcha de uma infec\u00e7\u00e3o microbiana \u2013 IV\u201d <em>Alma feminina<\/em>, n\u00ba 4, Abril de 1917, pp. 40-42<\/p>\n<p>\u201cHigiene \u2013 Micr\u00f3bios \u2013 II\u201d, <em>Alma feminina<\/em>, n\u00ba 2, Fevereiro de 1917, pp. 16, 17 \u201cHigiene \u2013 Micr\u00f3bios e sua fisiologia III\u201d <em>Alma feminina<\/em>, n\u00ba 3, Mar\u00e7o de 1917, pp. 28-30<\/p>\n<p>\u201cHigiene da Alma\u201d <em>Alma feminina<\/em>, n\u00ba 2, Mar\u00e7o e Abril de 1926, pp. 13-16<\/p>\n<p>\u201cHigiene -Doen\u00e7as Contagiosas ind\u00edgenas\u201d, <em>Alma feminina<\/em>, n\u00ba 4, Abril de 1918, pp. 40-41<\/p>\n<p>\u201cHigiene na alimenta\u00e7\u00e3o\u201d, <em>Alma feminina<\/em>, n\u00ba 1 e 2, Janeiro e Fevereiro, pp. 7 e 8; e n\u00ba 7 e 8, Julho e Agosto de 1929, pp36-37.<\/p>\n<p>\u201cHigiene- Quisto hid\u00e1tico\u201d, <em>Alma feminina<\/em>, n\u00ba 11, Novembro 1919, pp. 113-114<\/p>\n<p>\u201cJusta homenagem\u201d <em>Alma feminina<\/em>, n\u00ba 6, Novembro e Dezembro de 1927, p. 49.<\/p>\n<p>\u201cNecessidade de repouso nas mulheres gr\u00e1vidas\u201d, <em>Alma feminina<\/em>, n\u00ba 11 e 12, Novembro e Dezembro 1921, pp. 55-56<\/p>\n<p>\u201cO \u00e1lcool n\u00e3o \u00e9 um alimento\u201d, <em>Alma feminina<\/em>, n\u00ba 7 e 8, Julho e Agosto de 1922, pp. 93-94<\/p>\n<p>\u201cO Alcoolismo\u201d <em>Boletim do CNMP<\/em>, n\u00ba3, Agosto 1915, pp. 27-29 e n\u00ba 7, Agosto 1916, pp. 75-76<\/p>\n<p>\u201cO Conselho\u201d, <em>Alma feminina<\/em>, n\u00ba5 e 6, Maio e Junho de 1930, pp. 21-23, n\u00ba 7 e 8, Julho e Agosto de 1930, pp. 29-30, n\u00ba 9 e 10, Setembro e Outubro de 1930, pp. 38-39-<\/p>\n<p>\u201cO ensino da puericultura na escola infantil, <em>Alma feminina<\/em>, n\u00ba 2, Mar\u00e7o e Abril de 1928, p. 10-13 \u201cO Espartilho\u201d, <em>Portugal Feminino<\/em>, n\u00ba 12, Janeiro de 1931, p. 8<\/p>\n<p>\u201cO horror \u00e0 palavra feminismo\u201d <em>Alma feminina<\/em>, n\u00ba 6, Novembro e Dezembro de 1928, pp. 9-11 \u201cO organismo humano\u201d, <em>Alma feminina<\/em>, n\u00ba 3 e 4, Mar\u00e7o e Abril de 1921, pp. 14-16<\/p>\n<p>\u201cOs brinquedos do Natal\u201d <em>Alma feminina<\/em>, n\u00ba 1 e 2, Janeiro e Fevereiro de 1932, pp. 1-2 \u201cPolicia feminina, <em>Alma feminina<\/em>, n\u00ba 3, 3\u00ba trimestre de 1926, pp. 23-26<\/p>\n<p><em>\u201c<\/em><em>Policia feminina\u201d Teses Abolicionistas enviadas pelo Conselho nacional das Mulheres Portuguesas ao primeiro Congresso Nacional Abolicionista<\/em>, Lisboa, Oficinas Gr\u00e1ficas do Instituto Profissional dos Pupilos do Ex\u00e9rcito, 1926, pp. 23-25<\/p>\n<p>\u201cPsicologia do Preto\u201d, <em>Alma feminina<\/em>, n\u00ba 3 e 4, Mar\u00e7o e Abril de 1934, pp. 102-103<\/p>\n<p>\u201cQual dever\u00e1 ser o tempo a prescrever para o repouso da mulher gr\u00e1vida\u201d, <em>Alma feminina<\/em>, n\u00ba 3 e 4, Mar\u00e7o e Abril de 1920, pp. 17-18<\/p>\n<p>\u201cRelat\u00f3rio da sec\u00e7\u00e3o da Paz\u201d <em>Alma feminina<\/em>, n\u00ba 1 Janeiro e Fevereiro de 1928, p. 7 \u201cSaias curtas\u201d, <em>Portugal feminino<\/em>, n\u00ba 7, Agosto de 1930, p. 6<\/p>\n<p>\u201cSelec\u00e7\u00e3o humana\u201d [Confer\u00eancia realizada em Luanda no Liceu Salvador Correia], <em>Alma feminina<\/em>, n\u00ba 3 e 4, Mar\u00e7o e Abril de 1931, pp. 9 e 10., n\u00ba 5 e 6, Maio e Junho de 1931, pp. 20-22 e n\u00ba 7 e 8. Julho e Agosto de 1931, pp. 27-28<\/p>\n<p>\u201cTuberculose \u2013 III\u201d, <em>Boletim oficial do CNMP<\/em>, n\u00ba 2, Maio 1915, pp. 16-17 <em>A luta antialco\u00f3lica nas Escolas<\/em>, Tip. da Casa Garrett, 1924<\/p>\n<p><em>Congresso Internacional Feminista de Roma (relat\u00f3rio da Delegada Oficial do Governo Portugu\u00eas<\/em>, Lisboa, Oficinas Gr\u00e1ficas do Instituto Profissional dos Pupilos do Ex\u00e9rcito, 1923<\/p>\n<p><em>Discurso pronunciado na sess\u00e3o inaugural do Primeiro Congresso Feminista Portugu\u00eas<\/em>, Lisboa, [s.n.], 1925 <em>Eug\u00e9nica e Eugen\u00e9tica<\/em>, Lisboa, Artegrafica, 1929.<\/p>\n<p><em>Higiene e puericultura<\/em> [Programa do curso realizado na Universidade Popular Portuguesa], Lisboa, Universidade Popular Portuguesa,1924-25<\/p>\n<p><em>O Congresso Internacional Feminista de Roma<\/em>, Lisboa, Of. Gr\u00e1f. do Inst. Prof. Pupilos do Ex\u00e9rcito, 1923.<\/p>\n<p><em>O ensino da puericultura na escola infantil<\/em>, Lisboa, Tip. Da Cooperativa militar, 1928<\/p>\n<p><em>O Ensino Dom\u00e9stico em Portugal<\/em>, Lisboa, Tipografia da Cooperativa Militar, 1923<\/p>\n<p><em>Protec\u00e7\u00e3o \u00e0 mulher gr\u00e1vida e \u00e0 crian\u00e7a<\/em>, Lisboa, Tipografia da Casa Garret, 1924<\/p>\n<p><em>Protec\u00e7\u00e3o \u00e0s mulheres gr\u00e1vidas pobres como meio de promover o desenvolvimento f\u00edsico de novas gera\u00e7\u00f5es<\/em> [Tese], Lisboa, Escola m\u00e9dico-cir\u00fargica, 1900<\/p>\n<p><em>Relat\u00f3rio do Congresso internacional Feminista de Washington<\/em>, Lisboa, Oficinas Gr\u00e1ficas do Instituto Profissional dos Pupilos do Ex\u00e9rcito, 1926.<\/p><\/blockquote>\n<p><strong>BIBLIOGRAFIA<\/strong><\/p>\n<p>\u201cAdelaide Cabete, m\u00e9dica elvense\u201d, <em>A Fronteira<\/em>, 4 de Maio de 1924.<\/p>\n<p>&#8220;Doutora Adelaide Cabete&#8221;<em> A Mulher e a Crian\u00e7a<\/em>, n\u00ba 18, \u00a01910, pp. 2-3.<\/p>\n<p>&#8220;Dr\u00aa Adelaide Cabete&#8221;\u00a0<em>Alma Feminina, <\/em>n\u00ba 9-10, 1934, pp. 121-122.<\/p>\n<p>BEIR\u00c3O, Sara &#8220;Dr.\u00aa Adelaide Cabete&#8221;\u00a0<em>Alma Feminina,\u00a0<\/em>n\u00ba 11-12, 1935, p. 1; <em>Alma Feminina,\u00a0<\/em>n\u00ba 1-2, 1936.<\/p>\n<p>CASTRO, Z\u00edlia Os\u00f3rio de e Jo\u00e3o Esteves, <em>Dicion\u00e1rio no Feminino (S\u00e9culos XIX &#8211; XX)<\/em>, Lisboa, Livros Horizonte 2005.<\/p>\n<p>COSTA, Fernando Marques da\u00a0<em>A Ma\u00e7onaria Feminina,\u00a0<\/em>Lisboa, 1979.<\/p>\n<p>EDUARDO, Joaquim M\u00e1rio Cortes, <em>Adelaide Cabete (1867-1935): biografia de uma professora feminista<\/em>, Lisboa, Disserta\u00e7\u00e3o de Mestrado, Universidade Aberta, 2004.<\/p>\n<p>ESTEVES, Jo\u00e3o,\u00a0<em>A Liga Republicana das Mulheres Portuguesas &#8211; uma organiza\u00e7\u00e3o pol\u00edtica e feminista (1909-1919),\u00a0<\/em>Lisboa, 1992.<\/p>\n<p>ESTEVES, Jo\u00e3o &#8220;Adelaide Cabete&#8221; in.: Ant\u00f3nio N\u00d3VOA (dir.)\u00a0<em>Dicion\u00e1rio de Educadores<\/em> Portugueses, Porto, ASA, 2003, pp. 203-206.<\/p>\n<p>GORJ\u00c3O, Vanda, <em>A reivindica\u00e7\u00e3o do voto no programa do Conselho Nacional das Mulheres Portuguesas (1914-1918)<\/em>, Lisboa: ONGS da CIDM, 1994.<\/p>\n<p>GUIMAR\u00c3ES, Elina &#8220;Uma alma de mulher &#8211; a Dr.\u00aa Adelaide Cabete&#8221; <em>Portugal Feminino<\/em> n\u00ba 70<i>, <\/i>1935.<\/p>\n<p>LAMAS, Rosemarie Wank-Nolasco <em>Mulheres para al\u00e9m do seu Tempo, <\/em>Lisboa, 1995.<\/p>\n<p>LIMA, Adolfo &#8220;Adelaide de Jesus Damas Braz\u00e3o Cabete&#8221; <em>Enciclop\u00e9dia Pedag\u00f3gica Progredior, <\/em>Porto, s. d., pp. 564-565.<\/p>\n<p>LOUSADA, Isabel, &#8220;A batalha de Adelaide Cabete em A Batalha &#8211; higienismo no feminino&#8221;, <em>Quem tem medos dos feminismos, Congresso Feminista 2008<\/em>, Funchal, Congresso Feminista 2010, pp. 163-173.<\/p>\n<p>LOUSADA, Isabel, \u201cAdelaide Cabete: entre a Eug\u00e9nica e a Eugen\u00e9tica na Defesa da Res publica\u201d, <em>Letras &amp; ci\u00eancias: as duas culturas de Filipe Furtado<\/em>, Casal de Cambra, s.n., 2009, pp. 513-531<\/p>\n<p>LOUSADA, Isabel, \u201cDa presen\u00e7a feminina nas Letras &amp; Ci\u00eancias: o pioneirismo de Adelaide Cabete\u201d, F<em>APA: Ci\u00eancias &amp; Letras<\/em>, n\u00ba 53, 2013, pp. 113-132.<\/p>\n<p>LOUSADA, Isabel, \u201cEm fazenda verde-rubras\u201d, in AAVV., <em>A Ma\u00e7onaria e a Implanta\u00e7\u00e3o da Rep\u00fablica<\/em>, Lisboa, Funda\u00e7\u00e3o M\u00e1rio Soares \/ GOL, 2009, pp. 78-87.<\/p>\n<p>LOUSADA, Isabel, <em>Adelaide Cabete, 1867-1935<\/em>, Lisboa, Comiss\u00e3o para a Cidadania e a Igualdade de G\u00e9nero, 2010<\/p>\n<p>LOUSADA, Isabel, <em>Perfil de uma pioneira: Adelaide Cabete, 1867-1935<\/em>, Lisboa, Fonte da Palavra &#8211; Associa\u00e7\u00e3o Cedro, 2011.<\/p>\n<p>NEVES, Helena &#8220;Para a Hist\u00f3ria dos Movimentos de Mulheres em Portugal IX-X&#8221;, <em>Mulheres,<\/em> n\u00ba 28 e n\u00ba 29, 1980.<\/p>\n<p>PEDRO, Risoleta C. Pinto, <em>Adelaide Cabete e a palavra encontrada, hist\u00f3ria de uma fundadora<\/em>, Lisboa, Padr\u00f5es Culturais, 2010<\/p>\n<p>SAMARA, Maria Alice, \u201cAdelaide Cabete: a incans\u00e1vel lutadora\u201d, in Maria Alice Samara, <em>Oper\u00e1rias e Burguesas \u2013 As mulheres no tempo da Rep\u00fablica<\/em>, Lisboa, A Esfera dos Livros, 2007, pp. 97-111<\/p>\n<p>SILVA, Alda Pereira da, CASACA, Cec\u00edlia, MASCARENHAS, Jo\u00e3o M\u00e1rio, <em>Adelaide Cabete, alma de mulher<\/em>, Lisboa, C\u00e2mara Municipal de Lisboa, 1997.<\/p>\n<p>SILVA, Maria Regina Tavares da, <em>Feminismo em Portugal na Voz de Mulheres escritoras do in\u00edcio do s\u00e9culo XX<\/em>, 2\u00aa edi\u00e7\u00e3o, Lisboa, 1992.<\/p>\n<p>SILVA, Maria Regina Tavares da, &#8220;Adelaide Cabete (1867-1935)&#8221; <em>Mulheres Portuguesas &#8211; Vidas e Obras Celebradas &#8211; Vidas e Obras Ignoradas, <\/em>Lisboa, s. d., pp. 69-76.<\/p>\n<p>URBANO, Pedro, \u201cAdelaide Cabete e a g\u00e9nese da Pol\u00edcia feminina\u201d, <em>Pol\u00edcia(s) e Seguran\u00e7a P\u00fablica: Hist\u00f3rias e Perspectivas Contempor\u00e2neas, <\/em>Rollo, M. F., Gomes, P. M. &amp; Cueto Rodr\u00edguez, A. (eds.), Lisboa, Museu da Pol\u00edcia, 2020, p. 217-233<\/p>\n<p>VENTURA, Ant\u00f3nio, <em>A Ma\u00e7onaria no Distrito de Portalegre<\/em>, Caleidosc\u00f3pio &#8211; Edi\u00e7\u00e3o e Artes Gr\u00e1ficas, S.A., Maio de 2007<\/p>\n<p>VILHENA, Henrique de \u201cAdelaide Cabette\u201d in <em>Em Mem\u00f3ria<\/em>. Lisboa, Livraria Nacional, 1940, pp. 160-184.<\/p>\n<p><strong>OBSERVA\u00c7\u00d5ES<\/strong><\/p>\n<p>Assist\u00eancia Infantil de Santa Isabel<\/p>\n<p>Direc\u00e7\u00e3o do Centro Nacional de Avia\u00e7\u00e3o<\/p>\n<p>Vogal do Comit\u00e9 Portugu\u00eas da Associa\u00e7\u00e3o francesa <em>La Paix<\/em> e <em>Le D\u00e9sarmement par les Femmes<\/em><\/p>\n<p>Ma\u00e7on<\/p>\n<p>Grupo Portugu\u00eas de Estudos Feministas<\/p>\n<p>Funda\u00e7\u00e3o da Liga Republicana das Mulheres Portuguesas<\/p>\n<p>Conselho Nacional das Mulheres Portuguesas<\/p>\n<p>Congressos Feministas<\/p>\n<p>Congresso Feminino em Roma<\/p>\n<p>Congresso Internacional Feminista de Washington<\/p>\n<p>Centro Democr\u00e1tico Republicano<\/p>\n<p>&nbsp;<\/p>\n<p>&nbsp;<\/p>\n<p>&nbsp;<\/p>\n<p>&nbsp;<\/p>\n<p>&nbsp;<\/p>\n<p>&nbsp;<\/p>\n","protected":false},"excerpt":{"rendered":"<p>NOME Adelaide Cabete OUTROS NOME(S) Adelaide de Jesus Damas Braz\u00e3o e Cabete, Louise Michel Elementos biogr\u00e1ficos PAI Ezequiel Duarte Braz\u00e3o M\u00c3E Balbina dos Rem\u00e9dios Damas Braz\u00e3o LOCAL DE NASCIMENTO\u00a0 Elvas, Alc\u00e1covas DATA DE NASCIMENTO\u00a0 25 de Janeiro de 1867 LOCAL DE BAPTISMO Elvas, Alc\u00e1covas DATA DE BAPTISMO\u00a0 7 de Fevereiro de 1867 LOCAL DA MORTE &#8230; <a title=\"Adelaide Cabete\" class=\"read-more\" href=\"https:\/\/escritoras-em-portugues.com\/pt_pt\/xix\/adelaide_cabete\/\" aria-label=\"Leia mais sobre Adelaide Cabete\">Ler mais<\/a><\/p>\n","protected":false},"author":1,"featured_media":0,"parent":48,"menu_order":0,"comment_status":"closed","ping_status":"closed","template":"","meta":{"cybocfi_hide_featured_image":"","footnotes":""},"class_list":["post-1452","page","type-page","status-publish"],"_links":{"self":[{"href":"https:\/\/escritoras-em-portugues.com\/pt_pt\/wp-json\/wp\/v2\/pages\/1452","targetHints":{"allow":["GET"]}}],"collection":[{"href":"https:\/\/escritoras-em-portugues.com\/pt_pt\/wp-json\/wp\/v2\/pages"}],"about":[{"href":"https:\/\/escritoras-em-portugues.com\/pt_pt\/wp-json\/wp\/v2\/types\/page"}],"author":[{"embeddable":true,"href":"https:\/\/escritoras-em-portugues.com\/pt_pt\/wp-json\/wp\/v2\/users\/1"}],"replies":[{"embeddable":true,"href":"https:\/\/escritoras-em-portugues.com\/pt_pt\/wp-json\/wp\/v2\/comments?post=1452"}],"version-history":[{"count":9,"href":"https:\/\/escritoras-em-portugues.com\/pt_pt\/wp-json\/wp\/v2\/pages\/1452\/revisions"}],"predecessor-version":[{"id":1888,"href":"https:\/\/escritoras-em-portugues.com\/pt_pt\/wp-json\/wp\/v2\/pages\/1452\/revisions\/1888"}],"up":[{"embeddable":true,"href":"https:\/\/escritoras-em-portugues.com\/pt_pt\/wp-json\/wp\/v2\/pages\/48"}],"wp:attachment":[{"href":"https:\/\/escritoras-em-portugues.com\/pt_pt\/wp-json\/wp\/v2\/media?parent=1452"}],"curies":[{"name":"wp","href":"https:\/\/api.w.org\/{rel}","templated":true}]}}