{"id":1446,"date":"2024-01-23T15:52:46","date_gmt":"2024-01-23T15:52:46","guid":{"rendered":"https:\/\/escritoras-em-portugues.com\/?page_id=1446"},"modified":"2024-06-04T22:46:27","modified_gmt":"2024-06-04T22:46:27","slug":"mariana-das-dores-de-melo-4a-condessa-de-murca-e-9-condessa-de-sabugosa","status":"publish","type":"page","link":"https:\/\/escritoras-em-portugues.com\/pt_pt\/xix\/mariana-das-dores-de-melo-4a-condessa-de-murca-e-9-condessa-de-sabugosa\/","title":{"rendered":"Mariana das Dores de Melo, 4\u00aa Condessa de Mur\u00e7a e 9\u00aa Condessa de Sabugosa"},"content":{"rendered":"<p><strong>NOME<\/strong> Mariana das Dores de Melo<\/p>\n<p><strong>OUTROS NOME(S) <\/strong><span class=\"name-list\"><span class=\"link\">Mariana das Dores de Melo e Abreu Soares de Brito Barbosa Palha de Vasconcelos Guedes, 4\u00aa Condessa de Mur\u00e7a, 9\u00aa Condessa de Sabugosa<\/span><\/span><\/p>\n<p><strong>Elementos biogr\u00e1ficos<\/strong><\/p>\n<p><strong>PAI <\/strong><span class=\"name-list\"><span class=\"link\">Jo\u00e3o Jos\u00e9 Maria de Melo Abreu Soares de Vasconcelos Brito Barbosa e Palha, 3\u00ba conde de Mur\u00e7a (1820-1869)<\/span><\/span><\/p>\n<p><strong>M\u00c3E <\/strong><span class=\"name-list\"><span class=\"link\">Ana de Sousa Coutinho Monteiro Paim (1820-1886)<\/span><\/span><\/p>\n<p><strong>LOCAL DE NASCIMENTO<\/strong>\u00a0 Lisboa, Lapa<\/p>\n<p><strong>DATA DE NASCIMENTO<\/strong>\u00a0 26 de Abril de 1856<\/p>\n<p><strong>LOCAL DE BAPTISMO<\/strong>\u00a0 Lisboa, Lapa<\/p>\n<p><strong>DATA DE BAPTISMO<\/strong>\u00a0 3 de Maio de 1856<\/p>\n<p><strong>LOCAL DA MORTE<\/strong> Lisboa<\/p>\n<p><strong>PA\u00cdS ONDE NASCEU<\/strong> Portugal<\/p>\n<p><strong>PROFISS\u00c3O \/ CARGO \/ FUN\u00c7\u00c3O<\/strong> Dama camarista da Rainha D. Am\u00e9lia<\/p>\n<p><strong>DATA DA MORTE<\/strong> 13 de Outubro de 1852<\/p>\n<p><strong>ESTADO <\/strong>Casada<\/p>\n<p><strong>C\u00d4NJUGUE <\/strong><span class=\"name-list\"><span class=\"link\">Ant\u00f3nio Maria Vasco de Melo Silva C\u00e9sar e Meneses, 9\u00ba conde de Sabugosa, veador, e mordomo-mor da Rainha D. Am\u00e9lia, mordomo-mor do Rei D. Carlos (1854-1923)<\/span><\/span><\/p>\n<p><strong>LUGAR E DATA DE CASAMENTO<\/strong> Lisboa, Santos, 1876<\/p>\n<p><strong>N\u00ba DE FILHOS<\/strong> 7<\/p>\n<p><strong>FILHOS<\/strong><\/p>\n<p>Ant\u00f3nio Vasco de Melo da Silva C\u00e9sar e Menezes, 12\u00ba conde de S\u00e3o Louren\u00e7o<\/p>\n<p>Ana de Melo<\/p>\n<p>Maria do Carmo de Melo<\/p>\n<p>Jo\u00e3o de Melo<\/p>\n<p>Isabel Teresa Jesus de Melo<\/p>\n<p>Jorge Maria de Melo, 5\u00ba conde de Mur\u00e7a<\/p>\n<p>Pedro de Melo<\/p>\n<p><strong>IDIOMAS<\/strong> Portugu\u00eas, Franc\u00eas<\/p>\n<p><strong>Obra<\/strong><\/p>\n<p><strong>OBRAS MANUSCRITAS<\/strong><\/p>\n<blockquote><p><em>Di\u00e1rios<\/em>, 1895-1902, Associa\u00e7\u00e3o Cultural Sabugosa e S\u00e3o Louren\u00e7o<\/p><\/blockquote>\n<p><strong>BIBLIOGRAFIA\u00a0<\/strong><\/p>\n<p>URBANO, Pedro, &#8220;Escrita \u00edntima: o di\u00e1rio da Condessa de Sabugosa e de Mur\u00e7a (1856-1952)&#8221; in <em>O Feminino nos Arquivos: abordagens e problematiza\u00e7\u00f5es,<\/em> eds. Moscatel, C., Sousa Freitas, S. &amp; Couto, J., Ponta Delgada: Biblioteca P\u00fablica e Arquivo Regional de Ponta Delgada, 2021, <span class=\"pages\">pp. 13-25.<\/span><\/p>\n<p class=\"title\">URBANO, Pedro, \u201cNos bastidores da Corte\u201d: o Rei e a Casa Real na crise da Monarquia 1889-1908, Tese de Doutoramento em C\u00ee\u00eancias Hist\u00f3ricas, Universidade Nova de Lisboa, 2014.<\/p>\n","protected":false},"excerpt":{"rendered":"<p>NOME Mariana das Dores de Melo OUTROS NOME(S) Mariana das Dores de Melo e Abreu Soares de Brito Barbosa Palha de Vasconcelos Guedes, 4\u00aa Condessa de Mur\u00e7a, 9\u00aa Condessa de Sabugosa Elementos biogr\u00e1ficos PAI Jo\u00e3o Jos\u00e9 Maria de Melo Abreu Soares de Vasconcelos Brito Barbosa e Palha, 3\u00ba conde de Mur\u00e7a (1820-1869) M\u00c3E Ana de &#8230; <a title=\"Mariana das Dores de Melo, 4\u00aa Condessa de Mur\u00e7a e 9\u00aa Condessa de Sabugosa\" class=\"read-more\" href=\"https:\/\/escritoras-em-portugues.com\/pt_pt\/xix\/mariana-das-dores-de-melo-4a-condessa-de-murca-e-9-condessa-de-sabugosa\/\" aria-label=\"Leia mais sobre Mariana das Dores de Melo, 4\u00aa Condessa de Mur\u00e7a e 9\u00aa Condessa de Sabugosa\">Ler mais<\/a><\/p>\n","protected":false},"author":1,"featured_media":0,"parent":48,"menu_order":0,"comment_status":"closed","ping_status":"closed","template":"","meta":{"cybocfi_hide_featured_image":"","footnotes":""},"class_list":["post-1446","page","type-page","status-publish"],"_links":{"self":[{"href":"https:\/\/escritoras-em-portugues.com\/pt_pt\/wp-json\/wp\/v2\/pages\/1446","targetHints":{"allow":["GET"]}}],"collection":[{"href":"https:\/\/escritoras-em-portugues.com\/pt_pt\/wp-json\/wp\/v2\/pages"}],"about":[{"href":"https:\/\/escritoras-em-portugues.com\/pt_pt\/wp-json\/wp\/v2\/types\/page"}],"author":[{"embeddable":true,"href":"https:\/\/escritoras-em-portugues.com\/pt_pt\/wp-json\/wp\/v2\/users\/1"}],"replies":[{"embeddable":true,"href":"https:\/\/escritoras-em-portugues.com\/pt_pt\/wp-json\/wp\/v2\/comments?post=1446"}],"version-history":[{"count":4,"href":"https:\/\/escritoras-em-portugues.com\/pt_pt\/wp-json\/wp\/v2\/pages\/1446\/revisions"}],"predecessor-version":[{"id":1901,"href":"https:\/\/escritoras-em-portugues.com\/pt_pt\/wp-json\/wp\/v2\/pages\/1446\/revisions\/1901"}],"up":[{"embeddable":true,"href":"https:\/\/escritoras-em-portugues.com\/pt_pt\/wp-json\/wp\/v2\/pages\/48"}],"wp:attachment":[{"href":"https:\/\/escritoras-em-portugues.com\/pt_pt\/wp-json\/wp\/v2\/media?parent=1446"}],"curies":[{"name":"wp","href":"https:\/\/api.w.org\/{rel}","templated":true}]}}