{"id":1439,"date":"2024-01-23T14:14:36","date_gmt":"2024-01-23T14:14:36","guid":{"rendered":"https:\/\/escritoras-em-portugues.com\/?page_id=1439"},"modified":"2024-06-04T22:08:14","modified_gmt":"2024-06-04T22:08:14","slug":"leonor-da-camara-1a-marquesa-de-ponta-delgada","status":"publish","type":"page","link":"https:\/\/escritoras-em-portugues.com\/pt_pt\/xviii\/leonor-da-camara-1a-marquesa-de-ponta-delgada\/","title":{"rendered":"Leonor da C\u00e2mara, 1\u00aa Marquesa de Ponta Delgada"},"content":{"rendered":"<p><strong>NOME<\/strong> Leonor da C\u00e2mara<\/p>\n<p><strong>OUTROS NOME(S)<\/strong> Leonor Maria da C\u00e2mara, 1\u00aa Marquesa de Ponta Delgada<\/p>\n<p><strong>Elementos biogr\u00e1ficos<\/strong><\/p>\n<p><strong>PAI<\/strong> Lu\u00eds Ant\u00f3nio Jos\u00e9 Maria da C\u00e2mara, 6\u00ba conde da Ribeira Grande (1754-1802)<\/p>\n<p><strong>M\u00c3E<\/strong> Maria Rita de Almeida e Lorena (1751-1786)<\/p>\n<p><strong>LOCAL DE BAPTISMO<\/strong>\u00a0 Lisboa, Alc\u00e2ntara<\/p>\n<p><strong>DATA DE BAPTISMO<\/strong> 30 de Maio de 1781<\/p>\n<p><strong>LOCAL DA MORTE<\/strong> Lisboa<\/p>\n<p><strong>PA\u00cdS ONDE NASCEU<\/strong> Portugal<\/p>\n<p><strong>PROFISS\u00c3O \/ CARGO \/ FUN\u00c7\u00c3O<\/strong> Dama da rainha D. Carlota Joaquina, Preceptora da rainha D. Maria II<\/p>\n<p><strong>DATA DA MORTE<\/strong> 27 de Mar\u00e7o de 1850<\/p>\n<p><strong>ESTADO <\/strong>Solteira<\/p>\n<p><strong>IDIOMAS<\/strong> Portugu\u00eas, Latim, Franc\u00eas, Ingl\u00eas<\/p>\n<p><strong>Obra<\/strong><\/p>\n<p><strong>OBRAS MANUSCRITAS<\/strong><\/p>\n<blockquote><p>Arquivo Hist\u00f3rico Parlamentar, DC, cx. 4, doc. 144<\/p>\n<p>Arquivo Hist\u00f3rico Parlamentar, DC, cx. 4, doc. 148<\/p>\n<p>Arquivo Nacional \/ Torre do Tombo, Casa Fronteira e Alorna, n\u00ba 225<\/p><\/blockquote>\n<p><strong>OBRAS IMPRESSAS<\/strong><\/p>\n<blockquote><p><em>Gratid\u00e3o e galantaria da corte imperial para com a Excellentissima Dona Leonor da\u00a0Cama<\/em>r<em>a, Dama de S. M. a Rainha de Portugal,<\/em> (s.d.): s.l., s.e.<\/p>\n<p><em>Lettre de Dona Leonor da Camara a sa Majest\u00e9 l\u2019empereur\u00a0Don Pedro,<\/em>\u00a0Lisboa, Officina de Jos\u00e9 Baptista Morando, 1833<\/p>\n<p><em>Lettres de Dona Leonor da C\u00e2mara,<\/em>\u00a0Paris, Impremier de S\u00e9tier ,1833<\/p><\/blockquote>\n<p><strong>BIBLIOGRAFIA\u00a0<\/strong><\/p>\n<p>FERREIRA, Manuel, <em>A ilustre Marquesa de Ponta Delgada,<\/em>\u00a0 Ponta Delgada, [s.n.], 1991<\/p>\n<p>MAUR\u00cdCIO, Domingos, \u201cA preceptora da D. Maria II &#8211; I\u201d, <em>Brot\u00e9ria, Revista Contempor\u00e2nea de Cultura<\/em>, vol. XVI, fasc.5, 1933, pp. 305-318<\/p>\n<p>MAUR\u00cdCIO, Domingos, \u201cA preceptora da D. Maria II- II\u201d, <em>Brot\u00e9ria, Revista Contempor\u00e2nea de Cultura<\/em>, vol. XVII, fasc. 2-3, 1933, pp. 103-116<\/p>\n<p>MAUR\u00cdCIO, Domingos, \u201cA preceptora da D. Maria II- III\u201d, <em>Brot\u00e9ria, Revista Contempor\u00e2nea de Cultura<\/em>, vol. XVII, fasc. 5, 1933, pp. 273-289<\/p>\n<p>MAUR\u00cdCIO, Domingos, \u201cA preceptora da D. Maria II- IV\u201d, <em>Brot\u00e9ria, Revista Contempor\u00e2nea de Cultura<\/em>, vol. XVII, fasc. 6, 1933, pp. 348-357<\/p>\n<p>URBANO, Pedro, &#8220;Educating a constitutionalist queen: networks in conflict around Leonor da C\u00e2mara&#8221; <em>Redes y escritoras ib\u00e9ricas en la esfera cultural de la primera Edad Moderna.<\/em> Martos, M. (ed.). Madrid, Iberoamericana Vervuert, 2021, <span class=\"pages\">p. 129-147<\/span><\/p>\n<p>&nbsp;<\/p>\n","protected":false},"excerpt":{"rendered":"<p>NOME Leonor da C\u00e2mara OUTROS NOME(S) Leonor Maria da C\u00e2mara, 1\u00aa Marquesa de Ponta Delgada Elementos biogr\u00e1ficos PAI Lu\u00eds Ant\u00f3nio Jos\u00e9 Maria da C\u00e2mara, 6\u00ba conde da Ribeira Grande (1754-1802) M\u00c3E Maria Rita de Almeida e Lorena (1751-1786) LOCAL DE BAPTISMO\u00a0 Lisboa, Alc\u00e2ntara DATA DE BAPTISMO 30 de Maio de 1781 LOCAL DA MORTE Lisboa &#8230; <a title=\"Leonor da C\u00e2mara, 1\u00aa Marquesa de Ponta Delgada\" class=\"read-more\" href=\"https:\/\/escritoras-em-portugues.com\/pt_pt\/xviii\/leonor-da-camara-1a-marquesa-de-ponta-delgada\/\" aria-label=\"Leia mais sobre Leonor da C\u00e2mara, 1\u00aa Marquesa de Ponta Delgada\">Ler mais<\/a><\/p>\n","protected":false},"author":1,"featured_media":0,"parent":46,"menu_order":0,"comment_status":"closed","ping_status":"closed","template":"","meta":{"cybocfi_hide_featured_image":"","footnotes":""},"class_list":["post-1439","page","type-page","status-publish"],"_links":{"self":[{"href":"https:\/\/escritoras-em-portugues.com\/pt_pt\/wp-json\/wp\/v2\/pages\/1439","targetHints":{"allow":["GET"]}}],"collection":[{"href":"https:\/\/escritoras-em-portugues.com\/pt_pt\/wp-json\/wp\/v2\/pages"}],"about":[{"href":"https:\/\/escritoras-em-portugues.com\/pt_pt\/wp-json\/wp\/v2\/types\/page"}],"author":[{"embeddable":true,"href":"https:\/\/escritoras-em-portugues.com\/pt_pt\/wp-json\/wp\/v2\/users\/1"}],"replies":[{"embeddable":true,"href":"https:\/\/escritoras-em-portugues.com\/pt_pt\/wp-json\/wp\/v2\/comments?post=1439"}],"version-history":[{"count":3,"href":"https:\/\/escritoras-em-portugues.com\/pt_pt\/wp-json\/wp\/v2\/pages\/1439\/revisions"}],"predecessor-version":[{"id":1848,"href":"https:\/\/escritoras-em-portugues.com\/pt_pt\/wp-json\/wp\/v2\/pages\/1439\/revisions\/1848"}],"up":[{"embeddable":true,"href":"https:\/\/escritoras-em-portugues.com\/pt_pt\/wp-json\/wp\/v2\/pages\/46"}],"wp:attachment":[{"href":"https:\/\/escritoras-em-portugues.com\/pt_pt\/wp-json\/wp\/v2\/media?parent=1439"}],"curies":[{"name":"wp","href":"https:\/\/api.w.org\/{rel}","templated":true}]}}