{"id":1435,"date":"2024-01-23T13:25:34","date_gmt":"2024-01-23T13:25:34","guid":{"rendered":"https:\/\/escritoras-em-portugues.com\/?page_id=1435"},"modified":"2024-06-04T22:45:30","modified_gmt":"2024-06-04T22:45:30","slug":"maria-constanca-da-camara-7a-marquesa-de-fronteira","status":"publish","type":"page","link":"https:\/\/escritoras-em-portugues.com\/pt_pt\/xix\/maria-constanca-da-camara-7a-marquesa-de-fronteira\/","title":{"rendered":"Maria Constan\u00e7a da C\u00e2mara, 7\u00aa Marquesa de Fronteira"},"content":{"rendered":"<p><strong>NOME<\/strong> Maria Constan\u00e7a da C\u00e2mara<\/p>\n<p><strong>OUTROS NOME(S)<\/strong> 7\u00aa Marquesa de Fronteira<\/p>\n<p><strong>Elementos biogr\u00e1ficos<\/strong><\/p>\n<p><strong>PAI<\/strong> Lu\u00eds Gon\u00e7alves da C\u00e2mara Coutinho Pereira de Sande, Senhor das Ilhas Desertas, Regalados e da Casa da Taipa (1758-1848)<\/p>\n<p><strong>M\u00c3E<\/strong> Maria Benedita de Noronha (1763-1853)<\/p>\n<p><strong>LOCAL DE NASCIMENTO<\/strong>\u00a0 Lisboa, Beato<\/p>\n<p><strong>DATA DE NASCIMENTO<\/strong>\u00a0 13 de Julho de 1801<\/p>\n<p><strong>LOCAL DE BAPTISMO<\/strong>\u00a0 Lisboa, Beato,<\/p>\n<p><strong>DATA DE BAPTISMO<\/strong> 15 de Julho de 1801<\/p>\n<p><strong>LOCAL DA MORTE<\/strong> Lisboa, S\u00e3o Domingos de Benfica<\/p>\n<p><strong>PA\u00cdS ONDE NASCEU<\/strong> Portugal<\/p>\n<p><strong>PROFISS\u00c3O \/ CARGO \/ FUN\u00c7\u00c3O<\/strong> Dama honor\u00e1ria de D. Maria II<\/p>\n<p><strong>DATA DA MORTE<\/strong> 11 de Setembro de 1860<\/p>\n<p><strong>ESTADO <\/strong>Casada<\/p>\n<p><strong>C\u00d4NJUGUE<\/strong> Jos\u00e9 Trasimundo Mascarenhas Barreto, 7\u00ba Marqu\u00eas de Fronteira, Governador Civil de Lisboa, 8.\u00ba conde da Torre, 8.\u00ba conde de Coculim, 10.\u00ba conde de Assumar, Mordomo-mor da Rainha D. Estef\u00e2nia (1802-1881)<\/p>\n<p><strong>LUGAR E DATA DE CASAMENTO<\/strong> Lisboa, Beato, 1821<\/p>\n<p><strong>N\u00ba DE FILHOS<\/strong> 1<\/p>\n<p><strong>FILHOS <\/strong>Maria Mascarenhas Barreto, 8\u00aa marquesa de Fronteira (1822-1914)<\/p>\n<p><strong>IDIOMAS<\/strong> Portugu\u00eas, Franc\u00eas, Ingl\u00eas<\/p>\n<p><strong>Obra<\/strong><\/p>\n<p><strong>OBRAS IMPRESSAS<\/strong><\/p>\n<blockquote><p><em>Di\u00e1rios<\/em>, org. Pedro Urbano, Lisboa, Editorial Caleidosc\u00f3pio, 2022.<\/p><\/blockquote>\n<p><strong>BIBLIOGRAFIA <\/strong><\/p>\n<p><em>Not\u00edcia biographica da marqueza de Fronteira<\/em>, Lisboa, Impr. Nacional, 1860<\/p>\n<p>URBANO, Pedro, &#8220;Identity and Emotions in the Long Eighteenth Century: Representing Oneself and Others in the Diary of the Marchioness of Fronteira&#8221;, <i>Espacio Tiempo y Forma. Serie IV, Historia Moderna<\/i>, (36), 169\u2013192. https:\/\/doi.org\/10.5944\/etfiv.36.2023.36688<\/p>\n<p>&nbsp;<\/p>\n<p>&nbsp;<\/p>\n","protected":false},"excerpt":{"rendered":"<p>NOME Maria Constan\u00e7a da C\u00e2mara OUTROS NOME(S) 7\u00aa Marquesa de Fronteira Elementos biogr\u00e1ficos PAI Lu\u00eds Gon\u00e7alves da C\u00e2mara Coutinho Pereira de Sande, Senhor das Ilhas Desertas, Regalados e da Casa da Taipa (1758-1848) M\u00c3E Maria Benedita de Noronha (1763-1853) LOCAL DE NASCIMENTO\u00a0 Lisboa, Beato DATA DE NASCIMENTO\u00a0 13 de Julho de 1801 LOCAL DE BAPTISMO\u00a0 &#8230; <a title=\"Maria Constan\u00e7a da C\u00e2mara, 7\u00aa Marquesa de Fronteira\" class=\"read-more\" href=\"https:\/\/escritoras-em-portugues.com\/pt_pt\/xix\/maria-constanca-da-camara-7a-marquesa-de-fronteira\/\" aria-label=\"Leia mais sobre Maria Constan\u00e7a da C\u00e2mara, 7\u00aa Marquesa de Fronteira\">Ler mais<\/a><\/p>\n","protected":false},"author":1,"featured_media":0,"parent":48,"menu_order":0,"comment_status":"closed","ping_status":"closed","template":"","meta":{"cybocfi_hide_featured_image":"","footnotes":""},"class_list":["post-1435","page","type-page","status-publish"],"_links":{"self":[{"href":"https:\/\/escritoras-em-portugues.com\/pt_pt\/wp-json\/wp\/v2\/pages\/1435","targetHints":{"allow":["GET"]}}],"collection":[{"href":"https:\/\/escritoras-em-portugues.com\/pt_pt\/wp-json\/wp\/v2\/pages"}],"about":[{"href":"https:\/\/escritoras-em-portugues.com\/pt_pt\/wp-json\/wp\/v2\/types\/page"}],"author":[{"embeddable":true,"href":"https:\/\/escritoras-em-portugues.com\/pt_pt\/wp-json\/wp\/v2\/users\/1"}],"replies":[{"embeddable":true,"href":"https:\/\/escritoras-em-portugues.com\/pt_pt\/wp-json\/wp\/v2\/comments?post=1435"}],"version-history":[{"count":4,"href":"https:\/\/escritoras-em-portugues.com\/pt_pt\/wp-json\/wp\/v2\/pages\/1435\/revisions"}],"predecessor-version":[{"id":1898,"href":"https:\/\/escritoras-em-portugues.com\/pt_pt\/wp-json\/wp\/v2\/pages\/1435\/revisions\/1898"}],"up":[{"embeddable":true,"href":"https:\/\/escritoras-em-portugues.com\/pt_pt\/wp-json\/wp\/v2\/pages\/48"}],"wp:attachment":[{"href":"https:\/\/escritoras-em-portugues.com\/pt_pt\/wp-json\/wp\/v2\/media?parent=1435"}],"curies":[{"name":"wp","href":"https:\/\/api.w.org\/{rel}","templated":true}]}}