{"id":1330,"date":"2024-01-16T11:42:07","date_gmt":"2024-01-16T11:42:07","guid":{"rendered":"https:\/\/escritoras-em-portugues.com\/?page_id=1330"},"modified":"2024-06-04T22:44:51","modified_gmt":"2024-06-04T22:44:51","slug":"guiomar-torrezao","status":"publish","type":"page","link":"https:\/\/escritoras-em-portugues.com\/pt_pt\/xix\/guiomar-torrezao\/","title":{"rendered":"Guiomar Torrez\u00e3o"},"content":{"rendered":"<p><strong>NOME<\/strong> Guiomar Torrez\u00e3o<\/p>\n<p><strong>OUTRO(S) NOME(S)<\/strong> Guiomar Delfina de Noronha Torrez\u00e3o<\/p>\n<p><strong>PSEUD\u00d3NIMOS<\/strong> Delfim de Noronha, Centelha, Gabriel Cl\u00e1udio, Rosabelle, Sith, Sirius, Tom Pouce<\/p>\n<div><\/div>\n<h4><strong>Elementos biogr\u00e1ficos<\/strong><\/h4>\n<div><b>PAI <\/b>Joaquim Jos\u00e9 de Noronha Torrez\u00e3o<\/div>\n<div><\/div>\n<div>\n<div><b>M\u00c3E <\/b>Maria do Carmo In\u00e1cia Pinto de Noronha<\/div>\n<\/div>\n<div><\/div>\n<div>\n<div><b>LOCAL DE NASCIMENTO <\/b>S\u00e3o Juli\u00e3o, Lisboa<\/div>\n<\/div>\n<p><strong>DATA DE NASCIMENTO<\/strong> 26 de Novembro de 1844<\/p>\n<div><b>LOCAL DA MORTE<\/b>\u00a0Lapa, Lisboa, Portugal<\/div>\n<div><\/div>\n<p><strong>DATA DA MORTE<\/strong> 22 de Outubro 1898<\/p>\n<div><b>PROFISS\u00c3O \/ CARGO \/ FUN\u00c7\u00c3O <\/b>Escritora, Jornalista<\/div>\n<div><\/div>\n<div>\n<div><b>ESTADO <\/b>Solteira<\/div>\n<\/div>\n<div><\/div>\n<div>\n<div><b>IDIOMAS <\/b>Portugu\u00eas, Franc\u00eas<\/div>\n<\/div>\n<div><\/div>\n<div><\/div>\n<h4><strong>Obra<\/strong><\/h4>\n<p><strong>OBRAS IMPRESSAS<\/strong><\/p>\n<blockquote>\n<p style=\"font-weight: 400;\"><em>Uma alma de mulher: romance original<\/em>, Lisboa, Typographia de J. G. de Sousa Neves, 1869.<\/p>\n<div><i>Meteoros<\/i><span lang=\"PT\"><span lang=\"PT\">, Lisboa,\u00a0<\/span><\/span>Typographia de Christ\u00f3v\u00e3o A. Rodrigues, <span lang=\"PT\">1875.<\/span><\/div>\n<div><\/div>\n<div>\n<p style=\"font-weight: 400;\"><em>Rosas p\u00e1lidas: narrativas originais<\/em>, 2\u00aa edi\u00e7\u00e3o, Porto, Livraria Portuense \u2013 Editora, 1877 [1873].<\/p>\n<p style=\"font-weight: 400;\"><em>No teatro e na sala<\/em>, Lisboa, David Corazzi \u2013 Editor, Empreza das Horas Rom\u00e2nticas, 1881.<\/p>\n<p style=\"font-weight: 400;\"><em>Id\u00edlio \u00e0 Inglesa (contos modernos)<\/em>, Lisboa, Livraria Ferreira, 1886.<\/p>\n<div><i>As batalhas da vida<span lang=\"PT\">, <\/span><\/i>Lisboa<span lang=\"PT\">, <\/span>Livraria de Ant\u00f3nio Maria Pereira<span lang=\"PT\">, <\/span>1892.<\/div>\n<\/div>\n<div>\n<div><\/div>\n<div><i>Fl\u00e1via<\/i><span lang=\"PT\">, <\/span>Lisboa<span lang=\"PT\">, <\/span>Livraria Ferin<span lang=\"PT\">, <\/span>1897.<\/div>\n<\/div>\n<div><\/div>\n<div>\n<div><i>A Fam\u00edlia Albergaria (entre 1824-1834): romance hist\u00f3rico original<\/i>, 2\u00aa edi\u00e7\u00e3o,<\/div>\n<p>Lisboa, Empreza da Hist\u00f3ria de Portugal \u2013 Sociedade Editora, 1903 [1874].<\/p>\n<\/div>\n<\/blockquote>\n<div>\n<blockquote>\n<p style=\"font-weight: 400;\"><em>O fraco da baronesa<\/em>, Porto, Edi\u00e7\u00f5es Universidade Fernando Pessoa. 2005.<\/p>\n<\/blockquote>\n<\/div>\n<div>\n<p style=\"font-weight: 400;\"><strong>Publica\u00e7\u00f5es na imprensa peri\u00f3dica\u00a0<\/strong><\/p>\n<blockquote>\n<p style=\"font-weight: 400;\"><em>Almanaque das Senhoras<\/em>, 1871 (fundadora)<\/p>\n<p style=\"font-weight: 400;\"><em style=\"font-size: inherit;\">Almanaque de Lembran\u00e7as Luso-Brasileiro<\/em><\/p>\n<p>&nbsp;<\/p><\/blockquote>\n<\/div>\n<h4><strong>Bibliografia:<\/strong><\/h4>\n<p style=\"font-weight: 400;\">ABREU, Ilda Soares de \u201cGuiomar Delfina de Noronha Torres\u00e3o\u201d in.: Z\u00edlia Os\u00f3rio de Castro e Jo\u00e3o Esteves (coord.)<em>Dicion\u00e1rio no Feminino (S\u00e9culos XIX-XX)<\/em>, Lisboa, Livros Horizonte, 2005, pp. 379-383.<\/p>\n<p style=\"font-weight: 400;\">ALMEIDA, Fialho de. \u201cGuiomar Torrez\u00e3o\u201d <em>Figuras de Destaque (Livro P\u00f3stumo)<\/em>, Lisboa: Livraria Cl\u00e1ssica Editora de A. M. Teixeira e C.\u00aa. 1923, pp. 187-195.<\/p>\n<p><a href=\"https:\/\/escholarship.org\/uc\/item\/65q5h512\">ARA\u00daJO, Aline Xavier de<span lang=\"PT\">, <\/span>\u201cDos bastidores ao palco\u2014a trajet\u00f3ria da mulher no teatro de J\u00falia Lopes de Almeida e Guiomar Torres\u00e3o\u201d <i>Lucero<\/i>, 25 (1), 2020.<\/a><\/p>\n<p><a href=\"https:\/\/doi.org\/10.37508\/rcl.2019.n42a350\">BARP, Guilherme e Cecil Jeanine Albert Zinani \u201cA presen\u00e7a da portuguesa Guiomar Torres\u00e3o em <i>A Mensageira<\/i><strong>,<\/strong> revista liter\u00e1ria dedicada \u00e0 mulher brasileira: la\u00e7os luso-brasileiros&#8221; <i>Converg\u00eancia Lus\u00edada<\/i><strong>, <\/strong>Rio de Janeiro, 42<span lang=\"PT\">, <\/span>Julho-Dezembro, 2019<span lang=\"PT\">, <\/span><span lang=\"PT\">pp.<\/span>196-209.<\/a><\/p>\n<p style=\"font-weight: 400;\">BARREIRA, Cec\u00edlia, \u201cTorres\u00e3o, Guiomar Delfina de Noronha\u201d in.: \u00c1lvaro Manuel Machado (ccord.) <em>Dicion\u00e1rio de Literatura Portuguesa<\/em>, Lisboa, Editorial Presen\u00e7a, 1996, pp. 478-479.<\/p>\n<p style=\"font-weight: 400;\">CABRAL, Alexandre, \u201cTorrez\u00e3o, Guiomar\u201d in <em>Dicion\u00e1rio de Camilo Castelo Branco<\/em>, Lisboa, Caminho, 2003, pp. 778-779.<\/p>\n<p style=\"font-weight: 400;\">CABRAL, Alexandre \u201cAlmanaque das Senhoras\u201d <em>Dicion\u00e1rio de Camilo Castelo Branco<\/em>, Lisboa, Caminho, 2003, pp. 28-29.<\/p>\n<p style=\"font-weight: 400;\">CABRAL, Alexandre, \u201c(No) Teatro e na Sala\u201d <em>Dicion\u00e1rio de Camilo Castelo Branco<\/em>, Lisboa: Caminho, 2003, pp. 772-773.<\/p>\n<p style=\"font-weight: 400;\">CARDOSO, Solange e Isabel Lousada, \u201cMulheres que d\u00e3o a cara: as senhoras do Almanaque de Lembran\u00e7as Luso-Brasileiro&#8221; <em>Anais do IV Col\u00f3quio Mulheres em Letras: Mem\u00f3rias, Transgress\u00e3o, Linguagem<\/em>. Belo Horizonte, FALE-UFMG, 2012.<\/p>\n<p><a href=\"https:\/\/ojs.uespi.br\/index.php\/ler\/article\/view\/393\">COSTA, Maria Lucilena Gonzaga e Germana Maria Ara\u00fajo Sales. &#8220;Escritoras de outrora e de hoje: a representa\u00e7\u00e3o social do feminino na produ\u00e7\u00e3o de Guiomar Torres\u00e3o e Clarice Lispector&#8221; in <i>Letras em Revista, Dossi\u00ea: Imprensa feminina e hist\u00f3ria da literatura nos s\u00e9culox XIX e XX<\/i>, Universidade Federal do Par\u00e1, v. 11, 2, Junho-Dezembro, 2020. \u00a0<\/a><\/p>\n<p style=\"font-weight: 400;\">CUNHA, S\u00edlvia Marisa. \u201cGuiomar Torrez\u00e3o e a inscri\u00e7\u00e3o ficcional do di\u00e1rio: Uma arte discreta da transgress\u00e3o\u201d in.: \u00a0Cristina Santos Pinheiro, Anne Martina Emonts, Maria da Gl\u00f3ria Franco e Maria Jo\u00e3o Beja (coord.) <em>Mulheres: Feminino, Plural &#8211; Col\u00f3quio Internacional \u00abA mulher em debate: passado-presente\u00bb<\/em>, Lisboa, Nova Delphi, 2014, Pp. 175-185.<\/p>\n<p><a href=\"https:\/\/convergencialusiada.com.br\/rcl\/article\/view\/493\">GANH\u00c3O, M\u00f3nica. \u201cEm busca de um lugar perdido: Guiomar Torrez\u00e3o, voz e opini\u00e3o\u201d <i>Converg\u00eancia Lus\u00edada: Para depois de Eva \u2013 autoria, personagem, enuncia\u00e7\u00e3o<\/i>, V. 33, N. 48<span lang=\"PT\">, <\/span>2022<span lang=\"PT\">, pp. \u00a0<\/span>39-58.<\/a><\/p>\n<p style=\"font-weight: 400;\">JESUS, Maria Saraiva de, <em>Guiomar Torres\u00e3o: do Romantismo ao Realismo e ao Decadentismo<\/em>. <em>A representa\u00e7\u00e3o da mulher na narrativa realista-naturalista<\/em>&#8220;. Disserta\u00e7\u00e3o de Doutoramento em Literatura Portuguesa, Universidade de Aveiro, Aveiro. 1997, pp. 347-371.<\/p>\n<p style=\"font-weight: 400;\"><a href=\"https:\/\/doi.org\/10.1590\/S0104-026X2004000300018\">KAMITA, Rosana C\u00e1ssia, \u201cRevista \u201cA Mensageira\u201d: alvorecer de uma nova era?\u201d in <em>Revista Estudos Feministas: N\u00famero especial &#8211; Publica\u00e7\u00f5es Feministas<\/em>, 12, Florian\u00f3polis, Setembro-Dezembro, 2004, pp. 164-168.<\/a><\/p>\n<p style=\"font-weight: 400;\"><a href=\"https:\/\/doi.org\/10.34632\/povoseculturas.2004.8844\">LOPES, Ana Maria Costa, \u201cAlguns aspectos da luta de Guiomar Torrezao pela igualdade\u201d <em>Cultura e desporto<\/em>, Universidade Cat\u00f3lica Portuguesa, Centro de Estudos dos Povos e Culturas de Express\u00e3o Portuguesa, 9, 2004, <span style=\"font-size: inherit;\">pp. 456-470.<\/span><\/a><\/p>\n<p style=\"font-weight: 400;\"><a href=\"https:\/\/doi.org\/10.11606\/issn.2175-3180.v0i17p102-127\">MASSERAN, Claudia Barbieri, \u201cA cena perturbada: personagens dram\u00e1ticas femininas de Gerv\u00e1sio Lobato e Guiomar Torres\u00e3o\u201d in <em>Revista Desassossego<\/em>, V.9, N.17, 2017, pp. 102-127.<\/a><\/p>\n<p style=\"font-weight: 400;\">\u201cTorres\u00e3o, Guiomar Delfina Noronha\u201d in.: N\u00d3VOA, Ant\u00f3nio (dir.). <em>Dicion\u00e1rio de Educadores <\/em>Portugueses, Lisboa,Edi\u00e7\u00f5es ASA, 2003, pp. 1383-1384.<\/p>\n<p><a href=\"https:\/\/ler.letras.up.pt\/uploads\/ficheiros\/5922.pdf\">OUTEIRINHO, F\u00e1tima. \u201cGuiomar Torrez\u00e3o ou mem\u00f3ria de uma mulher de letras oitocentista\u201d, <i>Revista Ler Letras, <\/i>Porto Faculdade de Letras da Universidade do Porto, <span lang=\"PT\">pp. <\/span>163-176.<\/a><\/p>\n<p style=\"font-weight: 400;\"><a href=\"https:\/\/revistaseletronicas.pucrs.br\/ojs\/index.php\/navegacoes\/article\/view\/11081.\">P\u00d3VOAS, Mauro Nicola e Louise Farias da SILVEIRA. \u201cGuiomar torres\u00e3o e as \u201cCartas P\u00f3stumas\u201d do peri\u00f3dico feminino <em>O Mundo Elegante <\/em>(1887)\u201d <em>Navega\u00e7\u00f5es<\/em>, Porto Alegre, V. 5, N. 1, Janeiro-Junho, 2012, pp. 101-105.<\/a><\/p>\n<p style=\"font-weight: 400;\">RECTOR, Monica. \u201cChapter Seven: Pre-feminism in the 19th century: Guiomar Torres\u00e3o and her baroness\u201d in <em>Women in the Portuguese Colonial Empire: The Theatre of Shadows,<\/em> ed. Clara Sarmento, Cambridge Scholars Publishing, 2008, pp. 191-201.<\/p>\n<p style=\"font-weight: 400;\">RECTOR, Monica e Luciana Namorato, \u201cIntrodu\u00e7\u00e3o\u201d in.: Guiomar TORREZ\u00c3O<em> O fraco da baronesa,<\/em> 9-52. Porto: Edi\u00e7\u00f5es Universidade Fernando Pessoa, 2005.<\/p>\n<p style=\"font-weight: 400;\">ROMARIZ, Andrea, <em>O Almanaque de Lembran\u00e7as Luso-Brasileiro: Um ensaio para um Projecto maior?<\/em>, Tese de Mestrado em Estudos Rom\u00e2nicos, Departamento de Estudos Rom\u00e2nicos, Faculdade de Letras da Universidade de Lisboa, 2011.<\/p>\n<p style=\"font-weight: 400;\">SAMARA, Maria Alice, \u201cGuiomar Torrez\u00e3o: a oper\u00e1ria das letras&#8221; <em>Oper\u00e1rias e Burguesas: as mulheres no tempo da Rep\u00fablica<\/em>, Lisboa, A Esfera dos Livros, 2007, pp. 33-44.<\/p>\n<p style=\"font-weight: 400;\">SILVESTRE, Paulo Armando da Cunha, <em>Viv\u00eancias do Feminino no final de Oitocentos &#8211; Representa\u00e7\u00e3o da mulher em alguns romances e peri\u00f3dicos da \u00e9poca<\/em>, Tese de Mestrado em Estudos Portugueses Interdisciplinares. Universidade Aberta, Lisboa, 2009.<\/p>\n<p><a href=\"http:\/\/10.12957\/matraga.2019.37507\">TAVARES, Maria Lucilena Gonzaga Costa e Germana Maria Ara\u00fajo Sales<span lang=\"PT\">,<\/span>\u201cGuiomar Torres\u00e3o e as <i>Cartas Lisbonenses<\/i>: correspond\u00eancia portuguesa nas p\u00e1ginas de <i>O Liberal do Par\u00e1<\/i><span lang=\"PT\">\u201d<\/span>, <i><span lang=\"PT\">M<\/span>atraga<\/i>, V. 26, N. 46: Janeiro-Abril, Rio de Janeiro, 2019, pp. 165-176.\u00a0<\/a><\/p>\n<p style=\"font-weight: 400;\"><a href=\"http:\/\/revistas.ufcg.edu.br\/ch\/index.php\/RLR\/article\/view\/1607.\">TAVARES, Maria Lucilena Gonzaga Costa, \u201cGuiomar Torrez\u00e3o: uma rep\u00f3rter portuguesa na imprensa do Gr\u00e3o-Par\u00e1\u201d <em>Revista Letras Raras<\/em>, Campina Grande, Edi\u00e7\u00e3o Especial, 2019, pp. 80-92.<\/a><\/p>\n<p><a href=\"https:\/\/ojs.uespi.br\/index.php\/ler\/article\/view\/393\">TAVARES, Maria Lucilena Gonzaga Costa e Germana Maria Ara\u00fajo Sales \u201cEscritoras de outrora e de hoje: a representa\u00e7\u00e3o social do feminino na produ\u00e7\u00e3o de Guiomar Torres\u00e3o e Clarice Lispector\u201d <i>Letras em Revista, <\/i>V. 11, N. 2, Junho- Dezembro, 2020.<\/a><\/p>\n<p><a href=\"https:\/\/doi.org\/10.5944\/rei.vol.8.2020.27883.\">VIEIRA, Estela. \u201cFemale friendships in Ana Pl\u00e1cido and Guiomar Torres\u00e3o: communities and legacies of women readers and writers\u201d <i>Revista de Escritoras Ib\u00e9ricas, <\/i>8<span lang=\"EN-US\">, <\/span>2020<span lang=\"EN-US\">, pp. <\/span>101-130.<\/a><\/p>\n","protected":false},"excerpt":{"rendered":"<p>NOME Guiomar Torrez\u00e3o OUTRO(S) NOME(S) Guiomar Delfina de Noronha Torrez\u00e3o PSEUD\u00d3NIMOS Delfim de Noronha, Centelha, Gabriel Cl\u00e1udio, Rosabelle, Sith, Sirius, Tom Pouce Elementos biogr\u00e1ficos PAI Joaquim Jos\u00e9 de Noronha Torrez\u00e3o M\u00c3E Maria do Carmo In\u00e1cia Pinto de Noronha LOCAL DE NASCIMENTO S\u00e3o Juli\u00e3o, Lisboa DATA DE NASCIMENTO 26 de Novembro de 1844 LOCAL DA MORTE\u00a0Lapa, &#8230; <a title=\"Guiomar Torrez\u00e3o\" class=\"read-more\" href=\"https:\/\/escritoras-em-portugues.com\/pt_pt\/xix\/guiomar-torrezao\/\" aria-label=\"Leia mais sobre Guiomar Torrez\u00e3o\">Ler mais<\/a><\/p>\n","protected":false},"author":3,"featured_media":0,"parent":48,"menu_order":0,"comment_status":"closed","ping_status":"closed","template":"","meta":{"cybocfi_hide_featured_image":"","footnotes":""},"class_list":["post-1330","page","type-page","status-publish"],"_links":{"self":[{"href":"https:\/\/escritoras-em-portugues.com\/pt_pt\/wp-json\/wp\/v2\/pages\/1330","targetHints":{"allow":["GET"]}}],"collection":[{"href":"https:\/\/escritoras-em-portugues.com\/pt_pt\/wp-json\/wp\/v2\/pages"}],"about":[{"href":"https:\/\/escritoras-em-portugues.com\/pt_pt\/wp-json\/wp\/v2\/types\/page"}],"author":[{"embeddable":true,"href":"https:\/\/escritoras-em-portugues.com\/pt_pt\/wp-json\/wp\/v2\/users\/3"}],"replies":[{"embeddable":true,"href":"https:\/\/escritoras-em-portugues.com\/pt_pt\/wp-json\/wp\/v2\/comments?post=1330"}],"version-history":[{"count":7,"href":"https:\/\/escritoras-em-portugues.com\/pt_pt\/wp-json\/wp\/v2\/pages\/1330\/revisions"}],"predecessor-version":[{"id":1895,"href":"https:\/\/escritoras-em-portugues.com\/pt_pt\/wp-json\/wp\/v2\/pages\/1330\/revisions\/1895"}],"up":[{"embeddable":true,"href":"https:\/\/escritoras-em-portugues.com\/pt_pt\/wp-json\/wp\/v2\/pages\/48"}],"wp:attachment":[{"href":"https:\/\/escritoras-em-portugues.com\/pt_pt\/wp-json\/wp\/v2\/media?parent=1330"}],"curies":[{"name":"wp","href":"https:\/\/api.w.org\/{rel}","templated":true}]}}