{"id":1312,"date":"2024-01-14T23:43:13","date_gmt":"2024-01-14T23:43:13","guid":{"rendered":"https:\/\/escritoras-em-portugues.com\/?page_id=1312"},"modified":"2024-06-04T22:32:53","modified_gmt":"2024-06-04T22:32:53","slug":"amelia-janny-2","status":"publish","type":"page","link":"https:\/\/escritoras-em-portugues.com\/pt_pt\/xix\/amelia-janny-2\/","title":{"rendered":"Am\u00e9lia Janny"},"content":{"rendered":"<p><strong>NOME \u00a0<\/strong><span lang=\"PT\">Am\u00e9lia Janny<\/span><\/p>\n<h4><strong>Elementos biogr\u00e1ficos<\/strong><\/h4>\n<p><strong>PAI<\/strong> Ant\u00f3nio Jos\u00e9 Marques Correia Caldeira<\/p>\n<p><strong>M\u00c3E<\/strong> Maria Herculana da Silva Veiga<\/p>\n<p><strong>LOCAL DE NASCIMENTO<\/strong> Coimbra<\/p>\n<p><strong>DATA DE NASCIMENTO<\/strong> 25 de Fevereiro de 1841<\/p>\n<p><strong>LOCAL DA MORTE<\/strong> Coimbra<\/p>\n<p><strong>DATA DA MORTE<\/strong> 19 de Mar\u00e7o de 1914<\/p>\n<h4><strong>Obra<\/strong><\/h4>\n<p><strong>OBRAS IMPRESSAS\u00a0<\/strong><\/p>\n<blockquote><p><em>P\u00e1tria<\/em> (poema)<\/p>\n<p><em>O M\u00e9dico<\/em> (poema)<\/p>\n<p><em>\u00c0 Mem\u00f3ria<\/em><\/p>\n<p><em>A Guerra<\/em><\/p>\n<p>&#8220;Ponte de Lima&#8221; <em>Limiana, <\/em>Junho, 1914<\/p><\/blockquote>\n<p><strong>Colabora\u00e7\u00e3o na Imprensa Peri\u00f3dica<\/strong><\/p>\n<blockquote><p>&#8220;\u00c0 Poesia&#8221; <em>O Conimbricense, <\/em>7\/02\/1871<\/p>\n<p>&#8220;Salve, Sua Majestade El Rei D. Manuel II&#8221;<\/p>\n<p><em>Almanaque das Senhoras para 1910<\/em><\/p>\n<p><em>Ave Azul<\/em><\/p>\n<p><em>A Mulher<\/em> <em>Ribaltas e Gambiarras<\/em><\/p>\n<p><em>A Semana de Lisboa<\/em><\/p>\n<p><i>Azulejos<\/i><\/p>\n<p><em>O Liz<\/em><\/p>\n<p><em>Cisne do Mondego<\/em><\/p><\/blockquote>\n<h4><strong>Bibliografia:<\/strong><\/h4>\n<p>ABREU, Ilda Soares de &#8220;Am\u00e9lia Janny&#8221; in.: Z\u00edlia Os\u00f3rio de CASTRO e Jo\u00e3o ESTEVES (coord) Dicion\u00e1rio no Feminino, Lisboa, Livros Horizonte, 2005, pp. 81-83.<\/p>\n<p>BEJA, Nuno, <em>Coimbra da Poesia e da Lenda,<\/em> Coimbra, Defesa e Propaganda de Cimbra, 1937, pp. 33-34.<\/p>\n<p><span style=\"font-size: inherit;\">CAMPOS, Alfredo de <\/span><em style=\"font-size: inherit;\">Museu Ilustrado<\/em><span class=\"apple-converted-space\" style=\"font-size: inherit;\"><i>\u00a0<\/i><\/span><span style=\"font-size: inherit;\">1878<\/span><\/p>\n<p>CARDOSO, Nuno Catarino &#8220;Am\u00e9lia Janny&#8221;<em> Poetisas Portuguesas<\/em>, Lisboa, Livraria Cient\u00edfica, 1917, pp. 154-155.<\/p>\n<p>DACOSTA, Lu\u00edsa &#8220;Literatura de autoria feminina&#8221;\u00a0<em>Hist\u00f3ria Ilustrada das Grandes Literaturas, Lisboa, Estudios Cor, <\/em>\u00a0s. d., vol. VIII, pp. 534-541.<\/p>\n<div>\n<p>EURICO, Pedro\u00a0<em>Figuras do Passado,<\/em><\/p>\n<\/div>\n<p>FIGUEIREDO, Manuel Zolino da Silva \u00a0<i>Am\u00e9lia Janny: Miscel\u00e2nea Po\u00e9tica, <\/i>Coimbra, C\u00e2mara Municipal de Coimbra, 2003<\/p>\n<p>GERS\u00c3O, Virg\u00ednia Faria, <i>Am\u00e9lia Janny: Confer\u00eancia realizada no Instituto de Coimbra, no dia 5 de Junho de 1950: com uma antologia da poetisa,<\/i>\u00a0Coimbra, Instituto de Coimbra, 1950, p. 31.<\/p>\n<p>GERS\u00c3O, Virg\u00ednia Faria, &#8220;Monografia&#8221;\u00a0<em>Escola Popular, seman\u00e1rio liter\u00e1rio, <\/em>Coimbra, 1870-1871<\/p>\n<p>GERS\u00c3O, Virg\u00ednia Faria,\u00a0<em>O S\u00e9culo,\u00a0<\/em>19 e 20\/03\/1914, p. 2.<\/p>\n<p>GERS\u00c3O, Virg\u00ednia Faria,\u00a0<em>Museu Ilustrado, album liter\u00e1rio do Porto, <\/em>1878, p. 134.<\/p>\n<p>GERS\u00c3O, Virg\u00ednia Faria,<em> Novidades<\/em>, 18\/5\/1941.<\/p>\n<p><em>Grande Enciclop\u00e9dia Portuguesa e Brasileira, <\/em>vol. XIV, Lisboa, Rio de Janeiro, Editorial Enciclop\u00e9dia, s. d. pp. 153-154.<\/p>\n<p>GUSM\u00c3O, J\u00falia de, &#8220;Am\u00e9lia Janny&#8221;\u00a0<em>Brasil-Portugal, <\/em>n\u00ba 365, 1\/4\/1914, p. 85.<\/p>\n<p>GUSM\u00c3O, J\u00falia de, &#8220;Am\u00e9lia Janny&#8221; <i>Almanaque das Senhoras <\/i>para 1915, pp. 209-212.<\/p>\n<p>LISBOA, Eug\u00e9nio (coord.)\u00a0<em>Dicion\u00e1rio Cronol\u00f3gico de Autores Portugueses, <\/em>Lisboa, Publica\u00e7\u00f5es Europa-Am\u00e9rica, s.d., vol. II, p. 229.<\/p>\n<p>OLIVEIRA, Am\u00e9rico Lopes de e M\u00e1rio Gon\u00e7alves VIANA, <em>Dicion\u00e1rio Mundial de Mulheres Not\u00e1veis,<\/em> Porto, Lello &amp; Irm\u00e3o, 1967, pp. 613-614.<\/p>\n<p>OLIVEIRA, Am\u00e9rico Lopes de, <em>Escritoras Brasileiras, Galegas e Portuguesas<\/em>, Braga, Typ. Silva Tavares, 1983, pp. 89-90.<\/p>\n<p>OS\u00d3RIO, Eurico Pedro Pinto &#8220;Am\u00e9lia Janny&#8221; <i>Almanaque<\/i><i>\u00a0de Ponte de Lima<\/i> (4.\u00ba ano), Ponte de Lima, Tipografia Confian\u00e7a, 1910, p. 15. p. 160<\/p>\n<p>OS\u00d3RIO, Eurico Pedro Pinto,\u00a0<em>Figuras do Passado, <\/em>Lisboa, Tip. Editora Jos\u00e9 Bastos, 1915, p. 225.<\/p>\n<p>PASCOAIS, Teixeira de <em>O Penitente (Camilo Castelo <\/em><i>Branco<\/i>), Livraria Latina Editora, 1942.<\/p>\n<p>PEREIRA, Esteves e Guilherme RODRIGUES,\u00a0<em>Portugal, Dicion\u00e1rio Hist\u00f3rico Cronol\u00f3gico, <\/em>Lisboa, Romano Torres &amp; Cia, vol. III, 1907, p. 1014.<\/p>\n<p>PIRES, Daniel, <em>Dicion\u00e1rio da Imprensa Peri\u00f3dica Liter\u00e1ria Portuguesa do s\u00e9culo XX (1900-1940)<\/em>, Lisboa, Grifo, 1996, pp. 82, 84, 147, 173, 188, 219, 255 e 313.<\/p>\n<div>\n<p>REM\u00c9DIOS<span lang=\"PT\">, J.<\/span> Mendes dos, <em>Hist\u00f3ria da Literatura Portuguesa,\u00a0<\/em><\/p>\n<p>SALVADO, Ant\u00f3nio, <em>Antologia da Poesia Feminina Portuguesa<\/em>, Edi\u00e7\u00f5es Jornal do Fund\u00e3o, s. d., pp. 112-128.<\/p>\n<p>SILVA, Inocencio Francisco da \u00a0e Martinho da FONSECA, Aditamentos ao Dicionario Bibliogr\u00e1fico Portugu\u00eas, Coimbra, Imprensa da Universidade, 1927.<\/p>\n<p>TORREZ\u00c3O, Guiomar, &#8220;Am\u00e9lia Janny (esbo\u00e7o biogr\u00e1fico)&#8221; <i>Almanaque das Senhoras <\/i>para 1874, Lisboa, Tip. Sousa &amp; filho, pp. 1-7.<\/p>\n<p>VILHENA, Jo\u00e3o Jardim\u00a0<em>Uma P\u00e1gina das minhas Mem\u00f3rias,<\/em> Coimbra, 1961,<em> Sep. Boletim da Biblioteca da Universidade de Coimbra, <\/em>n\u00ba 25.<\/p>\n<\/div>\n<p>&nbsp;<\/p>\n","protected":false},"excerpt":{"rendered":"<p>NOME \u00a0Am\u00e9lia Janny Elementos biogr\u00e1ficos PAI Ant\u00f3nio Jos\u00e9 Marques Correia Caldeira M\u00c3E Maria Herculana da Silva Veiga LOCAL DE NASCIMENTO Coimbra DATA DE NASCIMENTO 25 de Fevereiro de 1841 LOCAL DA MORTE Coimbra DATA DA MORTE 19 de Mar\u00e7o de 1914 Obra OBRAS IMPRESSAS\u00a0 P\u00e1tria (poema) O M\u00e9dico (poema) \u00c0 Mem\u00f3ria A Guerra &#8220;Ponte de &#8230; <a title=\"Am\u00e9lia Janny\" class=\"read-more\" href=\"https:\/\/escritoras-em-portugues.com\/pt_pt\/xix\/amelia-janny-2\/\" aria-label=\"Leia mais sobre Am\u00e9lia Janny\">Ler mais<\/a><\/p>\n","protected":false},"author":3,"featured_media":0,"parent":48,"menu_order":0,"comment_status":"closed","ping_status":"closed","template":"","meta":{"cybocfi_hide_featured_image":"","footnotes":""},"class_list":["post-1312","page","type-page","status-publish"],"_links":{"self":[{"href":"https:\/\/escritoras-em-portugues.com\/pt_pt\/wp-json\/wp\/v2\/pages\/1312","targetHints":{"allow":["GET"]}}],"collection":[{"href":"https:\/\/escritoras-em-portugues.com\/pt_pt\/wp-json\/wp\/v2\/pages"}],"about":[{"href":"https:\/\/escritoras-em-portugues.com\/pt_pt\/wp-json\/wp\/v2\/types\/page"}],"author":[{"embeddable":true,"href":"https:\/\/escritoras-em-portugues.com\/pt_pt\/wp-json\/wp\/v2\/users\/3"}],"replies":[{"embeddable":true,"href":"https:\/\/escritoras-em-portugues.com\/pt_pt\/wp-json\/wp\/v2\/comments?post=1312"}],"version-history":[{"count":11,"href":"https:\/\/escritoras-em-portugues.com\/pt_pt\/wp-json\/wp\/v2\/pages\/1312\/revisions"}],"predecessor-version":[{"id":1882,"href":"https:\/\/escritoras-em-portugues.com\/pt_pt\/wp-json\/wp\/v2\/pages\/1312\/revisions\/1882"}],"up":[{"embeddable":true,"href":"https:\/\/escritoras-em-portugues.com\/pt_pt\/wp-json\/wp\/v2\/pages\/48"}],"wp:attachment":[{"href":"https:\/\/escritoras-em-portugues.com\/pt_pt\/wp-json\/wp\/v2\/media?parent=1312"}],"curies":[{"name":"wp","href":"https:\/\/api.w.org\/{rel}","templated":true}]}}