{"id":1221,"date":"2023-11-18T21:25:45","date_gmt":"2023-11-18T21:25:45","guid":{"rendered":"https:\/\/escritoras-em-portugues.com\/?page_id=1221"},"modified":"2024-06-04T22:12:12","modified_gmt":"2024-06-04T22:12:12","slug":"paulina-de-flaugergues","status":"publish","type":"page","link":"https:\/\/escritoras-em-portugues.com\/pt_pt\/xviii\/paulina-de-flaugergues\/","title":{"rendered":"Paulina de Flaugergues"},"content":{"rendered":"<p><strong>NOME <\/strong><span lang=\"PT\">Paulina de Flaugergues<\/span><\/p>\n<h4><strong>Elementos biogr\u00e1ficos<\/strong><\/h4>\n<p><strong>PAI <\/strong>Pierre-Fran\u00e7ois Faluguergues<\/p>\n<p><strong>LOCAL DE NASCIMENTO <\/strong><span lang=\"PT\">Fran\u00e7a, Rodez<\/span><\/p>\n<p><strong>DATA DE NASCIMENTO<\/strong>\u00a0 21 Agosto 1799<\/p>\n<p><strong>LOCAL DA MORTE<\/strong>\u00a0 Ch\u00e2tillon<\/p>\n<p><strong>DATA DA MORTE <\/strong>2 de Fevereiro <span lang=\"PT\">1878<\/span><\/p>\n<p style=\"font-weight: 400;\"><strong>PROFISS\u00c3O \/ CARGO \/ \u00a0FUN\u00c7\u00c3O <\/strong>Perceptora das Filhas da Infanta D. Ana de Jesus Maria (Esposa do Duque de Loul\u00e9)<\/p>\n<h4><strong>Obra<\/strong><\/h4>\n<p><strong>OBRAS IMPRESSAS<\/strong><\/p>\n<blockquote><p><em>Au bord du Tage 1842<\/em><\/p>\n<p><em>Parnaso Mariano<\/em> 1885<\/p>\n<p><em>L&#8217;Abeille. Revue Encyclop\u00e9dique<\/em><\/p>\n<p><em>A Abelha: jornal de utilidade, instruc\u00e7\u00e3o e recreio em portuguez e francez, <\/em>n.\u00b0 1, Abril de 1836<\/p>\n<p><em>Les \u00e9paves<\/em> (1873)<\/p>\n<p><em>Entretiens sur les beaut\u00e9s de la nature<\/em>\u00a0(1856)<\/p>\n<p><em>Les Bruy\u00e8res<\/em> (1854)<\/p>\n<p><em>Marcelin, ou le D\u00e9vouement de l&#8217;amiti\u00e9<\/em> (1848)<\/p><\/blockquote>\n<h4><strong>Bibliografia:<\/strong><\/h4>\n<p><a href=\"https:\/\/estudogeral.uc.pt\/bitstream\/10316\/79402\/1\/Tenho%20escrevinhado%20muito.pdf\">BIGELINI, Elen, Tenho escrevinhado muito. Mulheres que escreveram em Portugal (1800-1850), Coimbra, Disserta\u00e7\u00e3o de Doutoramento, 2017<\/a><\/p>\n<p>ESTEVES, Rosa Aspectos da Sociabilidade oitocentista: \u00abO Jornal franc\u00eas L&#8217;Abeille (1840 a 1841). Separata de <em>Revista de Hist\u00f3ria das Ideias,<\/em> Coimbra, <span style=\"font-size: inherit;\">Faculdade de Letras, <\/span>vol. 8,<span style=\"font-size: inherit;\">\u00a01986<\/span><\/p>\n<p>FARIA, Am\u00e9rico, Dez Amorosas Rom\u00e2nticas, Lisboa, Cl\u00e1ssica, 1955.<\/p>\n","protected":false},"excerpt":{"rendered":"<p>NOME Paulina de Flaugergues Elementos biogr\u00e1ficos PAI Pierre-Fran\u00e7ois Faluguergues LOCAL DE NASCIMENTO Fran\u00e7a, Rodez DATA DE NASCIMENTO\u00a0 21 Agosto 1799 LOCAL DA MORTE\u00a0 Ch\u00e2tillon DATA DA MORTE 2 de Fevereiro 1878 PROFISS\u00c3O \/ CARGO \/ \u00a0FUN\u00c7\u00c3O Perceptora das Filhas da Infanta D. Ana de Jesus Maria (Esposa do Duque de Loul\u00e9) Obra OBRAS IMPRESSAS Au &#8230; <a title=\"Paulina de Flaugergues\" class=\"read-more\" href=\"https:\/\/escritoras-em-portugues.com\/pt_pt\/xviii\/paulina-de-flaugergues\/\" aria-label=\"Leia mais sobre Paulina de Flaugergues\">Ler mais<\/a><\/p>\n","protected":false},"author":3,"featured_media":0,"parent":46,"menu_order":0,"comment_status":"closed","ping_status":"closed","template":"","meta":{"cybocfi_hide_featured_image":"","footnotes":""},"class_list":["post-1221","page","type-page","status-publish"],"_links":{"self":[{"href":"https:\/\/escritoras-em-portugues.com\/pt_pt\/wp-json\/wp\/v2\/pages\/1221","targetHints":{"allow":["GET"]}}],"collection":[{"href":"https:\/\/escritoras-em-portugues.com\/pt_pt\/wp-json\/wp\/v2\/pages"}],"about":[{"href":"https:\/\/escritoras-em-portugues.com\/pt_pt\/wp-json\/wp\/v2\/types\/page"}],"author":[{"embeddable":true,"href":"https:\/\/escritoras-em-portugues.com\/pt_pt\/wp-json\/wp\/v2\/users\/3"}],"replies":[{"embeddable":true,"href":"https:\/\/escritoras-em-portugues.com\/pt_pt\/wp-json\/wp\/v2\/comments?post=1221"}],"version-history":[{"count":6,"href":"https:\/\/escritoras-em-portugues.com\/pt_pt\/wp-json\/wp\/v2\/pages\/1221\/revisions"}],"predecessor-version":[{"id":1861,"href":"https:\/\/escritoras-em-portugues.com\/pt_pt\/wp-json\/wp\/v2\/pages\/1221\/revisions\/1861"}],"up":[{"embeddable":true,"href":"https:\/\/escritoras-em-portugues.com\/pt_pt\/wp-json\/wp\/v2\/pages\/46"}],"wp:attachment":[{"href":"https:\/\/escritoras-em-portugues.com\/pt_pt\/wp-json\/wp\/v2\/media?parent=1221"}],"curies":[{"name":"wp","href":"https:\/\/api.w.org\/{rel}","templated":true}]}}