{"id":1197,"date":"2023-11-18T19:43:54","date_gmt":"2023-11-18T19:43:54","guid":{"rendered":"https:\/\/escritoras-em-portugues.com\/?page_id=1197"},"modified":"2024-06-04T22:46:38","modified_gmt":"2024-06-04T22:46:38","slug":"violante-atabalipa-ximenes-de-bivar-e-velasco","status":"publish","type":"page","link":"https:\/\/escritoras-em-portugues.com\/pt_pt\/xix\/violante-atabalipa-ximenes-de-bivar-e-velasco\/","title":{"rendered":"Violante Atabalipa Ximenes de B\u00edvar e Velasco"},"content":{"rendered":"<p><strong>NOME <\/strong><span lang=\"PT\">Violante Atabalipa Ximenes de B\u00edvar e Velasco<\/span><\/p>\n<h4><strong>Elementos biogr\u00e1ficos<\/strong><\/h4>\n<p style=\"font-weight: 400;\"><strong>PAI <\/strong>Diogo Soares da Silva B\u00edvar<\/p>\n<p style=\"font-weight: 400;\"><strong>M\u00c3E<\/strong> Violante Ximenes de Lima<\/p>\n<p style=\"font-weight: 400;\"><strong>LOCAL DE NASCIMENTO<\/strong> Bahia, Brasil<\/p>\n<p style=\"font-weight: 400;\"><strong>DATA DE NASCIMENTO<\/strong> 1 de Dezembro de 1816(?) ou 1817<\/p>\n<p style=\"font-weight: 400;\"><strong>LOCAL DA MORTE<\/strong> Rio de Janeiro<\/p>\n<p style=\"font-weight: 400;\"><strong>PA\u00cdS ONDE NASCEU<\/strong>\u00a0 Portugal (Brasil-Col\u00f3nia)<\/p>\n<p style=\"font-weight: 400;\"><strong>LOCAL E DATA DA MORTE<\/strong> Rio de Janeiro, 25 de Maio 1875<\/p>\n<p style=\"font-weight: 400;\"><strong>ESTADO<\/strong> Casada<\/p>\n<p style=\"font-weight: 400;\"><strong>C\u00d4NJUGE<\/strong> Jo\u00e3o Ant\u00f3nio Boaventura Velasco<\/p>\n<p style=\"font-weight: 400;\"><strong>LUGAR E DATA DE CASAMENTO<\/strong> Rio de Janeiro<\/p>\n<p style=\"font-weight: 400;\"><strong>IDIOMAS<\/strong> Portugu\u00eas, Franc\u00eas, Italiano, Ingl\u00eas<\/p>\n<h4><strong>Obra<\/strong><\/h4>\n<p><strong>OBRAS IMPRESSAS<\/strong><\/p>\n<blockquote>\n<p style=\"font-weight: 400;\"><em>Algumas Tradu\u00e7\u00f5es das L\u00ednguas Franceza, Italiana e Ingleza, <\/em>Rio de Janeiro, Typ Bernardo Xavier Pinto de Sousa, 1859.<\/p>\n<\/blockquote>\n<h4><strong>Bibliografia:<\/strong><\/h4>\n<p style=\"font-weight: 400;\">BLAKE, Augusto Victorino Sacramento, <em>Dicion\u00e1rio Bibliogr\u00e1fico Brasileiro, Rio de Janeiro,\u00a0<\/em>1883, vol. 7<\/p>\n<p style=\"font-weight: 400;\">HAHNER, June E., <em>E<\/em><em>mancipating the female sex: the struggle for women\u2019s rights in Brazil 1850-1940, <\/em>Durham, Duke University Press, 1990<\/p>\n<p style=\"font-weight: 400;\">MUZART, Zahid\u00e9 Lupinacci, <em>Escritoras brasileiras do s\u00e9culo XIX, <\/em>Florian\u00f3polis, Editora Mulheres, 1999; Santa Cruz do Sul, Edunisc, 2000<\/p>\n<p style=\"font-weight: 400;\">PEREIRA, Cl\u00e1udia \u201cA escrita de autoria feminina no Brasil dos s\u00e9culos XVIII e XIX\u201d <em>Contestado fruto: a poesia esquecida de Beatriz Brand\u00e3o (1779-1868), <\/em>Lisboa, Faculdade de Letras &#8211; CLEPUL, 2011, pp. 36-52.<\/p>\n<p style=\"font-weight: 400;\">SABINO, In\u00eas, <em>Mulheres Ilustres do Brasil, <\/em>1899\u00a0 [reed: 1996, p. 108]<\/p>\n<p style=\"font-weight: 400;\">SCHUMAHER, Schuma e Erico Vital Brasil (orgs.), <em>Dicion\u00e1rio de Mulheres do Brasil de 1500 at\u00e9 a atualidade, <\/em>Rio de janeiro, Jorge Zahar Editor, 2000, p. 521.<\/p>\n<p style=\"font-weight: 400;\">SILVA, Innoc\u00eancio Francisco da, <em>Diccion\u00e1rio Bibliographico Portuguez<\/em>, Lisboa, Imprensa Nacional, 1858<\/p>\n<p style=\"font-weight: 400;\">\n","protected":false},"excerpt":{"rendered":"<p>NOME Violante Atabalipa Ximenes de B\u00edvar e Velasco Elementos biogr\u00e1ficos PAI Diogo Soares da Silva B\u00edvar M\u00c3E Violante Ximenes de Lima LOCAL DE NASCIMENTO Bahia, Brasil DATA DE NASCIMENTO 1 de Dezembro de 1816(?) ou 1817 LOCAL DA MORTE Rio de Janeiro PA\u00cdS ONDE NASCEU\u00a0 Portugal (Brasil-Col\u00f3nia) LOCAL E DATA DA MORTE Rio de Janeiro, &#8230; <a title=\"Violante Atabalipa Ximenes de B\u00edvar e Velasco\" class=\"read-more\" href=\"https:\/\/escritoras-em-portugues.com\/pt_pt\/xix\/violante-atabalipa-ximenes-de-bivar-e-velasco\/\" aria-label=\"Leia mais sobre Violante Atabalipa Ximenes de B\u00edvar e Velasco\">Ler mais<\/a><\/p>\n","protected":false},"author":3,"featured_media":0,"parent":48,"menu_order":0,"comment_status":"closed","ping_status":"closed","template":"","meta":{"cybocfi_hide_featured_image":"","footnotes":""},"class_list":["post-1197","page","type-page","status-publish"],"_links":{"self":[{"href":"https:\/\/escritoras-em-portugues.com\/pt_pt\/wp-json\/wp\/v2\/pages\/1197","targetHints":{"allow":["GET"]}}],"collection":[{"href":"https:\/\/escritoras-em-portugues.com\/pt_pt\/wp-json\/wp\/v2\/pages"}],"about":[{"href":"https:\/\/escritoras-em-portugues.com\/pt_pt\/wp-json\/wp\/v2\/types\/page"}],"author":[{"embeddable":true,"href":"https:\/\/escritoras-em-portugues.com\/pt_pt\/wp-json\/wp\/v2\/users\/3"}],"replies":[{"embeddable":true,"href":"https:\/\/escritoras-em-portugues.com\/pt_pt\/wp-json\/wp\/v2\/comments?post=1197"}],"version-history":[{"count":4,"href":"https:\/\/escritoras-em-portugues.com\/pt_pt\/wp-json\/wp\/v2\/pages\/1197\/revisions"}],"predecessor-version":[{"id":1902,"href":"https:\/\/escritoras-em-portugues.com\/pt_pt\/wp-json\/wp\/v2\/pages\/1197\/revisions\/1902"}],"up":[{"embeddable":true,"href":"https:\/\/escritoras-em-portugues.com\/pt_pt\/wp-json\/wp\/v2\/pages\/48"}],"wp:attachment":[{"href":"https:\/\/escritoras-em-portugues.com\/pt_pt\/wp-json\/wp\/v2\/media?parent=1197"}],"curies":[{"name":"wp","href":"https:\/\/api.w.org\/{rel}","templated":true}]}}