{"id":1178,"date":"2023-11-18T18:48:32","date_gmt":"2023-11-18T18:48:32","guid":{"rendered":"https:\/\/escritoras-em-portugues.com\/?page_id=1178"},"modified":"2024-06-04T22:13:09","modified_gmt":"2024-06-04T22:13:09","slug":"sebastiana-de-magalhaes","status":"publish","type":"page","link":"https:\/\/escritoras-em-portugues.com\/pt_pt\/xviii\/sebastiana-de-magalhaes\/","title":{"rendered":"Sebastiana de Magalh\u00e3es"},"content":{"rendered":"<p><strong>NOME <\/strong><span lang=\"PT\">Sebastiana de Magalh\u00e3es<\/span><\/p>\n<h4><strong>Elementos biogr\u00e1ficos<\/strong><\/h4>\n<p><strong>PAI<\/strong>\u00a0Rui Soares de Magalh\u00e3es, Capit\u00e3o<\/p>\n<p><strong>DATA DE NASCIMENTO<\/strong>\u00a0 S\u00e9culo XVIII<\/p>\n<p><strong>DATA DA MORTE<\/strong>\u00a0 S\u00e9culo XVIII<\/p>\n<p style=\"font-weight: 400;\"><strong>STATUS \/ ESTADO<\/strong>\u00a0 Nun \/ Freira<\/p>\n<p style=\"font-weight: 400;\"><strong>IDIOMAS<\/strong> Latim, Grego<\/p>\n<p><strong style=\"font-family: inherit; font-size: 24px; font-style: inherit;\">Obra<\/strong><\/p>\n<p style=\"font-weight: 400;\"><strong>OBRAS MANUSCRITAS (DESAPARECIDAS)<\/strong><\/p>\n<blockquote>\n<p style=\"font-weight: 400;\"><em>Epitome Regum Francorum \u00a0<\/em>(ded. a Madame de Dacier, Anne Tanaquel de Feure)<\/p>\n<p style=\"font-weight: 400;\"><em>Coment\u00e1rios a Floro, Aurelio Victor, Dictis Cretense, Eutropio<\/em><\/p>\n<p style=\"font-weight: 400;\">Tradu\u00e7\u00e3o da<em> Odisseia <\/em>e da<em> Il\u00edada <\/em>para Franc\u00eas<\/p>\n<\/blockquote>\n<pre><\/pre>\n<h4><strong>Bibliografia:<\/strong><\/h4>\n<p style=\"font-weight: 400;\">JESUS, Gertrudes Margarida, <em>Segunda Carta Apolog\u00e9tica em favor, e defensa das Mulheres, escrita por dona Gertrudes Margarida de Jesus, ao Irm\u00e3o Amador do Desengano, com a qual destroe toda a fabrica do seu Espelho Cr\u00edtico. E se responde ao terceiro defeito, que nelle contemplou<\/em>, Lisboa, Francisco Borges de Sousa, 1761.<\/p>\n<p style=\"font-weight: 400;\">MACHADO, Diogo Barbosa, <em>Bibliotheca Luzitana: hist\u00f3rica, cr\u00edtica e cronol\u00f3gica, <\/em>Lisboa Occidental, na Officina de Antonio Isidoro da Fonseca, 1741-1759, volume III, p. 675.<\/p>\n<p style=\"font-weight: 400;\">PERYM, Dami\u00e3o de Froes, <em>Theatro Heroino, abecedario historico, e catalogo das mulheres ilustres em armas, letras ac\u00e7oens heroicas e artes liberais, <\/em>2 volumes, Lisboa Occidental, na Officina de Musica de Theotonio Antunes Lima, 1736-1740, volume II, p. 389<\/p>\n<p style=\"font-weight: 400;\">\n","protected":false},"excerpt":{"rendered":"<p>NOME Sebastiana de Magalh\u00e3es Elementos biogr\u00e1ficos PAI\u00a0Rui Soares de Magalh\u00e3es, Capit\u00e3o DATA DE NASCIMENTO\u00a0 S\u00e9culo XVIII DATA DA MORTE\u00a0 S\u00e9culo XVIII STATUS \/ ESTADO\u00a0 Nun \/ Freira IDIOMAS Latim, Grego Obra OBRAS MANUSCRITAS (DESAPARECIDAS) Epitome Regum Francorum \u00a0(ded. a Madame de Dacier, Anne Tanaquel de Feure) Coment\u00e1rios a Floro, Aurelio Victor, Dictis Cretense, Eutropio Tradu\u00e7\u00e3o &#8230; <a title=\"Sebastiana de Magalh\u00e3es\" class=\"read-more\" href=\"https:\/\/escritoras-em-portugues.com\/pt_pt\/xviii\/sebastiana-de-magalhaes\/\" aria-label=\"Leia mais sobre Sebastiana de Magalh\u00e3es\">Ler mais<\/a><\/p>\n","protected":false},"author":3,"featured_media":0,"parent":46,"menu_order":0,"comment_status":"closed","ping_status":"closed","template":"","meta":{"cybocfi_hide_featured_image":"","footnotes":""},"class_list":["post-1178","page","type-page","status-publish"],"_links":{"self":[{"href":"https:\/\/escritoras-em-portugues.com\/pt_pt\/wp-json\/wp\/v2\/pages\/1178","targetHints":{"allow":["GET"]}}],"collection":[{"href":"https:\/\/escritoras-em-portugues.com\/pt_pt\/wp-json\/wp\/v2\/pages"}],"about":[{"href":"https:\/\/escritoras-em-portugues.com\/pt_pt\/wp-json\/wp\/v2\/types\/page"}],"author":[{"embeddable":true,"href":"https:\/\/escritoras-em-portugues.com\/pt_pt\/wp-json\/wp\/v2\/users\/3"}],"replies":[{"embeddable":true,"href":"https:\/\/escritoras-em-portugues.com\/pt_pt\/wp-json\/wp\/v2\/comments?post=1178"}],"version-history":[{"count":3,"href":"https:\/\/escritoras-em-portugues.com\/pt_pt\/wp-json\/wp\/v2\/pages\/1178\/revisions"}],"predecessor-version":[{"id":1865,"href":"https:\/\/escritoras-em-portugues.com\/pt_pt\/wp-json\/wp\/v2\/pages\/1178\/revisions\/1865"}],"up":[{"embeddable":true,"href":"https:\/\/escritoras-em-portugues.com\/pt_pt\/wp-json\/wp\/v2\/pages\/46"}],"wp:attachment":[{"href":"https:\/\/escritoras-em-portugues.com\/pt_pt\/wp-json\/wp\/v2\/media?parent=1178"}],"curies":[{"name":"wp","href":"https:\/\/api.w.org\/{rel}","templated":true}]}}