{"id":1155,"date":"2023-11-16T14:18:14","date_gmt":"2023-11-16T14:18:14","guid":{"rendered":"https:\/\/escritoras-em-portugues.com\/?page_id=1155"},"modified":"2024-06-04T21:45:41","modified_gmt":"2024-06-04T21:45:41","slug":"joana-de-sousa-soror","status":"publish","type":"page","link":"https:\/\/escritoras-em-portugues.com\/pt_pt\/xvii\/joana-de-sousa-soror\/","title":{"rendered":"Joana de Sousa, Soror"},"content":{"rendered":"<p><strong>NOME<\/strong> Joana de Sousa, Soror<\/p>\n<h4><strong>Elementos biogr\u00e1ficos<\/strong><\/h4>\n<p><strong>DATA DE NASCIMENTO<\/strong>\u00a0 S\u00e9culo XVII<\/p>\n<p><strong>DATA DA MORTE<\/strong>\u00a0 S\u00e9culo XVII<\/p>\n<p><strong>PROFISS\u00c3O \/ CARGO \/ FUN\u00c7\u00c3O<\/strong> Escriv\u00e3 da Abadessa D. Brites Freira<\/p>\n<p><strong>ESTADO<\/strong> Freira<\/p>\n<p><strong>IDIOMAS<\/strong> Portugu\u00eas<\/p>\n<h4><strong>Obra<\/strong><\/h4>\n<p><strong>OBRAS MANUSCRITAS<\/strong><\/p>\n<blockquote><p><em>Regra do Mosteiro de Beja que mandou fazer o padre Fr. Francisco de Santa Catarina, guardi\u00e3o do convento de S\u00e3o Francisco de Lisboa, por ordem da abadessa Dona Violante de Alvim e Azevedo, no ano de 1527 e foi escrito por Dom Diogo Lereno.<\/em><\/p><\/blockquote>\n<p>&nbsp;<\/p>\n<h4><strong>Bibliografia:<\/strong><\/h4>\n<p><em>Exposi\u00e7\u00e3o Tesouros da Biblioteca Nacional. Cat\u00e1logo<\/em>, Lisboa, Biblioteca Nacional, 1969, p. 29<\/p>\n<p>&nbsp;<\/p>\n","protected":false},"excerpt":{"rendered":"<p>NOME Joana de Sousa, Soror Elementos biogr\u00e1ficos DATA DE NASCIMENTO\u00a0 S\u00e9culo XVII DATA DA MORTE\u00a0 S\u00e9culo XVII PROFISS\u00c3O \/ CARGO \/ FUN\u00c7\u00c3O Escriv\u00e3 da Abadessa D. Brites Freira ESTADO Freira IDIOMAS Portugu\u00eas Obra OBRAS MANUSCRITAS Regra do Mosteiro de Beja que mandou fazer o padre Fr. Francisco de Santa Catarina, guardi\u00e3o do convento de S\u00e3o &#8230; <a title=\"Joana de Sousa, Soror\" class=\"read-more\" href=\"https:\/\/escritoras-em-portugues.com\/pt_pt\/xvii\/joana-de-sousa-soror\/\" aria-label=\"Leia mais sobre Joana de Sousa, Soror\">Ler mais<\/a><\/p>\n","protected":false},"author":3,"featured_media":0,"parent":47,"menu_order":0,"comment_status":"closed","ping_status":"closed","template":"","meta":{"cybocfi_hide_featured_image":"","footnotes":""},"class_list":["post-1155","page","type-page","status-publish"],"_links":{"self":[{"href":"https:\/\/escritoras-em-portugues.com\/pt_pt\/wp-json\/wp\/v2\/pages\/1155","targetHints":{"allow":["GET"]}}],"collection":[{"href":"https:\/\/escritoras-em-portugues.com\/pt_pt\/wp-json\/wp\/v2\/pages"}],"about":[{"href":"https:\/\/escritoras-em-portugues.com\/pt_pt\/wp-json\/wp\/v2\/types\/page"}],"author":[{"embeddable":true,"href":"https:\/\/escritoras-em-portugues.com\/pt_pt\/wp-json\/wp\/v2\/users\/3"}],"replies":[{"embeddable":true,"href":"https:\/\/escritoras-em-portugues.com\/pt_pt\/wp-json\/wp\/v2\/comments?post=1155"}],"version-history":[{"count":2,"href":"https:\/\/escritoras-em-portugues.com\/pt_pt\/wp-json\/wp\/v2\/pages\/1155\/revisions"}],"predecessor-version":[{"id":1784,"href":"https:\/\/escritoras-em-portugues.com\/pt_pt\/wp-json\/wp\/v2\/pages\/1155\/revisions\/1784"}],"up":[{"embeddable":true,"href":"https:\/\/escritoras-em-portugues.com\/pt_pt\/wp-json\/wp\/v2\/pages\/47"}],"wp:attachment":[{"href":"https:\/\/escritoras-em-portugues.com\/pt_pt\/wp-json\/wp\/v2\/media?parent=1155"}],"curies":[{"name":"wp","href":"https:\/\/api.w.org\/{rel}","templated":true}]}}