{"id":1142,"date":"2023-11-15T21:32:47","date_gmt":"2023-11-15T21:32:47","guid":{"rendered":"https:\/\/escritoras-em-portugues.com\/?page_id=1142"},"modified":"2024-06-04T21:52:51","modified_gmt":"2024-06-04T21:52:51","slug":"maria-antonia-de-sao-boaventura-e-meneses","status":"publish","type":"page","link":"https:\/\/escritoras-em-portugues.com\/pt_pt\/xvii\/maria-antonia-de-sao-boaventura-e-meneses\/","title":{"rendered":"Maria Ant\u00f3nia de S\u00e3o Boaventura e Meneses"},"content":{"rendered":"<p><strong>NOME <\/strong>Maria Ant\u00f3nia de S\u00e3o Boaventura e Meneses<\/p>\n<p><strong>OUTROS NOME(S)<\/strong> Maria Ant\u00f3nia de S\u00e3o Boaventura e Meneses Paim<\/p>\n<h4><strong>Elementos biogr\u00e1ficos<\/strong><\/h4>\n<p style=\"font-weight: 400;\"><strong>PAI <\/strong>Roque Monteiro Paim, Secret\u00e1rio das Merc\u00eas de D. Pedro II<\/p>\n<p style=\"font-weight: 400;\"><strong>M\u00c3E <\/strong>Joana Maria de Menezes<\/p>\n<p style=\"font-weight: 400;\"><strong>LOCAL DE NASCIMENTO<\/strong> Lisboa<\/p>\n<p style=\"font-weight: 400;\"><strong>DATA DE NASCIMENTO<\/strong> S\u00e9culo XVII<\/p>\n<p style=\"font-weight: 400;\"><strong>ESTADO <\/strong>Casada<\/p>\n<p style=\"font-weight: 400;\"><strong>NOME DO CONJUGE<\/strong> Rodrigo de Sousa Coutinho Castelo-Branco e Menezes (filho do 1\u00ba Conde do Redondo)<\/p>\n<p style=\"font-weight: 400;\"><strong>DATA DE CASAMENTO<\/strong> c. 1680<\/p>\n<p style=\"font-weight: 400;\"><strong>N\u00daMERO DE FILHOS<\/strong>\u00a0 7<\/p>\n<p style=\"font-weight: 400;\"><strong>FILHOS<\/strong><\/p>\n<ol>\n<li style=\"font-weight: 400;\"><a href=\"http:\/\/www.geneall.net\/P\/per_page.php?id=353960\"> Ant\u00f3nio de Sousa Monteiro Paim<\/a>* 1719<\/li>\n<li style=\"font-weight: 400;\"><a href=\"http:\/\/www.geneall.net\/P\/per_page.php?id=47412\"> Leonor Josefa de Portugal<\/a>* 1722\u00a0D. Luis Ant\u00f3nio de Sousa Botelho Mour\u00e3o, morgado de Mateus<\/li>\n<li style=\"font-weight: 400;\"><a href=\"http:\/\/www.geneall.net\/P\/per_page.php?id=49523\"> Vicente Roque de Sousa Coutinho de Menezes Monteiro Paim<\/a>* 28.12.1726\u00a0D. Teresa Rita da Camara\u00a0Louise \u00c9lisabeth Agn\u00e8s de Montboissier Beaufort de Canilliac<\/li>\n<li style=\"font-weight: 400;\"><a href=\"http:\/\/www.geneall.net\/P\/per_page.php?id=24863\"> Francisco Inoc\u00eancio de Sousa Coutinho<\/a>* c. 1725\u00a0Ana Luisa da Silva Teixeira Andrade<\/li>\n<li style=\"font-weight: 400;\"><a href=\"http:\/\/www.geneall.net\/P\/per_page.php?id=357478\"> Roque Jos\u00e9 de Sousa Monteiro<\/a>* 1727<\/li>\n<li style=\"font-weight: 400;\"><a href=\"http:\/\/www.geneall.net\/P\/per_page.php?id=356527\"> Maria da Gra\u00e7a de Sousa Monteiro<\/a>* 1730<\/li>\n<li style=\"font-weight: 400;\"><a href=\"http:\/\/www.geneall.net\/P\/per_page.php?id=354614\"> Fernando de Sousa<\/a><\/li>\n<\/ol>\n<p style=\"font-weight: 400;\"><strong>IDIOMAS<\/strong> Italiano, Franc\u00eas<\/p>\n<h4><strong>Obra<\/strong><\/h4>\n<p><strong>OBRAS IMPRESSAS<\/strong><\/p>\n<blockquote>\n<p style=\"font-weight: 400;\"><em>Historia da igreja do Jap\u00e3o, em que se d\u00e1 not\u00edcia da primeira entrada da f\u00e9 n\u2019aquelle imperio; dos costumes daquella na\u00e7\u00e3o, suas terras, e cousas muito curiosas e raras, para os eruditos estimaveis, e para todos gratas. Escripta em francez pelo P. Joao Crasset, da companhia de Jesus, e traduzida em portuguez. <\/em>Tomo I, Lisboa, na Offic. de Manuel da Silva, 1749.<\/p>\n<p style=\"font-weight: 400;\"><a href=\"https:\/\/babel.hathitrust.org\/cgi\/pt?id=nyp.33433020055350&amp;view=1up&amp;seq=14\"><em>Historia da igreja do Jap\u00e3o, em que se continuam os progressos da Religi\u00e3o Cat\u00f3lica, e v\u00e1rios sucessos e persegui\u00e7\u00f5es da mesma Igreja naquele Imperio. Ecreveo-a em francez P. Jo\u00e3o Crasset da Companhia de Jesus. E correndo j\u00e1 traduzida em Italiano Appareceo agora dedicada a S. Francisco Xavier, primeiro Apostolo daquele Gentilismo e vertida em portuguez por D. Maria Antonia de S\u00e3o Boaventura e Menezes, <\/em>TOMO II, Lisboa, Manoel da Sylva, 1751<\/a><\/p>\n<p style=\"font-weight: 400;\"><em>Historia da igreja do Jap\u00e3o, em que se continuam os progressos da Religi\u00e3o Cat\u00f3lica, e v\u00e1rios sucessos e persegui\u00e7\u00f5es da mesma Igreja naquele Imperio. Ecreveo-a em francez P. Jo\u00e3o Crasset da Companhia de Jesus. E correndo j\u00e1 traduzida em Italiano Appareceo agora dedicada a S. Francisco Xavier, primeiro Apostolo daquele Gentilismo e vertida em portuguez por D. Maria Antonia de S\u00e3o Boaventura e Menezes, <\/em>TOMO II, Lisboa, Manoel Soares, 1755.<\/p>\n<p style=\"font-weight: 400;\"><em>Delicioso e novenario exercicio<\/em>, <em>escrito pela Excelentissima Senhora D. Maria Antonia de S\u00e3o Boaventura e Menezes, \u00a0dado \u00e0 luz<\/em><em>por huma devota<\/em>, Porto, na Officina de Francisco Mendes Lima, 1764.<\/p>\n<\/blockquote>\n<h4><strong>Bibliografia:<\/strong><\/h4>\n<p style=\"font-weight: 400;\">BARROS, Tereza Leit\u00e3o de (s\/d) \u2013 <em>No Jardim do Passado\u2026 Evoca\u00e7\u00f5es Historicas<\/em>. Lisboa: Livraria Guimar\u00e3es &amp; Cia. Pg. 83-95<\/p>\n<p style=\"font-weight: 400;\">BARROS, Teresa Leit\u00e3o de. <em>Escritoras de Portugal<\/em> \u2013 <em>G\u00e9nio Feminino revelado na Literatura Portuguesa<\/em>, vol. II., Lisboa, 1924, p\u00e1gs. 146-7.<\/p>\n<p style=\"font-weight: 400;\">FARINHA, Bento Jos\u00e9 de Sousa, <em>Summario de Bibliotheca Lusitana<\/em>. Tomo III. Lisboa: na Off. da Academia Real das Sciencias, 1787, p. 193<\/p>\n<p style=\"font-weight: 400;\">MACHADO, Diogo Barbosa, <em>Bibliotheca Luzitana: hist\u00f3rica, cr\u00edtica e cronol\u00f3gica, <\/em>Lisboa Occidental, na Officina de Antonio Isidoro da Fonseca, 1741-1759, Volume III, p. 419<\/p>\n<p style=\"font-weight: 400;\">SILVA, Innoc\u00eancio Francisco da, <em>Diccion\u00e1rio Bibliographico Portuguez<\/em>, Lisboa, Imprensa Nacional, 1858, Volume VI, p. 135<\/p>\n<p style=\"font-weight: 400;\">SOUSA, Jo\u00e3o Carlos Pinto de, <em>Bibliotheca Historica de Portugal e seus dominios ultramarinos: Na qual se cont\u00e9m varias Historias daquelle, e destes Ms. e impressas em prosa, e em verso, e juntas com as de outroe Estados, escritas por Authores Portuguezes, e estrangeiros: com hum resumo das suas Vidas, e das opini\u00f5es que j\u00e1 sobre o que alguns escrev\u00eara\u00f5<\/em>. Lisboa, na Typographia Chalcographica, Typoplastica, e Litteraria do Arco do Cego, Anno 1801, pp. 378-379, N\u00ba 449<\/p>\n","protected":false},"excerpt":{"rendered":"<p>NOME Maria Ant\u00f3nia de S\u00e3o Boaventura e Meneses OUTROS NOME(S) Maria Ant\u00f3nia de S\u00e3o Boaventura e Meneses Paim Elementos biogr\u00e1ficos PAI Roque Monteiro Paim, Secret\u00e1rio das Merc\u00eas de D. Pedro II M\u00c3E Joana Maria de Menezes LOCAL DE NASCIMENTO Lisboa DATA DE NASCIMENTO S\u00e9culo XVII ESTADO Casada NOME DO CONJUGE Rodrigo de Sousa Coutinho Castelo-Branco &#8230; <a title=\"Maria Ant\u00f3nia de S\u00e3o Boaventura e Meneses\" class=\"read-more\" href=\"https:\/\/escritoras-em-portugues.com\/pt_pt\/xvii\/maria-antonia-de-sao-boaventura-e-meneses\/\" aria-label=\"Leia mais sobre Maria Ant\u00f3nia de S\u00e3o Boaventura e Meneses\">Ler mais<\/a><\/p>\n","protected":false},"author":3,"featured_media":0,"parent":47,"menu_order":0,"comment_status":"closed","ping_status":"closed","template":"","meta":{"cybocfi_hide_featured_image":"","footnotes":""},"class_list":["post-1142","page","type-page","status-publish"],"_links":{"self":[{"href":"https:\/\/escritoras-em-portugues.com\/pt_pt\/wp-json\/wp\/v2\/pages\/1142","targetHints":{"allow":["GET"]}}],"collection":[{"href":"https:\/\/escritoras-em-portugues.com\/pt_pt\/wp-json\/wp\/v2\/pages"}],"about":[{"href":"https:\/\/escritoras-em-portugues.com\/pt_pt\/wp-json\/wp\/v2\/types\/page"}],"author":[{"embeddable":true,"href":"https:\/\/escritoras-em-portugues.com\/pt_pt\/wp-json\/wp\/v2\/users\/3"}],"replies":[{"embeddable":true,"href":"https:\/\/escritoras-em-portugues.com\/pt_pt\/wp-json\/wp\/v2\/comments?post=1142"}],"version-history":[{"count":4,"href":"https:\/\/escritoras-em-portugues.com\/pt_pt\/wp-json\/wp\/v2\/pages\/1142\/revisions"}],"predecessor-version":[{"id":1807,"href":"https:\/\/escritoras-em-portugues.com\/pt_pt\/wp-json\/wp\/v2\/pages\/1142\/revisions\/1807"}],"up":[{"embeddable":true,"href":"https:\/\/escritoras-em-portugues.com\/pt_pt\/wp-json\/wp\/v2\/pages\/47"}],"wp:attachment":[{"href":"https:\/\/escritoras-em-portugues.com\/pt_pt\/wp-json\/wp\/v2\/media?parent=1142"}],"curies":[{"name":"wp","href":"https:\/\/api.w.org\/{rel}","templated":true}]}}