{"id":1135,"date":"2023-11-14T23:35:38","date_gmt":"2023-11-14T23:35:38","guid":{"rendered":"https:\/\/escritoras-em-portugues.com\/?page_id=1135"},"modified":"2024-06-04T22:07:37","modified_gmt":"2024-06-04T22:07:37","slug":"joana-teodora-de-sousa-dona","status":"publish","type":"page","link":"https:\/\/escritoras-em-portugues.com\/pt_pt\/xviii\/joana-teodora-de-sousa-dona\/","title":{"rendered":"Joana Teodora de Sousa, Dona"},"content":{"rendered":"<p><strong>NOME <\/strong><span lang=\"PT\">Joana Teodora de Sousa, Dona<\/span><\/p>\n<h4><strong>Elementos biogr\u00e1ficos<\/strong><\/h4>\n<p><strong>DATA DE NASCIMENTO<\/strong>\u00a0 S\u00e9culo XVIII (?)<\/p>\n<div><b>PA\u00cdS ONDE NASCEU <\/b><span lang=\"PT\">Portugal<\/span><\/div>\n<div><\/div>\n<div><b>CONVENTO <\/b>Mosteiro da Rosa (Nossa Senhora do Ros\u00e1rio) Dominicanas<\/div>\n<div><\/div>\n<div><b>ORDEM RELIGIOSA A QUE PERTENCEU <\/b><span lang=\"PT\">Recolhida (Ordem Terceira de S\u00e3o Francisco)<\/span><\/div>\n<div><\/div>\n<div><b>LANGUAGES | IDIOMAS <\/b><span lang=\"PT\">Portugu\u00eas, Castelhano<\/span><\/div>\n<div><\/div>\n<p><strong>DATA DA MORTE<\/strong>\u00a0 S\u00e9culo XVIII<\/p>\n<h4><strong>Obra<\/strong><\/h4>\n<p><strong>OBRAS IMPRESSAS<\/strong><\/p>\n<blockquote>\n<p style=\"font-weight: 400;\"><em>El gran prod\u00edgio de Espa\u00f1a y lealtad de um amigo <\/em>s. d. [c. 1747-1755]<\/p>\n<p style=\"font-weight: 400;\">\u201cAo bellissimo e incompar\u00e1vel Retrato da Serenissima, e Augustissima Senhora D. Maria Thereza de Austria Rainha de Hungria\u201d in.:Francisco da CUNHA, <em>Orac<\/em><em>\u0327<\/em><em>am Academica, Panegyrica, Historica, Encomiastica, Profano-Sacra. Que Pelos Felices Succesos, <\/em><em>e<\/em><em>Victoriosas Armas <\/em><em>d<\/em><em>a Augustissima, e Serenissima Rainha de Hungria, e Bohemia, &amp;c. Com a descripc<\/em><em>\u0327<\/em><em>a\u0303o do mesmo Reyno, e Corte de Praga, e das duas victorias do Pana\u0301ro, e Meno: adornada de varias Poezias, e muntos versos dos milhores engenhos Portuguezes<\/em><em>, <\/em>Lisboa, Officina Alvarense, 1743.<\/p>\n<\/blockquote>\n<h4><strong>Bibliografia:<\/strong><\/h4>\n<p style=\"font-weight: 400;\">BARANDA, Nieves y MAR\u00cdN PINA, Carmen, \u201cEl universo de la escritura conventual femenina: deslindes y perspectivas.\u201d En Nieves Baranda Leturio y M.a Carmen Mari\u0301n Pina eds. <em>Letras en la celda. Cultura escrita de los conventos femeninos en la Espan\u0303a moderna<\/em>. Madrid\/Frankfurt: Iberoamericana\/Vervuert, 2014, pp. 11-45.<\/p>\n<p style=\"font-weight: 400;\">BARRERA y LEIRADO, Cayetano Alberto de la. <em>Cata\u0301logo bibliogra\u0301fico y biogra\u0301fico del teatro antiguo espan\u0303ol. Desde sus ori\u0301genes hasta mediados del siglo XVIII<\/em>, Madrid, Rivadeneyra, 1860.<\/p>\n<p style=\"font-weight: 400;\">CARVALHO, Rosa\u0301rio Salema de, \u201cO convento dominicano de Nossa Senhora do Rosa\u0301rio, de Lisboa\u201d in.: Ana Cristina da Costa Gomes, Jose\u0301 Augusto Moura\u0303o, Jose\u0301 Eduardo Franco y Vi\u0301tor Serra\u0303o (eds.) <em>Monjas dominicanas. Presenc<\/em><em>\u0327<\/em><em>a, arte e patrimo\u0301nio em Lisboa<\/em>. Lisboa: Aletheia, 2008. 53-70.<\/p>\n<p style=\"font-weight: 400;\">CUNHA, Frei Francisco da. <em>Orac<\/em><em>\u0327<\/em><em>am Academica, Panegyrica, Historica, Encomiastica, Profano-Sacra. Que Pelos Felices Succesos, E Victoriosas Armas Da Augustissima, e Serenissima Rainha de Hungria, e Bohemia, &amp;c. Com a descripc<\/em><em>\u0327<\/em><em>a\u0303o do mesmo Reyno, e Corte de Praga, e das duas victorias do Pana\u0301ro, e Meno: adornada de varias Poezias, e muntos versos dos milhores engenhos Portuguezes<\/em>. Lisboa: Officina Alvarense, 1743.<\/p>\n<p style=\"font-weight: 400;\">DOM\u00c9NECH RICO, Fernando. \u201cAutoras en el teatro espan\u0303ol. Siglos XVI-XVIII.\u201d En Juan Antonio Hormigo\u0301n dir. <em>Autoras en la historia del Teatro Espan\u0303ol (1500-1994)<\/em>. Madrid: ADE, 1996, vol. 1. 391-604.<\/p>\n<p style=\"font-weight: 400;\">DOM\u00c9NECH RICO, Fernando, \u201cEl teatro escrito por mujeres.\u201d En Javier Huerta Calvo dir. <em>Historia del Teatro Espan\u0303ol I. De la Edad Media a los Siglos de Oro<\/em>. Madrid: Gredos, 2003. 1243- 1259.<\/p>\n<p style=\"font-weight: 400;\">ESCABIAS, Juana, <em>Dramaturgas del Siglo de Oro. Gui\u0301a ba\u0301sica<\/em>. Madrid: Huerga y Fierro, 2013, p. 83.<\/p>\n<p style=\"font-weight: 400;\">GARCIA PERES, Domingos, <em>Cata\u0301logo razonado biogra\u0301fico y bibliogra\u0301fico de los autores portugueses que escribieron en castellano<\/em>, Madrid, Imprenta del Colegio Nacional de Sordo-Mudos y de Ciegos, 1890.<\/p>\n<p style=\"font-weight: 400;\">LASSO DE LA VEGA, A\u0301ngel, \u201cPoetisas luso-hispanas\u201d <em>La ilustracio\u0301n espan\u0303ola y americana <\/em>25, 1894, pp. 10-11.<\/p>\n<p style=\"font-weight: 400;\">MORUJ\u00c3O, Isabel 1995, <em>Contributo para uma bibliografia cronolo\u0301gica da literatura mona\u0301stica feminina portuguesa dos se\u0301culos XVII e XVIII (impressos)<\/em>, Lisboa, Universidade Cato\u0301lica Portuguesa, 1995, p. 276https:\/\/ler.letras.up.pt\/uploads\/ficheiros\/4720.pdf<\/p>\n<p style=\"font-weight: 400;\">MORUJ\u00c3O, Isabel \u201cA clausura e as musas: horizontes culturais e programa poe\u0301tico na dominicana soror Violante do Ce\u0301u do mosteiro da Rosa.\u201d En Ana Cristina da Costa Gomes, Jose\u0301 Augusto Moura\u0303o, Jose\u0301 Eduardo Franco y Vi\u0301tor Serra\u0303o eds. <em>Monjas dominicanas. Presenc<\/em><em>\u0327<\/em><em>a, arte e patrimo\u0301nio em Lisboa<\/em>. Lisboa, Aletheia, 2008, pp. 187-204.<\/p>\n<p style=\"font-weight: 400;\">PALACIOS Ferna\u0301ndez, Emilio, \u201cNoticia sobre el Parnaso drama\u0301tico femenino en el siglo XVIII.\u201d En Luciano Garci\u0301a Lorenzo (ed.)<em>Autoras y actrices en la historia del teatro espan\u0303ol<\/em>. Murcia: Universidad de Murcia, 2000, pp. 81-131.<\/p>\n<p style=\"font-weight: 400;\">SERRANO Y SANZ, Manuel, <em>Apuntes para una biblioteca de escritoras espan\u0303olas desde el an\u0303o 1401 al 1833<\/em>, Madrid, Sucesores de Rivadeneyra, 1905, vol. II, pp. 474-475.<\/p>\n<p style=\"font-weight: 400;\">TAC\u00d3N GARC\u00cdA, Ant\u00eda \u201cNuevas hip\u00f3tesis sobre uma escritora casi desconocida: Joana Teodora de Sousa\u201d <em>eHumanista, <\/em>n. 45, 2020, pp. 1-12.<\/p>\n<p style=\"font-weight: 400;\"><a href=\"https:\/\/revistas.uned.es\/index.php\/REI\/article\/view\/32151\/27479\">TAC\u00d3N GARC\u00cdA, Ant\u00eda \u201cNuevas autoras y poemas en el Portugal setecentista: adendas para una bibliografia\u201d <em>Revista de Escritoras Ibericas, <\/em>Madird, UNED, 2022, pp. 111-133.<\/a><\/p>\n<p style=\"font-weight: 400;\">URZ\u00c1IZ, Tortajada, He\u0301ctor, <em>Cata\u0301logo de autores teatrales del siglo XVII<\/em>. Madrid: Fundacio\u0301n Universitaria Espan\u0303ola, 2002, p. 616.<\/p>\n<p style=\"font-weight: 400;\">URZA\u0301IZ TORTAJADA, He\u0301ctor, HUERTA CALVO, Javier, Emilio Peral VEJA, <em>Teatro espan\u0303ol [de la A a la Z]<\/em>, Madrid, Espasa Calpe, 2005.<\/p>\n<p style=\"font-weight: 400;\">WALTHAUS, Rina, \u201cEmerging from the Wings: Women Writing Drama in Seventeenth- Century Spain.\u201d En Rina Walthaus y Margue\u0301rite Corporaal eds. <em>Heroines of the Golden Stage<\/em>. Kassel, Reichenberger, 2008, pp. 145-166.<\/p>\n<p style=\"font-weight: 400;\">\n","protected":false},"excerpt":{"rendered":"<p>NOME Joana Teodora de Sousa, Dona Elementos biogr\u00e1ficos DATA DE NASCIMENTO\u00a0 S\u00e9culo XVIII (?) PA\u00cdS ONDE NASCEU Portugal CONVENTO Mosteiro da Rosa (Nossa Senhora do Ros\u00e1rio) Dominicanas ORDEM RELIGIOSA A QUE PERTENCEU Recolhida (Ordem Terceira de S\u00e3o Francisco) LANGUAGES | IDIOMAS Portugu\u00eas, Castelhano DATA DA MORTE\u00a0 S\u00e9culo XVIII Obra OBRAS IMPRESSAS El gran prod\u00edgio de &#8230; <a title=\"Joana Teodora de Sousa, Dona\" class=\"read-more\" href=\"https:\/\/escritoras-em-portugues.com\/pt_pt\/xviii\/joana-teodora-de-sousa-dona\/\" aria-label=\"Leia mais sobre Joana Teodora de Sousa, Dona\">Ler mais<\/a><\/p>\n","protected":false},"author":3,"featured_media":0,"parent":46,"menu_order":0,"comment_status":"closed","ping_status":"closed","template":"","meta":{"cybocfi_hide_featured_image":"","footnotes":""},"class_list":["post-1135","page","type-page","status-publish"],"_links":{"self":[{"href":"https:\/\/escritoras-em-portugues.com\/pt_pt\/wp-json\/wp\/v2\/pages\/1135","targetHints":{"allow":["GET"]}}],"collection":[{"href":"https:\/\/escritoras-em-portugues.com\/pt_pt\/wp-json\/wp\/v2\/pages"}],"about":[{"href":"https:\/\/escritoras-em-portugues.com\/pt_pt\/wp-json\/wp\/v2\/types\/page"}],"author":[{"embeddable":true,"href":"https:\/\/escritoras-em-portugues.com\/pt_pt\/wp-json\/wp\/v2\/users\/3"}],"replies":[{"embeddable":true,"href":"https:\/\/escritoras-em-portugues.com\/pt_pt\/wp-json\/wp\/v2\/comments?post=1135"}],"version-history":[{"count":3,"href":"https:\/\/escritoras-em-portugues.com\/pt_pt\/wp-json\/wp\/v2\/pages\/1135\/revisions"}],"predecessor-version":[{"id":1846,"href":"https:\/\/escritoras-em-portugues.com\/pt_pt\/wp-json\/wp\/v2\/pages\/1135\/revisions\/1846"}],"up":[{"embeddable":true,"href":"https:\/\/escritoras-em-portugues.com\/pt_pt\/wp-json\/wp\/v2\/pages\/46"}],"wp:attachment":[{"href":"https:\/\/escritoras-em-portugues.com\/pt_pt\/wp-json\/wp\/v2\/media?parent=1135"}],"curies":[{"name":"wp","href":"https:\/\/api.w.org\/{rel}","templated":true}]}}