{"id":1117,"date":"2023-11-13T16:05:46","date_gmt":"2023-11-13T16:05:46","guid":{"rendered":"https:\/\/escritoras-em-portugues.com\/?page_id=1117"},"modified":"2024-06-04T22:07:03","modified_gmt":"2024-06-04T22:07:03","slug":"joana-isabel-de-lencastre-forjaz","status":"publish","type":"page","link":"https:\/\/escritoras-em-portugues.com\/pt_pt\/xviii\/joana-isabel-de-lencastre-forjaz\/","title":{"rendered":"Joana Isabel de Lencastre Forjaz"},"content":{"rendered":"<p><strong>NOME <\/strong><span lang=\"PT\">Joana Isabel de Lencastre Forjaz<\/span><\/p>\n<p><strong>OUTROS NOMES <\/strong><span lang=\"PT\">Joana Isabel Forjaz de Lencastre, Joana Isabel<\/span><\/p>\n<p><strong>PSEUD\u00d3NIMOS <\/strong><span lang=\"PT\">J\u00f3nia, A\u00f3nia<\/span><\/p>\n<h4><strong>Elementos biogr\u00e1ficos<\/strong><\/h4>\n<p style=\"font-weight: 400;\"><strong>PAI<\/strong>\u00a0D. Miguel Pereira Forjaz Coutinho<\/p>\n<p style=\"font-weight: 400;\"><strong>MOTHER | M\u00c3E<\/strong>\u00a0D. \u00c2ngela de Melo e Lencastre<\/p>\n<p><strong>LOCAL DE NASCIMENTO <\/strong>Lisboa(?)<strong><br \/>\n<\/strong><\/p>\n<p style=\"font-weight: 400;\"><strong>DATA DE NASCIMENTO<\/strong>\u00a0 23 de Mar\u00e7o de 1745<\/p>\n<p style=\"font-weight: 400;\"><strong>LOCAL DA MORTE<\/strong>\u00a0Lisboa (?)<\/p>\n<p style=\"font-weight: 400;\"><strong>PA\u00cdS ONDE NASCEU<\/strong>\u00a0Portugal<\/p>\n<p style=\"font-weight: 400;\"><strong>DATA DA MORTE<\/strong>\u00a0posterior a 1777<\/p>\n<p style=\"font-weight: 400;\"><strong>ESTADO <\/strong>Casada<\/p>\n<p style=\"font-weight: 400;\"><strong>C\u00d4NJUGE<\/strong> Fernando Martins Freire de Andrade e Castro (n. 1694)<\/p>\n<p style=\"font-weight: 400;\"><strong>DATA DE CASAMENTO<\/strong>\u00a07 de Maio de 1758<\/p>\n<p style=\"font-weight: 400;\"><strong>N\u00ba DE FILHOS<\/strong>\u00a05<\/p>\n<p style=\"font-weight: 400;\"><strong>FILHOS\u00a0<\/strong><\/p>\n<p style=\"font-weight: 400;\">Bernardiano (n. 1759)<\/p>\n<p style=\"font-weight: 400;\">Gomes (n. 1761)<\/p>\n<p style=\"font-weight: 400;\">Ant\u00f3nio (n. 1762)<\/p>\n<p style=\"font-weight: 400;\">Nuno (n. 1762)<\/p>\n<p style=\"font-weight: 400;\">Maria (n. 1767)<\/p>\n<p><span style=\"font-weight: 400;\"><br \/>\n<strong>IDIOMAS<\/strong>\u00a0<\/span><span style=\"font-weight: 400;\">Portugu\u00eas, Franc\u00eas(?)<\/span><\/p>\n<p>&nbsp;<\/p>\n<h4><strong>Obra<\/strong><\/h4>\n<p><strong>OBRAS MANUSCRITAS<\/strong><\/p>\n<blockquote>\n<p style=\"font-weight: 400;\"><a href=\"https:\/\/repositorio-aberto.up.pt\/bitstream\/10216\/74439\/2\/11249.pdf\">TOPA, Francisco, <em>A Musa Trovadora. Dispersos e In\u00e9ditos<\/em>, Porto, Edi\u00e7\u00e3o de Autor, 2000.<\/a><\/p>\n<p style=\"font-weight: 400;\">\u201cN\u00e3o me engana o espelho cristalino\u201d (Soneto)<\/p>\n<p style=\"font-weight: 400;\">\u201cTocando uma sanfona\u201d (mote) (desenvolvido por Bas\u00edlio da Gama)<\/p>\n<\/blockquote>\n<p>&nbsp;<\/p>\n<h4><strong>Bibliografia<\/strong><\/h4>\n<p style=\"font-weight: 400;\">ALMEIDA, Nicolau Tolentino de \u201cDe infaustos parolins nunca vencidos\u201d 1997, p. 88; \u201cPor ti, Senhora ilustre, ouvido e honrado\u201d 1997, p. 89<\/p>\n<p style=\"font-weight: 400;\">PORTO, Jos\u00e9 Cola\u00e7o Barreiros, <em>O P\u00edcaro e o Sat\u00edrico,<\/em> Fel\u00edcio &amp; Cabral 1997<\/p>\n<p style=\"font-weight: 400;\">ALVARENGA, Silva \u201c\u00c1 Illma e Exma Senhora D. J. J. de L. F.\u201d <em>O Canto dos Pastores<\/em><\/p>\n<p style=\"font-weight: 400;\">ALVARENGA, Silva, <em>O Templo de Neptuno<\/em> (Id\u00edlio)<\/p>\n<p style=\"font-weight: 400;\"><em>\u00a0<\/em>ALVARENGA, Silva \u201cNem fizera a Disc\u00f3rdia o desatino\u201d (Soneto) LAPA, Rodrigues, <em>Vida e Obra de Alvarenga Peixoto<\/em>, Rio ed Janeiro, I.N.L., 1960, p. 11<\/p>\n<p style=\"font-weight: 400;\">ALVARENGA, Silva <em>\u201c<\/em>De a\u00e7ucenas e rosas misturadas (Soneto) LAPA, Rodrigues, <em>Vida e Obra de Alvarenga Peixoto<\/em>, Rio ed Janeiro, I.N.L., 1960, p. 12<\/p>\n<p style=\"font-weight: 400;\">ALVARENGA, Silva \u201cChegai Ninfas, Chegai, pastores\u201d (Soneto) LAPA, Rodrigues, <em>Vida e Obra de Alvarenga Peixoto<\/em>, Rio ed Janeiro, I.N.L., 1960, p. 13<\/p>\n<p><a href=\"https:\/\/repositorioaberto.uab.pt\/bitstream\/10400.2\/330\/1\/ACTAS-Literatura%20e%20Hist\u00f3ria427-445.pdf.pdf\">ANAST\u00c1CIO, Vanda &#8220;Mulheres varonis e interesses dom\u00e9sticos <span style=\"font-size: inherit;\">(Reflexo\u0303es acerca do discurso produzido pela Histo\u0301ria Litera\u0301ria acerca das mulheres escritoras da viragem do se\u0301culo XVIII para o se\u0301culo XIX)&#8221; <em>Actas do Col\u00f3quio Literatura e Hist\u00f3ria, <\/em>2002, pp. 427-445.<\/span><\/a><\/p>\n<p style=\"font-weight: 400;\">ANAST\u00c1CIO, Vanda \u00ab\u00a0Lyrisme et galanterie. Po\u00e9sie f\u00e9minine portugaise entre couvent et salon (1750-1830) \u00bb in.\u00a0: Carolin Fisher, Brunhilde Wehinger (eds.) <em>Un si\u00e8cle sans po\u00e9sie? Le lyrisme des Lumi\u00e8res entre sociabilit\u00e9, galanterie et savoir,<\/em> Paris, Honor\u00e9-Champion, 2016, pp. 155-172.<\/p>\n<p style=\"font-weight: 400;\">ANAST\u00c1CIO, Vanda \u201cA Marquesa de Alorna (1750-1839: Poesia e Galanteria no Portugal das Luzes\u201d in.: Alda Correia, Gabriela Fragoso, Fernando Ribeiro e Manuel Canaveira (coord.), <em>A Arte da Cultura \u2013 Homenagem a Yvette Centeno, <\/em>Lisboa, Edi\u00e7\u00f5es Colibri, 2011, pp. 413-429.<\/p>\n<p><a href=\"https:\/\/www.ces.uc.pt\/lab2004\/pdfs\/RaquelBelloVazquez.pdf\">BELLO V\u00c1ZQUEZ, Raquel &#8220;Sociabilidade e aristocracia em Portugal no \u00faltimo quartel do s\u00e9culo XVIII&#8221; <em>VIII Congresso Luso-Afro-Brasileiro de Ci\u00eancias Sociais<\/em>, Coimbra, 2004, pp. 1-12.<\/a><\/p>\n<p style=\"font-weight: 400;\">BORRALHO, Maria Lu\u00edsa Malato R. <em>D. Catarina de Lencastre (1749-1824). Libreto para uma autora quase esquecida<\/em>, 2 tomos, Porto, Faculdade Letras da Universidade do Porto, 1999.<\/p>\n<p style=\"font-weight: 400;\">BRAGA, Te\u00f3filo, <em>Hist\u00f3ria da Literatura Portuguesa,<\/em>\u00a0IV. <em>Os \u00c1rcades<\/em>,\u00a0 Lisboa, INCM,1984, p. 264<\/p>\n<p style=\"font-weight: 400;\">BRAGA, Te\u00f3filo , <em>Filinto Elysio e os Dissidentes da Arc\u00e1dia. A Arc\u00e1dia brasileira \u2013 Francisco de Mello Franco, Jos\u00e9 Bas\u00edlia da Gama, Fr. Jos\u00e9 de Santa Rita Dur\u00e3o, Alvarenga Peixoto, Tom\u00e1s Ant\u00f3nio Gonzag<\/em>a, Porto Livraria Chardron, 1901, p. 440, p. 665.<\/p>\n<p style=\"font-weight: 400;\"><em>Collec\u00e7\u00e3o de Obras Po\u00e9ticas dos Melhores Autores,<\/em> tomo I, Porto, Officina de Ant\u00f3nio \u00c1lvarez Ribeiro<\/p>\n<p style=\"font-weight: 400;\">CARVALHO, Ant\u00f3nio Lobo de, <em>Poesias Joviaes e Satyricas<\/em>, Cadix, 1852.<\/p>\n<p style=\"font-weight: 400;\">FERRO, Jo\u00e3o Pedro O Processo de Jos\u00e9 Anast\u00e1cio da Cunha (1778) na Inquisi\u00e7\u00e3o de Coimbra<em>, <\/em>Palas Editores, 1987<\/p>\n<p style=\"font-weight: 400;\">CUNHA, Zen\u00f3bia Collares Moreira, <em>O Pr\u00e9-Romantismo Portugu\u00eas \u2013 Subs\u00eddios para a sua compreens\u00e3o, <\/em>,<\/p>\n<p style=\"font-weight: 400;\">GAMA, Jos\u00e9 Bas\u00edlio da \u201cA Idade, aquela Idade que primeiro\u201d (Soneto) BRAGA <em>Filinto Elysio e os Dissidentes da Arc\u00e1dia. A Arc\u00e1dia brasileira \u2013 Francisco de Mello Franco, Jos\u00e9 Bas\u00edlia da Gama, Fr. Jos\u00e9 de Santa Rita Dur\u00e3o, Alvarenga Peixoto, Tom\u00e1s Ant\u00f3nio Gonzag<\/em>a, Porto Livraria Chardron, 1901, pp. 488-489.<\/p>\n<p style=\"font-weight: 400;\">\u201cCupido, tempo h\u00e1-de vir\u201d (Glosa ao Mote \u201cTocando uma sanfona\u201d)<\/p>\n<p style=\"font-weight: 400;\">GAR\u00c7\u00c3O, Pedro Ant\u00f3nio Correia, <em>Obras Po\u00e9ticas<\/em>, Lisboa, R\u00e9gia Officina Typografica 1778<\/p>\n<p style=\"font-weight: 400;\">LAPA, Rodrigues<em>, Vida e Obra de Alvarenga Peixoto<\/em>, Rio ed Janeiro, I.N.L., 1960 pp. XVIII e ss.<\/p>\n<p style=\"font-weight: 400;\">LISBOA, Eug\u00e9nio, <em>Dicion\u00e1rio Cronol\u00f3gico de Autores Portugueses<\/em>, Mem Martins, Europa-Am\u00e9rica, IPLL, 1991<\/p>\n<p style=\"font-weight: 400;\">OLAVO, Carlos, <em>A Vida Amargurada de Filinto El\u00edsio<\/em>, Lisboa, Guimar\u00e3es Editores, s. d.<\/p>\n<p style=\"font-weight: 400;\">PINTO, Albano da Silveira, <em>Resenha das Fam\u00edlias Titulares e Grandes de Portugal<\/em>, I, pp. 346-347<\/p>\n<p style=\"font-weight: 400;\">SILVA, Innoc\u00eancio, <em>Dicionario Biographico Portuguez<\/em>, vols. IV, VI, VII, XVII e XIX Lisboa, Imprensa Nacional, 1860, 1862, 1893, 1894 e 1908<\/p>\n<p style=\"font-weight: 400;\"><a href=\"https:\/\/repositorio-aberto.up.pt\/bitstream\/10216\/74439\/2\/11249.pdf\">TOPA, Francisco, <em>A Musa Trovadora. Dispersos e In\u00e9ditos<\/em>, Porto, Edi\u00e7\u00e3o de Autor, 2000.<\/a><\/p>\n<p style=\"font-weight: 400;\">TOPA, Francisco, <em>Silva Alvarenga. Contributos para a elabora\u00e7\u00e3o de uma edi\u00e7\u00e3o cr\u00edtica das suas obras, <\/em>Porto, Faculdade de Letras da Universidade do Porto (disserta\u00e7\u00e3o policopiada), 1993<\/p>\n<p style=\"font-weight: 400;\">TOPA, Francisco, <em>Para uma Edi\u00e7\u00e3o Cr\u00edtica do \u00c1rcade Brasileiro Silva Alvarenga. Invent\u00e1rio sistem\u00e1tico dos seus textos e publica\u00e7\u00e3o de novas vers\u00f5es, dispersos e in\u00e9ditos<\/em>, Porto Edi\u00e7\u00e3o de Autor, 1994<\/p>\n<p>TOPA, Francisco &#8220;Dois sonetos in\u00e9ditos de Joana Isabel de Lencastre Forjaz&#8221; <em>Revista da Faculdade de Letras. L\u00ednguas e Literaturas<\/em>, Porto, 2002, XIX, pp. 541-544.<\/p>\n","protected":false},"excerpt":{"rendered":"<p>NOME Joana Isabel de Lencastre Forjaz OUTROS NOMES Joana Isabel Forjaz de Lencastre, Joana Isabel PSEUD\u00d3NIMOS J\u00f3nia, A\u00f3nia Elementos biogr\u00e1ficos PAI\u00a0D. Miguel Pereira Forjaz Coutinho MOTHER | M\u00c3E\u00a0D. \u00c2ngela de Melo e Lencastre LOCAL DE NASCIMENTO Lisboa(?) DATA DE NASCIMENTO\u00a0 23 de Mar\u00e7o de 1745 LOCAL DA MORTE\u00a0Lisboa (?) PA\u00cdS ONDE NASCEU\u00a0Portugal DATA DA MORTE\u00a0posterior &#8230; <a title=\"Joana Isabel de Lencastre Forjaz\" class=\"read-more\" href=\"https:\/\/escritoras-em-portugues.com\/pt_pt\/xviii\/joana-isabel-de-lencastre-forjaz\/\" aria-label=\"Leia mais sobre Joana Isabel de Lencastre Forjaz\">Ler mais<\/a><\/p>\n","protected":false},"author":3,"featured_media":0,"parent":46,"menu_order":0,"comment_status":"closed","ping_status":"closed","template":"","meta":{"cybocfi_hide_featured_image":"","footnotes":""},"class_list":["post-1117","page","type-page","status-publish"],"_links":{"self":[{"href":"https:\/\/escritoras-em-portugues.com\/pt_pt\/wp-json\/wp\/v2\/pages\/1117","targetHints":{"allow":["GET"]}}],"collection":[{"href":"https:\/\/escritoras-em-portugues.com\/pt_pt\/wp-json\/wp\/v2\/pages"}],"about":[{"href":"https:\/\/escritoras-em-portugues.com\/pt_pt\/wp-json\/wp\/v2\/types\/page"}],"author":[{"embeddable":true,"href":"https:\/\/escritoras-em-portugues.com\/pt_pt\/wp-json\/wp\/v2\/users\/3"}],"replies":[{"embeddable":true,"href":"https:\/\/escritoras-em-portugues.com\/pt_pt\/wp-json\/wp\/v2\/comments?post=1117"}],"version-history":[{"count":9,"href":"https:\/\/escritoras-em-portugues.com\/pt_pt\/wp-json\/wp\/v2\/pages\/1117\/revisions"}],"predecessor-version":[{"id":1844,"href":"https:\/\/escritoras-em-portugues.com\/pt_pt\/wp-json\/wp\/v2\/pages\/1117\/revisions\/1844"}],"up":[{"embeddable":true,"href":"https:\/\/escritoras-em-portugues.com\/pt_pt\/wp-json\/wp\/v2\/pages\/46"}],"wp:attachment":[{"href":"https:\/\/escritoras-em-portugues.com\/pt_pt\/wp-json\/wp\/v2\/media?parent=1117"}],"curies":[{"name":"wp","href":"https:\/\/api.w.org\/{rel}","templated":true}]}}