{"id":1092,"date":"2023-11-13T07:53:57","date_gmt":"2023-11-13T07:53:57","guid":{"rendered":"https:\/\/escritoras-em-portugues.com\/?page_id=1092"},"modified":"2024-06-04T21:56:03","modified_gmt":"2024-06-04T21:56:03","slug":"serafina-da-cruz-soror","status":"publish","type":"page","link":"https:\/\/escritoras-em-portugues.com\/pt_pt\/xvii\/serafina-da-cruz-soror\/","title":{"rendered":"Serafina da Cruz, Soror"},"content":{"rendered":"<p><strong>NOME <\/strong><span lang=\"PT\">Serafina da Cruz, Soror<\/span><\/p>\n<h4><strong>Elementos biogr\u00e1ficos<\/strong><\/h4>\n<p><strong>DATA DE NASCIMENTO<\/strong>\u00a0 S\u00e9culo XVII (?)<\/p>\n<div><b>PA\u00cdS ONDE NASCEU <\/b><span lang=\"PT\">Monarquia Dual<\/span><\/div>\n<div><\/div>\n<div><b>LOCAL DA MORTE <\/b><span lang=\"PT\">Vila do Conde (<\/span>?<span lang=\"PT\">)<\/span><\/div>\n<div><\/div>\n<p><strong>DATA DA MORTE<\/strong>\u00a0 S\u00e9culo XVII<\/p>\n<div><b>ESTADO\u00a0<\/b><span lang=\"PT\">Freira<\/span><\/div>\n<div><\/div>\n<div><b>DATA DA PROFISS\u00c3O RELIGIOSA <\/b><span lang=\"PT\">antes de 1633<\/span><\/div>\n<div><\/div>\n<div><b>LOCAL DA PROFISS\u00c3O RELIGIOSA\u00a0<\/b><span lang=\"PT\">Convento de Vila do Conde<\/span><\/div>\n<div><\/div>\n<div><b>CONVENTO <\/b><span lang=\"PT\">Vila do Conde<\/span><\/div>\n<div><\/div>\n<div><b>ORDEM RELIGIOSA A QUE PERTENCEU <\/b><span lang=\"PT\">Clarissas<\/span><\/div>\n<div><\/div>\n<div><b>IDIOMAS <\/b><span lang=\"PT\">Portugu\u00eas<\/span><\/div>\n<div><\/div>\n<h4><strong>Obra<\/strong><\/h4>\n<p><strong>OBRAS <\/strong><strong>MANUSCRITAS<\/strong><\/p>\n<blockquote>\n<p style=\"font-weight: 400;\"><em>Rela\u00e7\u00e3o das cousas not\u00e1veis e dignas de memoria do Real Mosteiro de S. Clara de Villa do Conde, <\/em>1633<\/p>\n<\/blockquote>\n<h4><strong>Bibliografia:<\/strong><\/h4>\n<p style=\"font-weight: 400;\">ESPERAN\u00c7A, Frei Manuel da <em>Hist\u00f3ria Serafica da Provincia de Portugal, <\/em>Parte 2, livro 8, cap. 13, n\u00ba 1.<\/p>\n<p><span style=\"font-weight: 400;\">MACHADO, Diogo Barbosa, <\/span><em style=\"font-weight: 400;\">Bibliotheca Luzitana: hist\u00f3rica, cr\u00edtica e cronologica. <\/em><span style=\"font-weight: 400;\">Lisboa Occidental, na Officina de Antonio Isidoro da Fonseca, 1741-1759, Volume III, p. 705<\/span><\/p>\n","protected":false},"excerpt":{"rendered":"<p>NOME Serafina da Cruz, Soror Elementos biogr\u00e1ficos DATA DE NASCIMENTO\u00a0 S\u00e9culo XVII (?) PA\u00cdS ONDE NASCEU Monarquia Dual LOCAL DA MORTE Vila do Conde (?) DATA DA MORTE\u00a0 S\u00e9culo XVII ESTADO\u00a0Freira DATA DA PROFISS\u00c3O RELIGIOSA antes de 1633 LOCAL DA PROFISS\u00c3O RELIGIOSA\u00a0Convento de Vila do Conde CONVENTO Vila do Conde ORDEM RELIGIOSA A QUE PERTENCEU &#8230; <a title=\"Serafina da Cruz, Soror\" class=\"read-more\" href=\"https:\/\/escritoras-em-portugues.com\/pt_pt\/xvii\/serafina-da-cruz-soror\/\" aria-label=\"Leia mais sobre Serafina da Cruz, Soror\">Ler mais<\/a><\/p>\n","protected":false},"author":3,"featured_media":0,"parent":47,"menu_order":0,"comment_status":"closed","ping_status":"closed","template":"","meta":{"cybocfi_hide_featured_image":"","footnotes":""},"class_list":["post-1092","page","type-page","status-publish"],"_links":{"self":[{"href":"https:\/\/escritoras-em-portugues.com\/pt_pt\/wp-json\/wp\/v2\/pages\/1092","targetHints":{"allow":["GET"]}}],"collection":[{"href":"https:\/\/escritoras-em-portugues.com\/pt_pt\/wp-json\/wp\/v2\/pages"}],"about":[{"href":"https:\/\/escritoras-em-portugues.com\/pt_pt\/wp-json\/wp\/v2\/types\/page"}],"author":[{"embeddable":true,"href":"https:\/\/escritoras-em-portugues.com\/pt_pt\/wp-json\/wp\/v2\/users\/3"}],"replies":[{"embeddable":true,"href":"https:\/\/escritoras-em-portugues.com\/pt_pt\/wp-json\/wp\/v2\/comments?post=1092"}],"version-history":[{"count":2,"href":"https:\/\/escritoras-em-portugues.com\/pt_pt\/wp-json\/wp\/v2\/pages\/1092\/revisions"}],"predecessor-version":[{"id":1813,"href":"https:\/\/escritoras-em-portugues.com\/pt_pt\/wp-json\/wp\/v2\/pages\/1092\/revisions\/1813"}],"up":[{"embeddable":true,"href":"https:\/\/escritoras-em-portugues.com\/pt_pt\/wp-json\/wp\/v2\/pages\/47"}],"wp:attachment":[{"href":"https:\/\/escritoras-em-portugues.com\/pt_pt\/wp-json\/wp\/v2\/media?parent=1092"}],"curies":[{"name":"wp","href":"https:\/\/api.w.org\/{rel}","templated":true}]}}